{"id":1008,"date":"2025-03-24T15:31:09","date_gmt":"2025-03-24T14:31:09","guid":{"rendered":"https:\/\/ellypara.com\/?post_type=product&#038;p=1008"},"modified":"2025-03-24T15:31:10","modified_gmt":"2025-03-24T14:31:10","slug":"svr-ecran-sun-secure-brume-50-200ml","status":"publish","type":"product","link":"https:\/\/ellypara.com\/index.php\/produit\/svr-ecran-sun-secure-brume-50-200ml\/","title":{"rendered":"SVR ECRAN SUN SECURE BRUME 50+ 200ML"},"content":{"rendered":"<p><strong>SVR Sun Secure Brume SPF50 200ml<\/strong>\u00a0offre une haute protection dermatologique int\u00e9grant le nouveau brevet filtrant SVR.<\/p>\n<ul>\n<li>respectueux de l\u2019environnement marin. Associ\u00e9 \u00e0 une technologie antioxydante, cible tous les types de rayons<\/li>\n<li>UVB + UVA : 4 filtres solaires<\/li>\n<li>Visible + Infrarouges : technologie antioxydante<\/li>\n<\/ul>\n<p>Une texture l\u00e9g\u00e8re et ultra-fine pour une application facile et rapide. Imperceptible au toucher, elle laisse un fini totalement invisible, non gras et non collant. Sa fra\u00eecheur et son d\u00e9licat parfum d\u2019\u00e9t\u00e9 donnent envie d\u2019en r\u00e9appliquer encore et encore.<\/p>\n<p>R\u00e9siste \u00e0 l\u2019eau, \u00e0 la transpiration et aux frottements.<\/p>\n<p>Son plus ? Sun Secure Brume SPF50 respecte l\u2019environnement marin. Elle a pass\u00e9 les tests de biod\u00e9gradabilit\u00e9 selon la norme OCDE 301F, ainsi que ceux d\u2019\u00e9cotoxicit\u00e9 sur des algues (ISO 10253) et sur des invert\u00e9br\u00e9s aquatiques (ISO 14669). Deux esp\u00e8ces appartenant \u00e0 la famille des zooplanctons et phytoplanctons, indispensables au bon d\u00e9veloppement des coraux.<\/p>\n<p>Une charte de formulation stricte adapt\u00e9e aux peaux hypersensibles au soleil : \u00ab 83\/100 selon YUKA \u00bb<\/p>\n<ul>\n<li>Brevet d\u00e9pos\u00e9 n\u00b0FR19\/042152<\/li>\n<li>Un produit de protection solaire ne prot\u00e8ge jamais totalement<\/li>\n<\/ul>\n<p><strong>Indications :<\/strong><\/p>\n<p>Peaux hypersensibles au soleil. Enfants \u00e0 partir de 3 ans. Visage et corps.<\/p>\n<p><strong>Conseils d\u2019utilisation :<\/strong><\/p>\n<p>Appliquer g\u00e9n\u00e9reusement et uniform\u00e9ment avant l\u2019exposition. Renouveler fr\u00e9quemment l\u2019application pour maintenir la protection, surtout apr\u00e8s avoir transpir\u00e9, nag\u00e9 ou s\u2019\u00eatre essuy\u00e9. Vaporiser dans les mains avant d\u2019appliquer sur le visage. Eviter le contact avec les yeux.<\/p>\n<p><strong>Composition :<\/strong><\/p>\n<p>Dicaprylyl carbonate, butane, alcohol denat., propane, diisopropyl adipate, diethylamino hydroxybenzoyl hexyl benzoate, ethylhexyl triazone, bis-ethylhexyloxyphenol methoxyphenyl triazine, diethylhexyl butamido triazone, polyester-7, neopentyl glycol diheptanoate, tocopheryl acetate, parfum (fragrance), caprylic\/capric triglyceride, tocopherol, glycine soja (soybean) oil, aqua\/water\/eau, lepidium sativum sprout extract.<\/p>\n<p><strong>Conditionnement :<\/strong><\/p>\n<p>1 flacon de 200ml.<\/p>\n","protected":false},"excerpt":{"rendered":"<p><strong>SVR SUN SECURE Brume<\/strong>\u00a0est le geste fra\u00eecheur tr\u00e8s haute protection SPF50+ des petits et des grands, ludique et facile \u00e0 utiliser m\u00eame sur peau mouill\u00e9e. Enfant \u00e0 partir de 3 ans, adulte.<\/p>\n","protected":false},"featured_media":1009,"comment_status":"open","ping_status":"closed","template":"","meta":{"ocean_post_layout":"","ocean_both_sidebars_style":"","ocean_both_sidebars_content_width":0,"ocean_both_sidebars_sidebars_width":0,"ocean_sidebar":"0","ocean_second_sidebar":"0","ocean_disable_margins":"enable","ocean_add_body_class":"","ocean_shortcode_before_top_bar":"","ocean_shortcode_after_top_bar":"","ocean_shortcode_before_header":"","ocean_shortcode_after_header":"","ocean_has_shortcode":"","ocean_shortcode_after_title":"","ocean_shortcode_before_footer_widgets":"","ocean_shortcode_after_footer_widgets":"","ocean_shortcode_before_footer_bottom":"","ocean_shortcode_after_footer_bottom":"","ocean_display_top_bar":"default","ocean_display_header":"default","ocean_header_style":"","ocean_center_header_left_menu":"0","ocean_custom_header_template":"0","ocean_custom_logo":0,"ocean_custom_retina_logo":0,"ocean_custom_logo_max_width":0,"ocean_custom_logo_tablet_max_width":0,"ocean_custom_logo_mobile_max_width":0,"ocean_custom_logo_max_height":0,"ocean_custom_logo_tablet_max_height":0,"ocean_custom_logo_mobile_max_height":0,"ocean_header_custom_menu":"0","ocean_menu_typo_font_family":"0","ocean_menu_typo_font_subset":"","ocean_menu_typo_font_size":0,"ocean_menu_typo_font_size_tablet":0,"ocean_menu_typo_font_size_mobile":0,"ocean_menu_typo_font_size_unit":"px","ocean_menu_typo_font_weight":"","ocean_menu_typo_font_weight_tablet":"","ocean_menu_typo_font_weight_mobile":"","ocean_menu_typo_transform":"","ocean_menu_typo_transform_tablet":"","ocean_menu_typo_transform_mobile":"","ocean_menu_typo_line_height":0,"ocean_menu_typo_line_height_tablet":0,"ocean_menu_typo_line_height_mobile":0,"ocean_menu_typo_line_height_unit":"","ocean_menu_typo_spacing":0,"ocean_menu_typo_spacing_tablet":0,"ocean_menu_typo_spacing_mobile":0,"ocean_menu_typo_spacing_unit":"","ocean_menu_link_color":"","ocean_menu_link_color_hover":"","ocean_menu_link_color_active":"","ocean_menu_link_background":"","ocean_menu_link_hover_background":"","ocean_menu_link_active_background":"","ocean_menu_social_links_bg":"","ocean_menu_social_hover_links_bg":"","ocean_menu_social_links_color":"","ocean_menu_social_hover_links_color":"","ocean_disable_title":"default","ocean_disable_heading":"default","ocean_post_title":"","ocean_post_subheading":"","ocean_post_title_style":"","ocean_post_title_background_color":"","ocean_post_title_background":0,"ocean_post_title_bg_image_position":"","ocean_post_title_bg_image_attachment":"","ocean_post_title_bg_image_repeat":"","ocean_post_title_bg_image_size":"","ocean_post_title_height":0,"ocean_post_title_bg_overlay":0.5,"ocean_post_title_bg_overlay_color":"","ocean_disable_breadcrumbs":"default","ocean_breadcrumbs_color":"","ocean_breadcrumbs_separator_color":"","ocean_breadcrumbs_links_color":"","ocean_breadcrumbs_links_hover_color":"","ocean_display_footer_widgets":"default","ocean_display_footer_bottom":"default","ocean_custom_footer_template":"0"},"product_brand":[],"product_cat":[72,20],"product_tag":[],"class_list":{"0":"post-1008","1":"product","2":"type-product","3":"status-publish","4":"has-post-thumbnail","6":"product_cat-protection-solaire-solaire","7":"product_cat-solaire","9":"entry","10":"has-media","12":"first","13":"instock","14":"taxable","15":"shipping-taxable","16":"purchasable","17":"product-type-simple","18":"has-product-nav","19":"col","20":"span_1_of_3","21":"owp-content-center","22":"owp-thumbs-layout-horizontal","23":"owp-btn-normal","24":"owp-tabs-layout-horizontal","25":"has-no-thumbnails"},"_links":{"self":[{"href":"https:\/\/ellypara.com\/index.php\/wp-json\/wp\/v2\/product\/1008","targetHints":{"allow":["GET"]}}],"collection":[{"href":"https:\/\/ellypara.com\/index.php\/wp-json\/wp\/v2\/product"}],"about":[{"href":"https:\/\/ellypara.com\/index.php\/wp-json\/wp\/v2\/types\/product"}],"replies":[{"embeddable":true,"href":"https:\/\/ellypara.com\/index.php\/wp-json\/wp\/v2\/comments?post=1008"}],"wp:featuredmedia":[{"embeddable":true,"href":"https:\/\/ellypara.com\/index.php\/wp-json\/wp\/v2\/media\/1009"}],"wp:attachment":[{"href":"https:\/\/ellypara.com\/index.php\/wp-json\/wp\/v2\/media?parent=1008"}],"wp:term":[{"taxonomy":"product_brand","embeddable":true,"href":"https:\/\/ellypara.com\/index.php\/wp-json\/wp\/v2\/product_brand?post=1008"},{"taxonomy":"product_cat","embeddable":true,"href":"https:\/\/ellypara.com\/index.php\/wp-json\/wp\/v2\/product_cat?post=1008"},{"taxonomy":"product_tag","embeddable":true,"href":"https:\/\/ellypara.com\/index.php\/wp-json\/wp\/v2\/product_tag?post=1008"}],"curies":[{"name":"wp","href":"https:\/\/api.w.org\/{rel}","templated":true}]}}