{"id":1010,"date":"2025-03-24T20:50:46","date_gmt":"2025-03-24T19:50:46","guid":{"rendered":"https:\/\/ellypara.com\/?post_type=product&#038;p=1010"},"modified":"2025-03-24T20:50:47","modified_gmt":"2025-03-24T19:50:47","slug":"svr-ecran-sun-secure-eau-solaire-spf50-p-sens-200ml","status":"publish","type":"product","link":"https:\/\/ellypara.com\/index.php\/produit\/svr-ecran-sun-secure-eau-solaire-spf50-p-sens-200ml\/","title":{"rendered":"SVR ECRAN SUN SECURE EAU SOLAIRE SPF50+ P\/SENS 200ML"},"content":{"rendered":"<p><strong>SVR Sun Secure Eau Solaire SPF50+ 200ml<\/strong>\u00a0offre une tr\u00e8s haute protection dermatologique int\u00e9grant le nouveau brevet filtrant SVR.<\/p>\n<p>respectueux de l\u2019environnement marin. Associ\u00e9 \u00e0 une technologie antioxydante, cible tous les types de rayons<br \/>\nUVB + UVA : 3 filtres solaires<br \/>\nVisible + Infrarouges : technologie antioxydante<br \/>\nPlus d\u2019excuse pour ne pas s\u2019appliquer de protection solaire : sa texture bi-phase est compos\u00e9e \u00e0 40% de phase aqueuse qui all\u00e8gent les 60% de phase huileuse contenant les filtres, pour cr\u00e9er l\u2019alliance parfaite d\u2019une texture fraiche, l\u00e9g\u00e8re et invisible !<\/p>\n<p>Une texture addictive qu\u2019on adorera s\u2019appliquer et se r\u00e9appliquer sans cesse ! Tr\u00e8s r\u00e9sistante \u00e0 l\u2019eau. R\u00e9siste aux frottements.<\/p>\n<p>Son plus ? Sun Secure Eau solaire SPF50+ respecte l\u2019environnement marin. Elle a pass\u00e9 les tests de biod\u00e9gradabilit\u00e9 selon la norme OCDE 301F, ainsi que ceux d\u2019\u00e9cotoxicit\u00e9 sur des algues (ISO 10253) et sur des invert\u00e9br\u00e9s aquatiques (ISO 14669). Deux esp\u00e8ces appartenant \u00e0 la famille des zooplanctons et phytoplanctons, indispensables au bon d\u00e9veloppement des coraux.<\/p>\n<p>Excellente notation \u00ab\u00a0selon YUKA 100\/100\u00a0\u00bb. Une charte de formulation stricte adapt\u00e9e aux peaux hypersensibles au soleil.<\/p>\n<p>Brevet d\u00e9pos\u00e9 n\u00b0FR19\/042152<br \/>\nUn produit de protection solaire ne prot\u00e8ge jamais totalement<\/p>\n<p><strong>Indications :<\/strong><\/p>\n<p>Peaux hypersensibles au soleil. Enfants \u00e0 partir de 3 ans. Visage et corps.<\/p>\n<p><strong>Conseils d\u2019utilisation :<\/strong><\/p>\n<p>Avant emploi : agiter vigoureusement pendant 5 secondes minimum le flacon. T\u00eate en haut, t\u00eate en bas, l\u2019important est que les 2 phases soient parfaitement m\u00e9lang\u00e9es et que tout le flacon soit orange ! Sans m\u00e9lange, sans phase homog\u00e8ne, vous ne serez pas prot\u00e9g\u00e9. Pourquoi ? Les filtres sont dans la phase huileuse.<\/p>\n<p>Une fois bien m\u00e9lang\u00e9, appliquer g\u00e9n\u00e9reusement et uniform\u00e9ment avant l\u2019exposition. Renouveler fr\u00e9quemment l\u2019application pour maintenir la protection, surtout apr\u00e8s avoir transpir\u00e9, nag\u00e9 ou s\u2019\u00eatre essuy\u00e9. Avant chaque r\u00e9-application n\u2019oubliez pas de secouer vigoureusement une nouvelle fois. Vaporiser dans les mains avant d\u2019appliquer sur le visage.<\/p>\n<p>&nbsp;<\/p>\n<p><strong>Composition :<\/strong><\/p>\n<p>Aqua\/water\/eau, dicaprylyl carbonate, coco-caprylate\/caprate, diethylamino hydroxybenzoyl hexyl benzoate, bis-ethylhexyloxyphenol methoxyphenyl triazine, dicaprylyl ether, diisopropyl adipate, ethylhexyl triazone, niacinamide, sodium chloride, bixa orellana seed extract, glycine soja (soybean) oil, hexylene glycol, lepidium sativum sprout extract, helianthus annuus (sunflower) seed oil, tocopherol, caprylic\/capric triglyceride, citric acid, coco-betaine, potassium sorbate, sodium benzoate, parfum (fragrance).<\/p>\n<p><strong>Conditionnement :<\/strong><\/p>\n<p>Flacon spray de 200ml.<\/p>\n","protected":false},"excerpt":{"rendered":"<p><strong>SVR Sun Secure Eau Solaire Protectrice Biod\u00e9gradable SPF50+ 200 ml<\/strong> est une eau solaire tr\u00e8s haute protection rafra\u00eechissante et hydratante qui r\u00e9siste \u00e0 la transpiration, au sable et aux frottements.<\/p>\n","protected":false},"featured_media":1011,"comment_status":"open","ping_status":"closed","template":"","meta":{"ocean_post_layout":"","ocean_both_sidebars_style":"","ocean_both_sidebars_content_width":0,"ocean_both_sidebars_sidebars_width":0,"ocean_sidebar":"0","ocean_second_sidebar":"0","ocean_disable_margins":"enable","ocean_add_body_class":"","ocean_shortcode_before_top_bar":"","ocean_shortcode_after_top_bar":"","ocean_shortcode_before_header":"","ocean_shortcode_after_header":"","ocean_has_shortcode":"","ocean_shortcode_after_title":"","ocean_shortcode_before_footer_widgets":"","ocean_shortcode_after_footer_widgets":"","ocean_shortcode_before_footer_bottom":"","ocean_shortcode_after_footer_bottom":"","ocean_display_top_bar":"default","ocean_display_header":"default","ocean_header_style":"","ocean_center_header_left_menu":"0","ocean_custom_header_template":"0","ocean_custom_logo":0,"ocean_custom_retina_logo":0,"ocean_custom_logo_max_width":0,"ocean_custom_logo_tablet_max_width":0,"ocean_custom_logo_mobile_max_width":0,"ocean_custom_logo_max_height":0,"ocean_custom_logo_tablet_max_height":0,"ocean_custom_logo_mobile_max_height":0,"ocean_header_custom_menu":"0","ocean_menu_typo_font_family":"0","ocean_menu_typo_font_subset":"","ocean_menu_typo_font_size":0,"ocean_menu_typo_font_size_tablet":0,"ocean_menu_typo_font_size_mobile":0,"ocean_menu_typo_font_size_unit":"px","ocean_menu_typo_font_weight":"","ocean_menu_typo_font_weight_tablet":"","ocean_menu_typo_font_weight_mobile":"","ocean_menu_typo_transform":"","ocean_menu_typo_transform_tablet":"","ocean_menu_typo_transform_mobile":"","ocean_menu_typo_line_height":0,"ocean_menu_typo_line_height_tablet":0,"ocean_menu_typo_line_height_mobile":0,"ocean_menu_typo_line_height_unit":"","ocean_menu_typo_spacing":0,"ocean_menu_typo_spacing_tablet":0,"ocean_menu_typo_spacing_mobile":0,"ocean_menu_typo_spacing_unit":"","ocean_menu_link_color":"","ocean_menu_link_color_hover":"","ocean_menu_link_color_active":"","ocean_menu_link_background":"","ocean_menu_link_hover_background":"","ocean_menu_link_active_background":"","ocean_menu_social_links_bg":"","ocean_menu_social_hover_links_bg":"","ocean_menu_social_links_color":"","ocean_menu_social_hover_links_color":"","ocean_disable_title":"default","ocean_disable_heading":"default","ocean_post_title":"","ocean_post_subheading":"","ocean_post_title_style":"","ocean_post_title_background_color":"","ocean_post_title_background":0,"ocean_post_title_bg_image_position":"","ocean_post_title_bg_image_attachment":"","ocean_post_title_bg_image_repeat":"","ocean_post_title_bg_image_size":"","ocean_post_title_height":0,"ocean_post_title_bg_overlay":0.5,"ocean_post_title_bg_overlay_color":"","ocean_disable_breadcrumbs":"default","ocean_breadcrumbs_color":"","ocean_breadcrumbs_separator_color":"","ocean_breadcrumbs_links_color":"","ocean_breadcrumbs_links_hover_color":"","ocean_display_footer_widgets":"default","ocean_display_footer_bottom":"default","ocean_custom_footer_template":"0"},"product_brand":[],"product_cat":[72,20],"product_tag":[],"class_list":{"0":"post-1010","1":"product","2":"type-product","3":"status-publish","4":"has-post-thumbnail","6":"product_cat-protection-solaire-solaire","7":"product_cat-solaire","9":"entry","10":"has-media","12":"first","13":"outofstock","14":"taxable","15":"shipping-taxable","16":"purchasable","17":"product-type-simple","18":"has-product-nav","19":"col","20":"span_1_of_3","21":"owp-content-center","22":"owp-thumbs-layout-horizontal","23":"owp-btn-normal","24":"owp-tabs-layout-horizontal","25":"has-no-thumbnails"},"_links":{"self":[{"href":"https:\/\/ellypara.com\/index.php\/wp-json\/wp\/v2\/product\/1010","targetHints":{"allow":["GET"]}}],"collection":[{"href":"https:\/\/ellypara.com\/index.php\/wp-json\/wp\/v2\/product"}],"about":[{"href":"https:\/\/ellypara.com\/index.php\/wp-json\/wp\/v2\/types\/product"}],"replies":[{"embeddable":true,"href":"https:\/\/ellypara.com\/index.php\/wp-json\/wp\/v2\/comments?post=1010"}],"wp:featuredmedia":[{"embeddable":true,"href":"https:\/\/ellypara.com\/index.php\/wp-json\/wp\/v2\/media\/1011"}],"wp:attachment":[{"href":"https:\/\/ellypara.com\/index.php\/wp-json\/wp\/v2\/media?parent=1010"}],"wp:term":[{"taxonomy":"product_brand","embeddable":true,"href":"https:\/\/ellypara.com\/index.php\/wp-json\/wp\/v2\/product_brand?post=1010"},{"taxonomy":"product_cat","embeddable":true,"href":"https:\/\/ellypara.com\/index.php\/wp-json\/wp\/v2\/product_cat?post=1010"},{"taxonomy":"product_tag","embeddable":true,"href":"https:\/\/ellypara.com\/index.php\/wp-json\/wp\/v2\/product_tag?post=1010"}],"curies":[{"name":"wp","href":"https:\/\/api.w.org\/{rel}","templated":true}]}}