{"id":1012,"date":"2025-03-24T20:59:32","date_gmt":"2025-03-24T19:59:32","guid":{"rendered":"https:\/\/ellypara.com\/?post_type=product&#038;p=1012"},"modified":"2025-03-24T20:59:32","modified_gmt":"2025-03-24T19:59:32","slug":"svr-ecran-sun-secure-extreme-gel-ultra-mat-spf50-50ml","status":"publish","type":"product","link":"https:\/\/ellypara.com\/index.php\/produit\/svr-ecran-sun-secure-extreme-gel-ultra-mat-spf50-50ml\/","title":{"rendered":"SVR ECRAN SUN SECURE EXTREME GEL ULTRA MAT SPF50+ 50ML"},"content":{"rendered":"<p><strong>SVR Sun Secure Extr\u00eame Gel Ultra Mat SPF50+ 50ml<\/strong>\u00a0est un gel ultra mat multi-r\u00e9sistant au toucher sec, pour prot\u00e9ger la peau du corps et du visage contre les rayons du soleil, avec un SPF 50. Sa texture p\u00e9n\u00e8tre rapidement et est adapt\u00e9e aux peaux sensibles et aux peaux intol\u00e9rantes au soleil.<\/p>\n<p>La\u00a0<strong>Sun Secure Extr\u00eame<\/strong>\u00a0r\u00e9siste \u00e0 l\u2019eau, \u00e0 la transpiration et aux frottements pour une protection totale, elle sera efficace en cas d\u2019ensoleillement extr\u00eame.<\/p>\n<p>Id\u00e9al pour les sportifs, pour les hommes et les ados car il est totalement invisible et non collant.<\/p>\n<p>Son plus ? SUN SECURE Extreme SPF50+ respecte l\u2019environnement marin.<\/p>\n<p>Il a pass\u00e9 les tests de biod\u00e9gradabilit\u00e9 selon la norme OCDE 301F, ainsi que ceux d\u2019\u00e9co-toxicit\u00e9 sur des algues (ISO 10253) et sur des invert\u00e9br\u00e9s aquatiques (ISO 14669).<\/p>\n<p>Autre geste pour la plan\u00e8te : son pack est plus l\u00e9ger et plus fin: moins 20% de mati\u00e8re plastique utilis\u00e9e.<\/p>\n<p><strong>Indications :<\/strong><\/p>\n<p>Convient \u00e0 des conditions extr\u00eames, ou pour les peaux peaux sensibles \u00e0 intol\u00e9rantes au soleil.<\/p>\n<p>Id\u00e9al pour les sportif.<\/p>\n<p>A partir de 3 ans.<\/p>\n<p><strong>Conseils d\u2019utilisation :<\/strong><\/p>\n<p>Avant de s\u2019exposer au soleil, appliquer une dose suffisante et homog\u00e8ne pour couvrir le visage et les zones expos\u00e9es.<\/p>\n<p>Renouveler fr\u00e9quemment l\u2019application, toutes les 2h, apr\u00e8s les baignades.<\/p>\n<p><strong>Composition :<\/strong><\/p>\n<p>Isododecane, dimethicone\/bis-isobutyl ppg-20 crosspolymer, diisopropyl adipate, diethylamino hydroxybenzoyl hexyl benzoate, isopropyl lauroyl sarcosinate, coco-caprylate\/caprate, ethylhexyl triazone, bis-ethylhexyloxyphenol methoxyphenyl triazine, diethylhexyl butamido triazone, silica dimethyl silylate, tocopherol, caprylic\/capric triglyceride, parfum (fragrance), glycine soja (soybean) oil, lepidium sativum sprout extract.<\/p>\n<p><strong>Conditionnement :<\/strong><\/p>\n<p>Tube de 50ml.<\/p>\n","protected":false},"excerpt":{"rendered":"<p><strong>SVR Sun Secure Extreme Gel Ultra Mat Multi-R\u00e9sistant SPF50+ 50 ml<\/strong> est un gel au d\u00e9licat parfum d\u2019\u00e9t\u00e9 de tr\u00e8s haute protection solaire, dont la texture baume-en-gel est adapt\u00e9e aux activit\u00e9s sportives et aux conditions extr\u00eames.<\/p>\n","protected":false},"featured_media":1013,"comment_status":"open","ping_status":"closed","template":"","meta":{"ocean_post_layout":"","ocean_both_sidebars_style":"","ocean_both_sidebars_content_width":0,"ocean_both_sidebars_sidebars_width":0,"ocean_sidebar":"0","ocean_second_sidebar":"0","ocean_disable_margins":"enable","ocean_add_body_class":"","ocean_shortcode_before_top_bar":"","ocean_shortcode_after_top_bar":"","ocean_shortcode_before_header":"","ocean_shortcode_after_header":"","ocean_has_shortcode":"","ocean_shortcode_after_title":"","ocean_shortcode_before_footer_widgets":"","ocean_shortcode_after_footer_widgets":"","ocean_shortcode_before_footer_bottom":"","ocean_shortcode_after_footer_bottom":"","ocean_display_top_bar":"default","ocean_display_header":"default","ocean_header_style":"","ocean_center_header_left_menu":"0","ocean_custom_header_template":"0","ocean_custom_logo":0,"ocean_custom_retina_logo":0,"ocean_custom_logo_max_width":0,"ocean_custom_logo_tablet_max_width":0,"ocean_custom_logo_mobile_max_width":0,"ocean_custom_logo_max_height":0,"ocean_custom_logo_tablet_max_height":0,"ocean_custom_logo_mobile_max_height":0,"ocean_header_custom_menu":"0","ocean_menu_typo_font_family":"0","ocean_menu_typo_font_subset":"","ocean_menu_typo_font_size":0,"ocean_menu_typo_font_size_tablet":0,"ocean_menu_typo_font_size_mobile":0,"ocean_menu_typo_font_size_unit":"px","ocean_menu_typo_font_weight":"","ocean_menu_typo_font_weight_tablet":"","ocean_menu_typo_font_weight_mobile":"","ocean_menu_typo_transform":"","ocean_menu_typo_transform_tablet":"","ocean_menu_typo_transform_mobile":"","ocean_menu_typo_line_height":0,"ocean_menu_typo_line_height_tablet":0,"ocean_menu_typo_line_height_mobile":0,"ocean_menu_typo_line_height_unit":"","ocean_menu_typo_spacing":0,"ocean_menu_typo_spacing_tablet":0,"ocean_menu_typo_spacing_mobile":0,"ocean_menu_typo_spacing_unit":"","ocean_menu_link_color":"","ocean_menu_link_color_hover":"","ocean_menu_link_color_active":"","ocean_menu_link_background":"","ocean_menu_link_hover_background":"","ocean_menu_link_active_background":"","ocean_menu_social_links_bg":"","ocean_menu_social_hover_links_bg":"","ocean_menu_social_links_color":"","ocean_menu_social_hover_links_color":"","ocean_disable_title":"default","ocean_disable_heading":"default","ocean_post_title":"","ocean_post_subheading":"","ocean_post_title_style":"","ocean_post_title_background_color":"","ocean_post_title_background":0,"ocean_post_title_bg_image_position":"","ocean_post_title_bg_image_attachment":"","ocean_post_title_bg_image_repeat":"","ocean_post_title_bg_image_size":"","ocean_post_title_height":0,"ocean_post_title_bg_overlay":0.5,"ocean_post_title_bg_overlay_color":"","ocean_disable_breadcrumbs":"default","ocean_breadcrumbs_color":"","ocean_breadcrumbs_separator_color":"","ocean_breadcrumbs_links_color":"","ocean_breadcrumbs_links_hover_color":"","ocean_display_footer_widgets":"default","ocean_display_footer_bottom":"default","ocean_custom_footer_template":"0"},"product_brand":[],"product_cat":[72,20],"product_tag":[],"class_list":{"0":"post-1012","1":"product","2":"type-product","3":"status-publish","4":"has-post-thumbnail","6":"product_cat-protection-solaire-solaire","7":"product_cat-solaire","9":"entry","10":"has-media","12":"first","13":"instock","14":"taxable","15":"shipping-taxable","16":"purchasable","17":"product-type-simple","18":"has-product-nav","19":"col","20":"span_1_of_3","21":"owp-content-center","22":"owp-thumbs-layout-horizontal","23":"owp-btn-normal","24":"owp-tabs-layout-horizontal"},"_links":{"self":[{"href":"https:\/\/ellypara.com\/index.php\/wp-json\/wp\/v2\/product\/1012","targetHints":{"allow":["GET"]}}],"collection":[{"href":"https:\/\/ellypara.com\/index.php\/wp-json\/wp\/v2\/product"}],"about":[{"href":"https:\/\/ellypara.com\/index.php\/wp-json\/wp\/v2\/types\/product"}],"replies":[{"embeddable":true,"href":"https:\/\/ellypara.com\/index.php\/wp-json\/wp\/v2\/comments?post=1012"}],"wp:featuredmedia":[{"embeddable":true,"href":"https:\/\/ellypara.com\/index.php\/wp-json\/wp\/v2\/media\/1013"}],"wp:attachment":[{"href":"https:\/\/ellypara.com\/index.php\/wp-json\/wp\/v2\/media?parent=1012"}],"wp:term":[{"taxonomy":"product_brand","embeddable":true,"href":"https:\/\/ellypara.com\/index.php\/wp-json\/wp\/v2\/product_brand?post=1012"},{"taxonomy":"product_cat","embeddable":true,"href":"https:\/\/ellypara.com\/index.php\/wp-json\/wp\/v2\/product_cat?post=1012"},{"taxonomy":"product_tag","embeddable":true,"href":"https:\/\/ellypara.com\/index.php\/wp-json\/wp\/v2\/product_tag?post=1012"}],"curies":[{"name":"wp","href":"https:\/\/api.w.org\/{rel}","templated":true}]}}