{"id":1023,"date":"2025-03-24T21:20:34","date_gmt":"2025-03-24T20:20:34","guid":{"rendered":"https:\/\/ellypara.com\/?post_type=product&#038;p=1023"},"modified":"2025-03-24T21:20:35","modified_gmt":"2025-03-24T20:20:35","slug":"svr-sun-secure-lait-hydratant-invisible-spf50-250ml","status":"publish","type":"product","link":"https:\/\/ellypara.com\/index.php\/produit\/svr-sun-secure-lait-hydratant-invisible-spf50-250ml\/","title":{"rendered":"SVR Sun Secure Lait Hydratant Invisible SPF50+ 250ml"},"content":{"rendered":"<p><strong>SVR Sun Secure Lait Hydratant SPF50+ 250ml<\/strong>\u00a0offre une tr\u00e8s haute protection dermatologique int\u00e9grant le nouveau brevet filtrant SVR.<\/p>\n<p>respectueux de l\u2019environnement marin et des m\u00e9canismes endocriniens \u00e9valu\u00e9s<br \/>\nassoci\u00e9 \u00e0 une technologie antioxydante, cible tous les types de rayons<br \/>\nUVB + UVA : 4 filtres solaires<br \/>\nVisible + Infrarouges : technologie antioxydante<br \/>\nUn lait fluide et velout\u00e9 particuli\u00e8rement adapt\u00e9 aux peaux normales \u00e0 s\u00e8ches. Sa texture velours fond sur la peau et laisse un film hydratant et non gras. Son d\u00e9licat parfum d\u2019\u00e9t\u00e9 donne envie d\u2019en r\u00e9appliquer encore et encore.<\/p>\n<p>R\u00e9siste \u00e0 l\u2019eau, \u00e0 la transpiration et aux frottements.<\/p>\n<p>Son plus ? SVR Sun Secure Lait Hydratant SPF50+ respecte l\u2019environnement marin. Il a pass\u00e9 les tests de biod\u00e9gradabilit\u00e9 selon la norme OCDE 301F, ainsi que ceux d\u2019\u00e9cotoxicit\u00e9 sur des algues (ISO 10253) et sur des invert\u00e9br\u00e9s aquatiques (ISO 14669). Deux esp\u00e8ces appartenant \u00e0 la famille des zooplanctons et phytoplanctons, indispensables au bon d\u00e9veloppement des coraux.<\/p>\n<p>Une charte de formulation stricte adapt\u00e9e aux peaux hypersensibles au soleil: \u00ab\u00a093\/100 selon YUKA\u00a0\u00bb.<\/p>\n<p>Brevet d\u00e9pos\u00e9 n\u00b0FR19\/04215<br \/>\nTest\u00e9 sur produit fini par un laboratoire ind\u00e9pendant, expert de la perturbation endocrinienne (\u00c9valuation sur certains m\u00e9canismes majeurs des syst\u00e8mes oestrog\u00e9niques, androg\u00e9niques et thyro\u00efdiens)<br \/>\nUn produit de protection solaire ne prot\u00e8ge jamais totalement.<\/p>\n<p><strong>Indications :<\/strong><\/p>\n<p>Peaux hypersensibles au soleil. B\u00e9b\u00e9, Enfant, Adulte. Visage et corps.<\/p>\n<p><strong>Conseils d\u2019utilisation :<\/strong><\/p>\n<p>Appliquer g\u00e9n\u00e9reusement SVR Sun Secure Lait Hydratant et uniform\u00e9ment avant l\u2019exposition. Renouveler fr\u00e9quemment l\u2019application pour maintenir la protection, surtout apr\u00e8s avoir transpir\u00e9, nag\u00e9 ou s\u2019\u00eatre essuy\u00e9.<\/p>\n<p><strong>Composition :<\/strong><\/p>\n<p>Aqua\/water\/eau, diisopropyl adipate, diethylamino hydroxybenzoyl hexyl benzoate, dicaprylyl ether, silica, ethylhexyl triazone, c12-15 alkyl benzoate, bis-ethylhexyloxyphenol methoxyphenyl triazine, hydrogenated vegetable oil, diethylhexyl butamido triazone, beheneth-25, propanediol, pentylene glycol, acrylates\/c12-22 alkyl methacrylate copolymer, niacinamide, hydroxyethyl acrylate\/sodium acryloyldimethyl taurate copolymer, cetearyl alcohol, polyester-7, coco-glucoside, microcrystalline cellulose, neopentyl glycol diheptanoate, parfum (fragrance), 1,2-hexanediol, caprylyl glycol, glycerin, arginine, citric acid, tocopherol, cellulose gum, polysorbate 60, sorbitan isostearate, disodium lauryl sulfosuccinate, glycine soja (soybean) oil, lecithin, lepidium sativum sprout extract.<\/p>\n<p><strong>Conditionnement :<\/strong><\/p>\n<p>1 tube de 250ml.<\/p>\n","protected":false},"excerpt":{"rendered":"<p><strong>SVR Sun Secure Lait SPF50+ 250 ml<\/strong> est un lait hydratant de tr\u00e8s haute protection solaire\u00a0au fini invisible adapt\u00e9 \u00e0 toute la famille : b\u00e9b\u00e9, enfant, adulte.<\/p>\n","protected":false},"featured_media":1025,"comment_status":"open","ping_status":"closed","template":"","meta":{"ocean_post_layout":"","ocean_both_sidebars_style":"","ocean_both_sidebars_content_width":0,"ocean_both_sidebars_sidebars_width":0,"ocean_sidebar":"0","ocean_second_sidebar":"0","ocean_disable_margins":"enable","ocean_add_body_class":"","ocean_shortcode_before_top_bar":"","ocean_shortcode_after_top_bar":"","ocean_shortcode_before_header":"","ocean_shortcode_after_header":"","ocean_has_shortcode":"","ocean_shortcode_after_title":"","ocean_shortcode_before_footer_widgets":"","ocean_shortcode_after_footer_widgets":"","ocean_shortcode_before_footer_bottom":"","ocean_shortcode_after_footer_bottom":"","ocean_display_top_bar":"default","ocean_display_header":"default","ocean_header_style":"","ocean_center_header_left_menu":"0","ocean_custom_header_template":"0","ocean_custom_logo":0,"ocean_custom_retina_logo":0,"ocean_custom_logo_max_width":0,"ocean_custom_logo_tablet_max_width":0,"ocean_custom_logo_mobile_max_width":0,"ocean_custom_logo_max_height":0,"ocean_custom_logo_tablet_max_height":0,"ocean_custom_logo_mobile_max_height":0,"ocean_header_custom_menu":"0","ocean_menu_typo_font_family":"0","ocean_menu_typo_font_subset":"","ocean_menu_typo_font_size":0,"ocean_menu_typo_font_size_tablet":0,"ocean_menu_typo_font_size_mobile":0,"ocean_menu_typo_font_size_unit":"px","ocean_menu_typo_font_weight":"","ocean_menu_typo_font_weight_tablet":"","ocean_menu_typo_font_weight_mobile":"","ocean_menu_typo_transform":"","ocean_menu_typo_transform_tablet":"","ocean_menu_typo_transform_mobile":"","ocean_menu_typo_line_height":0,"ocean_menu_typo_line_height_tablet":0,"ocean_menu_typo_line_height_mobile":0,"ocean_menu_typo_line_height_unit":"","ocean_menu_typo_spacing":0,"ocean_menu_typo_spacing_tablet":0,"ocean_menu_typo_spacing_mobile":0,"ocean_menu_typo_spacing_unit":"","ocean_menu_link_color":"","ocean_menu_link_color_hover":"","ocean_menu_link_color_active":"","ocean_menu_link_background":"","ocean_menu_link_hover_background":"","ocean_menu_link_active_background":"","ocean_menu_social_links_bg":"","ocean_menu_social_hover_links_bg":"","ocean_menu_social_links_color":"","ocean_menu_social_hover_links_color":"","ocean_disable_title":"default","ocean_disable_heading":"default","ocean_post_title":"","ocean_post_subheading":"","ocean_post_title_style":"","ocean_post_title_background_color":"","ocean_post_title_background":0,"ocean_post_title_bg_image_position":"","ocean_post_title_bg_image_attachment":"","ocean_post_title_bg_image_repeat":"","ocean_post_title_bg_image_size":"","ocean_post_title_height":0,"ocean_post_title_bg_overlay":0.5,"ocean_post_title_bg_overlay_color":"","ocean_disable_breadcrumbs":"default","ocean_breadcrumbs_color":"","ocean_breadcrumbs_separator_color":"","ocean_breadcrumbs_links_color":"","ocean_breadcrumbs_links_hover_color":"","ocean_display_footer_widgets":"default","ocean_display_footer_bottom":"default","ocean_custom_footer_template":"0"},"product_brand":[],"product_cat":[77,72,20],"product_tag":[],"class_list":{"0":"post-1023","1":"product","2":"type-product","3":"status-publish","4":"has-post-thumbnail","6":"product_cat-peaux-seches-cremes-solaires","7":"product_cat-protection-solaire-solaire","8":"product_cat-solaire","10":"entry","11":"has-media","13":"first","14":"instock","15":"taxable","16":"shipping-taxable","17":"purchasable","18":"product-type-simple","19":"has-product-nav","20":"col","21":"span_1_of_3","22":"owp-content-center","23":"owp-thumbs-layout-horizontal","24":"owp-btn-normal","25":"owp-tabs-layout-horizontal","26":"has-no-thumbnails"},"_links":{"self":[{"href":"https:\/\/ellypara.com\/index.php\/wp-json\/wp\/v2\/product\/1023","targetHints":{"allow":["GET"]}}],"collection":[{"href":"https:\/\/ellypara.com\/index.php\/wp-json\/wp\/v2\/product"}],"about":[{"href":"https:\/\/ellypara.com\/index.php\/wp-json\/wp\/v2\/types\/product"}],"replies":[{"embeddable":true,"href":"https:\/\/ellypara.com\/index.php\/wp-json\/wp\/v2\/comments?post=1023"}],"wp:featuredmedia":[{"embeddable":true,"href":"https:\/\/ellypara.com\/index.php\/wp-json\/wp\/v2\/media\/1025"}],"wp:attachment":[{"href":"https:\/\/ellypara.com\/index.php\/wp-json\/wp\/v2\/media?parent=1023"}],"wp:term":[{"taxonomy":"product_brand","embeddable":true,"href":"https:\/\/ellypara.com\/index.php\/wp-json\/wp\/v2\/product_brand?post=1023"},{"taxonomy":"product_cat","embeddable":true,"href":"https:\/\/ellypara.com\/index.php\/wp-json\/wp\/v2\/product_cat?post=1023"},{"taxonomy":"product_tag","embeddable":true,"href":"https:\/\/ellypara.com\/index.php\/wp-json\/wp\/v2\/product_tag?post=1023"}],"curies":[{"name":"wp","href":"https:\/\/api.w.org\/{rel}","templated":true}]}}