{"id":1026,"date":"2025-03-24T21:32:58","date_gmt":"2025-03-24T20:32:58","guid":{"rendered":"https:\/\/ellypara.com\/?post_type=product&#038;p=1026"},"modified":"2025-03-24T21:34:09","modified_gmt":"2025-03-24T20:34:09","slug":"svr-sun-secure-lait-crepitant-spf50-200ml","status":"publish","type":"product","link":"https:\/\/ellypara.com\/index.php\/produit\/svr-sun-secure-lait-crepitant-spf50-200ml\/","title":{"rendered":"SVR Sun Secure Lait Cr\u00e9pitant SPF50+ 200ml"},"content":{"rendered":"<p><strong>SVR Sun Secure Lait Cr\u00e9pitant Spray SPF50+ 200ml<\/strong>\u00a0offre une tr\u00e8s haute protection dermatologique int\u00e9grant cette nouvelle association de filtre brevet\u00e9e respectueuse de l\u2019environnement marin.<br \/>\nUne texture in\u00e9dite pens\u00e9e pour les petits. Pour que se prot\u00e9ger du soleil devienne un vrai jeu d\u2019enfant !<br \/>\nUn lait en brume frais, l\u00e9ger et ultra-fun qui cr\u00e9pite sur la peau. Une texture fine pour une application facile et rapide. Elle laisse un fini totalement invisible, non gras et non collant. Sa fraicheur et son d\u00e9licat parfum d\u2019\u00e9t\u00e9 donnent envie d\u2019en r\u00e9appliquer encore et encore.<br \/>\nR\u00e9siste \u00e0 l\u2019eau, \u00e0 la transpiration et aux frottements.<\/p>\n<p>Son plus ? SUN SECURE Lait cr\u00e9pitant SPF50+ respecte l\u2019environnement marin.<\/p>\n<p>Efficacit\u00e9 prouv\u00e9e sous contr\u00f4le dermatologique.<br \/>\n95% Effet frais \u00e0 l\u2019application<br \/>\n95% Les enfants trouvent la texture amusante<br \/>\n95% Les enfants ont envie d\u2019en r\u00e9appliquer<br \/>\n95% Les enfants aiment ce produit<\/p>\n<p><strong>Indications :<\/strong><\/p>\n<p>Peaux hypersensibles au soleil. B\u00e9b\u00e9, Enfant, Adulte. Visage et corps.<\/p>\n<p><strong>Conseils d\u2019utilisation :<\/strong><\/p>\n<p>Bien agiter avant emploi. Appliquer g\u00e9n\u00e9reusement et uniform\u00e9ment avant l\u2019exposition.<\/p>\n<p>Renouveler fr\u00e9quemment l\u2019application pour maintenir la protection, surtout apr\u00e8s avoir transpir\u00e9, nag\u00e9 ou s\u2019\u00eatre essuy\u00e9.<\/p>\n<p>Vaporiser dans les mains avant d\u2019appliquer sur le visage. Eviter le contact avec les yeux.<\/p>\n<p><strong>Composition :<\/strong><\/p>\n<p>Aqua\/water\/eau, butane, dicaprylyl ether, propane, diisopropyl adipate, diethylamino hydroxybenzoyl hexyl benzoate, ethylhexyl triazone, c12-15 alkyl benzoate, bis-ethylhexyloxyphenol methoxyphenyl triazine, diethylhexyl butamido triazone, silica, beheneth-25, propanediol, pentylene glycol, acrylates\/c12-22 alkyl methacrylate copolymer, hydrogenated vegetable oil, niacinamide, cetearyl alcohol, polyester-7, coco-glucoside, microcrystalline cellulose, neopentyl glycol diheptanoate, parfum (fragrance), 1,2-hexanediol, caprylyl glycol, glycerin, arginine, citric acid, tocopherol, cellulose gum, hydroxyethyl acrylate\/sodium acryloyldimethyl taurate copolymer, disodium lauryl sulfosuccinate, glycine soja (soybean) oil, lecithin, polysorbate 60, sorbitan isostearate, lepidium sativum sprout extract<\/p>\n<p><strong>Conditionnement :<\/strong><\/p>\n<p>1 spray de 200ml.<\/p>\n","protected":false},"excerpt":{"rendered":"<p><strong>SVR Sun Secure Lait Cr\u00e9pitant SPF50+ 200 ml<\/strong> est un lait hydratant et invisible cr\u00e9pitant solaire de tr\u00e8s haute protection UVB + UVA + Visible + Infrarouges. L\u2019association de filtres est brevet\u00e9e, non \u00e9cotoxique.<\/p>\n","protected":false},"featured_media":1027,"comment_status":"open","ping_status":"closed","template":"","meta":{"ocean_post_layout":"","ocean_both_sidebars_style":"","ocean_both_sidebars_content_width":0,"ocean_both_sidebars_sidebars_width":0,"ocean_sidebar":"0","ocean_second_sidebar":"0","ocean_disable_margins":"enable","ocean_add_body_class":"","ocean_shortcode_before_top_bar":"","ocean_shortcode_after_top_bar":"","ocean_shortcode_before_header":"","ocean_shortcode_after_header":"","ocean_has_shortcode":"","ocean_shortcode_after_title":"","ocean_shortcode_before_footer_widgets":"","ocean_shortcode_after_footer_widgets":"","ocean_shortcode_before_footer_bottom":"","ocean_shortcode_after_footer_bottom":"","ocean_display_top_bar":"default","ocean_display_header":"default","ocean_header_style":"","ocean_center_header_left_menu":"0","ocean_custom_header_template":"0","ocean_custom_logo":0,"ocean_custom_retina_logo":0,"ocean_custom_logo_max_width":0,"ocean_custom_logo_tablet_max_width":0,"ocean_custom_logo_mobile_max_width":0,"ocean_custom_logo_max_height":0,"ocean_custom_logo_tablet_max_height":0,"ocean_custom_logo_mobile_max_height":0,"ocean_header_custom_menu":"0","ocean_menu_typo_font_family":"0","ocean_menu_typo_font_subset":"","ocean_menu_typo_font_size":0,"ocean_menu_typo_font_size_tablet":0,"ocean_menu_typo_font_size_mobile":0,"ocean_menu_typo_font_size_unit":"px","ocean_menu_typo_font_weight":"","ocean_menu_typo_font_weight_tablet":"","ocean_menu_typo_font_weight_mobile":"","ocean_menu_typo_transform":"","ocean_menu_typo_transform_tablet":"","ocean_menu_typo_transform_mobile":"","ocean_menu_typo_line_height":0,"ocean_menu_typo_line_height_tablet":0,"ocean_menu_typo_line_height_mobile":0,"ocean_menu_typo_line_height_unit":"","ocean_menu_typo_spacing":0,"ocean_menu_typo_spacing_tablet":0,"ocean_menu_typo_spacing_mobile":0,"ocean_menu_typo_spacing_unit":"","ocean_menu_link_color":"","ocean_menu_link_color_hover":"","ocean_menu_link_color_active":"","ocean_menu_link_background":"","ocean_menu_link_hover_background":"","ocean_menu_link_active_background":"","ocean_menu_social_links_bg":"","ocean_menu_social_hover_links_bg":"","ocean_menu_social_links_color":"","ocean_menu_social_hover_links_color":"","ocean_disable_title":"default","ocean_disable_heading":"default","ocean_post_title":"","ocean_post_subheading":"","ocean_post_title_style":"","ocean_post_title_background_color":"","ocean_post_title_background":0,"ocean_post_title_bg_image_position":"","ocean_post_title_bg_image_attachment":"","ocean_post_title_bg_image_repeat":"","ocean_post_title_bg_image_size":"","ocean_post_title_height":0,"ocean_post_title_bg_overlay":0.5,"ocean_post_title_bg_overlay_color":"","ocean_disable_breadcrumbs":"default","ocean_breadcrumbs_color":"","ocean_breadcrumbs_separator_color":"","ocean_breadcrumbs_links_color":"","ocean_breadcrumbs_links_hover_color":"","ocean_display_footer_widgets":"default","ocean_display_footer_bottom":"default","ocean_custom_footer_template":"0"},"product_brand":[],"product_cat":[72,20],"product_tag":[],"class_list":{"0":"post-1026","1":"product","2":"type-product","3":"status-publish","4":"has-post-thumbnail","6":"product_cat-protection-solaire-solaire","7":"product_cat-solaire","9":"entry","10":"has-media","12":"first","13":"outofstock","14":"taxable","15":"shipping-taxable","16":"purchasable","17":"product-type-simple","18":"has-product-nav","19":"col","20":"span_1_of_3","21":"owp-content-center","22":"owp-thumbs-layout-horizontal","23":"owp-btn-normal","24":"owp-tabs-layout-horizontal","25":"has-no-thumbnails"},"_links":{"self":[{"href":"https:\/\/ellypara.com\/index.php\/wp-json\/wp\/v2\/product\/1026","targetHints":{"allow":["GET"]}}],"collection":[{"href":"https:\/\/ellypara.com\/index.php\/wp-json\/wp\/v2\/product"}],"about":[{"href":"https:\/\/ellypara.com\/index.php\/wp-json\/wp\/v2\/types\/product"}],"replies":[{"embeddable":true,"href":"https:\/\/ellypara.com\/index.php\/wp-json\/wp\/v2\/comments?post=1026"}],"wp:featuredmedia":[{"embeddable":true,"href":"https:\/\/ellypara.com\/index.php\/wp-json\/wp\/v2\/media\/1027"}],"wp:attachment":[{"href":"https:\/\/ellypara.com\/index.php\/wp-json\/wp\/v2\/media?parent=1026"}],"wp:term":[{"taxonomy":"product_brand","embeddable":true,"href":"https:\/\/ellypara.com\/index.php\/wp-json\/wp\/v2\/product_brand?post=1026"},{"taxonomy":"product_cat","embeddable":true,"href":"https:\/\/ellypara.com\/index.php\/wp-json\/wp\/v2\/product_cat?post=1026"},{"taxonomy":"product_tag","embeddable":true,"href":"https:\/\/ellypara.com\/index.php\/wp-json\/wp\/v2\/product_tag?post=1026"}],"curies":[{"name":"wp","href":"https:\/\/api.w.org\/{rel}","templated":true}]}}