{"id":1028,"date":"2025-03-24T21:47:05","date_gmt":"2025-03-24T20:47:05","guid":{"rendered":"https:\/\/ellypara.com\/?post_type=product&#038;p=1028"},"modified":"2025-03-24T21:47:06","modified_gmt":"2025-03-24T20:47:06","slug":"svr-ecran-sun-secure-lait-spray-spf50-200ml","status":"publish","type":"product","link":"https:\/\/ellypara.com\/index.php\/produit\/svr-ecran-sun-secure-lait-spray-spf50-200ml\/","title":{"rendered":"SVR ECRAN SUN SECURE LAIT SPRAY SPF50+ 200ML"},"content":{"rendered":"<p style=\"font-weight: 400;\"><b><strong>Description :<\/strong><\/b><\/p>\n<p style=\"font-weight: 400;\">Lait-en-brume au toucher sec fini invisible tr\u00e8s haute protection. Il permet, tout en prot\u00e9geant, d\u2019obtenir une peau toute douce.<\/p>\n<p style=\"font-weight: 400;\">Sa texture lact\u00e9e fine, hydrate et prot\u00e8ge toutes les peaux de la famille.<\/p>\n<p style=\"font-weight: 400;\"><b><strong>Description :<\/strong><\/b><\/p>\n<p style=\"font-weight: 400;\">SUN SECURE Spray SPF50+ s\u2019\u00e9tale et p\u00e9n\u00e8tre rapidement, m\u00eame sur peau mouill\u00e9e.<\/p>\n<p style=\"font-weight: 400;\">Tr\u00e8s r\u00e9sistant \u00e0 l\u2019eau, il r\u00e9siste \u00e9galement \u00e0 la transpiration et aux frottements, pour une protection optimale.<\/p>\n<p style=\"font-weight: 400;\">Avec son d\u00e9licat parfum d\u2019\u00e9t\u00e9 et sa fine brume, vous ne pourrez pas y r\u00e9sister.<\/p>\n<p style=\"font-weight: 400;\"><b><strong>Conseils d&#8217;utilisation :<\/strong><\/b><\/p>\n<p style=\"font-weight: 400;\">Avant l\u2019exposition au soleil, appliquer une dose suffisante et homog\u00e8ne sur peau s\u00e8che ou mouill\u00e9e.<\/p>\n<p style=\"font-weight: 400;\">R\u00e9duire cette quantit\u00e9 diminue nettement le niveau de protection.<\/p>\n<p style=\"font-weight: 400;\">Renouveler fr\u00e9quemment l\u2019application pour maintenir la protection, surtout apr\u00e8s avoir transpir\u00e9, avoir nag\u00e9 ou s\u2019\u00eatre essuy\u00e9.<\/p>\n<p style=\"font-weight: 400;\"><b><strong>Composition :<\/strong><\/b><\/p>\n<p style=\"font-weight: 400;\">La liste des ingr\u00e9dients peut \u00eatre soumise \u00e0 des variations, nous vous conseillons de toujours v\u00e9rifier la liste figurant sur le produit achet\u00e9.<\/p>\n<p style=\"font-weight: 400;\">Formule INCI : Aqua\/Water\/Eau, Homosalate, Diethylamino Hydroxybenzoyl Hexyl Benzoate, Ethylhexyl Methoxycinnamate, Coco-Caprylate\/Caprate, Diisopropyl Adipate, Dicaprylyl Carbonate, Beheneth-25, Methyl Methacrylate Crosspolymer, Bis-Ethylhexyloxyphenol Methoxyphenyl Triazine, Ethylhexyl Triazone, Propanediol, Polymethyl Methacrylate, Niacinamide, Silica, Aminomethyl Propanol, Beta-Carotene, Beta-Sitosterol, Daucus Carota Sativa (Carrot) Root Extract, Glycine Soja (Soybean) Oil, Hydrogenated Phosphatidylcholine, Lecithin, Lepidium Sativum Sprout Extract, Squalene, Glycerin, Phytic Acid, Tocopherol, Tocopheryl Acetate, 1,2-Hexanediol, Caprylyl Glycol, Cellulose Gum, Cetearyl Alcohol, Citric Acid, Hydroxyethyl Acrylate\/Sodium Acryloyldimethyl Taurate Copolymer, Lysolecithin, Microcrystalline Cellulose, Neopentyl Glycol Diheptanoate, Pentylene Glycol, Polyester-7, Polysorbate 60, Sodium Laureth Sulfate, Sorbitan Isostearate, Coco-Glucoside, Phenoxyethanol, Potassium Sorbate, Sodium Benzoate, Parfum (Fragrance)<\/p>\n<p style=\"font-weight: 400;\">Eviter l\u2019exposition solaire aux heures d\u2019ensoleillement maximales (entre 12 et 16h), sinon pr\u00e9voir une protection vestimentaire.<\/p>\n<p style=\"font-weight: 400;\">Les coups de soleil sont dangereux, surtout chez l\u2019enfant. Utiliser des produits de protection solaire appropri\u00e9s \u00e0 votre type de peau.<\/p>\n<p style=\"font-weight: 400;\">L\u2019utilisation de ce produit ne doit pas inciter \u00e0 s\u2019exposer longtemps au soleil.<\/p>\n<p style=\"font-weight: 400;\">La surexposition au soleil est une menace s\u00e9rieuse pour la sant\u00e9.<\/p>\n<p style=\"font-weight: 400;\">Ne pas exposer les b\u00e9b\u00e9s et les jeunes enfants directement au soleil.<\/p>\n<p style=\"font-weight: 400;\">Toujours utiliser des v\u00eatements de protection pour votre b\u00e9b\u00e9 et appliquer uniquement sur les zones expos\u00e9es.<\/p>\n<p style=\"font-weight: 400;\">Eviter le contact avec les yeux.<\/p>\n","protected":false},"excerpt":{"rendered":"<p>Lait-en-brume au toucher sec fini invisible\u00a0tr\u00e8s haute protection. Il permet, tout en prot\u00e9geant, d\u2019obtenir une peau toute douce.<\/p>\n","protected":false},"featured_media":1029,"comment_status":"open","ping_status":"closed","template":"","meta":{"ocean_post_layout":"","ocean_both_sidebars_style":"","ocean_both_sidebars_content_width":0,"ocean_both_sidebars_sidebars_width":0,"ocean_sidebar":"0","ocean_second_sidebar":"0","ocean_disable_margins":"enable","ocean_add_body_class":"","ocean_shortcode_before_top_bar":"","ocean_shortcode_after_top_bar":"","ocean_shortcode_before_header":"","ocean_shortcode_after_header":"","ocean_has_shortcode":"","ocean_shortcode_after_title":"","ocean_shortcode_before_footer_widgets":"","ocean_shortcode_after_footer_widgets":"","ocean_shortcode_before_footer_bottom":"","ocean_shortcode_after_footer_bottom":"","ocean_display_top_bar":"default","ocean_display_header":"default","ocean_header_style":"","ocean_center_header_left_menu":"0","ocean_custom_header_template":"0","ocean_custom_logo":0,"ocean_custom_retina_logo":0,"ocean_custom_logo_max_width":0,"ocean_custom_logo_tablet_max_width":0,"ocean_custom_logo_mobile_max_width":0,"ocean_custom_logo_max_height":0,"ocean_custom_logo_tablet_max_height":0,"ocean_custom_logo_mobile_max_height":0,"ocean_header_custom_menu":"0","ocean_menu_typo_font_family":"0","ocean_menu_typo_font_subset":"","ocean_menu_typo_font_size":0,"ocean_menu_typo_font_size_tablet":0,"ocean_menu_typo_font_size_mobile":0,"ocean_menu_typo_font_size_unit":"px","ocean_menu_typo_font_weight":"","ocean_menu_typo_font_weight_tablet":"","ocean_menu_typo_font_weight_mobile":"","ocean_menu_typo_transform":"","ocean_menu_typo_transform_tablet":"","ocean_menu_typo_transform_mobile":"","ocean_menu_typo_line_height":0,"ocean_menu_typo_line_height_tablet":0,"ocean_menu_typo_line_height_mobile":0,"ocean_menu_typo_line_height_unit":"","ocean_menu_typo_spacing":0,"ocean_menu_typo_spacing_tablet":0,"ocean_menu_typo_spacing_mobile":0,"ocean_menu_typo_spacing_unit":"","ocean_menu_link_color":"","ocean_menu_link_color_hover":"","ocean_menu_link_color_active":"","ocean_menu_link_background":"","ocean_menu_link_hover_background":"","ocean_menu_link_active_background":"","ocean_menu_social_links_bg":"","ocean_menu_social_hover_links_bg":"","ocean_menu_social_links_color":"","ocean_menu_social_hover_links_color":"","ocean_disable_title":"default","ocean_disable_heading":"default","ocean_post_title":"","ocean_post_subheading":"","ocean_post_title_style":"","ocean_post_title_background_color":"","ocean_post_title_background":0,"ocean_post_title_bg_image_position":"","ocean_post_title_bg_image_attachment":"","ocean_post_title_bg_image_repeat":"","ocean_post_title_bg_image_size":"","ocean_post_title_height":0,"ocean_post_title_bg_overlay":0.5,"ocean_post_title_bg_overlay_color":"","ocean_disable_breadcrumbs":"default","ocean_breadcrumbs_color":"","ocean_breadcrumbs_separator_color":"","ocean_breadcrumbs_links_color":"","ocean_breadcrumbs_links_hover_color":"","ocean_display_footer_widgets":"default","ocean_display_footer_bottom":"default","ocean_custom_footer_template":"0"},"product_brand":[],"product_cat":[72,20,79],"product_tag":[],"class_list":{"0":"post-1028","1":"product","2":"type-product","3":"status-publish","4":"has-post-thumbnail","6":"product_cat-protection-solaire-solaire","7":"product_cat-solaire","8":"product_cat-tout-type-de-peaux","10":"entry","11":"has-media","13":"first","14":"instock","15":"taxable","16":"shipping-taxable","17":"purchasable","18":"product-type-simple","19":"has-product-nav","20":"col","21":"span_1_of_3","22":"owp-content-center","23":"owp-thumbs-layout-horizontal","24":"owp-btn-normal","25":"owp-tabs-layout-horizontal","26":"has-no-thumbnails"},"_links":{"self":[{"href":"https:\/\/ellypara.com\/index.php\/wp-json\/wp\/v2\/product\/1028","targetHints":{"allow":["GET"]}}],"collection":[{"href":"https:\/\/ellypara.com\/index.php\/wp-json\/wp\/v2\/product"}],"about":[{"href":"https:\/\/ellypara.com\/index.php\/wp-json\/wp\/v2\/types\/product"}],"replies":[{"embeddable":true,"href":"https:\/\/ellypara.com\/index.php\/wp-json\/wp\/v2\/comments?post=1028"}],"wp:featuredmedia":[{"embeddable":true,"href":"https:\/\/ellypara.com\/index.php\/wp-json\/wp\/v2\/media\/1029"}],"wp:attachment":[{"href":"https:\/\/ellypara.com\/index.php\/wp-json\/wp\/v2\/media?parent=1028"}],"wp:term":[{"taxonomy":"product_brand","embeddable":true,"href":"https:\/\/ellypara.com\/index.php\/wp-json\/wp\/v2\/product_brand?post=1028"},{"taxonomy":"product_cat","embeddable":true,"href":"https:\/\/ellypara.com\/index.php\/wp-json\/wp\/v2\/product_cat?post=1028"},{"taxonomy":"product_tag","embeddable":true,"href":"https:\/\/ellypara.com\/index.php\/wp-json\/wp\/v2\/product_tag?post=1028"}],"curies":[{"name":"wp","href":"https:\/\/api.w.org\/{rel}","templated":true}]}}