{"id":1037,"date":"2025-03-24T22:19:41","date_gmt":"2025-03-24T21:19:41","guid":{"rendered":"https:\/\/ellypara.com\/?post_type=product&#038;p=1037"},"modified":"2025-03-24T22:19:41","modified_gmt":"2025-03-24T21:19:41","slug":"svr-sun-secure-ecran-mineral-teinte-spf50-peaux-seches-a-tres-seches-50ml","status":"publish","type":"product","link":"https:\/\/ellypara.com\/index.php\/produit\/svr-sun-secure-ecran-mineral-teinte-spf50-peaux-seches-a-tres-seches-50ml\/","title":{"rendered":"SVR Sun Secure \u00c9cran Min\u00e9ral Teint\u00e9 SPF50+ Peaux S\u00e8ches \u00e0 Tr\u00e8s S\u00e8ches 50ml"},"content":{"rendered":"<p><strong>SVR Sun Secure \u00c9cran Min\u00e9ral Teint\u00e9 SPF50+ Peaux S\u00e8ches \u00e0 Tr\u00e8s S\u00e8ches 50ml<\/strong>\u00a0est un \u00e9cran min\u00e9ral teint\u00e9, qui permet de prot\u00e9ger efficacement votre peau contre les effets des rayons ultraviolets A et B (SPF50+), de masquer vos imperfections et d\u2019unifier votre teint.<\/p>\n<p>Dot\u00e9 d\u2019une teinte universelle, ce soin convient \u00e0 toutes les carnations.<\/p>\n<p>Sa formule se compose :<\/p>\n<ul>\n<li>de filtres solaires min\u00e9raux,<\/li>\n<li>d\u2019un complexe liposomal antioxydant (\u03b2-carot\u00e8ne + d\u00e9toxophane),<\/li>\n<li>de niacinamide, qui permet de r\u00e9parer les effets n\u00e9fastes du soleil sur les cellules.<\/li>\n<li>Le plus ? Cette formule est r\u00e9sistante \u00e0 l\u2019eau.<\/li>\n<\/ul>\n<p>Et pour les peaux s\u00e8ches, le Laboratoire SVR propose \u00e9galement le\u00a0Baume en spray Topialyse SVR.<\/p>\n<p><strong>Indications :<\/strong><\/p>\n<p>Soin haute protection teint\u00e9, pour les peaux s\u00e8ches \u00e0 tr\u00e8s s\u00e8ches.<\/p>\n<p><strong>Conseils d\u2019utilisation :<\/strong><\/p>\n<p>Appliquer en quantit\u00e9 suffisante la cr\u00e8me SVR sur le visage. Renouveler l\u2019application fr\u00e9quemment.<\/p>\n<p><strong>Composition :<\/strong><\/p>\n<p>Aqua (purified water), zinc oxide [nano], cyclopentasiloxane, titanium dioxide [nano], hexydecyl stearate, glycerin, ci 77891, caprylyl dimethicone ethoxy glucoside, sodium chloride, polyglyceryl-4 isostearate, alumina, cetyl dimethicone, niacinamide, tridecyl salicylate, beta carotene, caprylhydroxamic acid, daucus carota sativa (carrot) root extract, glycine soja oil, hydrogenated phosphatidyl choline, lecithin, lepidium sativum sprout extract, phenethyl alcohol, polyhydroxystearic acid, tocopherol, tocopheryl acetate, 1-2 hexanediol, alcohol, caprylyl glycol, dimethiconol, disodium edta, lysolecithin, magnesium sulfate, quaternium-90 bentonite, stearic acid, triethoxycaprylsilane, phenoxyethanol, ci77491, ci77492, ci77499.<\/p>\n<p><strong>Conditionnement :<\/strong><\/p>\n<p>1 tube de 60g.<\/p>\n","protected":false},"excerpt":{"rendered":"<p><strong>SVR Sun Secure \u00c9cran Min\u00e9ral Teint\u00e9 SPF50+ Peaux S\u00e8ches \u00e0 Tr\u00e8s S\u00e8ches 60 g<\/strong> est une tr\u00e8s haute protection visage 100% min\u00e9rale, adapt\u00e9e aux peaux intol\u00e9rantes s\u00e8ches \u00e0 tr\u00e8s s\u00e8ches.<\/p>\n","protected":false},"featured_media":1039,"comment_status":"open","ping_status":"closed","template":"","meta":{"ocean_post_layout":"","ocean_both_sidebars_style":"","ocean_both_sidebars_content_width":0,"ocean_both_sidebars_sidebars_width":0,"ocean_sidebar":"0","ocean_second_sidebar":"0","ocean_disable_margins":"enable","ocean_add_body_class":"","ocean_shortcode_before_top_bar":"","ocean_shortcode_after_top_bar":"","ocean_shortcode_before_header":"","ocean_shortcode_after_header":"","ocean_has_shortcode":"","ocean_shortcode_after_title":"","ocean_shortcode_before_footer_widgets":"","ocean_shortcode_after_footer_widgets":"","ocean_shortcode_before_footer_bottom":"","ocean_shortcode_after_footer_bottom":"","ocean_display_top_bar":"default","ocean_display_header":"default","ocean_header_style":"","ocean_center_header_left_menu":"0","ocean_custom_header_template":"0","ocean_custom_logo":0,"ocean_custom_retina_logo":0,"ocean_custom_logo_max_width":0,"ocean_custom_logo_tablet_max_width":0,"ocean_custom_logo_mobile_max_width":0,"ocean_custom_logo_max_height":0,"ocean_custom_logo_tablet_max_height":0,"ocean_custom_logo_mobile_max_height":0,"ocean_header_custom_menu":"0","ocean_menu_typo_font_family":"0","ocean_menu_typo_font_subset":"","ocean_menu_typo_font_size":0,"ocean_menu_typo_font_size_tablet":0,"ocean_menu_typo_font_size_mobile":0,"ocean_menu_typo_font_size_unit":"px","ocean_menu_typo_font_weight":"","ocean_menu_typo_font_weight_tablet":"","ocean_menu_typo_font_weight_mobile":"","ocean_menu_typo_transform":"","ocean_menu_typo_transform_tablet":"","ocean_menu_typo_transform_mobile":"","ocean_menu_typo_line_height":0,"ocean_menu_typo_line_height_tablet":0,"ocean_menu_typo_line_height_mobile":0,"ocean_menu_typo_line_height_unit":"","ocean_menu_typo_spacing":0,"ocean_menu_typo_spacing_tablet":0,"ocean_menu_typo_spacing_mobile":0,"ocean_menu_typo_spacing_unit":"","ocean_menu_link_color":"","ocean_menu_link_color_hover":"","ocean_menu_link_color_active":"","ocean_menu_link_background":"","ocean_menu_link_hover_background":"","ocean_menu_link_active_background":"","ocean_menu_social_links_bg":"","ocean_menu_social_hover_links_bg":"","ocean_menu_social_links_color":"","ocean_menu_social_hover_links_color":"","ocean_disable_title":"default","ocean_disable_heading":"default","ocean_post_title":"","ocean_post_subheading":"","ocean_post_title_style":"","ocean_post_title_background_color":"","ocean_post_title_background":0,"ocean_post_title_bg_image_position":"","ocean_post_title_bg_image_attachment":"","ocean_post_title_bg_image_repeat":"","ocean_post_title_bg_image_size":"","ocean_post_title_height":0,"ocean_post_title_bg_overlay":0.5,"ocean_post_title_bg_overlay_color":"","ocean_disable_breadcrumbs":"default","ocean_breadcrumbs_color":"","ocean_breadcrumbs_separator_color":"","ocean_breadcrumbs_links_color":"","ocean_breadcrumbs_links_hover_color":"","ocean_display_footer_widgets":"default","ocean_display_footer_bottom":"default","ocean_custom_footer_template":"0"},"product_brand":[],"product_cat":[71,20],"product_tag":[],"class_list":{"0":"post-1037","1":"product","2":"type-product","3":"status-publish","4":"has-post-thumbnail","6":"product_cat-cremes-solaires","7":"product_cat-solaire","9":"entry","10":"has-media","12":"first","13":"instock","14":"taxable","15":"shipping-taxable","16":"purchasable","17":"product-type-simple","18":"has-product-nav","19":"col","20":"span_1_of_3","21":"owp-content-center","22":"owp-thumbs-layout-horizontal","23":"owp-btn-normal","24":"owp-tabs-layout-horizontal"},"_links":{"self":[{"href":"https:\/\/ellypara.com\/index.php\/wp-json\/wp\/v2\/product\/1037","targetHints":{"allow":["GET"]}}],"collection":[{"href":"https:\/\/ellypara.com\/index.php\/wp-json\/wp\/v2\/product"}],"about":[{"href":"https:\/\/ellypara.com\/index.php\/wp-json\/wp\/v2\/types\/product"}],"replies":[{"embeddable":true,"href":"https:\/\/ellypara.com\/index.php\/wp-json\/wp\/v2\/comments?post=1037"}],"wp:featuredmedia":[{"embeddable":true,"href":"https:\/\/ellypara.com\/index.php\/wp-json\/wp\/v2\/media\/1039"}],"wp:attachment":[{"href":"https:\/\/ellypara.com\/index.php\/wp-json\/wp\/v2\/media?parent=1037"}],"wp:term":[{"taxonomy":"product_brand","embeddable":true,"href":"https:\/\/ellypara.com\/index.php\/wp-json\/wp\/v2\/product_brand?post=1037"},{"taxonomy":"product_cat","embeddable":true,"href":"https:\/\/ellypara.com\/index.php\/wp-json\/wp\/v2\/product_cat?post=1037"},{"taxonomy":"product_tag","embeddable":true,"href":"https:\/\/ellypara.com\/index.php\/wp-json\/wp\/v2\/product_tag?post=1037"}],"curies":[{"name":"wp","href":"https:\/\/api.w.org\/{rel}","templated":true}]}}