{"id":1041,"date":"2025-03-30T11:15:56","date_gmt":"2025-03-30T09:15:56","guid":{"rendered":"https:\/\/ellypara.com\/?post_type=product&#038;p=1041"},"modified":"2025-03-30T11:15:56","modified_gmt":"2025-03-30T09:15:56","slug":"svr-sun-secure-spray-apres-soleil-200ml","status":"publish","type":"product","link":"https:\/\/ellypara.com\/index.php\/produit\/svr-sun-secure-spray-apres-soleil-200ml\/","title":{"rendered":"SVR Sun Secure Spray Apr\u00e8s-Soleil 200ml"},"content":{"rendered":"<p><strong>SVR Sun Secure Eau Apr\u00e8s-Soleil Spray 200ml<\/strong>\u00a0a une texture brume aqueuse qui apaise et rafra\u00eechit imm\u00e9diatement les peaux \u00e9chauff\u00e9es par le soleil.<br \/>\nSa formule \u00e0 base d\u2019alo\u00e9 V\u00e9ra, niacinamide et ferments micro biotiques aide \u00e0 r\u00e9parer les dommages li\u00e9s \u00e0 l\u2019exposition au soleil.\u00a0 \u00a0 \u00a0 \u00a0 \u00a0 \u00a0 \u00a0 \u00a0 \u00a0 \u00a0 \u00a0 \u00a0 \u00a0 \u00a0 \u00a0 \u00a0 \u00a0 \u00a0 \u00a0 \u00a0 \u00a0 \u00a0 \u00a0 \u00a0 \u00a0 \u00a0 \u00a0 \u00a0 \u00a0 \u00a0 \u00a0 \u00a0 \u00a0 \u00a0 \u00a0 \u00a0 \u00a0 \u00a0 \u00a0 \u00a0 \u00a0 \u00a0 \u00a0 \u00a0 \u00a0 \u00a0 \u00a0 \u00a0 \u00a0 \u00a0 \u00a0 \u00a0 \u00a0 \u00a0 \u00a0 \u00a0 \u00a0 \u00a0 \u00a0 \u00a0 \u00a0 \u00a0 \u00a0 \u00a0 \u00a0 \u00a0 \u00a0 \u00a0 \u00a0 \u00a0 \u00a0 \u00a0 R\u00e9hydrat\u00e9e et r\u00e9par\u00e9e, la peau est plus lumineuse.<br \/>\n<strong>Sun Secure Spray Apr\u00e8s-Soleil<\/strong>\u00a0format spray permet une application encore plus facile et rapide pour toute la famille, \u00e0 toujours avoir sur soi.<br \/>\nMode d&#8217;utilisation : apr\u00e8s la douche pour maintenir ce moment de fraicheur \/ En sortie de plage avant de rentrer pour enlever la sensation de sel sur la peau \/ \u00e0 tout moment de la journ\u00e9e s\u2019il fait trop chaud, ou lors de longs voyages en voiture, train, bus.<br \/>\nSon parfum frais d\u2019\u00e9t\u00e9 permet de profiter pleinement des soir\u00e9es d\u2019\u00e9t\u00e9.<\/p>\n<p>Son plus ? Une formule \u00e0 96% d\u2019ingr\u00e9dients d\u2019origine naturelle.<br \/>\nAutre geste pour la plan\u00e8te : son flacon est fait \u00e0 25% de plastique recycl\u00e9 ! N\u2019oubliez pas de le trier.<\/p>\n<p>Efficacit\u00e9 prouv\u00e9e sous contr\u00f4le dermatologique<br \/>\n95% Texture fine et ultra-l\u00e9g\u00e8re<br \/>\n95% Diffusion fine et optimale<br \/>\n90% Agit contre le dess\u00e8chement cutan\u00e9<br \/>\n90% Apr\u00e8s application, habillage rapide<br \/>\n90% Fraicheur imm\u00e9diate<\/p>\n<p><strong>Indications SVR Sun Secure Spray Apr\u00e8s-Soleil :<\/strong><\/p>\n<p>Peaux \u00e9chauff\u00e9es et hypersensibles. B\u00e9b\u00e9, enfant, adulte. Visage et corps.<\/p>\n<p>Test\u00e9e sous contr\u00f4le dermatologique. Non com\u00e9dog\u00e8ne.<\/p>\n<p><strong>Conseils d\u2019utilisation :<\/strong><\/p>\n<p>Agiter avant emploi. Appliquer apr\u00e8s l\u2019exposition. Vaporiser dans les mains avant d\u2019appliquer sur le visage.<\/p>\n<p><strong>Composition :<\/strong><\/p>\n<p>Aqua\/water\/eau, caprylic\/capric triglyceride, helianthus annuus (sunflower) seed oil, glycerin, 1,2-hexanediol, niacinamide, hydrogenated vegetable oil, propanediol, polyglyceryl-6 laurate, silica, lauryl glucoside, myristyl glucoside, hydroxyacetophenone, parfum (fragrance), acrylates\/c10-30 alkyl acrylate crosspolymer, aloe barbadensis leaf juice powder, tocopherol, xanthan gum, glycine soja (soybean) oil, sodium hydroxide, lecithin, bacillus ferment, lepidium sativum sprout extract.<\/p>\n<p><strong>Conditionnement :<\/strong><\/p>\n<p>1 spray de 200ml.<\/p>\n","protected":false},"excerpt":{"rendered":"<p><strong>SVR Sun Secure Spray Apr\u00e8s-Soleil 200 ml<\/strong> est un spray au parfum frais d\u2019\u00e9t\u00e9 dont sa texture brume aqueuse, apaise et rafra\u00eechit imm\u00e9diatement les peaux \u00e9chauff\u00e9es par le soleil.<\/p>\n","protected":false},"featured_media":1042,"comment_status":"open","ping_status":"closed","template":"","meta":{"ocean_post_layout":"","ocean_both_sidebars_style":"","ocean_both_sidebars_content_width":0,"ocean_both_sidebars_sidebars_width":0,"ocean_sidebar":"0","ocean_second_sidebar":"0","ocean_disable_margins":"enable","ocean_add_body_class":"","ocean_shortcode_before_top_bar":"","ocean_shortcode_after_top_bar":"","ocean_shortcode_before_header":"","ocean_shortcode_after_header":"","ocean_has_shortcode":"","ocean_shortcode_after_title":"","ocean_shortcode_before_footer_widgets":"","ocean_shortcode_after_footer_widgets":"","ocean_shortcode_before_footer_bottom":"","ocean_shortcode_after_footer_bottom":"","ocean_display_top_bar":"default","ocean_display_header":"default","ocean_header_style":"","ocean_center_header_left_menu":"0","ocean_custom_header_template":"0","ocean_custom_logo":0,"ocean_custom_retina_logo":0,"ocean_custom_logo_max_width":0,"ocean_custom_logo_tablet_max_width":0,"ocean_custom_logo_mobile_max_width":0,"ocean_custom_logo_max_height":0,"ocean_custom_logo_tablet_max_height":0,"ocean_custom_logo_mobile_max_height":0,"ocean_header_custom_menu":"0","ocean_menu_typo_font_family":"0","ocean_menu_typo_font_subset":"","ocean_menu_typo_font_size":0,"ocean_menu_typo_font_size_tablet":0,"ocean_menu_typo_font_size_mobile":0,"ocean_menu_typo_font_size_unit":"px","ocean_menu_typo_font_weight":"","ocean_menu_typo_font_weight_tablet":"","ocean_menu_typo_font_weight_mobile":"","ocean_menu_typo_transform":"","ocean_menu_typo_transform_tablet":"","ocean_menu_typo_transform_mobile":"","ocean_menu_typo_line_height":0,"ocean_menu_typo_line_height_tablet":0,"ocean_menu_typo_line_height_mobile":0,"ocean_menu_typo_line_height_unit":"","ocean_menu_typo_spacing":0,"ocean_menu_typo_spacing_tablet":0,"ocean_menu_typo_spacing_mobile":0,"ocean_menu_typo_spacing_unit":"","ocean_menu_link_color":"","ocean_menu_link_color_hover":"","ocean_menu_link_color_active":"","ocean_menu_link_background":"","ocean_menu_link_hover_background":"","ocean_menu_link_active_background":"","ocean_menu_social_links_bg":"","ocean_menu_social_hover_links_bg":"","ocean_menu_social_links_color":"","ocean_menu_social_hover_links_color":"","ocean_disable_title":"default","ocean_disable_heading":"default","ocean_post_title":"","ocean_post_subheading":"","ocean_post_title_style":"","ocean_post_title_background_color":"","ocean_post_title_background":0,"ocean_post_title_bg_image_position":"","ocean_post_title_bg_image_attachment":"","ocean_post_title_bg_image_repeat":"","ocean_post_title_bg_image_size":"","ocean_post_title_height":0,"ocean_post_title_bg_overlay":0.5,"ocean_post_title_bg_overlay_color":"","ocean_disable_breadcrumbs":"default","ocean_breadcrumbs_color":"","ocean_breadcrumbs_separator_color":"","ocean_breadcrumbs_links_color":"","ocean_breadcrumbs_links_hover_color":"","ocean_display_footer_widgets":"default","ocean_display_footer_bottom":"default","ocean_custom_footer_template":"0"},"product_brand":[],"product_cat":[26,72,20],"product_tag":[],"class_list":{"0":"post-1041","1":"product","2":"type-product","3":"status-publish","4":"has-post-thumbnail","6":"product_cat-promo","7":"product_cat-protection-solaire-solaire","8":"product_cat-solaire","10":"entry","11":"has-media","13":"first","14":"instock","15":"sale","16":"taxable","17":"shipping-taxable","18":"purchasable","19":"product-type-simple","20":"has-product-nav","21":"col","22":"span_1_of_3","23":"owp-content-center","24":"owp-thumbs-layout-horizontal","25":"owp-btn-normal","26":"owp-tabs-layout-horizontal","27":"has-no-thumbnails"},"_links":{"self":[{"href":"https:\/\/ellypara.com\/index.php\/wp-json\/wp\/v2\/product\/1041","targetHints":{"allow":["GET"]}}],"collection":[{"href":"https:\/\/ellypara.com\/index.php\/wp-json\/wp\/v2\/product"}],"about":[{"href":"https:\/\/ellypara.com\/index.php\/wp-json\/wp\/v2\/types\/product"}],"replies":[{"embeddable":true,"href":"https:\/\/ellypara.com\/index.php\/wp-json\/wp\/v2\/comments?post=1041"}],"wp:featuredmedia":[{"embeddable":true,"href":"https:\/\/ellypara.com\/index.php\/wp-json\/wp\/v2\/media\/1042"}],"wp:attachment":[{"href":"https:\/\/ellypara.com\/index.php\/wp-json\/wp\/v2\/media?parent=1041"}],"wp:term":[{"taxonomy":"product_brand","embeddable":true,"href":"https:\/\/ellypara.com\/index.php\/wp-json\/wp\/v2\/product_brand?post=1041"},{"taxonomy":"product_cat","embeddable":true,"href":"https:\/\/ellypara.com\/index.php\/wp-json\/wp\/v2\/product_cat?post=1041"},{"taxonomy":"product_tag","embeddable":true,"href":"https:\/\/ellypara.com\/index.php\/wp-json\/wp\/v2\/product_tag?post=1041"}],"curies":[{"name":"wp","href":"https:\/\/api.w.org\/{rel}","templated":true}]}}