{"id":1043,"date":"2025-03-30T11:36:04","date_gmt":"2025-03-30T09:36:04","guid":{"rendered":"https:\/\/ellypara.com\/?post_type=product&#038;p=1043"},"modified":"2025-03-30T11:36:04","modified_gmt":"2025-03-30T09:36:04","slug":"svr-filler-biotic-contour-yeux-et-levres-15ml","status":"publish","type":"product","link":"https:\/\/ellypara.com\/index.php\/produit\/svr-filler-biotic-contour-yeux-et-levres-15ml\/","title":{"rendered":"SVR Filler Biotic Contour Yeux et L\u00e8vres 15ml"},"content":{"rendered":"<p><strong>SVR Filler Biotic contour yeux et l\u00e8vres<\/strong>\u00a0<strong>comblant liftant<\/strong>\u00a0lisse les rides, repulpe le contour des l\u00e8vres et lifte le contour des yeux. Il agit en seulement une semaine !<\/p>\n<p>La peau du contour des yeux et des l\u00e8vres est\u00a0<strong>fragile<\/strong>. Elle est donc vite marqu\u00e9e par les signes de l\u2019\u00e2ge, en plus d\u2019\u00eatre expos\u00e9e aux \u00e9l\u00e9ments ext\u00e9rieurs en permanence. Il lui faut des soins adapt\u00e9s.<\/p>\n<p>SVR Filler Biotic contour yeux et l\u00e8vres comblant liftant est justement formul\u00e9 avec un\u00a0<strong>peptide lissant<\/strong>\u00a0qui va permettre, gr\u00e2ce \u00e0 son\u00a0<strong>action \u00ab\u00a0botox-like\u00a0\u00bb<\/strong>, de d\u00e9tendre les traits et de lifter les rides de la patte d\u2019oie et les rides de la commissure des l\u00e8vres. Il va aussi renforcer la fabrication de collag\u00e8ne, la prot\u00e9ine qui donne \u00e0 la peau sa fermet\u00e9 et ainsi combler les rides.<\/p>\n<p>Ce\u00a0<strong>contour yeux et l\u00e8vres SVR<\/strong>\u00a0est aussi formul\u00e9 avec les actifs de la gamme Biotic : l\u2019acide hyaluronique, les probiotiques pasteuris\u00e9s et la vitamine C stabilis\u00e9e.\u00a0<strong>L\u2019acide hyaluronique<\/strong>\u00a0utilis\u00e9 dans ce filler est de bas poids mol\u00e9culaire. Il est \u00e0 la fois hydratant, repulpant et il va relancer la fabrication d\u2019acide hyaluronique par le corps.<br \/>\nLes\u00a0<strong>probiotiques\u00a0<\/strong>agissent au niveau du microbiote cutan\u00e9, impliqu\u00e9 dans la d\u00e9fense de la peau, en renfor\u00e7ant les bact\u00e9ries b\u00e9n\u00e9fiques.<br \/>\nLa\u00a0<strong>vitamine C\u00a0<\/strong>apporte ses bienfaits antioxydants. Elle poss\u00e8de aussi des vertus raffermissantes.<\/p>\n<p><strong>Conditionnement :<\/strong>\u00a0tube de 15 ml.<\/p>\n<p>Dans sa gamme Biotic, SVR propose \u00e9galement\u00a0la\u00a0cr\u00e8me r\u00e9g\u00e9n\u00e9rante \u00e9clat C20 Biotic.<\/p>\n<p><strong>CONSEILS D\u2019UTILISATION<\/strong><\/p>\n<p>Utiliser le matin et le soir. Appliquer sur le contour des yeux et les l\u00e8vres et laisser p\u00e9n\u00e9trer.<\/p>\n<p>Ne pas ing\u00e9rer.<\/p>\n<p><strong>COMPOSITION<\/strong><\/p>\n<p>LAB21.41A.20 ingr\u00e9dients : aqua\/water\/eau, hydroxypropyl starch, propylene glycol, C15-19 alkane, glyceryl stearate SE, caprylic\/capric triglyceride, isostearyl alcohol, C10-18 triglycerides, acetyl hexapeptide-1, butylene glycol cocoate, ethylcellulose, hydroxyacetophenone, lactobacillus ferment, maltodextrin, pentaerythrityl tetra-di-t-butyl hydroxyhydrocinnamate, sodium acetylated hyaluronate, sodium stearoyl glutamate, ascorbyl tetraisopalmitate, glycerin, 1,2-hexanediol, caprylyl glycol, citric acid, sodium polyacrylate, parfum\/fragrance.<\/p>\n","protected":false},"excerpt":{"rendered":"<p><strong>SVR Filler Biotic Comblant Liftant Yeux &amp; L\u00e8vres 15 ml<\/strong> est un soin permettant de combler et lifter les rides et ridules de d\u00e9shydratation du contour des yeux et des l\u00e8vres.<\/p>\n","protected":false},"featured_media":1044,"comment_status":"open","ping_status":"closed","template":"","meta":{"ocean_post_layout":"","ocean_both_sidebars_style":"","ocean_both_sidebars_content_width":0,"ocean_both_sidebars_sidebars_width":0,"ocean_sidebar":"0","ocean_second_sidebar":"0","ocean_disable_margins":"enable","ocean_add_body_class":"","ocean_shortcode_before_top_bar":"","ocean_shortcode_after_top_bar":"","ocean_shortcode_before_header":"","ocean_shortcode_after_header":"","ocean_has_shortcode":"","ocean_shortcode_after_title":"","ocean_shortcode_before_footer_widgets":"","ocean_shortcode_after_footer_widgets":"","ocean_shortcode_before_footer_bottom":"","ocean_shortcode_after_footer_bottom":"","ocean_display_top_bar":"default","ocean_display_header":"default","ocean_header_style":"","ocean_center_header_left_menu":"0","ocean_custom_header_template":"0","ocean_custom_logo":0,"ocean_custom_retina_logo":0,"ocean_custom_logo_max_width":0,"ocean_custom_logo_tablet_max_width":0,"ocean_custom_logo_mobile_max_width":0,"ocean_custom_logo_max_height":0,"ocean_custom_logo_tablet_max_height":0,"ocean_custom_logo_mobile_max_height":0,"ocean_header_custom_menu":"0","ocean_menu_typo_font_family":"0","ocean_menu_typo_font_subset":"","ocean_menu_typo_font_size":0,"ocean_menu_typo_font_size_tablet":0,"ocean_menu_typo_font_size_mobile":0,"ocean_menu_typo_font_size_unit":"px","ocean_menu_typo_font_weight":"","ocean_menu_typo_font_weight_tablet":"","ocean_menu_typo_font_weight_mobile":"","ocean_menu_typo_transform":"","ocean_menu_typo_transform_tablet":"","ocean_menu_typo_transform_mobile":"","ocean_menu_typo_line_height":0,"ocean_menu_typo_line_height_tablet":0,"ocean_menu_typo_line_height_mobile":0,"ocean_menu_typo_line_height_unit":"","ocean_menu_typo_spacing":0,"ocean_menu_typo_spacing_tablet":0,"ocean_menu_typo_spacing_mobile":0,"ocean_menu_typo_spacing_unit":"","ocean_menu_link_color":"","ocean_menu_link_color_hover":"","ocean_menu_link_color_active":"","ocean_menu_link_background":"","ocean_menu_link_hover_background":"","ocean_menu_link_active_background":"","ocean_menu_social_links_bg":"","ocean_menu_social_hover_links_bg":"","ocean_menu_social_links_color":"","ocean_menu_social_hover_links_color":"","ocean_disable_title":"default","ocean_disable_heading":"default","ocean_post_title":"","ocean_post_subheading":"","ocean_post_title_style":"","ocean_post_title_background_color":"","ocean_post_title_background":0,"ocean_post_title_bg_image_position":"","ocean_post_title_bg_image_attachment":"","ocean_post_title_bg_image_repeat":"","ocean_post_title_bg_image_size":"","ocean_post_title_height":0,"ocean_post_title_bg_overlay":0.5,"ocean_post_title_bg_overlay_color":"","ocean_disable_breadcrumbs":"default","ocean_breadcrumbs_color":"","ocean_breadcrumbs_separator_color":"","ocean_breadcrumbs_links_color":"","ocean_breadcrumbs_links_hover_color":"","ocean_display_footer_widgets":"default","ocean_display_footer_bottom":"default","ocean_custom_footer_template":"0"},"product_brand":[],"product_cat":[36,35],"product_tag":[],"class_list":{"0":"post-1043","1":"product","2":"type-product","3":"status-publish","4":"has-post-thumbnail","6":"product_cat-soins-anti-age-et-anti-rides","7":"product_cat-soins-hydratants-et-nourrissants","9":"entry","10":"has-media","12":"first","13":"instock","14":"taxable","15":"shipping-taxable","16":"purchasable","17":"product-type-simple","18":"has-product-nav","19":"col","20":"span_1_of_3","21":"owp-content-center","22":"owp-thumbs-layout-horizontal","23":"owp-btn-normal","24":"owp-tabs-layout-horizontal"},"_links":{"self":[{"href":"https:\/\/ellypara.com\/index.php\/wp-json\/wp\/v2\/product\/1043","targetHints":{"allow":["GET"]}}],"collection":[{"href":"https:\/\/ellypara.com\/index.php\/wp-json\/wp\/v2\/product"}],"about":[{"href":"https:\/\/ellypara.com\/index.php\/wp-json\/wp\/v2\/types\/product"}],"replies":[{"embeddable":true,"href":"https:\/\/ellypara.com\/index.php\/wp-json\/wp\/v2\/comments?post=1043"}],"wp:featuredmedia":[{"embeddable":true,"href":"https:\/\/ellypara.com\/index.php\/wp-json\/wp\/v2\/media\/1044"}],"wp:attachment":[{"href":"https:\/\/ellypara.com\/index.php\/wp-json\/wp\/v2\/media?parent=1043"}],"wp:term":[{"taxonomy":"product_brand","embeddable":true,"href":"https:\/\/ellypara.com\/index.php\/wp-json\/wp\/v2\/product_brand?post=1043"},{"taxonomy":"product_cat","embeddable":true,"href":"https:\/\/ellypara.com\/index.php\/wp-json\/wp\/v2\/product_cat?post=1043"},{"taxonomy":"product_tag","embeddable":true,"href":"https:\/\/ellypara.com\/index.php\/wp-json\/wp\/v2\/product_tag?post=1043"}],"curies":[{"name":"wp","href":"https:\/\/api.w.org\/{rel}","templated":true}]}}