{"id":1047,"date":"2025-03-30T12:04:48","date_gmt":"2025-03-30T10:04:48","guid":{"rendered":"https:\/\/ellypara.com\/?post_type=product&#038;p=1047"},"modified":"2025-03-30T12:04:49","modified_gmt":"2025-03-30T10:04:49","slug":"svr-biotic-hyalu-gelee-regenerante-repulpante-50ml","status":"publish","type":"product","link":"https:\/\/ellypara.com\/index.php\/produit\/svr-biotic-hyalu-gelee-regenerante-repulpante-50ml\/","title":{"rendered":"SVR Biotic Hyalu Gel\u00e9e R\u00e9g\u00e9n\u00e9rante Repulpante 50ml"},"content":{"rendered":"<p><strong>SVR Biotic Hyalu Gel\u00e9e R\u00e9g\u00e9n\u00e9rante Repulpante 50ml<\/strong> est une gel\u00e9e r\u00e9g\u00e9n\u00e9rante repulpante qui cible la d\u00e9shydrations, les ridules et les rides.<\/p>\n<p>Elle prot\u00e8ge \u00e9galement la peau des agressions ext\u00e9rieures comme la pollution, les UV, le stress ou encore les variations hormonales.<\/p>\n<p>Enrichi en 3 actifs, cette gel\u00e9e contient des probiotiques, de l\u2019acide hyaluronique et de la vitamine C. Tous ces ingr\u00e9dients permettent de renforcer la barri\u00e8re cutan\u00e9e, de lisser les rides, d\u2019hydrater et d\u2019uniformiser la peau.<\/p>\n<p>Efficacit\u00e9 prouv\u00e9e cliniquement sur peaux sensibles.<\/p>\n<p><strong>Indications :<\/strong><\/p>\n<p>Pour les peaux d\u00e9shydrat\u00e9es.<\/p>\n<p><strong>Conseils d\u2019utilisation :<\/strong><\/p>\n<p>Appliquer matin et\/ou soir, sur une peau propre et s\u00e8che, sur l\u2019ensemble du visage et du cou.<\/p>\n<p><strong>Composition :<\/strong><\/p>\n<p>Aqua \/ water \/ eau, butylene glycol, glycerin, propylene glycol, capryliccapric triglyceride, ascorbyl tetraisopalmitate, 1,2hexanediol, c1018 triglycerides, carbomer, maltodextrin, sodium hyaluronate, sodium acrylates copolymer, acrylatesc1030 alkyl acrylate crosspolymer, caprylyl glycol, parfum fragrance, sodium hydroxide, lecithin, lactobacillus ferment, pentaerythrityl tetraditbutyl hydroxyhydrocinnamate, sodium acetylated hyaluronate.<\/p>\n<p><strong>Conditionnement :<\/strong><\/p>\n<p>1 pot de 50ml.<\/p>\n","protected":false},"excerpt":{"rendered":"<p><strong>SVR Biotic Hyalu Gel\u00e9e R\u00e9g\u00e9n\u00e9rante Repulpante 50 ml<\/strong> est une gel\u00e9e qui est faite pour r\u00e9g\u00e9n\u00e9rer votre peau gr\u00e2ce \u00e0 une combinaison de 3 actifs essentiels \u00e0 la fonction de la peau.<\/p>\n","protected":false},"featured_media":1048,"comment_status":"open","ping_status":"closed","template":"","meta":{"ocean_post_layout":"","ocean_both_sidebars_style":"","ocean_both_sidebars_content_width":0,"ocean_both_sidebars_sidebars_width":0,"ocean_sidebar":"0","ocean_second_sidebar":"0","ocean_disable_margins":"enable","ocean_add_body_class":"","ocean_shortcode_before_top_bar":"","ocean_shortcode_after_top_bar":"","ocean_shortcode_before_header":"","ocean_shortcode_after_header":"","ocean_has_shortcode":"","ocean_shortcode_after_title":"","ocean_shortcode_before_footer_widgets":"","ocean_shortcode_after_footer_widgets":"","ocean_shortcode_before_footer_bottom":"","ocean_shortcode_after_footer_bottom":"","ocean_display_top_bar":"default","ocean_display_header":"default","ocean_header_style":"","ocean_center_header_left_menu":"0","ocean_custom_header_template":"0","ocean_custom_logo":0,"ocean_custom_retina_logo":0,"ocean_custom_logo_max_width":0,"ocean_custom_logo_tablet_max_width":0,"ocean_custom_logo_mobile_max_width":0,"ocean_custom_logo_max_height":0,"ocean_custom_logo_tablet_max_height":0,"ocean_custom_logo_mobile_max_height":0,"ocean_header_custom_menu":"0","ocean_menu_typo_font_family":"0","ocean_menu_typo_font_subset":"","ocean_menu_typo_font_size":0,"ocean_menu_typo_font_size_tablet":0,"ocean_menu_typo_font_size_mobile":0,"ocean_menu_typo_font_size_unit":"px","ocean_menu_typo_font_weight":"","ocean_menu_typo_font_weight_tablet":"","ocean_menu_typo_font_weight_mobile":"","ocean_menu_typo_transform":"","ocean_menu_typo_transform_tablet":"","ocean_menu_typo_transform_mobile":"","ocean_menu_typo_line_height":0,"ocean_menu_typo_line_height_tablet":0,"ocean_menu_typo_line_height_mobile":0,"ocean_menu_typo_line_height_unit":"","ocean_menu_typo_spacing":0,"ocean_menu_typo_spacing_tablet":0,"ocean_menu_typo_spacing_mobile":0,"ocean_menu_typo_spacing_unit":"","ocean_menu_link_color":"","ocean_menu_link_color_hover":"","ocean_menu_link_color_active":"","ocean_menu_link_background":"","ocean_menu_link_hover_background":"","ocean_menu_link_active_background":"","ocean_menu_social_links_bg":"","ocean_menu_social_hover_links_bg":"","ocean_menu_social_links_color":"","ocean_menu_social_hover_links_color":"","ocean_disable_title":"default","ocean_disable_heading":"default","ocean_post_title":"","ocean_post_subheading":"","ocean_post_title_style":"","ocean_post_title_background_color":"","ocean_post_title_background":0,"ocean_post_title_bg_image_position":"","ocean_post_title_bg_image_attachment":"","ocean_post_title_bg_image_repeat":"","ocean_post_title_bg_image_size":"","ocean_post_title_height":0,"ocean_post_title_bg_overlay":0.5,"ocean_post_title_bg_overlay_color":"","ocean_disable_breadcrumbs":"default","ocean_breadcrumbs_color":"","ocean_breadcrumbs_separator_color":"","ocean_breadcrumbs_links_color":"","ocean_breadcrumbs_links_hover_color":"","ocean_display_footer_widgets":"default","ocean_display_footer_bottom":"default","ocean_custom_footer_template":"0"},"product_brand":[],"product_cat":[26,36,35,21],"product_tag":[],"class_list":{"0":"post-1047","1":"product","2":"type-product","3":"status-publish","4":"has-post-thumbnail","6":"product_cat-promo","7":"product_cat-soins-anti-age-et-anti-rides","8":"product_cat-soins-hydratants-et-nourrissants","9":"product_cat-visage","11":"entry","12":"has-media","14":"first","15":"instock","16":"sale","17":"taxable","18":"shipping-taxable","19":"purchasable","20":"product-type-simple","21":"has-product-nav","22":"col","23":"span_1_of_3","24":"owp-content-center","25":"owp-thumbs-layout-horizontal","26":"owp-btn-normal","27":"owp-tabs-layout-horizontal"},"_links":{"self":[{"href":"https:\/\/ellypara.com\/index.php\/wp-json\/wp\/v2\/product\/1047","targetHints":{"allow":["GET"]}}],"collection":[{"href":"https:\/\/ellypara.com\/index.php\/wp-json\/wp\/v2\/product"}],"about":[{"href":"https:\/\/ellypara.com\/index.php\/wp-json\/wp\/v2\/types\/product"}],"replies":[{"embeddable":true,"href":"https:\/\/ellypara.com\/index.php\/wp-json\/wp\/v2\/comments?post=1047"}],"wp:featuredmedia":[{"embeddable":true,"href":"https:\/\/ellypara.com\/index.php\/wp-json\/wp\/v2\/media\/1048"}],"wp:attachment":[{"href":"https:\/\/ellypara.com\/index.php\/wp-json\/wp\/v2\/media?parent=1047"}],"wp:term":[{"taxonomy":"product_brand","embeddable":true,"href":"https:\/\/ellypara.com\/index.php\/wp-json\/wp\/v2\/product_brand?post=1047"},{"taxonomy":"product_cat","embeddable":true,"href":"https:\/\/ellypara.com\/index.php\/wp-json\/wp\/v2\/product_cat?post=1047"},{"taxonomy":"product_tag","embeddable":true,"href":"https:\/\/ellypara.com\/index.php\/wp-json\/wp\/v2\/product_tag?post=1047"}],"curies":[{"name":"wp","href":"https:\/\/api.w.org\/{rel}","templated":true}]}}