{"id":1057,"date":"2025-03-30T16:53:15","date_gmt":"2025-03-30T14:53:15","guid":{"rendered":"https:\/\/ellypara.com\/?post_type=product&#038;p=1057"},"modified":"2025-03-30T16:53:16","modified_gmt":"2025-03-30T14:53:16","slug":"svr-hydraliane-creme-legere-peaux-sensibles-mixtes-50ml-2","status":"publish","type":"product","link":"https:\/\/ellypara.com\/index.php\/produit\/svr-hydraliane-creme-legere-peaux-sensibles-mixtes-50ml-2\/","title":{"rendered":"SVR HYDRALIANE Cr\u00e8me L\u00e9g\u00e8re Peaux Sensibles Mixtes 50ml"},"content":{"rendered":"<p><strong>SVR Hydraliane Cr\u00e8me L\u00e9g\u00e8re\u00a0Hydratation Intense 50 ml<\/strong> est un soin visage formul\u00e9 avec 100% d\u2019ingr\u00e9dients d\u2019origine naturelle. Cette cr\u00e8me l\u00e9g\u00e8re\u00a0hydrate intens\u00e9ment la peau mixte\u00a0toute la journ\u00e9e. Fra\u00eeche, elle apaise instantan\u00e9ment les tiraillements, rendant la peau souple et douce.<\/p>\n<p>Pour toute la famille.<\/p>\n<p>Fini velout\u00e9, non gras.<\/p>\n<p>Non com\u00e9dog\u00e8ne. Hypoallerg\u00e9nique.<\/p>\n<p>Test\u00e9 sous contr\u00f4le dermatologique.<\/p>\n<p>Fabriqu\u00e9 en France.<\/p>\n<p><strong>Composition<\/strong><\/p>\n<p>Aqua\/Water\/Eau, Helianthus Annuus (Sunflower) Seed Oil, Propanediol, Glycerin, Sorbitol, Pentylene Glycol, Behenyl Alcohol, Prunus Amygdalus Dulcis (Sweet Almond) Oil, Anthemis Nobilis Flower Extract, Gellan Gum, Sodium Stearoyl Glutamate, Sodium Hyaluronate, Tocopherol, Citric Acid, Glyceryl Caprylate, Hydrogenated Vegetable Oil, Xanthan Gum, Parfum (Fragrance).<\/p>\n<p><strong>Conseils d\u2019utilisation<\/strong><\/p>\n<p>Appliquer matin et\/ou soir.<\/p>\n<p><strong>Plus d\u2019informations<\/strong><\/p>\n<p>Profil peau:<\/p>\n<p>Acn\u00e9 &amp; imperfections<br \/>\nPeau mixte<br \/>\nPeau sensible et r\u00e9active<br \/>\nTous types de peaux<\/p>\n<p><strong>Format \u00e9cologique antigaspillage avec 46% de plastique en moins.<\/strong><\/p>\n","protected":false},"excerpt":{"rendered":"<p><strong>SVR Hydraliane Cr\u00e8me L\u00e9g\u00e8re Hydratation Intense 50 ml<\/strong> est un soin visage formul\u00e9 avec 100% d\u2019ingr\u00e9dients d\u2019origine naturelle.<\/p>\n","protected":false},"featured_media":1061,"comment_status":"open","ping_status":"closed","template":"","meta":{"ocean_post_layout":"","ocean_both_sidebars_style":"","ocean_both_sidebars_content_width":0,"ocean_both_sidebars_sidebars_width":0,"ocean_sidebar":"0","ocean_second_sidebar":"0","ocean_disable_margins":"enable","ocean_add_body_class":"","ocean_shortcode_before_top_bar":"","ocean_shortcode_after_top_bar":"","ocean_shortcode_before_header":"","ocean_shortcode_after_header":"","ocean_has_shortcode":"","ocean_shortcode_after_title":"","ocean_shortcode_before_footer_widgets":"","ocean_shortcode_after_footer_widgets":"","ocean_shortcode_before_footer_bottom":"","ocean_shortcode_after_footer_bottom":"","ocean_display_top_bar":"default","ocean_display_header":"default","ocean_header_style":"","ocean_center_header_left_menu":"0","ocean_custom_header_template":"0","ocean_custom_logo":0,"ocean_custom_retina_logo":0,"ocean_custom_logo_max_width":0,"ocean_custom_logo_tablet_max_width":0,"ocean_custom_logo_mobile_max_width":0,"ocean_custom_logo_max_height":0,"ocean_custom_logo_tablet_max_height":0,"ocean_custom_logo_mobile_max_height":0,"ocean_header_custom_menu":"0","ocean_menu_typo_font_family":"0","ocean_menu_typo_font_subset":"","ocean_menu_typo_font_size":0,"ocean_menu_typo_font_size_tablet":0,"ocean_menu_typo_font_size_mobile":0,"ocean_menu_typo_font_size_unit":"px","ocean_menu_typo_font_weight":"","ocean_menu_typo_font_weight_tablet":"","ocean_menu_typo_font_weight_mobile":"","ocean_menu_typo_transform":"","ocean_menu_typo_transform_tablet":"","ocean_menu_typo_transform_mobile":"","ocean_menu_typo_line_height":0,"ocean_menu_typo_line_height_tablet":0,"ocean_menu_typo_line_height_mobile":0,"ocean_menu_typo_line_height_unit":"","ocean_menu_typo_spacing":0,"ocean_menu_typo_spacing_tablet":0,"ocean_menu_typo_spacing_mobile":0,"ocean_menu_typo_spacing_unit":"","ocean_menu_link_color":"","ocean_menu_link_color_hover":"","ocean_menu_link_color_active":"","ocean_menu_link_background":"","ocean_menu_link_hover_background":"","ocean_menu_link_active_background":"","ocean_menu_social_links_bg":"","ocean_menu_social_hover_links_bg":"","ocean_menu_social_links_color":"","ocean_menu_social_hover_links_color":"","ocean_disable_title":"default","ocean_disable_heading":"default","ocean_post_title":"","ocean_post_subheading":"","ocean_post_title_style":"","ocean_post_title_background_color":"","ocean_post_title_background":0,"ocean_post_title_bg_image_position":"","ocean_post_title_bg_image_attachment":"","ocean_post_title_bg_image_repeat":"","ocean_post_title_bg_image_size":"","ocean_post_title_height":0,"ocean_post_title_bg_overlay":0.5,"ocean_post_title_bg_overlay_color":"","ocean_disable_breadcrumbs":"default","ocean_breadcrumbs_color":"","ocean_breadcrumbs_separator_color":"","ocean_breadcrumbs_links_color":"","ocean_breadcrumbs_links_hover_color":"","ocean_display_footer_widgets":"default","ocean_display_footer_bottom":"default","ocean_custom_footer_template":"0"},"product_brand":[],"product_cat":[37,42,35,21],"product_tag":[],"class_list":{"0":"post-1057","1":"product","2":"type-product","3":"status-publish","4":"has-post-thumbnail","6":"product_cat-soins-peau-grasse","7":"product_cat-peaux-seches","8":"product_cat-soins-hydratants-et-nourrissants","9":"product_cat-visage","11":"entry","12":"has-media","14":"first","15":"instock","16":"taxable","17":"shipping-taxable","18":"purchasable","19":"product-type-simple","20":"has-product-nav","21":"col","22":"span_1_of_3","23":"owp-content-center","24":"owp-thumbs-layout-horizontal","25":"owp-btn-normal","26":"owp-tabs-layout-horizontal"},"_links":{"self":[{"href":"https:\/\/ellypara.com\/index.php\/wp-json\/wp\/v2\/product\/1057","targetHints":{"allow":["GET"]}}],"collection":[{"href":"https:\/\/ellypara.com\/index.php\/wp-json\/wp\/v2\/product"}],"about":[{"href":"https:\/\/ellypara.com\/index.php\/wp-json\/wp\/v2\/types\/product"}],"replies":[{"embeddable":true,"href":"https:\/\/ellypara.com\/index.php\/wp-json\/wp\/v2\/comments?post=1057"}],"wp:featuredmedia":[{"embeddable":true,"href":"https:\/\/ellypara.com\/index.php\/wp-json\/wp\/v2\/media\/1061"}],"wp:attachment":[{"href":"https:\/\/ellypara.com\/index.php\/wp-json\/wp\/v2\/media?parent=1057"}],"wp:term":[{"taxonomy":"product_brand","embeddable":true,"href":"https:\/\/ellypara.com\/index.php\/wp-json\/wp\/v2\/product_brand?post=1057"},{"taxonomy":"product_cat","embeddable":true,"href":"https:\/\/ellypara.com\/index.php\/wp-json\/wp\/v2\/product_cat?post=1057"},{"taxonomy":"product_tag","embeddable":true,"href":"https:\/\/ellypara.com\/index.php\/wp-json\/wp\/v2\/product_tag?post=1057"}],"curies":[{"name":"wp","href":"https:\/\/api.w.org\/{rel}","templated":true}]}}