{"id":1062,"date":"2025-03-30T17:19:55","date_gmt":"2025-03-30T15:19:55","guid":{"rendered":"https:\/\/ellypara.com\/?post_type=product&#038;p=1062"},"modified":"2025-03-30T17:19:55","modified_gmt":"2025-03-30T15:19:55","slug":"svr-palpebral-baume-visage-et-contour-des-yeux-30ml","status":"publish","type":"product","link":"https:\/\/ellypara.com\/index.php\/produit\/svr-palpebral-baume-visage-et-contour-des-yeux-30ml\/","title":{"rendered":"SVR Palpebral Baume Visage et Contour des Yeux 30ml"},"content":{"rendered":"<p><strong>SVR Palpebral Baume Visage<\/strong>\u00a0est un soin du visage, du contour des yeux et des paupi\u00e8res,\u00a0<strong>d\u00e9di\u00e9 aux peaux atopiques<\/strong>, particuli\u00e8rement<strong>\u00a0sujettes aux irritations et au grattage<\/strong>. Avec sa formule regroupant pas moins de 97% d\u2019ingr\u00e9dients d\u2019origine naturelle, il s\u2019adresse \u00e0 toute la famille, petits et grands, d\u00e8s le plus jeune \u00e2ge. Parmi ses actifs phares se trouvent l\u2019acide hyaluronique, l\u2019huile de bourrache et des beurres v\u00e9g\u00e9taux ainsi que des pr\u00e9biotiques.<\/p>\n<p>&nbsp;<\/p>\n<p>Lorsque la peau devient trop s\u00e8che et atopique, sa barri\u00e8re naturelle s\u2019alt\u00e8re renfor\u00e7ant un peu plus encore sa d\u00e9shydratation. Outre la sensation de tiraillement et d\u2019irritations, la pr\u00e9sence d\u2019acariens \u00e0 la surface de l\u2019\u00e9piderme et les agressions ext\u00e9rieures provoquent de l\u2019ecz\u00e9ma, des d\u00e9mangeaisons et un besoin\u00a0de se gratter qui continuent d\u2019endommager la peau. Gr\u00e2ce \u00e0 son brevet\u00a0<strong>C\u00e9ramides AD<\/strong>, le\u00a0<strong>baume Palpebral SVR<\/strong>\u00a0prot\u00e8ge l\u2019\u00e9piderme de son alt\u00e9ration par les bact\u00e9ries, d\u2019une part, et\u00a0<strong>comble la barri\u00e8re lipidique<\/strong>\u00a0d\u2019autre part, afin de <strong>r\u00e9duire la d\u00e9shydratation<\/strong>.<\/p>\n<p>Du sucre pr\u00e9biotique est \u00e9galement pr\u00e9sent dans la formule et constitue un nutriment essentiel au bon \u00e9quilibre du microbiote cutan\u00e9 dont le r\u00f4le est indispensable \u00e0 une peau saine.<\/p>\n<p>&nbsp;<\/p>\n<p>Le\u00a0<strong>baume visage et contour des yeux\u00a0Palpebral SVR<\/strong>\u00a0accentue la relipidation de la barri\u00e8re cutan\u00e9e dans le but de maintenir l\u2019hydratation du derme. Il s\u2019appuie sur les om\u00e9gas 6,7 et 9 contenus dans l\u2019huile de bourrache, mais aussi les acides gras du beurre de karit\u00e9. Enfin, l\u2019acide hyaluronique capture les mol\u00e9cules d\u2019eau et repulpe\u00a0le derme pour un effet frais et \u00e9clatant. Ce soin pourra \u00eatre appliqu\u00e9 apr\u00e8s le nettoyage op\u00e9r\u00e9 par le\u00a0gel micellaire Palpebral Topialyse.<\/p>\n<p><strong>Conditionnement :<\/strong> Flacon pompe de 30 ml.<\/p>\n<h4><strong>CONSEILS D\u2019UTILISATION :<\/strong><\/h4>\n<p>En cas de rougeurs, s\u00e9cheresses d\u00e9mangeaisons intenses :<br \/>\nApplication sous forme de masque en couche \u00e9paisse sur toutes les zones fragilis\u00e9es du visage sujettes \u00e0 l\u2019ecz\u00e9ma atopique y compris le contour des yeux.<\/p>\n<p>Au quotidien :<br \/>\nD\u00e9poser sur peau propre et s\u00e8che, une petite quantit\u00e9 sous le coin interne de l\u2019\u0153il puis tapoter avec le doigt en suivant le contour, sous l\u2019\u0153il, puis sur la paupi\u00e8re. Appliquez \u00e9galement le produit sur toutes les zones du visage sujettes \u00e0 l\u2019ecz\u00e9ma atopique.<\/p>\n<h4><strong>COMPOSITION :<\/strong><\/h4>\n<p>Aqua\/Water\/Eau, Butyrospermum Parkii (Shea) Butter, Cocos Nucifera (Coconut) Oil, Glycerin, Hexyldecyl Stearate, Capryliccapric Triglyceride, Behenyl Alcohol, Sodium Acrylates Copolymer, Borago Officinalis Seed Oil, Cetearyl Alcohol, Cetearyl Glucoside, Glyceryl Stearate Se, Glycolipids, Glycosphingolipids, Lecithin, Maltodextrin, Ophiopogon Japonicus Root Extract, Pentaerythrityl Tetraditbutyl Hydroxyhydrocinnamate, Sodium Stearoyl Glutamate, Sodium Hyaluronate, 1,2hexanediol, Caprylyl Glycol, Citric Acid, Pentylene Glycol.<\/p>\n","protected":false},"excerpt":{"rendered":"<p><strong>SVR Palp\u00e9bral Baume Visage Yeux Anti-Grattage 30 ml<\/strong> est un soin pour le visage, le contour des yeux et les paupi\u00e8res des peaux s\u00e8ches \u00e0 tr\u00e8s s\u00e8ches \u00e0 tendance atopique de toute la famille (b\u00e9b\u00e9s, enfants, adultes)<\/p>\n","protected":false},"featured_media":1063,"comment_status":"open","ping_status":"closed","template":"","meta":{"ocean_post_layout":"","ocean_both_sidebars_style":"","ocean_both_sidebars_content_width":0,"ocean_both_sidebars_sidebars_width":0,"ocean_sidebar":"0","ocean_second_sidebar":"0","ocean_disable_margins":"enable","ocean_add_body_class":"","ocean_shortcode_before_top_bar":"","ocean_shortcode_after_top_bar":"","ocean_shortcode_before_header":"","ocean_shortcode_after_header":"","ocean_has_shortcode":"","ocean_shortcode_after_title":"","ocean_shortcode_before_footer_widgets":"","ocean_shortcode_after_footer_widgets":"","ocean_shortcode_before_footer_bottom":"","ocean_shortcode_after_footer_bottom":"","ocean_display_top_bar":"default","ocean_display_header":"default","ocean_header_style":"","ocean_center_header_left_menu":"0","ocean_custom_header_template":"0","ocean_custom_logo":0,"ocean_custom_retina_logo":0,"ocean_custom_logo_max_width":0,"ocean_custom_logo_tablet_max_width":0,"ocean_custom_logo_mobile_max_width":0,"ocean_custom_logo_max_height":0,"ocean_custom_logo_tablet_max_height":0,"ocean_custom_logo_mobile_max_height":0,"ocean_header_custom_menu":"0","ocean_menu_typo_font_family":"0","ocean_menu_typo_font_subset":"","ocean_menu_typo_font_size":0,"ocean_menu_typo_font_size_tablet":0,"ocean_menu_typo_font_size_mobile":0,"ocean_menu_typo_font_size_unit":"px","ocean_menu_typo_font_weight":"","ocean_menu_typo_font_weight_tablet":"","ocean_menu_typo_font_weight_mobile":"","ocean_menu_typo_transform":"","ocean_menu_typo_transform_tablet":"","ocean_menu_typo_transform_mobile":"","ocean_menu_typo_line_height":0,"ocean_menu_typo_line_height_tablet":0,"ocean_menu_typo_line_height_mobile":0,"ocean_menu_typo_line_height_unit":"","ocean_menu_typo_spacing":0,"ocean_menu_typo_spacing_tablet":0,"ocean_menu_typo_spacing_mobile":0,"ocean_menu_typo_spacing_unit":"","ocean_menu_link_color":"","ocean_menu_link_color_hover":"","ocean_menu_link_color_active":"","ocean_menu_link_background":"","ocean_menu_link_hover_background":"","ocean_menu_link_active_background":"","ocean_menu_social_links_bg":"","ocean_menu_social_hover_links_bg":"","ocean_menu_social_links_color":"","ocean_menu_social_hover_links_color":"","ocean_disable_title":"default","ocean_disable_heading":"default","ocean_post_title":"","ocean_post_subheading":"","ocean_post_title_style":"","ocean_post_title_background_color":"","ocean_post_title_background":0,"ocean_post_title_bg_image_position":"","ocean_post_title_bg_image_attachment":"","ocean_post_title_bg_image_repeat":"","ocean_post_title_bg_image_size":"","ocean_post_title_height":0,"ocean_post_title_bg_overlay":0.5,"ocean_post_title_bg_overlay_color":"","ocean_disable_breadcrumbs":"default","ocean_breadcrumbs_color":"","ocean_breadcrumbs_separator_color":"","ocean_breadcrumbs_links_color":"","ocean_breadcrumbs_links_hover_color":"","ocean_display_footer_widgets":"default","ocean_display_footer_bottom":"default","ocean_custom_footer_template":"0"},"product_brand":[],"product_cat":[42,35,21],"product_tag":[],"class_list":{"0":"post-1062","1":"product","2":"type-product","3":"status-publish","4":"has-post-thumbnail","6":"product_cat-peaux-seches","7":"product_cat-soins-hydratants-et-nourrissants","8":"product_cat-visage","10":"entry","11":"has-media","13":"first","14":"instock","15":"taxable","16":"shipping-taxable","17":"purchasable","18":"product-type-simple","19":"has-product-nav","20":"col","21":"span_1_of_3","22":"owp-content-center","23":"owp-thumbs-layout-horizontal","24":"owp-btn-normal","25":"owp-tabs-layout-horizontal"},"_links":{"self":[{"href":"https:\/\/ellypara.com\/index.php\/wp-json\/wp\/v2\/product\/1062","targetHints":{"allow":["GET"]}}],"collection":[{"href":"https:\/\/ellypara.com\/index.php\/wp-json\/wp\/v2\/product"}],"about":[{"href":"https:\/\/ellypara.com\/index.php\/wp-json\/wp\/v2\/types\/product"}],"replies":[{"embeddable":true,"href":"https:\/\/ellypara.com\/index.php\/wp-json\/wp\/v2\/comments?post=1062"}],"wp:featuredmedia":[{"embeddable":true,"href":"https:\/\/ellypara.com\/index.php\/wp-json\/wp\/v2\/media\/1063"}],"wp:attachment":[{"href":"https:\/\/ellypara.com\/index.php\/wp-json\/wp\/v2\/media?parent=1062"}],"wp:term":[{"taxonomy":"product_brand","embeddable":true,"href":"https:\/\/ellypara.com\/index.php\/wp-json\/wp\/v2\/product_brand?post=1062"},{"taxonomy":"product_cat","embeddable":true,"href":"https:\/\/ellypara.com\/index.php\/wp-json\/wp\/v2\/product_cat?post=1062"},{"taxonomy":"product_tag","embeddable":true,"href":"https:\/\/ellypara.com\/index.php\/wp-json\/wp\/v2\/product_tag?post=1062"}],"curies":[{"name":"wp","href":"https:\/\/api.w.org\/{rel}","templated":true}]}}