{"id":1075,"date":"2025-04-02T19:13:19","date_gmt":"2025-04-02T17:13:19","guid":{"rendered":"https:\/\/ellypara.com\/?post_type=product&#038;p=1075"},"modified":"2025-04-02T19:13:19","modified_gmt":"2025-04-02T17:13:19","slug":"svr-physiopure-eau-micellaire-200ml","status":"publish","type":"product","link":"https:\/\/ellypara.com\/index.php\/produit\/svr-physiopure-eau-micellaire-200ml\/","title":{"rendered":"SVR PHYSIOPURE EAU MICELLAIRE 200ML"},"content":{"rendered":"<p><strong>L\u2019eau micellaire Physiopure des laboratoires SVR<\/strong>\u00a0est un\u00a0<strong>soin d\u00e9maquillant et nettoyant<\/strong>\u00a0sp\u00e9cifiquement con\u00e7u pour les\u00a0<strong>peaux sensibles<\/strong>. En un seul geste, cette eau \u00e9limine efficacement les particules polluantes accumul\u00e9es au cours de la journ\u00e9e et le maquillage (m\u00eame waterproof ).<br \/>\nElle laisse une peau nette et oxyg\u00e9n\u00e9e.<\/p>\n<p>Formul\u00e9e pour les peaux sensibles, elle hydrate et laisse une peau \u00e9clatante et sans traces r\u00e9siduelles de maquillage. C\u2019est une eau\u00a0 pure qui laisse une sensation de fra\u00eecheur et de douceur. Elle ne pique pas, ne tiraille pas et a un fini qui n\u2019est pas collant.<\/p>\n<p>Sans alcool et sans savon, elle prend soin de votre visage et ne l\u2019agresse pas.<\/p>\n<p>Cette eau micellaire Physiopure SVR est constitu\u00e9e de magn\u00e9sium oxyg\u00e9nant et d\u2019un complexe exclusif hydratant. Le magn\u00e9sium d\u00e9toxifie la peau tout en r\u00e9-oxyg\u00e9nant les cellules. Le complexe exclusif hydratant, quant \u00e0 lui, apporte confort et souplesse.<\/p>\n<p>Ce produit est particuli\u00e8rement agr\u00e9able notamment pour les yeux fragiles et irrit\u00e9s. Il offre une tol\u00e9rance optimale et soulage les tiraillements. Son odeur est plaisante lors de l\u2019application.<\/p>\n<p>SVR est devenu un acteur incontournable de la dermo-cosm\u00e9tique. Derri\u00e8re les initiales de ce laboratoire dermatologique se cache un couple de pharmaciens passionn\u00e9 par une \u00ab\u00a0belle peau\u00a0\u00bb\u00a0: Simone et Robert V\u00e9ret. Aujourd\u2019hui repris par leurs enfants, le laboratoire continue d\u2019innover et de proposer des soins adapt\u00e9s \u00e0 chaque type de peau et plus particuli\u00e8rement aux peaux sensibles.<\/p>\n<p><em>Sans colorant \u2013 pH physiologique<\/em><\/p>\n<p>D\u00e9couvrez la\u00a0Cr\u00e8me l\u00e9g\u00e8re Hydraliane de SVR\u00a0pour hydrater et apporter du confort au quotidien.<\/p>\n<p><strong>CONSEILS D\u2019UTILISATION<\/strong><\/p>\n<p>Appliquer \u00e0 l\u2019aide d\u2019un coton et renouveler l\u2019op\u00e9ration jusqu\u2019\u00e0 ce que vous retrouviez un coton propre. Il n\u2019est pas n\u00e9cessaire de rincer.<\/p>\n<p><strong>COMPOSITION<\/strong><\/p>\n<p>Aqua (purified water), PEG-6 caprylic\/capric glycerides, PEG-7 glyceryl cocoate, pentylene glycol, propanediol, magnesium PCA, 1,2-hexanediol, citric acid, cetrimonium bromide, parfum (fragrance).<\/p>\n","protected":false},"excerpt":{"rendered":"<p><strong>SVR Physiopure Eau Micellaire Nettoyant D\u00e9maquillant Puret\u00e9 Douceur 200 ml<\/strong> est une eau micellaire au pH physiologique, formul\u00e9e pour d\u00e9maquiller et nettoyer en un seul geste les peaux sensibles.<\/p>\n","protected":false},"featured_media":1076,"comment_status":"open","ping_status":"closed","template":"","meta":{"ocean_post_layout":"","ocean_both_sidebars_style":"","ocean_both_sidebars_content_width":0,"ocean_both_sidebars_sidebars_width":0,"ocean_sidebar":"0","ocean_second_sidebar":"0","ocean_disable_margins":"enable","ocean_add_body_class":"","ocean_shortcode_before_top_bar":"","ocean_shortcode_after_top_bar":"","ocean_shortcode_before_header":"","ocean_shortcode_after_header":"","ocean_has_shortcode":"","ocean_shortcode_after_title":"","ocean_shortcode_before_footer_widgets":"","ocean_shortcode_after_footer_widgets":"","ocean_shortcode_before_footer_bottom":"","ocean_shortcode_after_footer_bottom":"","ocean_display_top_bar":"default","ocean_display_header":"default","ocean_header_style":"","ocean_center_header_left_menu":"0","ocean_custom_header_template":"0","ocean_custom_logo":0,"ocean_custom_retina_logo":0,"ocean_custom_logo_max_width":0,"ocean_custom_logo_tablet_max_width":0,"ocean_custom_logo_mobile_max_width":0,"ocean_custom_logo_max_height":0,"ocean_custom_logo_tablet_max_height":0,"ocean_custom_logo_mobile_max_height":0,"ocean_header_custom_menu":"0","ocean_menu_typo_font_family":"0","ocean_menu_typo_font_subset":"","ocean_menu_typo_font_size":0,"ocean_menu_typo_font_size_tablet":0,"ocean_menu_typo_font_size_mobile":0,"ocean_menu_typo_font_size_unit":"px","ocean_menu_typo_font_weight":"","ocean_menu_typo_font_weight_tablet":"","ocean_menu_typo_font_weight_mobile":"","ocean_menu_typo_transform":"","ocean_menu_typo_transform_tablet":"","ocean_menu_typo_transform_mobile":"","ocean_menu_typo_line_height":0,"ocean_menu_typo_line_height_tablet":0,"ocean_menu_typo_line_height_mobile":0,"ocean_menu_typo_line_height_unit":"","ocean_menu_typo_spacing":0,"ocean_menu_typo_spacing_tablet":0,"ocean_menu_typo_spacing_mobile":0,"ocean_menu_typo_spacing_unit":"","ocean_menu_link_color":"","ocean_menu_link_color_hover":"","ocean_menu_link_color_active":"","ocean_menu_link_background":"","ocean_menu_link_hover_background":"","ocean_menu_link_active_background":"","ocean_menu_social_links_bg":"","ocean_menu_social_hover_links_bg":"","ocean_menu_social_links_color":"","ocean_menu_social_hover_links_color":"","ocean_disable_title":"default","ocean_disable_heading":"default","ocean_post_title":"","ocean_post_subheading":"","ocean_post_title_style":"","ocean_post_title_background_color":"","ocean_post_title_background":0,"ocean_post_title_bg_image_position":"","ocean_post_title_bg_image_attachment":"","ocean_post_title_bg_image_repeat":"","ocean_post_title_bg_image_size":"","ocean_post_title_height":0,"ocean_post_title_bg_overlay":0.5,"ocean_post_title_bg_overlay_color":"","ocean_disable_breadcrumbs":"default","ocean_breadcrumbs_color":"","ocean_breadcrumbs_separator_color":"","ocean_breadcrumbs_links_color":"","ocean_breadcrumbs_links_hover_color":"","ocean_display_footer_widgets":"default","ocean_display_footer_bottom":"default","ocean_custom_footer_template":"0"},"product_brand":[],"product_cat":[41,21],"product_tag":[],"class_list":{"0":"post-1075","1":"product","2":"type-product","3":"status-publish","4":"has-post-thumbnail","6":"product_cat-nettoyants-visage","7":"product_cat-visage","9":"entry","10":"has-media","12":"first","13":"instock","14":"taxable","15":"shipping-taxable","16":"purchasable","17":"product-type-simple","18":"has-product-nav","19":"col","20":"span_1_of_3","21":"owp-content-center","22":"owp-thumbs-layout-horizontal","23":"owp-btn-normal","24":"owp-tabs-layout-horizontal","25":"has-no-thumbnails"},"_links":{"self":[{"href":"https:\/\/ellypara.com\/index.php\/wp-json\/wp\/v2\/product\/1075","targetHints":{"allow":["GET"]}}],"collection":[{"href":"https:\/\/ellypara.com\/index.php\/wp-json\/wp\/v2\/product"}],"about":[{"href":"https:\/\/ellypara.com\/index.php\/wp-json\/wp\/v2\/types\/product"}],"replies":[{"embeddable":true,"href":"https:\/\/ellypara.com\/index.php\/wp-json\/wp\/v2\/comments?post=1075"}],"wp:featuredmedia":[{"embeddable":true,"href":"https:\/\/ellypara.com\/index.php\/wp-json\/wp\/v2\/media\/1076"}],"wp:attachment":[{"href":"https:\/\/ellypara.com\/index.php\/wp-json\/wp\/v2\/media?parent=1075"}],"wp:term":[{"taxonomy":"product_brand","embeddable":true,"href":"https:\/\/ellypara.com\/index.php\/wp-json\/wp\/v2\/product_brand?post=1075"},{"taxonomy":"product_cat","embeddable":true,"href":"https:\/\/ellypara.com\/index.php\/wp-json\/wp\/v2\/product_cat?post=1075"},{"taxonomy":"product_tag","embeddable":true,"href":"https:\/\/ellypara.com\/index.php\/wp-json\/wp\/v2\/product_tag?post=1075"}],"curies":[{"name":"wp","href":"https:\/\/api.w.org\/{rel}","templated":true}]}}