{"id":1077,"date":"2025-04-02T19:21:16","date_gmt":"2025-04-02T17:21:16","guid":{"rendered":"https:\/\/ellypara.com\/?post_type=product&#038;p=1077"},"modified":"2025-04-02T19:21:17","modified_gmt":"2025-04-02T17:21:17","slug":"svr-physiopure-eau-micellaire-400ml","status":"publish","type":"product","link":"https:\/\/ellypara.com\/index.php\/produit\/svr-physiopure-eau-micellaire-400ml\/","title":{"rendered":"SVR PHYSIOPURE EAU MICELLAIRE 400ML"},"content":{"rendered":"<p><strong>SVR Physiopure Eau Micellaire 400ml<\/strong>\u00a0est une eau micellaire pour le visage, les yeux et les l\u00e8vres, qui est sp\u00e9cialement formul\u00e9e pour le d\u00e9maquillage des peaux sensibles.<\/p>\n<p>Cette eau micellaire est formul\u00e9e \u00e0 base de Magn\u00e9sium Oxyg\u00e9nant, et est id\u00e9ale pour d\u00e9maquiller et nettoyer le visage en un seul geste de tous les types de maquillage, m\u00eame waterproof.<\/p>\n<p>Elle \u00e9limine efficacement les impuret\u00e9s pour une peau nette et oxyg\u00e9n\u00e9e. Elle ne n\u00e9cessite aucun rin\u00e7age, une simple application \u00e0 l\u2019aide d\u2019un coton suffit.<\/p>\n<p><strong>Indications :<\/strong><\/p>\n<p>Eau nettoyante d\u00e9maquillante pour le visage les yeux et les l\u00e8vres. Pour tous les types de peau.<\/p>\n<p><strong>Conseils d\u2019utilisation :<\/strong><\/p>\n<p>Appliquer matin et\/ou soir \u00e0 l\u2019aide d\u2019un coton. Sans rin\u00e7age.<\/p>\n<p><strong>Composition :<\/strong><\/p>\n<p>Aqua (purified water), peg-6 caprylic\/capric glycerides, peg-7 glyceryl cocoate, pentylene glycol, propanediol, magnesium pca, 1,2-hexanediol, citric acid, cetrimonium bromide, parfum (fragrance).<\/p>\n<p><strong>Conditionnement :<\/strong><\/p>\n<p>1 flacon-pompe de 400ml.<\/p>\n","protected":false},"excerpt":{"rendered":"<p><strong>SVR Physiopure Eau Micellaire Eau Nettoyante D\u00e9maquillante Puret\u00e9 Douceur 400 ml<\/strong> est une eau micellaire haute tol\u00e9rance pour le visage, les yeux et les l\u00e8vres, qui est sp\u00e9cialement formul\u00e9e pour le d\u00e9maquillage des peaux sensibles.<\/p>\n","protected":false},"featured_media":1078,"comment_status":"open","ping_status":"closed","template":"","meta":{"ocean_post_layout":"","ocean_both_sidebars_style":"","ocean_both_sidebars_content_width":0,"ocean_both_sidebars_sidebars_width":0,"ocean_sidebar":"0","ocean_second_sidebar":"0","ocean_disable_margins":"enable","ocean_add_body_class":"","ocean_shortcode_before_top_bar":"","ocean_shortcode_after_top_bar":"","ocean_shortcode_before_header":"","ocean_shortcode_after_header":"","ocean_has_shortcode":"","ocean_shortcode_after_title":"","ocean_shortcode_before_footer_widgets":"","ocean_shortcode_after_footer_widgets":"","ocean_shortcode_before_footer_bottom":"","ocean_shortcode_after_footer_bottom":"","ocean_display_top_bar":"default","ocean_display_header":"default","ocean_header_style":"","ocean_center_header_left_menu":"0","ocean_custom_header_template":"0","ocean_custom_logo":0,"ocean_custom_retina_logo":0,"ocean_custom_logo_max_width":0,"ocean_custom_logo_tablet_max_width":0,"ocean_custom_logo_mobile_max_width":0,"ocean_custom_logo_max_height":0,"ocean_custom_logo_tablet_max_height":0,"ocean_custom_logo_mobile_max_height":0,"ocean_header_custom_menu":"0","ocean_menu_typo_font_family":"0","ocean_menu_typo_font_subset":"","ocean_menu_typo_font_size":0,"ocean_menu_typo_font_size_tablet":0,"ocean_menu_typo_font_size_mobile":0,"ocean_menu_typo_font_size_unit":"px","ocean_menu_typo_font_weight":"","ocean_menu_typo_font_weight_tablet":"","ocean_menu_typo_font_weight_mobile":"","ocean_menu_typo_transform":"","ocean_menu_typo_transform_tablet":"","ocean_menu_typo_transform_mobile":"","ocean_menu_typo_line_height":0,"ocean_menu_typo_line_height_tablet":0,"ocean_menu_typo_line_height_mobile":0,"ocean_menu_typo_line_height_unit":"","ocean_menu_typo_spacing":0,"ocean_menu_typo_spacing_tablet":0,"ocean_menu_typo_spacing_mobile":0,"ocean_menu_typo_spacing_unit":"","ocean_menu_link_color":"","ocean_menu_link_color_hover":"","ocean_menu_link_color_active":"","ocean_menu_link_background":"","ocean_menu_link_hover_background":"","ocean_menu_link_active_background":"","ocean_menu_social_links_bg":"","ocean_menu_social_hover_links_bg":"","ocean_menu_social_links_color":"","ocean_menu_social_hover_links_color":"","ocean_disable_title":"default","ocean_disable_heading":"default","ocean_post_title":"","ocean_post_subheading":"","ocean_post_title_style":"","ocean_post_title_background_color":"","ocean_post_title_background":0,"ocean_post_title_bg_image_position":"","ocean_post_title_bg_image_attachment":"","ocean_post_title_bg_image_repeat":"","ocean_post_title_bg_image_size":"","ocean_post_title_height":0,"ocean_post_title_bg_overlay":0.5,"ocean_post_title_bg_overlay_color":"","ocean_disable_breadcrumbs":"default","ocean_breadcrumbs_color":"","ocean_breadcrumbs_separator_color":"","ocean_breadcrumbs_links_color":"","ocean_breadcrumbs_links_hover_color":"","ocean_display_footer_widgets":"default","ocean_display_footer_bottom":"default","ocean_custom_footer_template":"0"},"product_brand":[],"product_cat":[41,21],"product_tag":[],"class_list":{"0":"post-1077","1":"product","2":"type-product","3":"status-publish","4":"has-post-thumbnail","6":"product_cat-nettoyants-visage","7":"product_cat-visage","9":"entry","10":"has-media","12":"first","13":"instock","14":"taxable","15":"shipping-taxable","16":"purchasable","17":"product-type-simple","18":"has-product-nav","19":"col","20":"span_1_of_3","21":"owp-content-center","22":"owp-thumbs-layout-horizontal","23":"owp-btn-normal","24":"owp-tabs-layout-horizontal","25":"has-no-thumbnails"},"_links":{"self":[{"href":"https:\/\/ellypara.com\/index.php\/wp-json\/wp\/v2\/product\/1077","targetHints":{"allow":["GET"]}}],"collection":[{"href":"https:\/\/ellypara.com\/index.php\/wp-json\/wp\/v2\/product"}],"about":[{"href":"https:\/\/ellypara.com\/index.php\/wp-json\/wp\/v2\/types\/product"}],"replies":[{"embeddable":true,"href":"https:\/\/ellypara.com\/index.php\/wp-json\/wp\/v2\/comments?post=1077"}],"wp:featuredmedia":[{"embeddable":true,"href":"https:\/\/ellypara.com\/index.php\/wp-json\/wp\/v2\/media\/1078"}],"wp:attachment":[{"href":"https:\/\/ellypara.com\/index.php\/wp-json\/wp\/v2\/media?parent=1077"}],"wp:term":[{"taxonomy":"product_brand","embeddable":true,"href":"https:\/\/ellypara.com\/index.php\/wp-json\/wp\/v2\/product_brand?post=1077"},{"taxonomy":"product_cat","embeddable":true,"href":"https:\/\/ellypara.com\/index.php\/wp-json\/wp\/v2\/product_cat?post=1077"},{"taxonomy":"product_tag","embeddable":true,"href":"https:\/\/ellypara.com\/index.php\/wp-json\/wp\/v2\/product_tag?post=1077"}],"curies":[{"name":"wp","href":"https:\/\/api.w.org\/{rel}","templated":true}]}}