{"id":1079,"date":"2025-04-02T19:28:20","date_gmt":"2025-04-02T17:28:20","guid":{"rendered":"https:\/\/ellypara.com\/?post_type=product&#038;p=1079"},"modified":"2025-04-02T19:28:20","modified_gmt":"2025-04-02T17:28:20","slug":"svr-physiopure-gelee-moussante-200ml","status":"publish","type":"product","link":"https:\/\/ellypara.com\/index.php\/produit\/svr-physiopure-gelee-moussante-200ml\/","title":{"rendered":"SVR PHYSIOPURE GELEE MOUSSANTE 200ML"},"content":{"rendered":"<p><strong>SVR Physiopure Gel\u00e9e Moussante\u00a0<\/strong>respecte l\u2019\u00e9piderme, car elle est\u00a0<strong>sans savon, sans alcool et sans colorant.<\/strong>\u00a0Elle minimise le risque de r\u00e9actions cutan\u00e9es et ne laisse pas de film gras et collant apr\u00e8s usage.<\/p>\n<p>Vous avez le choix entre un\u00a0tube de 55 ml, pratique pour avoir votre gel\u00e9e toujours \u00e0 vos c\u00f4t\u00e9s et un autre plus\u00a0consistant de 200 ml\u00a0pour un usage \u00e0 domicile.<\/p>\n<p><strong>SVR<\/strong>\u00a0est un laboratoire qui commercialise des soins dermo-cosm\u00e9tiques pour toute la famille.<\/p>\n<p><strong>Conditionnement au choix :<\/strong>\u00a0tube de 55 ml ou de 200 ml.<\/p>\n<p>Retrouvez \u00e9galement la\u00a0lotion tonique Physiopure de SVR, sur notre site.<\/p>\n<p><strong>CONSEILS D\u2019UTILISATION<\/strong><\/p>\n<p>Masser sur un visage humide. Rincer abondamment \u00e0 l\u2019eau claire.<\/p>\n<p><strong>COMPOSITION<\/strong><\/p>\n<p>Aqua (purified water), disodium laureth sulfosuccinate, glycerin, sodium laureth sulfate, coco-betaine, sodium methyl cocoyl taurate, sodium citrate, PEG-7 glyceryl cocoate, gluconolactone, lactic acid, parfum (fragance), sodium benzoate, cocoglucoside, glyceryl oleate, PEG-120 methylglucose dioleate, sodium hydroxide, magnesium PCA, sodium chloride, citric acid, calcium gluconate, polyquaternium-7, tocopherol, hydrogenated palm glycerides citrate.<\/p>\n","protected":false},"excerpt":{"rendered":"<p><strong>SVR Physiopure Gel\u00e9e Moussante Soin Nettoyant Puret\u00e9 200 ml<\/strong> est un soin visage \u00e0 la mousse douce et onctueuse qui nettoie la peau sans la dess\u00e9cher.<\/p>\n","protected":false},"featured_media":1080,"comment_status":"open","ping_status":"closed","template":"","meta":{"ocean_post_layout":"","ocean_both_sidebars_style":"","ocean_both_sidebars_content_width":0,"ocean_both_sidebars_sidebars_width":0,"ocean_sidebar":"0","ocean_second_sidebar":"0","ocean_disable_margins":"enable","ocean_add_body_class":"","ocean_shortcode_before_top_bar":"","ocean_shortcode_after_top_bar":"","ocean_shortcode_before_header":"","ocean_shortcode_after_header":"","ocean_has_shortcode":"","ocean_shortcode_after_title":"","ocean_shortcode_before_footer_widgets":"","ocean_shortcode_after_footer_widgets":"","ocean_shortcode_before_footer_bottom":"","ocean_shortcode_after_footer_bottom":"","ocean_display_top_bar":"default","ocean_display_header":"default","ocean_header_style":"","ocean_center_header_left_menu":"0","ocean_custom_header_template":"0","ocean_custom_logo":0,"ocean_custom_retina_logo":0,"ocean_custom_logo_max_width":0,"ocean_custom_logo_tablet_max_width":0,"ocean_custom_logo_mobile_max_width":0,"ocean_custom_logo_max_height":0,"ocean_custom_logo_tablet_max_height":0,"ocean_custom_logo_mobile_max_height":0,"ocean_header_custom_menu":"0","ocean_menu_typo_font_family":"0","ocean_menu_typo_font_subset":"","ocean_menu_typo_font_size":0,"ocean_menu_typo_font_size_tablet":0,"ocean_menu_typo_font_size_mobile":0,"ocean_menu_typo_font_size_unit":"px","ocean_menu_typo_font_weight":"","ocean_menu_typo_font_weight_tablet":"","ocean_menu_typo_font_weight_mobile":"","ocean_menu_typo_transform":"","ocean_menu_typo_transform_tablet":"","ocean_menu_typo_transform_mobile":"","ocean_menu_typo_line_height":0,"ocean_menu_typo_line_height_tablet":0,"ocean_menu_typo_line_height_mobile":0,"ocean_menu_typo_line_height_unit":"","ocean_menu_typo_spacing":0,"ocean_menu_typo_spacing_tablet":0,"ocean_menu_typo_spacing_mobile":0,"ocean_menu_typo_spacing_unit":"","ocean_menu_link_color":"","ocean_menu_link_color_hover":"","ocean_menu_link_color_active":"","ocean_menu_link_background":"","ocean_menu_link_hover_background":"","ocean_menu_link_active_background":"","ocean_menu_social_links_bg":"","ocean_menu_social_hover_links_bg":"","ocean_menu_social_links_color":"","ocean_menu_social_hover_links_color":"","ocean_disable_title":"default","ocean_disable_heading":"default","ocean_post_title":"","ocean_post_subheading":"","ocean_post_title_style":"","ocean_post_title_background_color":"","ocean_post_title_background":0,"ocean_post_title_bg_image_position":"","ocean_post_title_bg_image_attachment":"","ocean_post_title_bg_image_repeat":"","ocean_post_title_bg_image_size":"","ocean_post_title_height":0,"ocean_post_title_bg_overlay":0.5,"ocean_post_title_bg_overlay_color":"","ocean_disable_breadcrumbs":"default","ocean_breadcrumbs_color":"","ocean_breadcrumbs_separator_color":"","ocean_breadcrumbs_links_color":"","ocean_breadcrumbs_links_hover_color":"","ocean_display_footer_widgets":"default","ocean_display_footer_bottom":"default","ocean_custom_footer_template":"0"},"product_brand":[],"product_cat":[41,21],"product_tag":[],"class_list":{"0":"post-1079","1":"product","2":"type-product","3":"status-publish","4":"has-post-thumbnail","6":"product_cat-nettoyants-visage","7":"product_cat-visage","9":"entry","10":"has-media","12":"first","13":"outofstock","14":"taxable","15":"shipping-taxable","16":"purchasable","17":"product-type-simple","18":"has-product-nav","19":"col","20":"span_1_of_3","21":"owp-content-center","22":"owp-thumbs-layout-horizontal","23":"owp-btn-normal","24":"owp-tabs-layout-horizontal","25":"has-no-thumbnails"},"_links":{"self":[{"href":"https:\/\/ellypara.com\/index.php\/wp-json\/wp\/v2\/product\/1079","targetHints":{"allow":["GET"]}}],"collection":[{"href":"https:\/\/ellypara.com\/index.php\/wp-json\/wp\/v2\/product"}],"about":[{"href":"https:\/\/ellypara.com\/index.php\/wp-json\/wp\/v2\/types\/product"}],"replies":[{"embeddable":true,"href":"https:\/\/ellypara.com\/index.php\/wp-json\/wp\/v2\/comments?post=1079"}],"wp:featuredmedia":[{"embeddable":true,"href":"https:\/\/ellypara.com\/index.php\/wp-json\/wp\/v2\/media\/1080"}],"wp:attachment":[{"href":"https:\/\/ellypara.com\/index.php\/wp-json\/wp\/v2\/media?parent=1079"}],"wp:term":[{"taxonomy":"product_brand","embeddable":true,"href":"https:\/\/ellypara.com\/index.php\/wp-json\/wp\/v2\/product_brand?post=1079"},{"taxonomy":"product_cat","embeddable":true,"href":"https:\/\/ellypara.com\/index.php\/wp-json\/wp\/v2\/product_cat?post=1079"},{"taxonomy":"product_tag","embeddable":true,"href":"https:\/\/ellypara.com\/index.php\/wp-json\/wp\/v2\/product_tag?post=1079"}],"curies":[{"name":"wp","href":"https:\/\/api.w.org\/{rel}","templated":true}]}}