{"id":1081,"date":"2025-04-02T19:34:25","date_gmt":"2025-04-02T17:34:25","guid":{"rendered":"https:\/\/ellypara.com\/?post_type=product&#038;p=1081"},"modified":"2025-04-02T19:34:25","modified_gmt":"2025-04-02T17:34:25","slug":"svr-physiopure-gelee-moussante-400ml","status":"publish","type":"product","link":"https:\/\/ellypara.com\/index.php\/produit\/svr-physiopure-gelee-moussante-400ml\/","title":{"rendered":"SVR PHYSIOPURE GELEE MOUSSANTE 400ML"},"content":{"rendered":"<p><strong>La gel\u00e9e moussante Physiopure<\/strong> purifie et nettoie la peau sans la dess\u00e9cher. Sa mousse douce et onctueuse \u00e9limine les impuret\u00e9s, la pollution et toutes les traces de maquillage m\u00eame waterproof. Parfaitement nette, la peau est fraiche, oxyg\u00e9n\u00e9e et purifi\u00e9e.<\/p>\n<p>UNE FORMULE PLUS CLEAN &amp; BIODEGRADABLE<\/p>\n<p><strong>POURQUOI CHOISIR LA GEL\u00c9E MOUSSANTE PHYSIOPURE SVR ?<\/strong><\/p>\n<p>Alliant efficacit\u00e9, douceur et plaisir d\u2019utilisation, la\u00a0<strong>gel\u00e9e moussante Physiopure SVR<\/strong>\u00a0est un nettoyant visage qui permet de d\u00e9barrasser la peau des impuret\u00e9s et des particules de pollution. Elle n\u2019entra\u00eene aucun effet ass\u00e9chant et pr\u00e9serve l\u2019\u00e9quilibre de la peau gr\u00e2ce \u00e0 son pH physiologique. Ainsi, ce nettoyant visage SVR est id\u00e9al pour toutes les peaux, m\u00eame sensibles.<\/p>\n<p>La gel\u00e9e moussante SVR Physiopure affiche une base lavante sans savon, constitu\u00e9e d\u2019une association de tensioactifs doux pour la peau. De plus, la formule est enrichie en glyc\u00e9rine, un agent humectant qui limite la d\u00e9shydratation et le dess\u00e8chemen cutan\u00e9. Enfin, du magn\u00e9sium oxyg\u00e9nant est ajout\u00e9 pour favoriser l\u2019\u00e9limination des toxines, \u00e9nergiser et r\u00e9oxyg\u00e9ner les cellules.<\/p>\n<p>Dot\u00e9 d\u2019une texture gel\u00e9e, ce nettoyant SVR Physiopure se transforme en mousse douce et onctueuse au contact de la peau humidifi\u00e9e. Apr\u00e8s le rin\u00e7age, la peau est nette, oxyg\u00e9n\u00e9e et purifi\u00e9e, sans aucune sensation inconfortable.<\/p>\n<p>Caract\u00e9ristiques :<\/p>\n<p>98 % d\u2019ingr\u00e9dients d\u2019origine naturelle<br \/>\nTest\u00e9 sous contr\u00f4le dermatologique<br \/>\nFabriqu\u00e9 en France<\/p>\n<p><strong>Indications :<\/strong><\/p>\n<p>Made in France<\/p>\n<p>Conseils d\u2019utilisation :<br \/>\nAppliquer matin et\/ou soir sur visage humide. Rincer abondamment. S\u00e9cher en tapotant sans frotter. En cas de contact avec les yeux, rincer.<\/p>\n<p><strong>Composition :<\/strong><\/p>\n<p>LAB21.39\/A.24 \u2013 INGREDIENTS : AQUA\/WATER\/EAU, GLYCERIN, DISODIUM COCOYL GLUTAMATE, DECYL GLUCOSIDE, XANTHAN GUM, COCO-BETAINE, MAGNESIUM PCA, CITRIC ACID, POTASSIUM SORBATE, SODIUM BENZOATE, PARFUM (FRAGRANCE)<\/p>\n<p><strong>Conditionnement :<\/strong><\/p>\n<p>Flacon de 400ml<\/p>\n","protected":false},"excerpt":{"rendered":"<p><strong>La gel\u00e9e moussante Physiopure<\/strong> est un produit d\u00e9velopp\u00e9 par le laboratoire SVR. Ce nettoyant puret\u00e9 anti-pollution convient \u00e0 tous les types de peau, y compris aux peaux sensibles.<\/p>\n","protected":false},"featured_media":1082,"comment_status":"open","ping_status":"closed","template":"","meta":{"ocean_post_layout":"","ocean_both_sidebars_style":"","ocean_both_sidebars_content_width":0,"ocean_both_sidebars_sidebars_width":0,"ocean_sidebar":"0","ocean_second_sidebar":"0","ocean_disable_margins":"enable","ocean_add_body_class":"","ocean_shortcode_before_top_bar":"","ocean_shortcode_after_top_bar":"","ocean_shortcode_before_header":"","ocean_shortcode_after_header":"","ocean_has_shortcode":"","ocean_shortcode_after_title":"","ocean_shortcode_before_footer_widgets":"","ocean_shortcode_after_footer_widgets":"","ocean_shortcode_before_footer_bottom":"","ocean_shortcode_after_footer_bottom":"","ocean_display_top_bar":"default","ocean_display_header":"default","ocean_header_style":"","ocean_center_header_left_menu":"0","ocean_custom_header_template":"0","ocean_custom_logo":0,"ocean_custom_retina_logo":0,"ocean_custom_logo_max_width":0,"ocean_custom_logo_tablet_max_width":0,"ocean_custom_logo_mobile_max_width":0,"ocean_custom_logo_max_height":0,"ocean_custom_logo_tablet_max_height":0,"ocean_custom_logo_mobile_max_height":0,"ocean_header_custom_menu":"0","ocean_menu_typo_font_family":"0","ocean_menu_typo_font_subset":"","ocean_menu_typo_font_size":0,"ocean_menu_typo_font_size_tablet":0,"ocean_menu_typo_font_size_mobile":0,"ocean_menu_typo_font_size_unit":"px","ocean_menu_typo_font_weight":"","ocean_menu_typo_font_weight_tablet":"","ocean_menu_typo_font_weight_mobile":"","ocean_menu_typo_transform":"","ocean_menu_typo_transform_tablet":"","ocean_menu_typo_transform_mobile":"","ocean_menu_typo_line_height":0,"ocean_menu_typo_line_height_tablet":0,"ocean_menu_typo_line_height_mobile":0,"ocean_menu_typo_line_height_unit":"","ocean_menu_typo_spacing":0,"ocean_menu_typo_spacing_tablet":0,"ocean_menu_typo_spacing_mobile":0,"ocean_menu_typo_spacing_unit":"","ocean_menu_link_color":"","ocean_menu_link_color_hover":"","ocean_menu_link_color_active":"","ocean_menu_link_background":"","ocean_menu_link_hover_background":"","ocean_menu_link_active_background":"","ocean_menu_social_links_bg":"","ocean_menu_social_hover_links_bg":"","ocean_menu_social_links_color":"","ocean_menu_social_hover_links_color":"","ocean_disable_title":"default","ocean_disable_heading":"default","ocean_post_title":"","ocean_post_subheading":"","ocean_post_title_style":"","ocean_post_title_background_color":"","ocean_post_title_background":0,"ocean_post_title_bg_image_position":"","ocean_post_title_bg_image_attachment":"","ocean_post_title_bg_image_repeat":"","ocean_post_title_bg_image_size":"","ocean_post_title_height":0,"ocean_post_title_bg_overlay":0.5,"ocean_post_title_bg_overlay_color":"","ocean_disable_breadcrumbs":"default","ocean_breadcrumbs_color":"","ocean_breadcrumbs_separator_color":"","ocean_breadcrumbs_links_color":"","ocean_breadcrumbs_links_hover_color":"","ocean_display_footer_widgets":"default","ocean_display_footer_bottom":"default","ocean_custom_footer_template":"0"},"product_brand":[],"product_cat":[41,21],"product_tag":[],"class_list":{"0":"post-1081","1":"product","2":"type-product","3":"status-publish","4":"has-post-thumbnail","6":"product_cat-nettoyants-visage","7":"product_cat-visage","9":"entry","10":"has-media","12":"first","13":"outofstock","14":"taxable","15":"shipping-taxable","16":"purchasable","17":"product-type-simple","18":"has-product-nav","19":"col","20":"span_1_of_3","21":"owp-content-center","22":"owp-thumbs-layout-horizontal","23":"owp-btn-normal","24":"owp-tabs-layout-horizontal","25":"has-no-thumbnails"},"_links":{"self":[{"href":"https:\/\/ellypara.com\/index.php\/wp-json\/wp\/v2\/product\/1081","targetHints":{"allow":["GET"]}}],"collection":[{"href":"https:\/\/ellypara.com\/index.php\/wp-json\/wp\/v2\/product"}],"about":[{"href":"https:\/\/ellypara.com\/index.php\/wp-json\/wp\/v2\/types\/product"}],"replies":[{"embeddable":true,"href":"https:\/\/ellypara.com\/index.php\/wp-json\/wp\/v2\/comments?post=1081"}],"wp:featuredmedia":[{"embeddable":true,"href":"https:\/\/ellypara.com\/index.php\/wp-json\/wp\/v2\/media\/1082"}],"wp:attachment":[{"href":"https:\/\/ellypara.com\/index.php\/wp-json\/wp\/v2\/media?parent=1081"}],"wp:term":[{"taxonomy":"product_brand","embeddable":true,"href":"https:\/\/ellypara.com\/index.php\/wp-json\/wp\/v2\/product_brand?post=1081"},{"taxonomy":"product_cat","embeddable":true,"href":"https:\/\/ellypara.com\/index.php\/wp-json\/wp\/v2\/product_cat?post=1081"},{"taxonomy":"product_tag","embeddable":true,"href":"https:\/\/ellypara.com\/index.php\/wp-json\/wp\/v2\/product_tag?post=1081"}],"curies":[{"name":"wp","href":"https:\/\/api.w.org\/{rel}","templated":true}]}}