{"id":1083,"date":"2025-04-02T19:48:26","date_gmt":"2025-04-02T17:48:26","guid":{"rendered":"https:\/\/ellypara.com\/?post_type=product&#038;p=1083"},"modified":"2025-04-10T17:07:10","modified_gmt":"2025-04-10T15:07:10","slug":"svr-sebiaclear-active-gel-40ml","status":"publish","type":"product","link":"https:\/\/ellypara.com\/index.php\/produit\/svr-sebiaclear-active-gel-40ml\/","title":{"rendered":"SVR SEBIACLEAR ACTIVE GEL 40ML"},"content":{"rendered":"<p><strong>SVR Sebiaclear Active Gel Correcteur Intensif 40ml<\/strong>\u00a0est un soin sans savon qui purifie et d\u00e9sinfecte les peaux grasses et sensibles.<\/p>\n<p>Il \u00e9limine les imperfections apr\u00e9s 7 jours.<\/p>\n<p>Boutons, points noirs, pores dilat\u00e9s et marques persistantes, l\u2019acn\u00e9 est un v\u00e9ritable casse-t\u00eate. Mais ce n\u2019est pas une fatalit\u00e9 !<\/p>\n<p>SVR Sebiaclear Active Gel Correcteur Intensif 40ml\u00a0offre une formule super concentr\u00e9e en actifs dermatologiques pour des r\u00e9sultats visibles sur les imperfections d\u00e8s 7 jours. Les boutons et points noirs sont r\u00e9duits, la qualit\u00e9 de la peau est nettement am\u00e9lior\u00e9e, les brillances r\u00e9duites et les marques rouges ou brunes corrig\u00e9es.<\/p>\n<p>Sa nouvelle texture gel-cr\u00e8me ultra confortable hydrate la peau et apaise les inconforts sans laisser de film gras. Sans traces blanches, ni peluches, elle p\u00e9n\u00e8tre tr\u00e8s rapidement.<\/p>\n<p>Son plus ?<\/p>\n<p>Une formule toujours aussi redoutable avec les boutons mais plus sensorielle et d\u00e9licatement parfum\u00e9e, plus naturelle avec 90% d\u2019ingr\u00e9dients d\u2019origine naturelle et plus \u00e9co-responsable : avec son tube canule contenant 50% de plastique recycl\u00e9 et 100% recyclable.<\/p>\n<p>Test\u00e9 sur peaux sensibles \u00e0 tendance acn\u00e9ique :\u00a0 \u00a0 \u00a0 \u00a0 \u00a0 \u00a0 \u00a0 \u00a0 \u00a0 \u00a0 \u00a0 \u00a0 \u00a0 \u00a0 \u00a0 \u00a0 \u00a0 \u00a0 \u00a0 \u00a0 \u00a0 \u00a0 \u00a0 \u00a0 \u00a0 \u00a0 \u00a0 \u00a0 \u00a0 \u00a0 \u00a0 \u00a0 \u00a0 \u00a0 \u00a0 \u00a0 \u00a0 \u00a0 \u00a0 \u00a0 \u00a0 \u00a0 \u00a0 \u00a0 \u00a0 \u00a0 \u00a0 \u00a0 \u00a0 \u00a0 &#8211;\u00a0 33% des imperfections<\/p>\n<p>&#8211; Apaise la peau : 90%<\/p>\n<p>&#8211; Hydrate la peau : 87%<\/p>\n<p>*scorage clinique \u00e0 28 jours, 31 volontaires, 2 applications par jour.<\/p>\n<p>Les peaux \u00e0 tendance acn\u00e9ique font face \u00e0 un cercle vicieux multifactoriel. Le s\u00e9bum, s\u00e9cr\u00e9t\u00e9 pour prot\u00e9ger la peau, devient trop abondant et de mauvaise qualit\u00e9, la peau brille et les follicules pileux (glandes s\u00e9cr\u00e9tant le s\u00e9bum \u00e0 la racine des poils) se bouchent, les pores s\u2019obstruent, le microbiote cutan\u00e9 se d\u00e9s\u00e9quilibre et l\u2019inflammation survient. R\u00e9sultat, l\u2019apparition d\u2019imperfections, points noirs et boutons, pouvant laisser des marques rouges ou brunes persistantes.<\/p>\n<p><strong>SVR Sebiaclear Active Gel Correcteur Intensif 40ml<\/strong>\u00a0est une formule \u00e0 tr\u00e8s haute concentration en actifs de r\u00e9f\u00e9rences dermatologiques pour une efficacit\u00e9 visible d\u00e8s 7 Jours :<\/p>\n<p>\u2022 14% de gluconolactone, actif d\u2019origine naturelle, c\u2019est un polyHydoxyAcid (pHA) aussi efficace pour affiner le grain de peau que les AHA mais mieux tol\u00e9r\u00e9, il lib\u00e8re les pores obstru\u00e9s et limitent l\u2019apparition des imperfections.<\/p>\n<p>\u2022 4% de niacinamide, d\u00e9riv\u00e9e de la vitamine B3, elle apaise les irritations des peaux \u00e0 tendance acn\u00e9ique tout en \u00e9liminant les imperfections li\u00e9es \u00e0 l\u2019inflammation et pr\u00e9vient l\u2019apparition des marques hyperpigment\u00e9es.<\/p>\n<p><strong>Indications :<\/strong><\/p>\n<p>Pour les peaux sensibles \u00e0 tendance acn\u00e9ique, imperfections s\u00e9v\u00e8res.<\/p>\n<p>Test\u00e9 sur peaux sensibles \u00e0 tendance acn\u00e9ique.<\/p>\n<p>Hypoallerg\u00e9nique.<\/p>\n<p>Efficacit\u00e9 prouv\u00e9e sous contr\u00f4le dermatologique.<\/p>\n<p><strong>Conseils d\u2019utilisation :<\/strong><\/p>\n<p>Appliquer sur l\u2019ensemble du visage sur peau propre matin et soir.<\/p>\n<p><strong>Composition :<\/strong><\/p>\n<p>Aqua\/water\/eau, gluconolactone, propanediol, silica, dicaprylyl ether, niacinamide, sodium hydroxide, dicaprylyl carbonate, lauroyl lysine, ammonium acryloyldimethyltaurate\/vp copolymer, hydroxyethyl acrylate\/sodium acryloyldimethyl taurate copolymer, cetearyl alcohol, salicylic acid, parfum (fragrance), ceteareth-33, polysorbate 60, sorbitan isostearate, tocopherol.<\/p>\n<p><strong>Conditionnement :<\/strong><\/p>\n<p>1 tube de 40ml.<\/p>\n","protected":false},"excerpt":{"rendered":"<p><strong>SVR Sebiaclear Active Gel 40 ml<\/strong> est un soin intensif pour boutons, points noirs et imperfections s\u00e9v\u00e8res sp\u00e9cialement formul\u00e9 pour les peaux \u00e0 tendance acn\u00e9ique.<\/p>\n","protected":false},"featured_media":1084,"comment_status":"open","ping_status":"closed","template":"","meta":{"ocean_post_layout":"","ocean_both_sidebars_style":"","ocean_both_sidebars_content_width":0,"ocean_both_sidebars_sidebars_width":0,"ocean_sidebar":"0","ocean_second_sidebar":"0","ocean_disable_margins":"enable","ocean_add_body_class":"","ocean_shortcode_before_top_bar":"","ocean_shortcode_after_top_bar":"","ocean_shortcode_before_header":"","ocean_shortcode_after_header":"","ocean_has_shortcode":"","ocean_shortcode_after_title":"","ocean_shortcode_before_footer_widgets":"","ocean_shortcode_after_footer_widgets":"","ocean_shortcode_before_footer_bottom":"","ocean_shortcode_after_footer_bottom":"","ocean_display_top_bar":"default","ocean_display_header":"default","ocean_header_style":"","ocean_center_header_left_menu":"0","ocean_custom_header_template":"0","ocean_custom_logo":0,"ocean_custom_retina_logo":0,"ocean_custom_logo_max_width":0,"ocean_custom_logo_tablet_max_width":0,"ocean_custom_logo_mobile_max_width":0,"ocean_custom_logo_max_height":0,"ocean_custom_logo_tablet_max_height":0,"ocean_custom_logo_mobile_max_height":0,"ocean_header_custom_menu":"0","ocean_menu_typo_font_family":"0","ocean_menu_typo_font_subset":"","ocean_menu_typo_font_size":0,"ocean_menu_typo_font_size_tablet":0,"ocean_menu_typo_font_size_mobile":0,"ocean_menu_typo_font_size_unit":"px","ocean_menu_typo_font_weight":"","ocean_menu_typo_font_weight_tablet":"","ocean_menu_typo_font_weight_mobile":"","ocean_menu_typo_transform":"","ocean_menu_typo_transform_tablet":"","ocean_menu_typo_transform_mobile":"","ocean_menu_typo_line_height":0,"ocean_menu_typo_line_height_tablet":0,"ocean_menu_typo_line_height_mobile":0,"ocean_menu_typo_line_height_unit":"","ocean_menu_typo_spacing":0,"ocean_menu_typo_spacing_tablet":0,"ocean_menu_typo_spacing_mobile":0,"ocean_menu_typo_spacing_unit":"","ocean_menu_link_color":"","ocean_menu_link_color_hover":"","ocean_menu_link_color_active":"","ocean_menu_link_background":"","ocean_menu_link_hover_background":"","ocean_menu_link_active_background":"","ocean_menu_social_links_bg":"","ocean_menu_social_hover_links_bg":"","ocean_menu_social_links_color":"","ocean_menu_social_hover_links_color":"","ocean_disable_title":"default","ocean_disable_heading":"default","ocean_post_title":"","ocean_post_subheading":"","ocean_post_title_style":"","ocean_post_title_background_color":"","ocean_post_title_background":0,"ocean_post_title_bg_image_position":"","ocean_post_title_bg_image_attachment":"","ocean_post_title_bg_image_repeat":"","ocean_post_title_bg_image_size":"","ocean_post_title_height":0,"ocean_post_title_bg_overlay":0.5,"ocean_post_title_bg_overlay_color":"","ocean_disable_breadcrumbs":"default","ocean_breadcrumbs_color":"","ocean_breadcrumbs_separator_color":"","ocean_breadcrumbs_links_color":"","ocean_breadcrumbs_links_hover_color":"","ocean_display_footer_widgets":"default","ocean_display_footer_bottom":"default","ocean_custom_footer_template":"0"},"product_brand":[],"product_cat":[39,21],"product_tag":[],"class_list":{"0":"post-1083","1":"product","2":"type-product","3":"status-publish","4":"has-post-thumbnail","6":"product_cat-soins-anti-taches-et-depigmentants","7":"product_cat-visage","9":"entry","10":"has-media","12":"first","13":"outofstock","14":"taxable","15":"shipping-taxable","16":"purchasable","17":"product-type-simple","18":"has-product-nav","19":"col","20":"span_1_of_3","21":"owp-content-center","22":"owp-thumbs-layout-horizontal","23":"owp-btn-normal","24":"owp-tabs-layout-horizontal"},"_links":{"self":[{"href":"https:\/\/ellypara.com\/index.php\/wp-json\/wp\/v2\/product\/1083","targetHints":{"allow":["GET"]}}],"collection":[{"href":"https:\/\/ellypara.com\/index.php\/wp-json\/wp\/v2\/product"}],"about":[{"href":"https:\/\/ellypara.com\/index.php\/wp-json\/wp\/v2\/types\/product"}],"replies":[{"embeddable":true,"href":"https:\/\/ellypara.com\/index.php\/wp-json\/wp\/v2\/comments?post=1083"}],"wp:featuredmedia":[{"embeddable":true,"href":"https:\/\/ellypara.com\/index.php\/wp-json\/wp\/v2\/media\/1084"}],"wp:attachment":[{"href":"https:\/\/ellypara.com\/index.php\/wp-json\/wp\/v2\/media?parent=1083"}],"wp:term":[{"taxonomy":"product_brand","embeddable":true,"href":"https:\/\/ellypara.com\/index.php\/wp-json\/wp\/v2\/product_brand?post=1083"},{"taxonomy":"product_cat","embeddable":true,"href":"https:\/\/ellypara.com\/index.php\/wp-json\/wp\/v2\/product_cat?post=1083"},{"taxonomy":"product_tag","embeddable":true,"href":"https:\/\/ellypara.com\/index.php\/wp-json\/wp\/v2\/product_tag?post=1083"}],"curies":[{"name":"wp","href":"https:\/\/api.w.org\/{rel}","templated":true}]}}