{"id":1089,"date":"2025-04-02T20:05:09","date_gmt":"2025-04-02T18:05:09","guid":{"rendered":"https:\/\/ellypara.com\/?post_type=product&#038;p=1089"},"modified":"2025-04-02T20:05:09","modified_gmt":"2025-04-02T18:05:09","slug":"svr-sebiaclear-active-teinte-40ml","status":"publish","type":"product","link":"https:\/\/ellypara.com\/index.php\/produit\/svr-sebiaclear-active-teinte-40ml\/","title":{"rendered":"SVR SEBIACLEAR ACTIVE TEINTE 40ML"},"content":{"rendered":"<p><strong>SVR Sebiaclear Active Teint\u00e9 Soin Intensif Unifiant 40ml<\/strong>\u00a0agit contre l\u2019acn\u00e9 et les imperfections s\u00e9v\u00e8res. Elle hydrate, matifie la peau et \u00e9limine les boutons, les points noirs et les marques.<br \/>\nSelon un test d\u2019usage effectu\u00e9 aupr\u00e8s de 42 volontaires, l\u2019efficacit\u00e9 de ce soin est prouv\u00e9e :<\/p>\n<p>D\u00e8s 7 jours d\u2019utilisation, les imperfections sont r\u00e9duites,<br \/>\nD\u00e8s 56 jours, il est observ\u00e9 \u2013 64% de boutons et \u2013 82% de boutons noirs.<br \/>\nLa cr\u00e8me Active agit gr\u00e2ce \u00e0 une formule compos\u00e9e :<\/p>\n<p>de gluconolactone, aussi efficace que les AHA,<br \/>\nde niacinamide, un ingr\u00e9dient anti-bact\u00e9rien,<br \/>\nd\u2019un agent matifiant, qui r\u00e9gule la production excessive de s\u00e9bum.<br \/>\nElle est une excellente base de maquillage.<\/p>\n<p>&nbsp;<\/p>\n<p><strong>Indications :<\/strong><\/p>\n<p>Cr\u00e8me pour les peaux sensibles mixtes \u00e0 grasses.<\/p>\n<p><strong>Conseils d\u2019utilisation :<\/strong><\/p>\n<p>Appliquer matin et\/ou soir sur l\u2019ensemble du visage, seul ou en compl\u00e9ment des traitements dermatologiques.<\/p>\n<p><strong>Composition :<\/strong><\/p>\n<p>Aqua\/water\/eau, dimethicone, ci77891 (titanium dioxide), caprylyl methicone, niacinamide, peg-10 dimethicone, diphenyl dimethicone, propylene glycol, peg\/ppg-18\/18 dimethicone, neopentyl glycol diheptanoate, ci77492 (iron oxides), boron nitride, lauroyl lysine, cetearyl dimethicone crosspolymer, disteardimonium hectorite, propylene carbonate, saccharide isomerate, salicylic acid, citric acid, sodium hydroxide, triethoxycaprylylsilane, parfum (fragrance), ci77491 (iron oxides), ci77499 (iron oxides).<\/p>\n<p><strong>Conditionnement :<\/strong><\/p>\n<p>Tube de 40ml.<\/p>\n","protected":false},"excerpt":{"rendered":"<p><strong>SVR Sebiaclear Active Teint\u00e9 Soin Intensif Unifiant<\/strong> est un soin intensif unifiant boutons, points noirs et anti-marques. Il est particuli\u00e8rement indiqu\u00e9 pour les imperfections s\u00e9v\u00e8res. Il unifie imm\u00e9diatement le teint, corrige les imperfections et marques r\u00e9siduelles sans effet masque ni transfert.<\/p>\n","protected":false},"featured_media":1090,"comment_status":"open","ping_status":"closed","template":"","meta":{"ocean_post_layout":"","ocean_both_sidebars_style":"","ocean_both_sidebars_content_width":0,"ocean_both_sidebars_sidebars_width":0,"ocean_sidebar":"0","ocean_second_sidebar":"0","ocean_disable_margins":"enable","ocean_add_body_class":"","ocean_shortcode_before_top_bar":"","ocean_shortcode_after_top_bar":"","ocean_shortcode_before_header":"","ocean_shortcode_after_header":"","ocean_has_shortcode":"","ocean_shortcode_after_title":"","ocean_shortcode_before_footer_widgets":"","ocean_shortcode_after_footer_widgets":"","ocean_shortcode_before_footer_bottom":"","ocean_shortcode_after_footer_bottom":"","ocean_display_top_bar":"default","ocean_display_header":"default","ocean_header_style":"","ocean_center_header_left_menu":"0","ocean_custom_header_template":"0","ocean_custom_logo":0,"ocean_custom_retina_logo":0,"ocean_custom_logo_max_width":0,"ocean_custom_logo_tablet_max_width":0,"ocean_custom_logo_mobile_max_width":0,"ocean_custom_logo_max_height":0,"ocean_custom_logo_tablet_max_height":0,"ocean_custom_logo_mobile_max_height":0,"ocean_header_custom_menu":"0","ocean_menu_typo_font_family":"0","ocean_menu_typo_font_subset":"","ocean_menu_typo_font_size":0,"ocean_menu_typo_font_size_tablet":0,"ocean_menu_typo_font_size_mobile":0,"ocean_menu_typo_font_size_unit":"px","ocean_menu_typo_font_weight":"","ocean_menu_typo_font_weight_tablet":"","ocean_menu_typo_font_weight_mobile":"","ocean_menu_typo_transform":"","ocean_menu_typo_transform_tablet":"","ocean_menu_typo_transform_mobile":"","ocean_menu_typo_line_height":0,"ocean_menu_typo_line_height_tablet":0,"ocean_menu_typo_line_height_mobile":0,"ocean_menu_typo_line_height_unit":"","ocean_menu_typo_spacing":0,"ocean_menu_typo_spacing_tablet":0,"ocean_menu_typo_spacing_mobile":0,"ocean_menu_typo_spacing_unit":"","ocean_menu_link_color":"","ocean_menu_link_color_hover":"","ocean_menu_link_color_active":"","ocean_menu_link_background":"","ocean_menu_link_hover_background":"","ocean_menu_link_active_background":"","ocean_menu_social_links_bg":"","ocean_menu_social_hover_links_bg":"","ocean_menu_social_links_color":"","ocean_menu_social_hover_links_color":"","ocean_disable_title":"default","ocean_disable_heading":"default","ocean_post_title":"","ocean_post_subheading":"","ocean_post_title_style":"","ocean_post_title_background_color":"","ocean_post_title_background":0,"ocean_post_title_bg_image_position":"","ocean_post_title_bg_image_attachment":"","ocean_post_title_bg_image_repeat":"","ocean_post_title_bg_image_size":"","ocean_post_title_height":0,"ocean_post_title_bg_overlay":0.5,"ocean_post_title_bg_overlay_color":"","ocean_disable_breadcrumbs":"default","ocean_breadcrumbs_color":"","ocean_breadcrumbs_separator_color":"","ocean_breadcrumbs_links_color":"","ocean_breadcrumbs_links_hover_color":"","ocean_display_footer_widgets":"default","ocean_display_footer_bottom":"default","ocean_custom_footer_template":"0"},"product_brand":[],"product_cat":[37,39,35,21],"product_tag":[],"class_list":{"0":"post-1089","1":"product","2":"type-product","3":"status-publish","4":"has-post-thumbnail","6":"product_cat-soins-peau-grasse","7":"product_cat-soins-anti-taches-et-depigmentants","8":"product_cat-soins-hydratants-et-nourrissants","9":"product_cat-visage","11":"entry","12":"has-media","14":"first","15":"instock","16":"taxable","17":"shipping-taxable","18":"purchasable","19":"product-type-simple","20":"has-product-nav","21":"col","22":"span_1_of_3","23":"owp-content-center","24":"owp-thumbs-layout-horizontal","25":"owp-btn-normal","26":"owp-tabs-layout-horizontal"},"_links":{"self":[{"href":"https:\/\/ellypara.com\/index.php\/wp-json\/wp\/v2\/product\/1089","targetHints":{"allow":["GET"]}}],"collection":[{"href":"https:\/\/ellypara.com\/index.php\/wp-json\/wp\/v2\/product"}],"about":[{"href":"https:\/\/ellypara.com\/index.php\/wp-json\/wp\/v2\/types\/product"}],"replies":[{"embeddable":true,"href":"https:\/\/ellypara.com\/index.php\/wp-json\/wp\/v2\/comments?post=1089"}],"wp:featuredmedia":[{"embeddable":true,"href":"https:\/\/ellypara.com\/index.php\/wp-json\/wp\/v2\/media\/1090"}],"wp:attachment":[{"href":"https:\/\/ellypara.com\/index.php\/wp-json\/wp\/v2\/media?parent=1089"}],"wp:term":[{"taxonomy":"product_brand","embeddable":true,"href":"https:\/\/ellypara.com\/index.php\/wp-json\/wp\/v2\/product_brand?post=1089"},{"taxonomy":"product_cat","embeddable":true,"href":"https:\/\/ellypara.com\/index.php\/wp-json\/wp\/v2\/product_cat?post=1089"},{"taxonomy":"product_tag","embeddable":true,"href":"https:\/\/ellypara.com\/index.php\/wp-json\/wp\/v2\/product_tag?post=1089"}],"curies":[{"name":"wp","href":"https:\/\/api.w.org\/{rel}","templated":true}]}}