{"id":1093,"date":"2025-04-02T20:11:03","date_gmt":"2025-04-02T18:11:03","guid":{"rendered":"https:\/\/ellypara.com\/?post_type=product&#038;p=1093"},"modified":"2025-04-02T20:11:03","modified_gmt":"2025-04-02T18:11:03","slug":"svr-sebiaclear-cicapeel-15ml","status":"publish","type":"product","link":"https:\/\/ellypara.com\/index.php\/produit\/svr-sebiaclear-cicapeel-15ml\/","title":{"rendered":"SVR SEBIACLEAR CICAPEEL 15ML"},"content":{"rendered":"<p><strong>Sebiaclear Cicapeel<\/strong> est le geste SOS des peaux \u00e0 imperfections. Ce gel actif ass\u00e8che et \u00e9limine boutons et points noirs tout en pr\u00e9venant la formation de marques.<\/p>\n<p>Pour les peaux sensibles \u00e0 tendance acn\u00e9ique, visage.<br \/>\nSebiaclear Cicapeel, est le geste SOS stop-boutons 24h(1). Ce gel actif cibl\u00e9 ass\u00e8che et aide \u00e0 \u00e9liminer boutons et points noirs en un temps record tout en pr\u00e9venant la formation de marques. Sa texture gel invisible oil-free vous accompagnera tout au long de la journ\u00e9e.<\/p>\n<p>EFFICACIT\u00c9 PROUV\u00c9E CLINIQUEMENT<\/p>\n<p>Hypoallerg\u00e9nique \u2013 Non com\u00e9dog\u00e8ne.<\/p>\n<p>(1)Cotations cliniques, 22 volontaires<\/p>\n<p><strong>B\u00e9n\u00e9fice produit<\/strong><\/p>\n<p>Gel actif cibl\u00e9 stop-boutons 24h anti-marques<\/p>\n<p><strong>CONSEIL D\u2019UTILISATION<\/strong><\/p>\n<p>Appliquer le soin localement 2 ou plusieurs fois par jour.<\/p>\n<p>\u00c9viter le contour des yeux.<\/p>\n<p><strong>Indication :<\/strong>\u00a0Soin local des imperfections.<\/p>\n<p><strong>COMPOSITION<\/strong><\/p>\n<p>Aqua (Purified Water), Gluconolactone, Alcohol Denat., Glycerin, Sodium Hydroxide, Hydroxyethylcellulose, Salicylic Acid, Sarcosine, Butylene Glycol, Peg-60 Hydrogenated Castor Oil, Peg-8 Dimethicone, Penthylene Glycol, Xanthan Gum, Parfum (Fragrance).<\/p>\n","protected":false},"excerpt":{"rendered":"<p><strong>SEBIACLEAR Cicapeel 15ml |<\/strong> Le gel SOS pour les peaux \u00e0 imperfections, s\u00e8che et \u00e9limine boutons et points noirs tout en pr\u00e9venant les marques r\u00e9siduelles.<\/p>\n","protected":false},"featured_media":1094,"comment_status":"open","ping_status":"closed","template":"","meta":{"ocean_post_layout":"","ocean_both_sidebars_style":"","ocean_both_sidebars_content_width":0,"ocean_both_sidebars_sidebars_width":0,"ocean_sidebar":"0","ocean_second_sidebar":"0","ocean_disable_margins":"enable","ocean_add_body_class":"","ocean_shortcode_before_top_bar":"","ocean_shortcode_after_top_bar":"","ocean_shortcode_before_header":"","ocean_shortcode_after_header":"","ocean_has_shortcode":"","ocean_shortcode_after_title":"","ocean_shortcode_before_footer_widgets":"","ocean_shortcode_after_footer_widgets":"","ocean_shortcode_before_footer_bottom":"","ocean_shortcode_after_footer_bottom":"","ocean_display_top_bar":"default","ocean_display_header":"default","ocean_header_style":"","ocean_center_header_left_menu":"0","ocean_custom_header_template":"0","ocean_custom_logo":0,"ocean_custom_retina_logo":0,"ocean_custom_logo_max_width":0,"ocean_custom_logo_tablet_max_width":0,"ocean_custom_logo_mobile_max_width":0,"ocean_custom_logo_max_height":0,"ocean_custom_logo_tablet_max_height":0,"ocean_custom_logo_mobile_max_height":0,"ocean_header_custom_menu":"0","ocean_menu_typo_font_family":"0","ocean_menu_typo_font_subset":"","ocean_menu_typo_font_size":0,"ocean_menu_typo_font_size_tablet":0,"ocean_menu_typo_font_size_mobile":0,"ocean_menu_typo_font_size_unit":"px","ocean_menu_typo_font_weight":"","ocean_menu_typo_font_weight_tablet":"","ocean_menu_typo_font_weight_mobile":"","ocean_menu_typo_transform":"","ocean_menu_typo_transform_tablet":"","ocean_menu_typo_transform_mobile":"","ocean_menu_typo_line_height":0,"ocean_menu_typo_line_height_tablet":0,"ocean_menu_typo_line_height_mobile":0,"ocean_menu_typo_line_height_unit":"","ocean_menu_typo_spacing":0,"ocean_menu_typo_spacing_tablet":0,"ocean_menu_typo_spacing_mobile":0,"ocean_menu_typo_spacing_unit":"","ocean_menu_link_color":"","ocean_menu_link_color_hover":"","ocean_menu_link_color_active":"","ocean_menu_link_background":"","ocean_menu_link_hover_background":"","ocean_menu_link_active_background":"","ocean_menu_social_links_bg":"","ocean_menu_social_hover_links_bg":"","ocean_menu_social_links_color":"","ocean_menu_social_hover_links_color":"","ocean_disable_title":"default","ocean_disable_heading":"default","ocean_post_title":"","ocean_post_subheading":"","ocean_post_title_style":"","ocean_post_title_background_color":"","ocean_post_title_background":0,"ocean_post_title_bg_image_position":"","ocean_post_title_bg_image_attachment":"","ocean_post_title_bg_image_repeat":"","ocean_post_title_bg_image_size":"","ocean_post_title_height":0,"ocean_post_title_bg_overlay":0.5,"ocean_post_title_bg_overlay_color":"","ocean_disable_breadcrumbs":"default","ocean_breadcrumbs_color":"","ocean_breadcrumbs_separator_color":"","ocean_breadcrumbs_links_color":"","ocean_breadcrumbs_links_hover_color":"","ocean_display_footer_widgets":"default","ocean_display_footer_bottom":"default","ocean_custom_footer_template":"0"},"product_brand":[],"product_cat":[37,39,21],"product_tag":[],"class_list":{"0":"post-1093","1":"product","2":"type-product","3":"status-publish","4":"has-post-thumbnail","6":"product_cat-soins-peau-grasse","7":"product_cat-soins-anti-taches-et-depigmentants","8":"product_cat-visage","10":"entry","11":"has-media","13":"first","14":"instock","15":"taxable","16":"shipping-taxable","17":"purchasable","18":"product-type-simple","19":"has-product-nav","20":"col","21":"span_1_of_3","22":"owp-content-center","23":"owp-thumbs-layout-horizontal","24":"owp-btn-normal","25":"owp-tabs-layout-horizontal"},"_links":{"self":[{"href":"https:\/\/ellypara.com\/index.php\/wp-json\/wp\/v2\/product\/1093","targetHints":{"allow":["GET"]}}],"collection":[{"href":"https:\/\/ellypara.com\/index.php\/wp-json\/wp\/v2\/product"}],"about":[{"href":"https:\/\/ellypara.com\/index.php\/wp-json\/wp\/v2\/types\/product"}],"replies":[{"embeddable":true,"href":"https:\/\/ellypara.com\/index.php\/wp-json\/wp\/v2\/comments?post=1093"}],"wp:featuredmedia":[{"embeddable":true,"href":"https:\/\/ellypara.com\/index.php\/wp-json\/wp\/v2\/media\/1094"}],"wp:attachment":[{"href":"https:\/\/ellypara.com\/index.php\/wp-json\/wp\/v2\/media?parent=1093"}],"wp:term":[{"taxonomy":"product_brand","embeddable":true,"href":"https:\/\/ellypara.com\/index.php\/wp-json\/wp\/v2\/product_brand?post=1093"},{"taxonomy":"product_cat","embeddable":true,"href":"https:\/\/ellypara.com\/index.php\/wp-json\/wp\/v2\/product_cat?post=1093"},{"taxonomy":"product_tag","embeddable":true,"href":"https:\/\/ellypara.com\/index.php\/wp-json\/wp\/v2\/product_tag?post=1093"}],"curies":[{"name":"wp","href":"https:\/\/api.w.org\/{rel}","templated":true}]}}