{"id":1100,"date":"2025-04-02T22:55:29","date_gmt":"2025-04-02T20:55:29","guid":{"rendered":"https:\/\/ellypara.com\/?post_type=product&#038;p=1100"},"modified":"2025-04-02T22:55:29","modified_gmt":"2025-04-02T20:55:29","slug":"svr-sebiaclear-cr-lavante-200ml","status":"publish","type":"product","link":"https:\/\/ellypara.com\/index.php\/produit\/svr-sebiaclear-cr-lavante-200ml\/","title":{"rendered":"SVR SEBIACLEAR CR LAVANTE 200ML"},"content":{"rendered":"<p><strong>SVR Sebiaclear cr\u00e8me lavante<\/strong>\u00a0est con\u00e7ue pour les peaux grasses qui sont\u00a0<strong>d\u00e9shydrat\u00e9es ou fragilis\u00e9es par des traitements<\/strong>. En effet, certains traitements anti-acn\u00e9 sont susceptibles de dess\u00e9cher la peau. Cela peut g\u00e9n\u00e9rer de d\u00e9sagr\u00e9ables sensations de tiraillement. La peau se met \u00e0 peler et elle est marqu\u00e9e par des rougeurs. Il lui faut des soins adapt\u00e9s.<\/p>\n<p>Cette\u00a0cr\u00e8me lavante\u00a0SVR Sebiaclear permet justement de nettoyer d\u00e9licatement la peau dess\u00e9ch\u00e9e gr\u00e2ce \u00e0 ses\u00a0<strong>tensioactifs doux<\/strong>\u00a0et non agressifs. La peau sera \u00e9galement purifi\u00e9e par le\u00a0<strong>gluconate de zinc<\/strong>, un actif aux pouvoirs anti-microbiens. Cette cr\u00e8me int\u00e8gre aussi de la\u00a0<strong>niacinamide<\/strong>, une forme de la vitamine B3, qui poss\u00e8de des propri\u00e9t\u00e9s apaisantes et qui va \u00e9galement permettre de r\u00e9duire les marques rouges. Enfin, elle contient de la\u00a0<strong>glyc\u00e9rine<\/strong>, un actif aux capacit\u00e9s hydratantes, qui va ainsi laisser la peau souple, douce et mieux d\u00e9fendue.<\/p>\n<p>SVR Sebiaclear cr\u00e8me lavante permet ainsi de laisser la peau propre, sans impuret\u00e9s, mais aussi de la r\u00e9hydrater, de la purifi\u00e9e et de la soulager. Pour mieux respecter la peau, elle poss\u00e8de un pH physiologique.<\/p>\n<p>Cette cr\u00e8me peut \u00eatre utilis\u00e9e aussi bien pour le visage que pour le corps.<\/p>\n<p>SVR Sebiaclear cr\u00e8me lavante est formul\u00e9e sans parfum.<\/p>\n<p>Fabriqu\u00e9 en France.<\/p>\n<p><strong>Conditionnement :<\/strong>\u00a0tube de 200 ml.<\/p>\n<p>Dans la m\u00eame gamme, d\u00e9couvrez l\u2019ampoule flash Sebiaclear AZ.<\/p>\n<p><strong>CONSEILS D\u2019UTILISATION<\/strong><\/p>\n<p>Masser doucement.<br \/>\nRincer.<\/p>\n<p><strong>COMPOSITION<\/strong><\/p>\n<p>LAB21.40\/D12 \u2013 Ingr\u00e9dients : aqua\/water\/eau, glycerin, cetearyl alcohol, polysorbate 20, niacinamide, behenyl alcohol, cetyl alcohol, xanthan gum, zinc gluconate, decyl glucoside, disodium cocoyl glutamate, glyceryl stearate SE, acrylates\/C10-30 alkyl acrylate crosspolymer, glyceryl stearate citrate, sodium hydroxide, sodium phytate, potassium sorbate, sodium benzoate.<\/p>\n","protected":false},"excerpt":{"rendered":"<p><strong>SVR Sebiaclear cr\u00e8me lavante<\/strong> est con\u00e7ue pour les peaux grasses qui sont d\u00e9shydrat\u00e9es ou fragilis\u00e9es par des traitements.<\/p>\n","protected":false},"featured_media":1101,"comment_status":"open","ping_status":"closed","template":"","meta":{"ocean_post_layout":"","ocean_both_sidebars_style":"","ocean_both_sidebars_content_width":0,"ocean_both_sidebars_sidebars_width":0,"ocean_sidebar":"0","ocean_second_sidebar":"0","ocean_disable_margins":"enable","ocean_add_body_class":"","ocean_shortcode_before_top_bar":"","ocean_shortcode_after_top_bar":"","ocean_shortcode_before_header":"","ocean_shortcode_after_header":"","ocean_has_shortcode":"","ocean_shortcode_after_title":"","ocean_shortcode_before_footer_widgets":"","ocean_shortcode_after_footer_widgets":"","ocean_shortcode_before_footer_bottom":"","ocean_shortcode_after_footer_bottom":"","ocean_display_top_bar":"default","ocean_display_header":"default","ocean_header_style":"","ocean_center_header_left_menu":"0","ocean_custom_header_template":"0","ocean_custom_logo":0,"ocean_custom_retina_logo":0,"ocean_custom_logo_max_width":0,"ocean_custom_logo_tablet_max_width":0,"ocean_custom_logo_mobile_max_width":0,"ocean_custom_logo_max_height":0,"ocean_custom_logo_tablet_max_height":0,"ocean_custom_logo_mobile_max_height":0,"ocean_header_custom_menu":"0","ocean_menu_typo_font_family":"0","ocean_menu_typo_font_subset":"","ocean_menu_typo_font_size":0,"ocean_menu_typo_font_size_tablet":0,"ocean_menu_typo_font_size_mobile":0,"ocean_menu_typo_font_size_unit":"px","ocean_menu_typo_font_weight":"","ocean_menu_typo_font_weight_tablet":"","ocean_menu_typo_font_weight_mobile":"","ocean_menu_typo_transform":"","ocean_menu_typo_transform_tablet":"","ocean_menu_typo_transform_mobile":"","ocean_menu_typo_line_height":0,"ocean_menu_typo_line_height_tablet":0,"ocean_menu_typo_line_height_mobile":0,"ocean_menu_typo_line_height_unit":"","ocean_menu_typo_spacing":0,"ocean_menu_typo_spacing_tablet":0,"ocean_menu_typo_spacing_mobile":0,"ocean_menu_typo_spacing_unit":"","ocean_menu_link_color":"","ocean_menu_link_color_hover":"","ocean_menu_link_color_active":"","ocean_menu_link_background":"","ocean_menu_link_hover_background":"","ocean_menu_link_active_background":"","ocean_menu_social_links_bg":"","ocean_menu_social_hover_links_bg":"","ocean_menu_social_links_color":"","ocean_menu_social_hover_links_color":"","ocean_disable_title":"default","ocean_disable_heading":"default","ocean_post_title":"","ocean_post_subheading":"","ocean_post_title_style":"","ocean_post_title_background_color":"","ocean_post_title_background":0,"ocean_post_title_bg_image_position":"","ocean_post_title_bg_image_attachment":"","ocean_post_title_bg_image_repeat":"","ocean_post_title_bg_image_size":"","ocean_post_title_height":0,"ocean_post_title_bg_overlay":0.5,"ocean_post_title_bg_overlay_color":"","ocean_disable_breadcrumbs":"default","ocean_breadcrumbs_color":"","ocean_breadcrumbs_separator_color":"","ocean_breadcrumbs_links_color":"","ocean_breadcrumbs_links_hover_color":"","ocean_display_footer_widgets":"default","ocean_display_footer_bottom":"default","ocean_custom_footer_template":"0"},"product_brand":[],"product_cat":[41,21],"product_tag":[],"class_list":{"0":"post-1100","1":"product","2":"type-product","3":"status-publish","4":"has-post-thumbnail","6":"product_cat-nettoyants-visage","7":"product_cat-visage","9":"entry","10":"has-media","12":"first","13":"instock","14":"taxable","15":"shipping-taxable","16":"purchasable","17":"product-type-simple","18":"has-product-nav","19":"col","20":"span_1_of_3","21":"owp-content-center","22":"owp-thumbs-layout-horizontal","23":"owp-btn-normal","24":"owp-tabs-layout-horizontal","25":"has-no-thumbnails"},"_links":{"self":[{"href":"https:\/\/ellypara.com\/index.php\/wp-json\/wp\/v2\/product\/1100","targetHints":{"allow":["GET"]}}],"collection":[{"href":"https:\/\/ellypara.com\/index.php\/wp-json\/wp\/v2\/product"}],"about":[{"href":"https:\/\/ellypara.com\/index.php\/wp-json\/wp\/v2\/types\/product"}],"replies":[{"embeddable":true,"href":"https:\/\/ellypara.com\/index.php\/wp-json\/wp\/v2\/comments?post=1100"}],"wp:featuredmedia":[{"embeddable":true,"href":"https:\/\/ellypara.com\/index.php\/wp-json\/wp\/v2\/media\/1101"}],"wp:attachment":[{"href":"https:\/\/ellypara.com\/index.php\/wp-json\/wp\/v2\/media?parent=1100"}],"wp:term":[{"taxonomy":"product_brand","embeddable":true,"href":"https:\/\/ellypara.com\/index.php\/wp-json\/wp\/v2\/product_brand?post=1100"},{"taxonomy":"product_cat","embeddable":true,"href":"https:\/\/ellypara.com\/index.php\/wp-json\/wp\/v2\/product_cat?post=1100"},{"taxonomy":"product_tag","embeddable":true,"href":"https:\/\/ellypara.com\/index.php\/wp-json\/wp\/v2\/product_tag?post=1100"}],"curies":[{"name":"wp","href":"https:\/\/api.w.org\/{rel}","templated":true}]}}