{"id":1102,"date":"2025-04-02T23:04:52","date_gmt":"2025-04-02T21:04:52","guid":{"rendered":"https:\/\/ellypara.com\/?post_type=product&#038;p=1102"},"modified":"2025-04-02T23:18:06","modified_gmt":"2025-04-02T21:18:06","slug":"avene-intense-protect-fluide-solaire-spf-50-150ml","status":"publish","type":"product","link":"https:\/\/ellypara.com\/index.php\/produit\/avene-intense-protect-fluide-solaire-spf-50-150ml\/","title":{"rendered":"AVENE Intense Protect Fluide Solaire SPF 50+ 150ml"},"content":{"rendered":"<p><strong>Av\u00e8ne Intense Protect Fluide Ultra-R\u00e9sistant \u00e0 l\u2019Eau SPF50+ 150 ml<\/strong> est une tr\u00e8s haute protection solaire r\u00e9sistante \u00e0 l\u2019eau.<\/p>\n<p>Elle est formul\u00e9e pour convenir au visage comme au corps des peaux sensibles des b\u00e9b\u00e9s, enfants et adultes et aux conditions les plus intenses (haute altitude, tropiques, taux d\u2019humidit\u00e9 \u00e9lev\u00e9, etc \u2026).<br \/>\nSa texture fluide p\u00e9n\u00e8tre rapidement et ne pique pas les yeux.<\/p>\n<p>Formul\u00e9 pour limiter l\u2019impact sur le milieu marin.<br \/>\nSans parfum.<br \/>\n\u00c9labor\u00e9 pour minimiser les risques de r\u00e9actions allergiques. Non com\u00e9dog\u00e8ne.<\/p>\n<p>Fabriqu\u00e9 en France.<\/p>\n<p><strong>Conseils d\u2019utilisation<\/strong><\/p>\n<p>Avant toute exposition au soleil, appliquez g\u00e9n\u00e9reusement (par exemple, 2 doigts de produit sur l\u2019avant bras, r\u00e9duire cette quantit\u00e9 diminue le niveau de protection).<br \/>\nRenouvelez fr\u00e9quemment pour maintenir la protection, surtout apr\u00e8s avoir transpir\u00e9, nag\u00e9 ou vous \u00eatre essuy\u00e9.<\/p>\n<p>Ne restez pas trop longtemps au soleil, m\u00eame si vous utilisez un produit solaire.L\u2019abus de soleil est dangereux.\u00c9vitez l\u2019exposition au soleil entre 11h et 16h.<br \/>\nN\u2019exposez pas les b\u00e9b\u00e9s et les jeunes enfants directement au soleil.<br \/>\nUtilisez une protection vestimentaire (chapeau \u00e0 large bord, lunettes, T-shirt,\u2026).<br \/>\n\u00c9vitez le contact avec les textiles, avec les yeux.<br \/>\nEn cas de contact avec les yeux, rincez abondamment \u00e0 l\u2019eau claire.<\/p>\n<p><strong>Indication :<\/strong>\u00a0Tr\u00e8s haute protection solaire visage et corps. B\u00e9b\u00e9s, enfants, adultes.<\/p>\n<p><strong>Composition<\/strong><\/p>\n<p>Avene Thermal Spring Water (Avene Aqua), C12-15 Alkyl Benzoate, Caprylic\/Capric Triglyceride, Dicaprylyl Carbonate, Diethilamino Hydroxybenzoyl Hexyl Benzoate, Glycerin, Ethylhexyl Triazone, Phenylene Bis-Diphenyltriazine, Water (Aqua), Bis-Ethylhexyloxyphenol Methoxyphenyl Triazine, Potassium Cetyl Phosphate, Stearyl Alcohol, VP\/Eicosene Copolymer, Benzoic Acid, Caprylyl Glycol, Glyceryl behenate, Glyceryl Dibehenate, Glyceryl Stearate, PEG-100 Stearate, Polyacrylate-13, Polyisobutene, Polysorbate 20, PPG-1-PEG-9 Lauryl Glycol Ether, Red33 (CI 17200), Sorbitan isostearate, Tocopherol, Tocopheryl Glucoside, Tribehenin, Xanthan Gum.<\/p>\n","protected":false},"excerpt":{"rendered":"<p><strong>Le soin solaire Intense Protect Fluide 50+ d\u2019Av\u00e8ne<\/strong> contient une photoprotection \u00e9tendue au-del\u00e0 des UVB\/UVA, soit la lumi\u00e8re bleue, haute \u00e9nergie visible.<\/p>\n","protected":false},"featured_media":1103,"comment_status":"open","ping_status":"closed","template":"","meta":{"ocean_post_layout":"","ocean_both_sidebars_style":"","ocean_both_sidebars_content_width":0,"ocean_both_sidebars_sidebars_width":0,"ocean_sidebar":"0","ocean_second_sidebar":"0","ocean_disable_margins":"enable","ocean_add_body_class":"","ocean_shortcode_before_top_bar":"","ocean_shortcode_after_top_bar":"","ocean_shortcode_before_header":"","ocean_shortcode_after_header":"","ocean_has_shortcode":"","ocean_shortcode_after_title":"","ocean_shortcode_before_footer_widgets":"","ocean_shortcode_after_footer_widgets":"","ocean_shortcode_before_footer_bottom":"","ocean_shortcode_after_footer_bottom":"","ocean_display_top_bar":"default","ocean_display_header":"default","ocean_header_style":"","ocean_center_header_left_menu":"0","ocean_custom_header_template":"0","ocean_custom_logo":0,"ocean_custom_retina_logo":0,"ocean_custom_logo_max_width":0,"ocean_custom_logo_tablet_max_width":0,"ocean_custom_logo_mobile_max_width":0,"ocean_custom_logo_max_height":0,"ocean_custom_logo_tablet_max_height":0,"ocean_custom_logo_mobile_max_height":0,"ocean_header_custom_menu":"0","ocean_menu_typo_font_family":"0","ocean_menu_typo_font_subset":"","ocean_menu_typo_font_size":0,"ocean_menu_typo_font_size_tablet":0,"ocean_menu_typo_font_size_mobile":0,"ocean_menu_typo_font_size_unit":"px","ocean_menu_typo_font_weight":"","ocean_menu_typo_font_weight_tablet":"","ocean_menu_typo_font_weight_mobile":"","ocean_menu_typo_transform":"","ocean_menu_typo_transform_tablet":"","ocean_menu_typo_transform_mobile":"","ocean_menu_typo_line_height":0,"ocean_menu_typo_line_height_tablet":0,"ocean_menu_typo_line_height_mobile":0,"ocean_menu_typo_line_height_unit":"","ocean_menu_typo_spacing":0,"ocean_menu_typo_spacing_tablet":0,"ocean_menu_typo_spacing_mobile":0,"ocean_menu_typo_spacing_unit":"","ocean_menu_link_color":"","ocean_menu_link_color_hover":"","ocean_menu_link_color_active":"","ocean_menu_link_background":"","ocean_menu_link_hover_background":"","ocean_menu_link_active_background":"","ocean_menu_social_links_bg":"","ocean_menu_social_hover_links_bg":"","ocean_menu_social_links_color":"","ocean_menu_social_hover_links_color":"","ocean_disable_title":"default","ocean_disable_heading":"default","ocean_post_title":"","ocean_post_subheading":"","ocean_post_title_style":"","ocean_post_title_background_color":"","ocean_post_title_background":0,"ocean_post_title_bg_image_position":"","ocean_post_title_bg_image_attachment":"","ocean_post_title_bg_image_repeat":"","ocean_post_title_bg_image_size":"","ocean_post_title_height":0,"ocean_post_title_bg_overlay":0.5,"ocean_post_title_bg_overlay_color":"","ocean_disable_breadcrumbs":"default","ocean_breadcrumbs_color":"","ocean_breadcrumbs_separator_color":"","ocean_breadcrumbs_links_color":"","ocean_breadcrumbs_links_hover_color":"","ocean_display_footer_widgets":"default","ocean_display_footer_bottom":"default","ocean_custom_footer_template":"0"},"product_brand":[],"product_cat":[72,20,79],"product_tag":[],"class_list":{"0":"post-1102","1":"product","2":"type-product","3":"status-publish","4":"has-post-thumbnail","6":"product_cat-protection-solaire-solaire","7":"product_cat-solaire","8":"product_cat-tout-type-de-peaux","10":"entry","11":"has-media","13":"first","14":"instock","15":"taxable","16":"shipping-taxable","17":"purchasable","18":"product-type-simple","19":"has-product-nav","20":"col","21":"span_1_of_3","22":"owp-content-center","23":"owp-thumbs-layout-horizontal","24":"owp-btn-normal","25":"owp-tabs-layout-horizontal"},"_links":{"self":[{"href":"https:\/\/ellypara.com\/index.php\/wp-json\/wp\/v2\/product\/1102","targetHints":{"allow":["GET"]}}],"collection":[{"href":"https:\/\/ellypara.com\/index.php\/wp-json\/wp\/v2\/product"}],"about":[{"href":"https:\/\/ellypara.com\/index.php\/wp-json\/wp\/v2\/types\/product"}],"replies":[{"embeddable":true,"href":"https:\/\/ellypara.com\/index.php\/wp-json\/wp\/v2\/comments?post=1102"}],"wp:featuredmedia":[{"embeddable":true,"href":"https:\/\/ellypara.com\/index.php\/wp-json\/wp\/v2\/media\/1103"}],"wp:attachment":[{"href":"https:\/\/ellypara.com\/index.php\/wp-json\/wp\/v2\/media?parent=1102"}],"wp:term":[{"taxonomy":"product_brand","embeddable":true,"href":"https:\/\/ellypara.com\/index.php\/wp-json\/wp\/v2\/product_brand?post=1102"},{"taxonomy":"product_cat","embeddable":true,"href":"https:\/\/ellypara.com\/index.php\/wp-json\/wp\/v2\/product_cat?post=1102"},{"taxonomy":"product_tag","embeddable":true,"href":"https:\/\/ellypara.com\/index.php\/wp-json\/wp\/v2\/product_tag?post=1102"}],"curies":[{"name":"wp","href":"https:\/\/api.w.org\/{rel}","templated":true}]}}