{"id":1106,"date":"2025-04-02T23:16:54","date_gmt":"2025-04-02T21:16:54","guid":{"rendered":"https:\/\/ellypara.com\/?post_type=product&#038;p=1106"},"modified":"2025-04-02T23:16:54","modified_gmt":"2025-04-02T21:16:54","slug":"isdin-fotoprotector-gel-cream-pediatrics-spf-50-250ml","status":"publish","type":"product","link":"https:\/\/ellypara.com\/index.php\/produit\/isdin-fotoprotector-gel-cream-pediatrics-spf-50-250ml\/","title":{"rendered":"ISDIN Fotoprotector Gel Cream Pediatrics SPF 50 250ml"},"content":{"rendered":"<p><strong>ISDIN Fotoprotector Pediatrics Gel Cream SPF50 250ml\u00a0<\/strong>est une\u00a0<strong>cr\u00e8me solaire pour le corps destin\u00e9e aux enfants\u00a0<\/strong>, de texture gel-cr\u00e8me\u00a0<strong>, qui aide \u00e0 hydrater la peau et \u00e0 la prot\u00e9ger des dommages caus\u00e9s par le soleil<\/strong>.<\/p>\n<p>&nbsp;<\/p>\n<p>Compos\u00e9e<strong>\u00a0d\u2019\u00e9crans solaires UVB et UVA \u00e0 haute protection, de dexpanth\u00e9nol et de vitamine E<\/strong>, elle aide \u00e0 hydrater la peau. Sa texture gel-cr\u00e8me \u00e0 absorption rapide laisse un fini frais et soyeux.<\/p>\n<p>&nbsp;<\/p>\n<p>Convient \u00e0 tous les types de peau, y compris les peaux atopiques.<\/p>\n<p>Convient aux enfants et aux b\u00e9b\u00e9s \u00e0 partir de 6 mois.<\/p>\n<p>&nbsp;<\/p>\n<p>Test\u00e9 en p\u00e9diatrie et sous contr\u00f4le dermatologique.<\/p>\n<p><strong>Mode d\u2019emploi<\/strong><\/p>\n<p><strong>Comment appliquer Fotoprotector ISDIN\u00ae Pediatrics Gel Cream SPF 50+ ?<\/strong><\/p>\n<p>Appliquer g\u00e9n\u00e9reusement sur la peau, une demi-heure avant l\u2019exposition au soleil. Renouveler l\u2019application toutes les 2 heures ou apr\u00e8s avoir transpir\u00e9, vous \u00eatre baign\u00e9 ou s\u00e9ch\u00e9 avec une serviette.<\/p>\n<p><strong>Composition<\/strong><\/p>\n<p>AQUA (WATER), ALCOHOL DENAT., OCTOCRYLENE, C12-15 ALKYL BENZOATE, BUTYL METHOXYDIBENZOYLMETHANE, DIBUTYL ADIPATE, BIS-ETHYLHEXYLOXYPHENOL METHOXYPHENYL TRIAZINE, CYCLOPENTASILOXANE, TROMETHAMINE, CYCLOHEXASILOXANE, AMMONIUM ACRYLOYLDIMETHYLTAURATE\/VP COPOLYMER, METHYLENE BIS-BENZOTRIAZOLYL TETRAMETHYLBUTYLPHENOL [NANO], PHENYLBENZIMIDAZOLE SULFONIC ACID, POLYACRYLAMIDE, PEG-40 HYDROGENATED CASTOR OIL, PHENOXYETHANOL, C13-14 ISOPARAFFIN, CARBOMER, PANTHENOL, TOCOPHERYL ACETATE, PARFUM (FRAGRANCE), DECYL GLUCOSIDE, XANTHAN GUM, ACRYLATES\/C10-30 ALKYL ACRYLATE CROSSPOLYMER, DISODIUM EDTA, LAURETH-7, BHT, LINALOOL, PROPYLENE GLYCOL.<\/p>\n<p><strong>Conseil Pharmaceutique<\/strong><\/p>\n<p>N\u2019oubliez pas que les enfants ont une peau particuli\u00e8rement sensible, qui pr\u00e9sente des caract\u00e9ristiques diff\u00e9rentes de celles des adultes. Aussi, il est fortement conseill\u00e9 de toujours leur appliquer une cr\u00e8me solaire enfant, avec une protection solaire tr\u00e8s \u00e9lev\u00e9e (SPF 50+ Enfant).<br \/>\nIl est \u00e9galement recommand\u00e9 de ne pas exposer votre enfant au soleil de forme directe, de le prot\u00e9ger du soleil en le couvrant d\u2019un chapeau, de v\u00eatements et de lunettes de soleil, et d\u2019\u00e9viter les heures les plus ensoleill\u00e9es.<br \/>\nLes b\u00e9b\u00e9s de moins de 3 mois ne doivent pas \u00eatre expos\u00e9s directement au soleil.<br \/>\nM\u00eame si vous \u00eates \u00e0 l\u2019ombre, il est imp\u00e9ratif de toujours leur appliquer une cr\u00e8me solaire de tr\u00e8s haute protection, avec un indice SPF 50+ Enfant.<br \/>\nEnfin, sachez qu\u2019il existe des protections solaires sp\u00e9cifiques pour les activit\u00e9s sportives et aquatiques. Vous les trouverez en formats sp\u00e9ciaux pour peau mouill\u00e9e (Wet Skin).<\/p>\n","protected":false},"excerpt":{"rendered":"<p>Photoprotecteur pour les enfants et les b\u00e9b\u00e9s \u00e0 partir de 6 mois.<\/p>\n","protected":false},"featured_media":1108,"comment_status":"open","ping_status":"closed","template":"","meta":{"ocean_post_layout":"","ocean_both_sidebars_style":"","ocean_both_sidebars_content_width":0,"ocean_both_sidebars_sidebars_width":0,"ocean_sidebar":"0","ocean_second_sidebar":"0","ocean_disable_margins":"enable","ocean_add_body_class":"","ocean_shortcode_before_top_bar":"","ocean_shortcode_after_top_bar":"","ocean_shortcode_before_header":"","ocean_shortcode_after_header":"","ocean_has_shortcode":"","ocean_shortcode_after_title":"","ocean_shortcode_before_footer_widgets":"","ocean_shortcode_after_footer_widgets":"","ocean_shortcode_before_footer_bottom":"","ocean_shortcode_after_footer_bottom":"","ocean_display_top_bar":"default","ocean_display_header":"default","ocean_header_style":"","ocean_center_header_left_menu":"0","ocean_custom_header_template":"0","ocean_custom_logo":0,"ocean_custom_retina_logo":0,"ocean_custom_logo_max_width":0,"ocean_custom_logo_tablet_max_width":0,"ocean_custom_logo_mobile_max_width":0,"ocean_custom_logo_max_height":0,"ocean_custom_logo_tablet_max_height":0,"ocean_custom_logo_mobile_max_height":0,"ocean_header_custom_menu":"0","ocean_menu_typo_font_family":"0","ocean_menu_typo_font_subset":"","ocean_menu_typo_font_size":0,"ocean_menu_typo_font_size_tablet":0,"ocean_menu_typo_font_size_mobile":0,"ocean_menu_typo_font_size_unit":"px","ocean_menu_typo_font_weight":"","ocean_menu_typo_font_weight_tablet":"","ocean_menu_typo_font_weight_mobile":"","ocean_menu_typo_transform":"","ocean_menu_typo_transform_tablet":"","ocean_menu_typo_transform_mobile":"","ocean_menu_typo_line_height":0,"ocean_menu_typo_line_height_tablet":0,"ocean_menu_typo_line_height_mobile":0,"ocean_menu_typo_line_height_unit":"","ocean_menu_typo_spacing":0,"ocean_menu_typo_spacing_tablet":0,"ocean_menu_typo_spacing_mobile":0,"ocean_menu_typo_spacing_unit":"","ocean_menu_link_color":"","ocean_menu_link_color_hover":"","ocean_menu_link_color_active":"","ocean_menu_link_background":"","ocean_menu_link_hover_background":"","ocean_menu_link_active_background":"","ocean_menu_social_links_bg":"","ocean_menu_social_hover_links_bg":"","ocean_menu_social_links_color":"","ocean_menu_social_hover_links_color":"","ocean_disable_title":"default","ocean_disable_heading":"default","ocean_post_title":"","ocean_post_subheading":"","ocean_post_title_style":"","ocean_post_title_background_color":"","ocean_post_title_background":0,"ocean_post_title_bg_image_position":"","ocean_post_title_bg_image_attachment":"","ocean_post_title_bg_image_repeat":"","ocean_post_title_bg_image_size":"","ocean_post_title_height":0,"ocean_post_title_bg_overlay":0.5,"ocean_post_title_bg_overlay_color":"","ocean_disable_breadcrumbs":"default","ocean_breadcrumbs_color":"","ocean_breadcrumbs_separator_color":"","ocean_breadcrumbs_links_color":"","ocean_breadcrumbs_links_hover_color":"","ocean_display_footer_widgets":"default","ocean_display_footer_bottom":"default","ocean_custom_footer_template":"0"},"product_brand":[],"product_cat":[72,20,79],"product_tag":[],"class_list":{"0":"post-1106","1":"product","2":"type-product","3":"status-publish","4":"has-post-thumbnail","6":"product_cat-protection-solaire-solaire","7":"product_cat-solaire","8":"product_cat-tout-type-de-peaux","10":"entry","11":"has-media","13":"first","14":"instock","15":"taxable","16":"shipping-taxable","17":"purchasable","18":"product-type-simple","19":"has-product-nav","20":"col","21":"span_1_of_3","22":"owp-content-center","23":"owp-thumbs-layout-horizontal","24":"owp-btn-normal","25":"owp-tabs-layout-horizontal"},"_links":{"self":[{"href":"https:\/\/ellypara.com\/index.php\/wp-json\/wp\/v2\/product\/1106","targetHints":{"allow":["GET"]}}],"collection":[{"href":"https:\/\/ellypara.com\/index.php\/wp-json\/wp\/v2\/product"}],"about":[{"href":"https:\/\/ellypara.com\/index.php\/wp-json\/wp\/v2\/types\/product"}],"replies":[{"embeddable":true,"href":"https:\/\/ellypara.com\/index.php\/wp-json\/wp\/v2\/comments?post=1106"}],"wp:featuredmedia":[{"embeddable":true,"href":"https:\/\/ellypara.com\/index.php\/wp-json\/wp\/v2\/media\/1108"}],"wp:attachment":[{"href":"https:\/\/ellypara.com\/index.php\/wp-json\/wp\/v2\/media?parent=1106"}],"wp:term":[{"taxonomy":"product_brand","embeddable":true,"href":"https:\/\/ellypara.com\/index.php\/wp-json\/wp\/v2\/product_brand?post=1106"},{"taxonomy":"product_cat","embeddable":true,"href":"https:\/\/ellypara.com\/index.php\/wp-json\/wp\/v2\/product_cat?post=1106"},{"taxonomy":"product_tag","embeddable":true,"href":"https:\/\/ellypara.com\/index.php\/wp-json\/wp\/v2\/product_tag?post=1106"}],"curies":[{"name":"wp","href":"https:\/\/api.w.org\/{rel}","templated":true}]}}