{"id":1113,"date":"2025-04-02T23:35:56","date_gmt":"2025-04-02T21:35:56","guid":{"rendered":"https:\/\/ellypara.com\/?post_type=product&#038;p=1113"},"modified":"2025-04-02T23:35:56","modified_gmt":"2025-04-02T21:35:56","slug":"avene-solaire-enfant-spray-haute-protection-spf-50-200ml","status":"publish","type":"product","link":"https:\/\/ellypara.com\/index.php\/produit\/avene-solaire-enfant-spray-haute-protection-spf-50-200ml\/","title":{"rendered":"AVENE Solaire Enfant Spray Haute Protection SPF 50+ 200ml"},"content":{"rendered":"<p>Au coeur du Spray enfant SPF 50+, l\u2019association exclusive Sunsitive\u00ae protection, issue de la Recherche Pierre Fabre : 1. Syst\u00e8me filtrant brevet\u00e9 contenant seulement 4 filtres solaires pour une tr\u00e8s large protection UVB-UVA stable et efficace dans le temps, et une tol\u00e9rance cutan\u00e9e optimale. 2. Complexe antioxydant unique (Pr\u00e9-tocoph\u00e9ryl + Thialidine), pour une protection cellulaire globale contre le stress oxydatif. 3. Eau thermale d\u2019Av\u00e8ne, reconnue pour ses propri\u00e9t\u00e9s apaisantes, anti-irritantes et adoucissantes. Gr\u00e2ce \u00e0 sa nouvelle Texture barri\u00e8re anti-agressions*, le Spray enfant SPF 50+ offre : \u2013 Texture fluide et l\u00e9g\u00e8re \u00e0 appliquer. \u2013 Film protecteur renforc\u00e9. \u2013 Formule tr\u00e8s r\u00e9sistante \u00e0 l\u2019eau. Le Spray enfant SPF 50+ b\u00e9n\u00e9ficie d\u2019un nouveau syst\u00e8me OPEN \/ STOP pour plus de praticit\u00e9 et de respect de l\u2019environnement : OPEN : on tourne et l\u2019embout appara\u00eet. STOP : on tourne et l\u2019embout dispara\u00eet. * les produits solaires ne procurent pas une protection totale contre les UV.<\/p>\n<p><strong>Conseil d\u2019utilisation<\/strong><\/p>\n<p>Avant toute exposition au soleil, appliquer uniform\u00e9ment sur la peau.<br \/>\nLutilisation de ce produit ne doit pas inciter \u00e0 sexposer longtemps au soleil. Renouveler fr\u00e9quemment lapplication en cas dexpositions prolong\u00e9es et apr\u00e8s chaque bain. \u00c9viter lexposition entre 12h et 16h.<br \/>\nLes coups de soleil dont dangereux, surtout chez lenfant.<\/p>\n<p><strong>Composition<\/strong><\/p>\n<p>Eau Thermale Av\u00e8ne MPI ( TiO2 micronis\u00e9s et enrob\u00e9s) Tinosorb-M et Tinosorb-S Pr\u00e9tocoph\u00e9ryl Sans parfum<\/p>\n","protected":false},"excerpt":{"rendered":"<p>Tr\u00e8s haute protection solaire pour la peau sensible des enfants.<br \/>\nVisage &amp; corps<\/p>\n","protected":false},"featured_media":1114,"comment_status":"open","ping_status":"closed","template":"","meta":{"ocean_post_layout":"","ocean_both_sidebars_style":"","ocean_both_sidebars_content_width":0,"ocean_both_sidebars_sidebars_width":0,"ocean_sidebar":"0","ocean_second_sidebar":"0","ocean_disable_margins":"enable","ocean_add_body_class":"","ocean_shortcode_before_top_bar":"","ocean_shortcode_after_top_bar":"","ocean_shortcode_before_header":"","ocean_shortcode_after_header":"","ocean_has_shortcode":"","ocean_shortcode_after_title":"","ocean_shortcode_before_footer_widgets":"","ocean_shortcode_after_footer_widgets":"","ocean_shortcode_before_footer_bottom":"","ocean_shortcode_after_footer_bottom":"","ocean_display_top_bar":"default","ocean_display_header":"default","ocean_header_style":"","ocean_center_header_left_menu":"0","ocean_custom_header_template":"0","ocean_custom_logo":0,"ocean_custom_retina_logo":0,"ocean_custom_logo_max_width":0,"ocean_custom_logo_tablet_max_width":0,"ocean_custom_logo_mobile_max_width":0,"ocean_custom_logo_max_height":0,"ocean_custom_logo_tablet_max_height":0,"ocean_custom_logo_mobile_max_height":0,"ocean_header_custom_menu":"0","ocean_menu_typo_font_family":"0","ocean_menu_typo_font_subset":"","ocean_menu_typo_font_size":0,"ocean_menu_typo_font_size_tablet":0,"ocean_menu_typo_font_size_mobile":0,"ocean_menu_typo_font_size_unit":"px","ocean_menu_typo_font_weight":"","ocean_menu_typo_font_weight_tablet":"","ocean_menu_typo_font_weight_mobile":"","ocean_menu_typo_transform":"","ocean_menu_typo_transform_tablet":"","ocean_menu_typo_transform_mobile":"","ocean_menu_typo_line_height":0,"ocean_menu_typo_line_height_tablet":0,"ocean_menu_typo_line_height_mobile":0,"ocean_menu_typo_line_height_unit":"","ocean_menu_typo_spacing":0,"ocean_menu_typo_spacing_tablet":0,"ocean_menu_typo_spacing_mobile":0,"ocean_menu_typo_spacing_unit":"","ocean_menu_link_color":"","ocean_menu_link_color_hover":"","ocean_menu_link_color_active":"","ocean_menu_link_background":"","ocean_menu_link_hover_background":"","ocean_menu_link_active_background":"","ocean_menu_social_links_bg":"","ocean_menu_social_hover_links_bg":"","ocean_menu_social_links_color":"","ocean_menu_social_hover_links_color":"","ocean_disable_title":"default","ocean_disable_heading":"default","ocean_post_title":"","ocean_post_subheading":"","ocean_post_title_style":"","ocean_post_title_background_color":"","ocean_post_title_background":0,"ocean_post_title_bg_image_position":"","ocean_post_title_bg_image_attachment":"","ocean_post_title_bg_image_repeat":"","ocean_post_title_bg_image_size":"","ocean_post_title_height":0,"ocean_post_title_bg_overlay":0.5,"ocean_post_title_bg_overlay_color":"","ocean_disable_breadcrumbs":"default","ocean_breadcrumbs_color":"","ocean_breadcrumbs_separator_color":"","ocean_breadcrumbs_links_color":"","ocean_breadcrumbs_links_hover_color":"","ocean_display_footer_widgets":"default","ocean_display_footer_bottom":"default","ocean_custom_footer_template":"0"},"product_brand":[],"product_cat":[72,20,79],"product_tag":[],"class_list":{"0":"post-1113","1":"product","2":"type-product","3":"status-publish","4":"has-post-thumbnail","6":"product_cat-protection-solaire-solaire","7":"product_cat-solaire","8":"product_cat-tout-type-de-peaux","10":"entry","11":"has-media","13":"first","14":"instock","15":"taxable","16":"shipping-taxable","17":"purchasable","18":"product-type-simple","19":"has-product-nav","20":"col","21":"span_1_of_3","22":"owp-content-center","23":"owp-thumbs-layout-horizontal","24":"owp-btn-normal","25":"owp-tabs-layout-horizontal","26":"has-no-thumbnails"},"_links":{"self":[{"href":"https:\/\/ellypara.com\/index.php\/wp-json\/wp\/v2\/product\/1113","targetHints":{"allow":["GET"]}}],"collection":[{"href":"https:\/\/ellypara.com\/index.php\/wp-json\/wp\/v2\/product"}],"about":[{"href":"https:\/\/ellypara.com\/index.php\/wp-json\/wp\/v2\/types\/product"}],"replies":[{"embeddable":true,"href":"https:\/\/ellypara.com\/index.php\/wp-json\/wp\/v2\/comments?post=1113"}],"wp:featuredmedia":[{"embeddable":true,"href":"https:\/\/ellypara.com\/index.php\/wp-json\/wp\/v2\/media\/1114"}],"wp:attachment":[{"href":"https:\/\/ellypara.com\/index.php\/wp-json\/wp\/v2\/media?parent=1113"}],"wp:term":[{"taxonomy":"product_brand","embeddable":true,"href":"https:\/\/ellypara.com\/index.php\/wp-json\/wp\/v2\/product_brand?post=1113"},{"taxonomy":"product_cat","embeddable":true,"href":"https:\/\/ellypara.com\/index.php\/wp-json\/wp\/v2\/product_cat?post=1113"},{"taxonomy":"product_tag","embeddable":true,"href":"https:\/\/ellypara.com\/index.php\/wp-json\/wp\/v2\/product_tag?post=1113"}],"curies":[{"name":"wp","href":"https:\/\/api.w.org\/{rel}","templated":true}]}}