{"id":1115,"date":"2025-04-02T23:45:53","date_gmt":"2025-04-02T21:45:53","guid":{"rendered":"https:\/\/ellypara.com\/?post_type=product&#038;p=1115"},"modified":"2025-04-02T23:45:54","modified_gmt":"2025-04-02T21:45:54","slug":"isdin-spray-transparent-spf50-fotoprotector-pediatrics-wet-skin-250ml","status":"publish","type":"product","link":"https:\/\/ellypara.com\/index.php\/produit\/isdin-spray-transparent-spf50-fotoprotector-pediatrics-wet-skin-250ml\/","title":{"rendered":"ISDIN Spray Transparent SPF50 Fotoprotector Pediatrics Wet Skin 250ml"},"content":{"rendered":"<p><strong>Isdin Fotoprotector Pediatrics Spray Transparent Wet Skin SPF50<\/strong>\u00a0250 ml est un \u00e9cran solaire en spray transparent \u00e0 s\u00e9chage imm\u00e9diat pour enfants. Efficace sur peau humide, il est tr\u00e8s r\u00e9sistant \u00e0 l\u2019eau.<br \/>\nIl contient du Ginger Cell Protect pour stimuler la d\u00e9fense naturelle de la peau contre les m\u00e9faits du soleil, les dommages oxydatifs. De plus, sa technologie Wetflex permet une absorption sur les peaux mouill\u00e9es et s\u00e8ches tout en maintenant le facteur de protection solaire sans laisser de r\u00e9sidu blanc.<br \/>\nCe spray convient \u00e0 tous les types de peau, y compris les peaux sensibles et les peaux atopiques.<\/p>\n<p>L\u2019a\u00e9rosol permet une application facile dans toutes les directions.<\/p>\n<p>Sans huile.<\/p>\n<p>Test\u00e9 sous contr\u00f4le p\u00e9diatrique et dermatologique.<\/p>\n<p>Lotion en spray, sp\u00e9cialement formul\u00e9e pour la peau des b\u00e9b\u00e9s et des enfants \u00e0 partir de 6 mois. Ore une hydratation intense et laisse la peau douce et soyeuse<\/p>\n<p><strong>FORMUL\u00c9 POUR LES B\u00c9B\u00c9S ET LES ENFANTS<\/strong><br \/>\nMeilleure concentration d\u2019antioxydants et de dexpanth\u00e9nol pour subvenir aux besoins de leur peau beaucoup plus sensible que celle des adultes<\/p>\n<p>VALVE SPRAY &amp; PLAY<br \/>\nSa valve Spray &amp; Play permet une application facile et ludique<\/p>\n<p>TR\u00c8S R\u00c9SISTANT \u00c0 L\u2019EAU<br \/>\nMinimum 50% du produit r\u00e9siste apr\u00e8s 80 minutes dans l\u2019eau<\/p>\n<p><strong>COMPOSITIONS &amp; INGR\u00c9DIENTS<\/strong><\/p>\n<p>La liste des ingr\u00e9dients peut \u00eatre soumise \u00e0 des variations, nous vous conseillons de toujours v\u00e9rifier la liste figurant sur le produit achet\u00e9.<\/p>\n<p>Formule INCI: Alcohol Denat., Diisopropyl Adipate, Octocrylene, Lauryl Lactate, C12-15 Alkyl Benzoate, Butyl Methoxydibenzoylmethane, Ethylhexyl Salicylate, Tridecyl Neopentanoate, Caprylic\/Capric Triglyceride, 4-Methylbenzylidene Camphor, Diethylhexyl Butamido Triazone, Aqua (Water), Isocetyl Alcohol, Cyclopentasiloxane, VA\/Butyl Maleate\/Isobornyl Acrylate Copolymer, Cyclohexasiloxane, Parfum (Fragrance), Tocopheryl Acetate, Linalool.<\/p>\n<p>&nbsp;<\/p>\n<p><strong>CONSEIL D\u2019UTILISATION<\/strong><\/p>\n<p>Pour les enfants \u00e0 partir de 3 ans.<\/p>\n<p>Appliquer g\u00e9n\u00e9reusement sur une peau mouill\u00e9e ou s\u00e8che, tout en gardant une distance de minimum 5 cm de la peau, une demi-heure avant l\u2019exposition au soleil. Il est n\u00e9cessaire d\u2019\u00e9taler le produit de mani\u00e8re uniforme jusqu\u2019\u00e0 absorption compl\u00e8te.<br \/>\nExemple : appliquer quelques lignes du produit et les \u00e9taler sur l\u2019enti\u00e8ret\u00e9 de la zone.<br \/>\nRenouveler l\u2019application toutes les 2 heures et apr\u00e8s avoir transpir\u00e9, nag\u00e9 ou vous \u00eatre essuy\u00e9.<br \/>\nUne quantit\u00e9 insuffisante de produit r\u00e9duit l\u2019action protectrice.<\/p>\n<p>N\u2019exposez pas les b\u00e9b\u00e9s et les jeunes enfants directement au soleil. Les prot\u00e9ger de fa\u00e7on ad\u00e9quate (habits, chapeaux, lunettes de soleil et cr\u00e8mes solaires \u00e0 haut indice SPF).<br \/>\nPour les b\u00e9b\u00e9s, appliquer la cr\u00e8me solaire sur les parties non couvertes (visage et dos des mains) pendant l\u2019exposition solaire.<\/p>\n<p>\u00c9viter le contact avec les yeux et les muqueuses.<br \/>\nNe pas vaporiser sur le visage.<\/p>\n<p>Les filtres solaires peuvent causer des taches si ils entrent en contact avec certaines fibres textiles.<\/p>\n<p>A\u00e9rosol extr\u00eamement inflammable.<br \/>\nR\u00e9cipient sous pression : peut \u00e9clater sous l\u2019effet de la chaleur.<br \/>\nNe pas perforer, ni br\u00fbler, m\u00eame apr\u00e8s usage.<br \/>\nNe pas vaporiser sur une flamme nue ou sur toute autre source d\u2019ignition.<br \/>\nTenir \u00e0 l\u2019\u00e9cart de la chaleur, des surfaces chaudes, des \u00e9tincelles, des flammes nues et de toute autre source d\u2019inflammation.<br \/>\nNe pas fumer.<br \/>\nNe pas exposer \u00e0 une temp\u00e9rature sup\u00e9rieure \u00e0 50\u00b0C\/122\u00b0F. Prot\u00e9ger du rayonnement solaire.<br \/>\nNe pas respirer les vapeurs.<br \/>\nUtiliser seulement dans un endroit bien ventil\u00e9.<br \/>\nNe pas vaporiser autour des yeux ou sur une peau ab\u00eem\u00e9e ou irrit\u00e9e.<\/p>\n<p>Tenir hors de port\u00e9e des enfants.<\/p>\n<p>Indication : Protection contre les dommages oxydatifs.<\/p>\n","protected":false},"excerpt":{"rendered":"<p>Photoprotection invisible et l\u00e9g\u00e8re pour peau humide<br \/>\nPhotoprotecteur pour le corps en spray transparent, frais et \u00e0 s\u00e9chage imm\u00e9diat qui est sp\u00e9cialement formul\u00e9 pour la peau des enfants et des b\u00e9b\u00e9s \u00e0 partir de 3 ans.<\/p>\n","protected":false},"featured_media":1116,"comment_status":"open","ping_status":"closed","template":"","meta":{"ocean_post_layout":"","ocean_both_sidebars_style":"","ocean_both_sidebars_content_width":0,"ocean_both_sidebars_sidebars_width":0,"ocean_sidebar":"0","ocean_second_sidebar":"0","ocean_disable_margins":"enable","ocean_add_body_class":"","ocean_shortcode_before_top_bar":"","ocean_shortcode_after_top_bar":"","ocean_shortcode_before_header":"","ocean_shortcode_after_header":"","ocean_has_shortcode":"","ocean_shortcode_after_title":"","ocean_shortcode_before_footer_widgets":"","ocean_shortcode_after_footer_widgets":"","ocean_shortcode_before_footer_bottom":"","ocean_shortcode_after_footer_bottom":"","ocean_display_top_bar":"default","ocean_display_header":"default","ocean_header_style":"","ocean_center_header_left_menu":"0","ocean_custom_header_template":"0","ocean_custom_logo":0,"ocean_custom_retina_logo":0,"ocean_custom_logo_max_width":0,"ocean_custom_logo_tablet_max_width":0,"ocean_custom_logo_mobile_max_width":0,"ocean_custom_logo_max_height":0,"ocean_custom_logo_tablet_max_height":0,"ocean_custom_logo_mobile_max_height":0,"ocean_header_custom_menu":"0","ocean_menu_typo_font_family":"0","ocean_menu_typo_font_subset":"","ocean_menu_typo_font_size":0,"ocean_menu_typo_font_size_tablet":0,"ocean_menu_typo_font_size_mobile":0,"ocean_menu_typo_font_size_unit":"px","ocean_menu_typo_font_weight":"","ocean_menu_typo_font_weight_tablet":"","ocean_menu_typo_font_weight_mobile":"","ocean_menu_typo_transform":"","ocean_menu_typo_transform_tablet":"","ocean_menu_typo_transform_mobile":"","ocean_menu_typo_line_height":0,"ocean_menu_typo_line_height_tablet":0,"ocean_menu_typo_line_height_mobile":0,"ocean_menu_typo_line_height_unit":"","ocean_menu_typo_spacing":0,"ocean_menu_typo_spacing_tablet":0,"ocean_menu_typo_spacing_mobile":0,"ocean_menu_typo_spacing_unit":"","ocean_menu_link_color":"","ocean_menu_link_color_hover":"","ocean_menu_link_color_active":"","ocean_menu_link_background":"","ocean_menu_link_hover_background":"","ocean_menu_link_active_background":"","ocean_menu_social_links_bg":"","ocean_menu_social_hover_links_bg":"","ocean_menu_social_links_color":"","ocean_menu_social_hover_links_color":"","ocean_disable_title":"default","ocean_disable_heading":"default","ocean_post_title":"","ocean_post_subheading":"","ocean_post_title_style":"","ocean_post_title_background_color":"","ocean_post_title_background":0,"ocean_post_title_bg_image_position":"","ocean_post_title_bg_image_attachment":"","ocean_post_title_bg_image_repeat":"","ocean_post_title_bg_image_size":"","ocean_post_title_height":0,"ocean_post_title_bg_overlay":0.5,"ocean_post_title_bg_overlay_color":"","ocean_disable_breadcrumbs":"default","ocean_breadcrumbs_color":"","ocean_breadcrumbs_separator_color":"","ocean_breadcrumbs_links_color":"","ocean_breadcrumbs_links_hover_color":"","ocean_display_footer_widgets":"default","ocean_display_footer_bottom":"default","ocean_custom_footer_template":"0"},"product_brand":[],"product_cat":[72,20],"product_tag":[],"class_list":{"0":"post-1115","1":"product","2":"type-product","3":"status-publish","4":"has-post-thumbnail","6":"product_cat-protection-solaire-solaire","7":"product_cat-solaire","9":"entry","10":"has-media","12":"first","13":"instock","14":"taxable","15":"shipping-taxable","16":"purchasable","17":"product-type-simple","18":"has-product-nav","19":"col","20":"span_1_of_3","21":"owp-content-center","22":"owp-thumbs-layout-horizontal","23":"owp-btn-normal","24":"owp-tabs-layout-horizontal"},"_links":{"self":[{"href":"https:\/\/ellypara.com\/index.php\/wp-json\/wp\/v2\/product\/1115","targetHints":{"allow":["GET"]}}],"collection":[{"href":"https:\/\/ellypara.com\/index.php\/wp-json\/wp\/v2\/product"}],"about":[{"href":"https:\/\/ellypara.com\/index.php\/wp-json\/wp\/v2\/types\/product"}],"replies":[{"embeddable":true,"href":"https:\/\/ellypara.com\/index.php\/wp-json\/wp\/v2\/comments?post=1115"}],"wp:featuredmedia":[{"embeddable":true,"href":"https:\/\/ellypara.com\/index.php\/wp-json\/wp\/v2\/media\/1116"}],"wp:attachment":[{"href":"https:\/\/ellypara.com\/index.php\/wp-json\/wp\/v2\/media?parent=1115"}],"wp:term":[{"taxonomy":"product_brand","embeddable":true,"href":"https:\/\/ellypara.com\/index.php\/wp-json\/wp\/v2\/product_brand?post=1115"},{"taxonomy":"product_cat","embeddable":true,"href":"https:\/\/ellypara.com\/index.php\/wp-json\/wp\/v2\/product_cat?post=1115"},{"taxonomy":"product_tag","embeddable":true,"href":"https:\/\/ellypara.com\/index.php\/wp-json\/wp\/v2\/product_tag?post=1115"}],"curies":[{"name":"wp","href":"https:\/\/api.w.org\/{rel}","templated":true}]}}