{"id":1127,"date":"2025-04-09T17:42:41","date_gmt":"2025-04-09T15:42:41","guid":{"rendered":"https:\/\/ellypara.com\/?post_type=product&#038;p=1127"},"modified":"2025-04-09T17:45:11","modified_gmt":"2025-04-09T15:45:11","slug":"gummybear-ashwagandha-no-stress-60-gummies","status":"publish","type":"product","link":"https:\/\/ellypara.com\/index.php\/produit\/gummybear-ashwagandha-no-stress-60-gummies\/","title":{"rendered":"GummyBear Ashwagandha No stress 60 Gummies"},"content":{"rendered":"<p><strong>KSM-66 Ashwagandha<\/strong> est un extrait brevet\u00e9 \u00e0 spectre complet, avec la plus haute concentration disponibles sur le march\u00e9 aujourd\u2019hui. Il est produit \u00e0 l\u2019aide d\u2019un processus d\u2019extraction exclusif bas\u00e9 sur les principes de la \u00ab\u00a0Chimie Verte\u00a0\u00bb, sans utiliser d\u2019alcool ni aucun autre solvant chimique.<\/p>\n<p>Aide \u00e0 r\u00e9duire le stress et l\u2019anxi\u00e9t\u00e9<br \/>\nContribue \u00e0 am\u00e9liorer la m\u00e9moire et la cognition<br \/>\nAide \u00e0 soutenir une gestion saine du poids.<br \/>\nAide \u00e0 maintenir une fonction thyro\u00efdienne normale.<br \/>\nAide \u00e0 promouvoir la force musculaire, la taille et la r\u00e9cup\u00e9ration.<br \/>\nContribue \u00e0 am\u00e9liorer l\u2019endurance cardiorespiratoire.<br \/>\nAide \u00e0 promouvoir la fonction sexuelle chez les hommes et les femmes.<br \/>\nAide \u00e0 maintenir un taux de testost\u00e9rone sain chez les hommes.<\/p>\n<p><strong>Ingredients:<\/strong><\/p>\n<p>l\u2019Ashwagandha KSM-66\u00ae hautement biodisponible, la fleur de passion et la m\u00e9lisse.<\/p>\n<p><strong>Contenance :<\/strong>\u00a060 gummies<\/p>\n","protected":false},"excerpt":{"rendered":"<p><strong>GUMMYBEAR No Stress<\/strong> est fabriqu\u00e9 avec l\u2019extrait d\u2019Ashwagandha le plus pur au monde et a \u00e9t\u00e9 cliniquement test\u00e9 pour garantir son efficacit\u00e9.<\/p>\n","protected":false},"featured_media":1129,"comment_status":"open","ping_status":"closed","template":"","meta":{"ocean_post_layout":"","ocean_both_sidebars_style":"","ocean_both_sidebars_content_width":0,"ocean_both_sidebars_sidebars_width":0,"ocean_sidebar":"0","ocean_second_sidebar":"0","ocean_disable_margins":"enable","ocean_add_body_class":"","ocean_shortcode_before_top_bar":"","ocean_shortcode_after_top_bar":"","ocean_shortcode_before_header":"","ocean_shortcode_after_header":"","ocean_has_shortcode":"","ocean_shortcode_after_title":"","ocean_shortcode_before_footer_widgets":"","ocean_shortcode_after_footer_widgets":"","ocean_shortcode_before_footer_bottom":"","ocean_shortcode_after_footer_bottom":"","ocean_display_top_bar":"default","ocean_display_header":"default","ocean_header_style":"","ocean_center_header_left_menu":"0","ocean_custom_header_template":"0","ocean_custom_logo":0,"ocean_custom_retina_logo":0,"ocean_custom_logo_max_width":0,"ocean_custom_logo_tablet_max_width":0,"ocean_custom_logo_mobile_max_width":0,"ocean_custom_logo_max_height":0,"ocean_custom_logo_tablet_max_height":0,"ocean_custom_logo_mobile_max_height":0,"ocean_header_custom_menu":"0","ocean_menu_typo_font_family":"0","ocean_menu_typo_font_subset":"","ocean_menu_typo_font_size":0,"ocean_menu_typo_font_size_tablet":0,"ocean_menu_typo_font_size_mobile":0,"ocean_menu_typo_font_size_unit":"px","ocean_menu_typo_font_weight":"","ocean_menu_typo_font_weight_tablet":"","ocean_menu_typo_font_weight_mobile":"","ocean_menu_typo_transform":"","ocean_menu_typo_transform_tablet":"","ocean_menu_typo_transform_mobile":"","ocean_menu_typo_line_height":0,"ocean_menu_typo_line_height_tablet":0,"ocean_menu_typo_line_height_mobile":0,"ocean_menu_typo_line_height_unit":"","ocean_menu_typo_spacing":0,"ocean_menu_typo_spacing_tablet":0,"ocean_menu_typo_spacing_mobile":0,"ocean_menu_typo_spacing_unit":"","ocean_menu_link_color":"","ocean_menu_link_color_hover":"","ocean_menu_link_color_active":"","ocean_menu_link_background":"","ocean_menu_link_hover_background":"","ocean_menu_link_active_background":"","ocean_menu_social_links_bg":"","ocean_menu_social_hover_links_bg":"","ocean_menu_social_links_color":"","ocean_menu_social_hover_links_color":"","ocean_disable_title":"default","ocean_disable_heading":"default","ocean_post_title":"","ocean_post_subheading":"","ocean_post_title_style":"","ocean_post_title_background_color":"","ocean_post_title_background":0,"ocean_post_title_bg_image_position":"","ocean_post_title_bg_image_attachment":"","ocean_post_title_bg_image_repeat":"","ocean_post_title_bg_image_size":"","ocean_post_title_height":0,"ocean_post_title_bg_overlay":0.5,"ocean_post_title_bg_overlay_color":"","ocean_disable_breadcrumbs":"default","ocean_breadcrumbs_color":"","ocean_breadcrumbs_separator_color":"","ocean_breadcrumbs_links_color":"","ocean_breadcrumbs_links_hover_color":"","ocean_display_footer_widgets":"default","ocean_display_footer_bottom":"default","ocean_custom_footer_template":"0"},"product_brand":[],"product_cat":[25,68,66],"product_tag":[],"class_list":{"0":"post-1127","1":"product","2":"type-product","3":"status-publish","4":"has-post-thumbnail","6":"product_cat-complements-alimentaires","7":"product_cat-confort","8":"product_cat-sante","10":"entry","11":"has-media","13":"first","14":"instock","15":"taxable","16":"shipping-taxable","17":"purchasable","18":"product-type-simple","19":"has-product-nav","20":"col","21":"span_1_of_3","22":"owp-content-center","23":"owp-thumbs-layout-horizontal","24":"owp-btn-normal","25":"owp-tabs-layout-horizontal","26":"has-no-thumbnails"},"_links":{"self":[{"href":"https:\/\/ellypara.com\/index.php\/wp-json\/wp\/v2\/product\/1127","targetHints":{"allow":["GET"]}}],"collection":[{"href":"https:\/\/ellypara.com\/index.php\/wp-json\/wp\/v2\/product"}],"about":[{"href":"https:\/\/ellypara.com\/index.php\/wp-json\/wp\/v2\/types\/product"}],"replies":[{"embeddable":true,"href":"https:\/\/ellypara.com\/index.php\/wp-json\/wp\/v2\/comments?post=1127"}],"wp:featuredmedia":[{"embeddable":true,"href":"https:\/\/ellypara.com\/index.php\/wp-json\/wp\/v2\/media\/1129"}],"wp:attachment":[{"href":"https:\/\/ellypara.com\/index.php\/wp-json\/wp\/v2\/media?parent=1127"}],"wp:term":[{"taxonomy":"product_brand","embeddable":true,"href":"https:\/\/ellypara.com\/index.php\/wp-json\/wp\/v2\/product_brand?post=1127"},{"taxonomy":"product_cat","embeddable":true,"href":"https:\/\/ellypara.com\/index.php\/wp-json\/wp\/v2\/product_cat?post=1127"},{"taxonomy":"product_tag","embeddable":true,"href":"https:\/\/ellypara.com\/index.php\/wp-json\/wp\/v2\/product_tag?post=1127"}],"curies":[{"name":"wp","href":"https:\/\/api.w.org\/{rel}","templated":true}]}}