{"id":1172,"date":"2025-04-10T16:23:49","date_gmt":"2025-04-10T14:23:49","guid":{"rendered":"https:\/\/ellypara.com\/?post_type=product&#038;p=1172"},"modified":"2025-04-10T16:23:49","modified_gmt":"2025-04-10T14:23:49","slug":"svr-sensifine-ar-creme-soin-anti-rougeurs-40ml","status":"publish","type":"product","link":"https:\/\/ellypara.com\/index.php\/produit\/svr-sensifine-ar-creme-soin-anti-rougeurs-40ml\/","title":{"rendered":"SVR Sensifine AR Cr\u00e8me Soin Anti-Rougeurs 40ml"},"content":{"rendered":"<p><strong>SVR Sensifine AR Cr\u00e8me Soin Intensif Hydratant Apaisant Anti-Rougeurs\u00a040ml<\/strong>\u00a0apaise imm\u00e9diatement les rougeurs permanentes ou passag\u00e8res et les petits vaisseaux apparents.<\/p>\n<p>Hautement concentr\u00e9e en extrait de r\u00e9glisse et en Endothelyol, elle apaise, d\u00e9congestionne et abaisse la temp\u00e9rature de la peau.<\/p>\n<p>Ce soin gel-cr\u00e8me procure une fra\u00eecheur apaisante imm\u00e9diate. Sa haute tol\u00e9rance est adapt\u00e9e \u00e0 toutes les peaux, m\u00eame les plus sensibles.<\/p>\n<p><strong>Indications :<\/strong><\/p>\n<p>Soin intensif hydratant apaisant anti-rougeurs pour peaux \u00e0 tendance couperosique.<\/p>\n<p><strong>Conseils d\u2019utilisation :<\/strong><\/p>\n<p>Appliquer matin et\/ou soir sur une peau nettoy\u00e9e. Excellente base de maquillage.<\/p>\n<p><strong>Composition :<\/strong><\/p>\n<p>Aqua (purified water), caprylic\/capric triglyceride, butyrospermum parkii butter, glycerin, behenyl alcohol, silica, squalane, arachidyl alcohol, glyceryl stearate, cafeyl glucoside, carbomer, ci 10020, ci 42090, dipotassium glycyrrhizate, gallyl glucoside, methyl diisopropyl propionamide, rosmarinyl glucoside, sodium sulfate, saccharide isomerate, 1-2 hexanediol, arachidyl glucoside, caprylyl glycol, citric acid, methyl methacrylate crosspolymer, pentylene glycol, sodium citrate, sodium hydroxide.<\/p>\n<p><strong>Conditionnement :<\/strong><\/p>\n<p>1 tube de 40ml.<\/p>\n","protected":false},"excerpt":{"rendered":"<p><strong>SVR Sensifine AR Cr\u00e8me Soin Anti-Rougeurs Hydratant Apaisant Intensif 40 ml<\/strong> est une cr\u00e8me anti-rougeurs et anti-r\u00e9cidive sp\u00e9cialement destin\u00e9e aux peaux \u00e0 tendance couperosique, normales \u00e0 mixtes.<\/p>\n","protected":false},"featured_media":1173,"comment_status":"open","ping_status":"closed","template":"","meta":{"ocean_post_layout":"","ocean_both_sidebars_style":"","ocean_both_sidebars_content_width":0,"ocean_both_sidebars_sidebars_width":0,"ocean_sidebar":"0","ocean_second_sidebar":"0","ocean_disable_margins":"enable","ocean_add_body_class":"","ocean_shortcode_before_top_bar":"","ocean_shortcode_after_top_bar":"","ocean_shortcode_before_header":"","ocean_shortcode_after_header":"","ocean_has_shortcode":"","ocean_shortcode_after_title":"","ocean_shortcode_before_footer_widgets":"","ocean_shortcode_after_footer_widgets":"","ocean_shortcode_before_footer_bottom":"","ocean_shortcode_after_footer_bottom":"","ocean_display_top_bar":"default","ocean_display_header":"default","ocean_header_style":"","ocean_center_header_left_menu":"0","ocean_custom_header_template":"0","ocean_custom_logo":0,"ocean_custom_retina_logo":0,"ocean_custom_logo_max_width":0,"ocean_custom_logo_tablet_max_width":0,"ocean_custom_logo_mobile_max_width":0,"ocean_custom_logo_max_height":0,"ocean_custom_logo_tablet_max_height":0,"ocean_custom_logo_mobile_max_height":0,"ocean_header_custom_menu":"0","ocean_menu_typo_font_family":"0","ocean_menu_typo_font_subset":"","ocean_menu_typo_font_size":0,"ocean_menu_typo_font_size_tablet":0,"ocean_menu_typo_font_size_mobile":0,"ocean_menu_typo_font_size_unit":"px","ocean_menu_typo_font_weight":"","ocean_menu_typo_font_weight_tablet":"","ocean_menu_typo_font_weight_mobile":"","ocean_menu_typo_transform":"","ocean_menu_typo_transform_tablet":"","ocean_menu_typo_transform_mobile":"","ocean_menu_typo_line_height":0,"ocean_menu_typo_line_height_tablet":0,"ocean_menu_typo_line_height_mobile":0,"ocean_menu_typo_line_height_unit":"","ocean_menu_typo_spacing":0,"ocean_menu_typo_spacing_tablet":0,"ocean_menu_typo_spacing_mobile":0,"ocean_menu_typo_spacing_unit":"","ocean_menu_link_color":"","ocean_menu_link_color_hover":"","ocean_menu_link_color_active":"","ocean_menu_link_background":"","ocean_menu_link_hover_background":"","ocean_menu_link_active_background":"","ocean_menu_social_links_bg":"","ocean_menu_social_hover_links_bg":"","ocean_menu_social_links_color":"","ocean_menu_social_hover_links_color":"","ocean_disable_title":"default","ocean_disable_heading":"default","ocean_post_title":"","ocean_post_subheading":"","ocean_post_title_style":"","ocean_post_title_background_color":"","ocean_post_title_background":0,"ocean_post_title_bg_image_position":"","ocean_post_title_bg_image_attachment":"","ocean_post_title_bg_image_repeat":"","ocean_post_title_bg_image_size":"","ocean_post_title_height":0,"ocean_post_title_bg_overlay":0.5,"ocean_post_title_bg_overlay_color":"","ocean_disable_breadcrumbs":"default","ocean_breadcrumbs_color":"","ocean_breadcrumbs_separator_color":"","ocean_breadcrumbs_links_color":"","ocean_breadcrumbs_links_hover_color":"","ocean_display_footer_widgets":"default","ocean_display_footer_bottom":"default","ocean_custom_footer_template":"0"},"product_brand":[],"product_cat":[43,21],"product_tag":[],"class_list":{"0":"post-1172","1":"product","2":"type-product","3":"status-publish","4":"has-post-thumbnail","6":"product_cat-soins-anti-rougeurs-et-peau-sensible","7":"product_cat-visage","9":"entry","10":"has-media","12":"first","13":"outofstock","14":"taxable","15":"shipping-taxable","16":"purchasable","17":"product-type-simple","18":"has-product-nav","19":"col","20":"span_1_of_3","21":"owp-content-center","22":"owp-thumbs-layout-horizontal","23":"owp-btn-normal","24":"owp-tabs-layout-horizontal","25":"has-no-thumbnails"},"_links":{"self":[{"href":"https:\/\/ellypara.com\/index.php\/wp-json\/wp\/v2\/product\/1172","targetHints":{"allow":["GET"]}}],"collection":[{"href":"https:\/\/ellypara.com\/index.php\/wp-json\/wp\/v2\/product"}],"about":[{"href":"https:\/\/ellypara.com\/index.php\/wp-json\/wp\/v2\/types\/product"}],"replies":[{"embeddable":true,"href":"https:\/\/ellypara.com\/index.php\/wp-json\/wp\/v2\/comments?post=1172"}],"wp:featuredmedia":[{"embeddable":true,"href":"https:\/\/ellypara.com\/index.php\/wp-json\/wp\/v2\/media\/1173"}],"wp:attachment":[{"href":"https:\/\/ellypara.com\/index.php\/wp-json\/wp\/v2\/media?parent=1172"}],"wp:term":[{"taxonomy":"product_brand","embeddable":true,"href":"https:\/\/ellypara.com\/index.php\/wp-json\/wp\/v2\/product_brand?post=1172"},{"taxonomy":"product_cat","embeddable":true,"href":"https:\/\/ellypara.com\/index.php\/wp-json\/wp\/v2\/product_cat?post=1172"},{"taxonomy":"product_tag","embeddable":true,"href":"https:\/\/ellypara.com\/index.php\/wp-json\/wp\/v2\/product_tag?post=1172"}],"curies":[{"name":"wp","href":"https:\/\/api.w.org\/{rel}","templated":true}]}}