{"id":1176,"date":"2025-04-10T16:46:41","date_gmt":"2025-04-10T14:46:41","guid":{"rendered":"https:\/\/ellypara.com\/?post_type=product&#038;p=1176"},"modified":"2025-04-10T16:46:41","modified_gmt":"2025-04-10T14:46:41","slug":"svr-sensifine-ar-eau-micellaire-400ml","status":"publish","type":"product","link":"https:\/\/ellypara.com\/index.php\/produit\/svr-sensifine-ar-eau-micellaire-400ml\/","title":{"rendered":"SVR Sensifine AR Eau Micellaire 400ml"},"content":{"rendered":"<p><strong>L\u2019Eau Micellaire D\u00e9maquillante Sensifine AR<\/strong>\u00a0de\u00a0<strong>SVR<\/strong>\u00a0est un soin con\u00e7u pour nettoyer les peaux sensibles \u00e0 tendance couperosique sans irriter ni ass\u00e9cher. Sa formule enrichie en agent hydratant et niacinamide, assure un nettoyage en douceur et efficace. Elle \u00e9limine toutes les impuret\u00e9s du visage, les r\u00e9sidus de maquillage m\u00eame waterproof et de pollution pour un r\u00e9sultat net et propre.<\/p>\n<p>La peau est rafra\u00eechie, lisse sans sensations d\u2019\u00e9chauffement ou sans rougeurs.<\/p>\n<p>Sans parfum, alcool, paraben, huile min\u00e9rale.<\/p>\n<p>Pour les peaux grasses et sensibles, nous vous pr\u00e9conisons l\u2019utilsation de l\u2019eau micellaire Sebiaclear SVR.<\/p>\n<p><strong>Composition :<\/strong><\/p>\n<p>Formule INCI : Aqua (Purified Water), Propanediol, PEG-6 Caprylic\/Capric Glycerides, PEG-7 Glyceryl Cocoate, Pentylene glycol, Polysorbate 20, Niacinamide, 1,2-Hexanediol, Citric Acid, Sodium Hydroxide, Cetrimonium Bromide.<\/p>\n<p><strong>Conseil d\u2019utilisation :<\/strong><\/p>\n<p>Appliquer sur le visage, les yeux et les l\u00e8vres \u00e0 l\u2019aide d\u2019un coton.<br \/>\nSans rin\u00e7age.<\/p>\n<p><strong>VARIANTES DE L\u2019ARTICLE<\/strong><\/p>\n<p>SVR Sensifine AR eau micellaire \u2013 Contenance : 200 ml<\/p>\n","protected":false},"excerpt":{"rendered":"<p><strong>SVR Sensifine AR Eau Micellaire 400 ml<\/strong> est une eau micellaire qui permet de d\u00e9maquiller et soulager les peaux sensibles \u00e0 rougeurs et\/ou \u00e0 tendance cuperosique.<\/p>\n","protected":false},"featured_media":1177,"comment_status":"open","ping_status":"closed","template":"","meta":{"ocean_post_layout":"","ocean_both_sidebars_style":"","ocean_both_sidebars_content_width":0,"ocean_both_sidebars_sidebars_width":0,"ocean_sidebar":"0","ocean_second_sidebar":"0","ocean_disable_margins":"enable","ocean_add_body_class":"","ocean_shortcode_before_top_bar":"","ocean_shortcode_after_top_bar":"","ocean_shortcode_before_header":"","ocean_shortcode_after_header":"","ocean_has_shortcode":"","ocean_shortcode_after_title":"","ocean_shortcode_before_footer_widgets":"","ocean_shortcode_after_footer_widgets":"","ocean_shortcode_before_footer_bottom":"","ocean_shortcode_after_footer_bottom":"","ocean_display_top_bar":"default","ocean_display_header":"default","ocean_header_style":"","ocean_center_header_left_menu":"0","ocean_custom_header_template":"0","ocean_custom_logo":0,"ocean_custom_retina_logo":0,"ocean_custom_logo_max_width":0,"ocean_custom_logo_tablet_max_width":0,"ocean_custom_logo_mobile_max_width":0,"ocean_custom_logo_max_height":0,"ocean_custom_logo_tablet_max_height":0,"ocean_custom_logo_mobile_max_height":0,"ocean_header_custom_menu":"0","ocean_menu_typo_font_family":"0","ocean_menu_typo_font_subset":"","ocean_menu_typo_font_size":0,"ocean_menu_typo_font_size_tablet":0,"ocean_menu_typo_font_size_mobile":0,"ocean_menu_typo_font_size_unit":"px","ocean_menu_typo_font_weight":"","ocean_menu_typo_font_weight_tablet":"","ocean_menu_typo_font_weight_mobile":"","ocean_menu_typo_transform":"","ocean_menu_typo_transform_tablet":"","ocean_menu_typo_transform_mobile":"","ocean_menu_typo_line_height":0,"ocean_menu_typo_line_height_tablet":0,"ocean_menu_typo_line_height_mobile":0,"ocean_menu_typo_line_height_unit":"","ocean_menu_typo_spacing":0,"ocean_menu_typo_spacing_tablet":0,"ocean_menu_typo_spacing_mobile":0,"ocean_menu_typo_spacing_unit":"","ocean_menu_link_color":"","ocean_menu_link_color_hover":"","ocean_menu_link_color_active":"","ocean_menu_link_background":"","ocean_menu_link_hover_background":"","ocean_menu_link_active_background":"","ocean_menu_social_links_bg":"","ocean_menu_social_hover_links_bg":"","ocean_menu_social_links_color":"","ocean_menu_social_hover_links_color":"","ocean_disable_title":"default","ocean_disable_heading":"default","ocean_post_title":"","ocean_post_subheading":"","ocean_post_title_style":"","ocean_post_title_background_color":"","ocean_post_title_background":0,"ocean_post_title_bg_image_position":"","ocean_post_title_bg_image_attachment":"","ocean_post_title_bg_image_repeat":"","ocean_post_title_bg_image_size":"","ocean_post_title_height":0,"ocean_post_title_bg_overlay":0.5,"ocean_post_title_bg_overlay_color":"","ocean_disable_breadcrumbs":"default","ocean_breadcrumbs_color":"","ocean_breadcrumbs_separator_color":"","ocean_breadcrumbs_links_color":"","ocean_breadcrumbs_links_hover_color":"","ocean_display_footer_widgets":"default","ocean_display_footer_bottom":"default","ocean_custom_footer_template":"0"},"product_brand":[],"product_cat":[41,37,43,21],"product_tag":[],"class_list":{"0":"post-1176","1":"product","2":"type-product","3":"status-publish","4":"has-post-thumbnail","6":"product_cat-nettoyants-visage","7":"product_cat-soins-peau-grasse","8":"product_cat-soins-anti-rougeurs-et-peau-sensible","9":"product_cat-visage","11":"entry","12":"has-media","14":"first","15":"instock","16":"taxable","17":"shipping-taxable","18":"purchasable","19":"product-type-simple","20":"has-product-nav","21":"col","22":"span_1_of_3","23":"owp-content-center","24":"owp-thumbs-layout-horizontal","25":"owp-btn-normal","26":"owp-tabs-layout-horizontal","27":"has-no-thumbnails"},"_links":{"self":[{"href":"https:\/\/ellypara.com\/index.php\/wp-json\/wp\/v2\/product\/1176","targetHints":{"allow":["GET"]}}],"collection":[{"href":"https:\/\/ellypara.com\/index.php\/wp-json\/wp\/v2\/product"}],"about":[{"href":"https:\/\/ellypara.com\/index.php\/wp-json\/wp\/v2\/types\/product"}],"replies":[{"embeddable":true,"href":"https:\/\/ellypara.com\/index.php\/wp-json\/wp\/v2\/comments?post=1176"}],"wp:featuredmedia":[{"embeddable":true,"href":"https:\/\/ellypara.com\/index.php\/wp-json\/wp\/v2\/media\/1177"}],"wp:attachment":[{"href":"https:\/\/ellypara.com\/index.php\/wp-json\/wp\/v2\/media?parent=1176"}],"wp:term":[{"taxonomy":"product_brand","embeddable":true,"href":"https:\/\/ellypara.com\/index.php\/wp-json\/wp\/v2\/product_brand?post=1176"},{"taxonomy":"product_cat","embeddable":true,"href":"https:\/\/ellypara.com\/index.php\/wp-json\/wp\/v2\/product_cat?post=1176"},{"taxonomy":"product_tag","embeddable":true,"href":"https:\/\/ellypara.com\/index.php\/wp-json\/wp\/v2\/product_tag?post=1176"}],"curies":[{"name":"wp","href":"https:\/\/api.w.org\/{rel}","templated":true}]}}