{"id":1182,"date":"2025-04-10T17:43:20","date_gmt":"2025-04-10T15:43:20","guid":{"rendered":"https:\/\/ellypara.com\/?post_type=product&#038;p=1182"},"modified":"2025-04-10T17:43:20","modified_gmt":"2025-04-10T15:43:20","slug":"svr-sensifine-dermo-nettoyant-200ml","status":"publish","type":"product","link":"https:\/\/ellypara.com\/index.php\/produit\/svr-sensifine-dermo-nettoyant-200ml\/","title":{"rendered":"SVR Sensifine Dermo-Nettoyant 200ml"},"content":{"rendered":"<p><strong>Le laboratoire SVR<\/strong>\u00a0a d\u00e9velopp\u00e9 un\u00a0<strong>Dermo-Nettoyant<\/strong>\u00a0innovant, sp\u00e9cialement adapt\u00e9 aux peaux hypersensibles qui lib\u00e8rent ses principes actifs au contact de la peau, aux vertus r\u00e9paratrices et hydratantes afin de vous apporter confort et apaisement lors de votre d\u00e9maquillage.<\/p>\n<p>Il va permettre de vous d\u00e9barrasser en douceur de toutes impuret\u00e9s accumul\u00e9es le long de la journ\u00e9e sur les zones telles que le visage, les yeux et les l\u00e8vres.<\/p>\n<p>Formul\u00e9 avec un agent hydratant et de la niacinamide, ce dermo-nettoyant sous forme de lait pr\u00e9serve la peau et diminue significativement les sensations d\u2019inconfort, de tiraillements, de picotements.<\/p>\n<p>Test\u00e9 sous contr\u00f4le dermatologique, ophtalmique, convient aux porteurs de lentilles.<\/p>\n<p><strong>Indications :<\/strong><\/p>\n<p>Lait d\u00e9maquillant pour les peaux r\u00e9actives et intol\u00e9rantes.<\/p>\n<p><strong>Conseils d\u2019utilisation :<\/strong><\/p>\n<p>Appliquer du bout des doigts par de l\u00e9gers massages puis tamponner avec un coton sans frotter. Rincer ou ne pas rincer.<\/p>\n<p><strong>Composition :<\/strong><\/p>\n<p>Aqua (purified water), hexyldecyl stearate, propanediol, niacinamide, 1-2 hexanediol, ammonium acryloyldimethyltaurate\/vp copolymer, caprylyl glycol, pentylene glycol, xanthan gum.<\/p>\n<p><strong>Conditionnement :<\/strong><\/p>\n<p>Flacon-pompe de 200ml.<\/p>\n","protected":false},"excerpt":{"rendered":"<p><strong>SVR Sensifine Dermo-Nettoyant 200 ml<\/strong> est un d\u00e9maquillant qui nettoie, d\u00e9maquille et soulage les peaux r\u00e9actives, hypersensibles et intol\u00e9rantes.<\/p>\n","protected":false},"featured_media":1183,"comment_status":"open","ping_status":"closed","template":"","meta":{"ocean_post_layout":"","ocean_both_sidebars_style":"","ocean_both_sidebars_content_width":0,"ocean_both_sidebars_sidebars_width":0,"ocean_sidebar":"0","ocean_second_sidebar":"0","ocean_disable_margins":"enable","ocean_add_body_class":"","ocean_shortcode_before_top_bar":"","ocean_shortcode_after_top_bar":"","ocean_shortcode_before_header":"","ocean_shortcode_after_header":"","ocean_has_shortcode":"","ocean_shortcode_after_title":"","ocean_shortcode_before_footer_widgets":"","ocean_shortcode_after_footer_widgets":"","ocean_shortcode_before_footer_bottom":"","ocean_shortcode_after_footer_bottom":"","ocean_display_top_bar":"default","ocean_display_header":"default","ocean_header_style":"","ocean_center_header_left_menu":"0","ocean_custom_header_template":"0","ocean_custom_logo":0,"ocean_custom_retina_logo":0,"ocean_custom_logo_max_width":0,"ocean_custom_logo_tablet_max_width":0,"ocean_custom_logo_mobile_max_width":0,"ocean_custom_logo_max_height":0,"ocean_custom_logo_tablet_max_height":0,"ocean_custom_logo_mobile_max_height":0,"ocean_header_custom_menu":"0","ocean_menu_typo_font_family":"0","ocean_menu_typo_font_subset":"","ocean_menu_typo_font_size":0,"ocean_menu_typo_font_size_tablet":0,"ocean_menu_typo_font_size_mobile":0,"ocean_menu_typo_font_size_unit":"px","ocean_menu_typo_font_weight":"","ocean_menu_typo_font_weight_tablet":"","ocean_menu_typo_font_weight_mobile":"","ocean_menu_typo_transform":"","ocean_menu_typo_transform_tablet":"","ocean_menu_typo_transform_mobile":"","ocean_menu_typo_line_height":0,"ocean_menu_typo_line_height_tablet":0,"ocean_menu_typo_line_height_mobile":0,"ocean_menu_typo_line_height_unit":"","ocean_menu_typo_spacing":0,"ocean_menu_typo_spacing_tablet":0,"ocean_menu_typo_spacing_mobile":0,"ocean_menu_typo_spacing_unit":"","ocean_menu_link_color":"","ocean_menu_link_color_hover":"","ocean_menu_link_color_active":"","ocean_menu_link_background":"","ocean_menu_link_hover_background":"","ocean_menu_link_active_background":"","ocean_menu_social_links_bg":"","ocean_menu_social_hover_links_bg":"","ocean_menu_social_links_color":"","ocean_menu_social_hover_links_color":"","ocean_disable_title":"default","ocean_disable_heading":"default","ocean_post_title":"","ocean_post_subheading":"","ocean_post_title_style":"","ocean_post_title_background_color":"","ocean_post_title_background":0,"ocean_post_title_bg_image_position":"","ocean_post_title_bg_image_attachment":"","ocean_post_title_bg_image_repeat":"","ocean_post_title_bg_image_size":"","ocean_post_title_height":0,"ocean_post_title_bg_overlay":0.5,"ocean_post_title_bg_overlay_color":"","ocean_disable_breadcrumbs":"default","ocean_breadcrumbs_color":"","ocean_breadcrumbs_separator_color":"","ocean_breadcrumbs_links_color":"","ocean_breadcrumbs_links_hover_color":"","ocean_display_footer_widgets":"default","ocean_display_footer_bottom":"default","ocean_custom_footer_template":"0"},"product_brand":[],"product_cat":[41,21],"product_tag":[],"class_list":{"0":"post-1182","1":"product","2":"type-product","3":"status-publish","4":"has-post-thumbnail","6":"product_cat-nettoyants-visage","7":"product_cat-visage","9":"entry","10":"has-media","12":"first","13":"instock","14":"taxable","15":"shipping-taxable","16":"purchasable","17":"product-type-simple","18":"has-product-nav","19":"col","20":"span_1_of_3","21":"owp-content-center","22":"owp-thumbs-layout-horizontal","23":"owp-btn-normal","24":"owp-tabs-layout-horizontal","25":"has-no-thumbnails"},"_links":{"self":[{"href":"https:\/\/ellypara.com\/index.php\/wp-json\/wp\/v2\/product\/1182","targetHints":{"allow":["GET"]}}],"collection":[{"href":"https:\/\/ellypara.com\/index.php\/wp-json\/wp\/v2\/product"}],"about":[{"href":"https:\/\/ellypara.com\/index.php\/wp-json\/wp\/v2\/types\/product"}],"replies":[{"embeddable":true,"href":"https:\/\/ellypara.com\/index.php\/wp-json\/wp\/v2\/comments?post=1182"}],"wp:featuredmedia":[{"embeddable":true,"href":"https:\/\/ellypara.com\/index.php\/wp-json\/wp\/v2\/media\/1183"}],"wp:attachment":[{"href":"https:\/\/ellypara.com\/index.php\/wp-json\/wp\/v2\/media?parent=1182"}],"wp:term":[{"taxonomy":"product_brand","embeddable":true,"href":"https:\/\/ellypara.com\/index.php\/wp-json\/wp\/v2\/product_brand?post=1182"},{"taxonomy":"product_cat","embeddable":true,"href":"https:\/\/ellypara.com\/index.php\/wp-json\/wp\/v2\/product_cat?post=1182"},{"taxonomy":"product_tag","embeddable":true,"href":"https:\/\/ellypara.com\/index.php\/wp-json\/wp\/v2\/product_tag?post=1182"}],"curies":[{"name":"wp","href":"https:\/\/api.w.org\/{rel}","templated":true}]}}