{"id":1194,"date":"2025-04-11T18:05:35","date_gmt":"2025-04-11T16:05:35","guid":{"rendered":"https:\/\/ellypara.com\/?post_type=product&#038;p=1194"},"modified":"2025-04-11T18:05:36","modified_gmt":"2025-04-11T16:05:36","slug":"svr-sensifine-masque-sos-hydratant-apaisant-75ml","status":"publish","type":"product","link":"https:\/\/ellypara.com\/index.php\/produit\/svr-sensifine-masque-sos-hydratant-apaisant-75ml\/","title":{"rendered":"SVR Sensifine Masque SOS Hydratant Apaisant 75ml"},"content":{"rendered":"<p>Le <strong>Masque SOS Sensifine de SVR<\/strong>\u00a0est adapt\u00e9 \u00e0 tous les types de peaux, m\u00eame les plus sensibles.<\/p>\n<p>Il\u00a0<strong>soulage les peaux sensibilis\u00e9es<\/strong>\u00a0par l\u2019environnement ou le mode de vie.<\/p>\n<p>Ce masque aide \u00e0 \u00e9viter les sensations de<strong>\u00a0tiraillements<\/strong>, de\u00a0<strong>s\u00e9cheresse<\/strong>\u00a0et les\u00a0<strong>r\u00e9actions cutan\u00e9es<\/strong>.<\/p>\n<p>Sa formule contenant<strong>\u00a010 ingr\u00e9dients<\/strong>\u00a0est minimaliste et hautement concentr\u00e9e en actifs apaisants et nourrissants, pour une peau confortable sur la dur\u00e9e.<\/p>\n<p>\u2013 Le\u00a0<strong>panth\u00e9nol<\/strong>\u00a0est un actif dont les vertues sont apaisantes.<\/p>\n<p>\u2013 Le<strong>\u00a0beurre de karit\u00e9<\/strong>\u00a0et le\u00a0<strong>Squalane<\/strong>\u00a0ont des vertues hydratante et nourrissante, et prot\u00e8gent la peau.<\/p>\n<p>\u2013 L\u2019<strong>argile rose<\/strong>\u00a0r\u00e9pare, d\u00e9toxifie, purifie et redonne fraicheur \u00e0 la peau.<\/p>\n<p>\u2013 La\u00a0<strong>Vitamine B12<\/strong>\u00a0contribue \u00e0 apaiser et r\u00e9g\u00e9n\u00e9rer la peau. Elle donne au masque cette couleur naturellement rose.<\/p>\n<p>Sensifine masque SOS s\u2019applique sur le\u00a0<strong>visage et le cou<\/strong>.<\/p>\n<p>Sa\u00a0<strong>texture onctueuse<\/strong>\u00a0fond au contact de la peau pour une douceur intense.<\/p>\n<p><strong>Composition<\/strong><\/p>\n<p>AQUA\/WATER\/EAU, ORBIGNYA OLEIFERA SEED OIL, GLYCERIN, CETYL ALCOHOL, 1,2-HEXANEDIOL, SODIUM POLYACRYLATE, CYANOCOBALAMIN, PANTHENOL, PENTAERYTHRITYL TETRA-DI-T-BUTYL HYDROXYHYDROCINNAMATE, CAPRYLYL GLYCOL<\/p>\n<p><strong>Conseil d\u2019utilisation<\/strong><\/p>\n<p>Profitez d\u2019un moment bien-\u00eatre rien qu\u2019\u00e0 vous pour utiliser le masque en masque de nuit ou en pose rapide SOS 10 minutes avant d\u2019attaquer la journ\u00e9e. D\u00e9cidez et profitez !<\/p>\n<p>Utilisez votre masque 1 \u00e0 2 fois par semaine, de 2 fa\u00e7ons et \u00e0 chaque fois sans rin\u00e7age :<\/p>\n<p><strong>SLEEPING MASK :<\/strong><\/p>\n<p>Pour apaiser les peaux en crise, appliquer le soir une fine couche homog\u00e8ne avec la pointe des doigts sur une peau propre et s\u00e8che. Laissez infuser les actifs toute la nuit. Au r\u00e9veil, votre peau est confortable et pr\u00eate \u00e0 attaquer la journ\u00e9e.<\/p>\n<p><strong>MASQUE SOS :<\/strong><\/p>\n<p>Pour r\u00e9duire la r\u00e9activit\u00e9 de la peau, appliquer en couche \u00e9paisse, laissez poser 5\/10 minutes puis retirer d\u00e9licatement l\u2019exc\u00e9dent si n\u00e9cessaire.<\/p>\n<p>Vous pouvez appliquer votre masque sur le contour des yeux et sur les paupi\u00e8res.<br \/>\nEn cas de picotements aux yeux, rincez-les abondamment.<\/p>\n<ul>\n<li><strong>Pour qui :<\/strong>\u00a0Les peaux sensibles, intol\u00e9rantes, poly-allergiques.<\/li>\n<li><strong>R\u00e9sultats beaut\u00e9 :<\/strong>\u00a0La peau retrouve confort, hydratation et apaisement.<\/li>\n<li><strong>Actifs :<\/strong>\u00a0Panth\u00e9nol, Beurre de Karit\u00e9, Squalane, Glyc\u00e9rine V\u00e9g\u00e9tale, Argile Rose, Vitamine B12.<\/li>\n<li><strong>On aime :<\/strong>\u00a0Sa formule compos\u00e9e \u00e0 99,9% d\u2019ingr\u00e9dients d\u2019origine naturelle.<\/li>\n<\/ul>\n","protected":false},"excerpt":{"rendered":"<p><strong>SVR Sensifine Masque Sos Hydratant Apaisant 75ml<\/strong> est con\u00e7u pour hydrater, apaiser et restaurer le confort des peaux sensibles et allergiques en seulement 10 minutes.<\/p>\n","protected":false},"featured_media":1196,"comment_status":"open","ping_status":"closed","template":"","meta":{"ocean_post_layout":"","ocean_both_sidebars_style":"","ocean_both_sidebars_content_width":0,"ocean_both_sidebars_sidebars_width":0,"ocean_sidebar":"0","ocean_second_sidebar":"0","ocean_disable_margins":"enable","ocean_add_body_class":"","ocean_shortcode_before_top_bar":"","ocean_shortcode_after_top_bar":"","ocean_shortcode_before_header":"","ocean_shortcode_after_header":"","ocean_has_shortcode":"","ocean_shortcode_after_title":"","ocean_shortcode_before_footer_widgets":"","ocean_shortcode_after_footer_widgets":"","ocean_shortcode_before_footer_bottom":"","ocean_shortcode_after_footer_bottom":"","ocean_display_top_bar":"default","ocean_display_header":"default","ocean_header_style":"","ocean_center_header_left_menu":"0","ocean_custom_header_template":"0","ocean_custom_logo":0,"ocean_custom_retina_logo":0,"ocean_custom_logo_max_width":0,"ocean_custom_logo_tablet_max_width":0,"ocean_custom_logo_mobile_max_width":0,"ocean_custom_logo_max_height":0,"ocean_custom_logo_tablet_max_height":0,"ocean_custom_logo_mobile_max_height":0,"ocean_header_custom_menu":"0","ocean_menu_typo_font_family":"0","ocean_menu_typo_font_subset":"","ocean_menu_typo_font_size":0,"ocean_menu_typo_font_size_tablet":0,"ocean_menu_typo_font_size_mobile":0,"ocean_menu_typo_font_size_unit":"px","ocean_menu_typo_font_weight":"","ocean_menu_typo_font_weight_tablet":"","ocean_menu_typo_font_weight_mobile":"","ocean_menu_typo_transform":"","ocean_menu_typo_transform_tablet":"","ocean_menu_typo_transform_mobile":"","ocean_menu_typo_line_height":0,"ocean_menu_typo_line_height_tablet":0,"ocean_menu_typo_line_height_mobile":0,"ocean_menu_typo_line_height_unit":"","ocean_menu_typo_spacing":0,"ocean_menu_typo_spacing_tablet":0,"ocean_menu_typo_spacing_mobile":0,"ocean_menu_typo_spacing_unit":"","ocean_menu_link_color":"","ocean_menu_link_color_hover":"","ocean_menu_link_color_active":"","ocean_menu_link_background":"","ocean_menu_link_hover_background":"","ocean_menu_link_active_background":"","ocean_menu_social_links_bg":"","ocean_menu_social_hover_links_bg":"","ocean_menu_social_links_color":"","ocean_menu_social_hover_links_color":"","ocean_disable_title":"default","ocean_disable_heading":"default","ocean_post_title":"","ocean_post_subheading":"","ocean_post_title_style":"","ocean_post_title_background_color":"","ocean_post_title_background":0,"ocean_post_title_bg_image_position":"","ocean_post_title_bg_image_attachment":"","ocean_post_title_bg_image_repeat":"","ocean_post_title_bg_image_size":"","ocean_post_title_height":0,"ocean_post_title_bg_overlay":0.5,"ocean_post_title_bg_overlay_color":"","ocean_disable_breadcrumbs":"default","ocean_breadcrumbs_color":"","ocean_breadcrumbs_separator_color":"","ocean_breadcrumbs_links_color":"","ocean_breadcrumbs_links_hover_color":"","ocean_display_footer_widgets":"default","ocean_display_footer_bottom":"default","ocean_custom_footer_template":"0"},"product_brand":[],"product_cat":[37,42,35,21],"product_tag":[],"class_list":{"0":"post-1194","1":"product","2":"type-product","3":"status-publish","4":"has-post-thumbnail","6":"product_cat-soins-peau-grasse","7":"product_cat-peaux-seches","8":"product_cat-soins-hydratants-et-nourrissants","9":"product_cat-visage","11":"entry","12":"has-media","14":"first","15":"instock","16":"taxable","17":"shipping-taxable","18":"purchasable","19":"product-type-simple","20":"has-product-nav","21":"col","22":"span_1_of_3","23":"owp-content-center","24":"owp-thumbs-layout-horizontal","25":"owp-btn-normal","26":"owp-tabs-layout-horizontal"},"_links":{"self":[{"href":"https:\/\/ellypara.com\/index.php\/wp-json\/wp\/v2\/product\/1194","targetHints":{"allow":["GET"]}}],"collection":[{"href":"https:\/\/ellypara.com\/index.php\/wp-json\/wp\/v2\/product"}],"about":[{"href":"https:\/\/ellypara.com\/index.php\/wp-json\/wp\/v2\/types\/product"}],"replies":[{"embeddable":true,"href":"https:\/\/ellypara.com\/index.php\/wp-json\/wp\/v2\/comments?post=1194"}],"wp:featuredmedia":[{"embeddable":true,"href":"https:\/\/ellypara.com\/index.php\/wp-json\/wp\/v2\/media\/1196"}],"wp:attachment":[{"href":"https:\/\/ellypara.com\/index.php\/wp-json\/wp\/v2\/media?parent=1194"}],"wp:term":[{"taxonomy":"product_brand","embeddable":true,"href":"https:\/\/ellypara.com\/index.php\/wp-json\/wp\/v2\/product_brand?post=1194"},{"taxonomy":"product_cat","embeddable":true,"href":"https:\/\/ellypara.com\/index.php\/wp-json\/wp\/v2\/product_cat?post=1194"},{"taxonomy":"product_tag","embeddable":true,"href":"https:\/\/ellypara.com\/index.php\/wp-json\/wp\/v2\/product_tag?post=1194"}],"curies":[{"name":"wp","href":"https:\/\/api.w.org\/{rel}","templated":true}]}}