{"id":1204,"date":"2025-04-11T18:38:28","date_gmt":"2025-04-11T16:38:28","guid":{"rendered":"https:\/\/ellypara.com\/?post_type=product&#038;p=1204"},"modified":"2025-04-11T18:38:28","modified_gmt":"2025-04-11T16:38:28","slug":"svr-spirial-creme-anti-transpirante-50ml","status":"publish","type":"product","link":"https:\/\/ellypara.com\/index.php\/produit\/svr-spirial-creme-anti-transpirante-50ml\/","title":{"rendered":"SVR Spirial Cr\u00e8me Anti-Transpirante 50ml"},"content":{"rendered":"<p>Pour lutter contre la transpiration normale \u00e0 excessive,\u00a0le laboratoire SVR\u00a0vous propose une innovation pour vos aisselles, pieds, mains, plis et visage :\u00a0<strong>Spirial Cr\u00e8me Anti-Transpirante 50ml<\/strong>.<\/p>\n<p>D\u2019une efficacit\u00e9 de 24h aux vertus sudo-r\u00e9gulatrice, elle permet de r\u00e9guler la transpiration normale et excessive et emp\u00eache la formation d\u2019odeurs sur les zones concern\u00e9es.<\/p>\n<p>Sa texture a\u00e9rienne ne colle pas au contact de votre peau et ne provoque aucune t\u00e2che.<\/p>\n<p>Formul\u00e9 pour r\u00e9pondre \u00e0 tout type de peaux et sp\u00e9cialement les peaux sensibles, ce d\u00e9odorant cr\u00e8me ne contient pas d\u2019alcool ou de parfum. Elle est \u00e9galement sans propyl\u00e8ne glycol.<\/p>\n<p>Hypoallerg\u00e9nique, non com\u00e9dog\u00e8ne.<\/p>\n<p><strong>Indications :<\/strong><\/p>\n<p>Convient \u00e0 tous les types de peaux, m\u00eame les plus sensibles.<\/p>\n<p><strong>Conseils d\u2019utilisation :<\/strong><\/p>\n<p>Appliquer au quotidien sur peau propre et s\u00e8che.<\/p>\n<p><strong>Composition :<\/strong><\/p>\n<p>Aqua (purified water), cyclopentasiloxane, aluminium chlorohydrate, cetearyl alcohol, dicaprylyl carbonate, arachidyl alcohol, glycerin, methyl methacrylate crosspolymer, behenyl alcohol, ceteareth-33, arachidyl glucoside, sclerotium gum, 1,2- hexanediol, caprylyl glycol, tropolone, tocopherol.<\/p>\n<p><strong>Conditionnement :<\/strong><\/p>\n<p>1 tube de 50ml.<\/p>\n","protected":false},"excerpt":{"rendered":"<p><strong>SVR Spirial D\u00e9o-Cr\u00e8me Anti-Transpirant Intense 48H 50 ml<\/strong> est un d\u00e9odorant anti-traces blanches et jaunes, sp\u00e9cialement destin\u00e9 aux peaux sensibles.<\/p>\n","protected":false},"featured_media":1206,"comment_status":"open","ping_status":"closed","template":"","meta":{"ocean_post_layout":"","ocean_both_sidebars_style":"","ocean_both_sidebars_content_width":0,"ocean_both_sidebars_sidebars_width":0,"ocean_sidebar":"0","ocean_second_sidebar":"0","ocean_disable_margins":"enable","ocean_add_body_class":"","ocean_shortcode_before_top_bar":"","ocean_shortcode_after_top_bar":"","ocean_shortcode_before_header":"","ocean_shortcode_after_header":"","ocean_has_shortcode":"","ocean_shortcode_after_title":"","ocean_shortcode_before_footer_widgets":"","ocean_shortcode_after_footer_widgets":"","ocean_shortcode_before_footer_bottom":"","ocean_shortcode_after_footer_bottom":"","ocean_display_top_bar":"default","ocean_display_header":"default","ocean_header_style":"","ocean_center_header_left_menu":"0","ocean_custom_header_template":"0","ocean_custom_logo":0,"ocean_custom_retina_logo":0,"ocean_custom_logo_max_width":0,"ocean_custom_logo_tablet_max_width":0,"ocean_custom_logo_mobile_max_width":0,"ocean_custom_logo_max_height":0,"ocean_custom_logo_tablet_max_height":0,"ocean_custom_logo_mobile_max_height":0,"ocean_header_custom_menu":"0","ocean_menu_typo_font_family":"0","ocean_menu_typo_font_subset":"","ocean_menu_typo_font_size":0,"ocean_menu_typo_font_size_tablet":0,"ocean_menu_typo_font_size_mobile":0,"ocean_menu_typo_font_size_unit":"px","ocean_menu_typo_font_weight":"","ocean_menu_typo_font_weight_tablet":"","ocean_menu_typo_font_weight_mobile":"","ocean_menu_typo_transform":"","ocean_menu_typo_transform_tablet":"","ocean_menu_typo_transform_mobile":"","ocean_menu_typo_line_height":0,"ocean_menu_typo_line_height_tablet":0,"ocean_menu_typo_line_height_mobile":0,"ocean_menu_typo_line_height_unit":"","ocean_menu_typo_spacing":0,"ocean_menu_typo_spacing_tablet":0,"ocean_menu_typo_spacing_mobile":0,"ocean_menu_typo_spacing_unit":"","ocean_menu_link_color":"","ocean_menu_link_color_hover":"","ocean_menu_link_color_active":"","ocean_menu_link_background":"","ocean_menu_link_hover_background":"","ocean_menu_link_active_background":"","ocean_menu_social_links_bg":"","ocean_menu_social_hover_links_bg":"","ocean_menu_social_links_color":"","ocean_menu_social_hover_links_color":"","ocean_disable_title":"default","ocean_disable_heading":"default","ocean_post_title":"","ocean_post_subheading":"","ocean_post_title_style":"","ocean_post_title_background_color":"","ocean_post_title_background":0,"ocean_post_title_bg_image_position":"","ocean_post_title_bg_image_attachment":"","ocean_post_title_bg_image_repeat":"","ocean_post_title_bg_image_size":"","ocean_post_title_height":0,"ocean_post_title_bg_overlay":0.5,"ocean_post_title_bg_overlay_color":"","ocean_disable_breadcrumbs":"default","ocean_breadcrumbs_color":"","ocean_breadcrumbs_separator_color":"","ocean_breadcrumbs_links_color":"","ocean_breadcrumbs_links_hover_color":"","ocean_display_footer_widgets":"default","ocean_display_footer_bottom":"default","ocean_custom_footer_template":"0"},"product_brand":[],"product_cat":[86,44],"product_tag":[],"class_list":{"0":"post-1204","1":"product","2":"type-product","3":"status-publish","4":"has-post-thumbnail","6":"product_cat-deodorants-et-anti-transpirants","7":"product_cat-hygiene","9":"entry","10":"has-media","12":"first","13":"outofstock","14":"taxable","15":"shipping-taxable","16":"purchasable","17":"product-type-simple","18":"has-product-nav","19":"col","20":"span_1_of_3","21":"owp-content-center","22":"owp-thumbs-layout-horizontal","23":"owp-btn-normal","24":"owp-tabs-layout-horizontal"},"_links":{"self":[{"href":"https:\/\/ellypara.com\/index.php\/wp-json\/wp\/v2\/product\/1204","targetHints":{"allow":["GET"]}}],"collection":[{"href":"https:\/\/ellypara.com\/index.php\/wp-json\/wp\/v2\/product"}],"about":[{"href":"https:\/\/ellypara.com\/index.php\/wp-json\/wp\/v2\/types\/product"}],"replies":[{"embeddable":true,"href":"https:\/\/ellypara.com\/index.php\/wp-json\/wp\/v2\/comments?post=1204"}],"wp:featuredmedia":[{"embeddable":true,"href":"https:\/\/ellypara.com\/index.php\/wp-json\/wp\/v2\/media\/1206"}],"wp:attachment":[{"href":"https:\/\/ellypara.com\/index.php\/wp-json\/wp\/v2\/media?parent=1204"}],"wp:term":[{"taxonomy":"product_brand","embeddable":true,"href":"https:\/\/ellypara.com\/index.php\/wp-json\/wp\/v2\/product_brand?post=1204"},{"taxonomy":"product_cat","embeddable":true,"href":"https:\/\/ellypara.com\/index.php\/wp-json\/wp\/v2\/product_cat?post=1204"},{"taxonomy":"product_tag","embeddable":true,"href":"https:\/\/ellypara.com\/index.php\/wp-json\/wp\/v2\/product_tag?post=1204"}],"curies":[{"name":"wp","href":"https:\/\/api.w.org\/{rel}","templated":true}]}}