{"id":1259,"date":"2025-04-12T14:03:41","date_gmt":"2025-04-12T12:03:41","guid":{"rendered":"https:\/\/ellypara.com\/?post_type=product&#038;p=1259"},"modified":"2025-04-12T14:03:41","modified_gmt":"2025-04-12T12:03:41","slug":"nuxe-huile-prodigieuse-100ml","status":"publish","type":"product","link":"https:\/\/ellypara.com\/index.php\/produit\/nuxe-huile-prodigieuse-100ml\/","title":{"rendered":"NUXE Huile prodigieuse 100ml"},"content":{"rendered":"<p>Succombez au cocktail mythique de 7 huiles pr\u00e9cieuses 100% v\u00e9g\u00e9tales de l\u2019Huile Prodigieuse\u00ae, pour nourrir, r\u00e9parer et sublimer en un seul geste visage, corps et cheveuxn. L\u2019Huile Prodigieuse\u00ae vous fait rayonner d\u2019un irr\u00e9sistible \u00e9clat satin\u00e9 sans fini gras gr\u00e2ce \u00e0 sa texture au toucher sec inimitable. Elle sublime tous les types de peaux. Son parfum addictif de soleil et de sable chaud vous fait rayonner de sensualit\u00e9.<\/p>\n<p>Son efficacit\u00e9 est prouv\u00e9e\u00a0 \u2013 Une action protectrice anti-pollution \u2013 Elle att\u00e9nue l\u2019apparence des vergetures- Hydratation longue dur\u00e9e- Elle est plus douce pour 100%(1) des femmes, nourrie et r\u00e9par\u00e9e pour 97%(1) d\u2018entre elles.<\/p>\n<p>Les cheveux sont nourris, r\u00e9par\u00e9s et souples.(1)Test d\u2019usage \u2013 29 volontaires. % de satisfaction apr\u00e8s 28 jours d\u2019utilisation.Soin formul\u00e9 et fabriqu\u00e9 en France.Formule vegan, sans ingr\u00e9dients ni d\u00e9riv\u00e9s d\u2019origine animale. 98% d\u2019ingr\u00e9dients d\u2019origine naturelle<\/p>\n<p><strong>Conseils d\u2019utilisation<\/strong><\/p>\n<p>Comment utiliser l\u2019huile prodigieuse de NUXE ?<\/p>\n<p>Utiliser l\u2019Huile Prodigieuse toute l\u2019ann\u00e9e, hiver comme \u00e9t\u00e9, sur le visage, le corps et les cheveux.<\/p>\n<p>Sur le visage : Appliquez une fois par jour par mouvements de lissage du centre vers le contour du visage et sur le d\u00e9collet\u00e9.<br \/>\nElle peut s\u2019utiliser seule ou en m\u00e9langeant quelques gouttes dans le creux de la main avec son soin quotidien habituel.<\/p>\n<p>Sur le corps : Massez en mouvements circulaires sur les zones d\u00e9sir\u00e9es (buste, jambes,\u2026) et sur les vergetures.<\/p>\n<p>Sur les cheveux : S\u2019utilise en huile capillaire sur les longueurs et les pointes aussi souvent que n\u00e9cessaire.<br \/>\nPour un effet soin intense, appliquer une \u00e0 deux fois par semaine en masque pendant 10 minutes avant le shampooing.<\/p>\n<p><strong>Composition<\/strong><\/p>\n<p>La liste des ingr\u00e9dients peut \u00eatre soumise \u00e0 des variations, nous vous conseillons de toujours v\u00e9rifier la liste figurant sur le produit achet\u00e9.<\/p>\n<p>Formule INCI : Coco-Caprylate\/Caprate, Macadamia Integrifolia Seed Oil, Dicaprylyl Ether, Caprylic\/Capric Triglyceride, Prunus Amygdalus Dulcis (Sweet Almond) Oil, Corylus Avellana (Hazel) Seed Oil, Camellia Oleifera Seed Oil, Parfum\/Fragrance, Camellia Japonica Seed Oil, Tocopherol, Argania Spinosa Kernel Oil, Borago Officinalis Seed Oil, Tocopheryl Acetate, Helianthus Annuus (Sunflower) Seed Oil, Rosmarinus Officinalis (Rosemary) Leaf Extract, Polyglyceryl-3 Diisostearate, Ascorbic Acid, Solanum Lycopersicum (Tomato) Fruit Extract, Benzyl Salicylate, Linalool, Limonene, Citronellol, Geraniol, Benzyl Alcohol [N2212\/A].<\/p>\n<p>Contient 98,1% d\u2019ingr\u00e9dients d\u2019origine naturelle<br \/>\nSans conservateur.<br \/>\nSans silicone.<br \/>\nSans huiles min\u00e9rales.<\/p>\n","protected":false},"excerpt":{"rendered":"<p>L\u2019<strong>Huile Prodigieuse<\/strong>, au parfum mythique et \u00e0 la texture huile-s\u00e8che inimitable, s\u2019enrichit d\u2019huile de tsubaki hautement nourrissante, pour une formule encore plus innovante.<\/p>\n","protected":false},"featured_media":1260,"comment_status":"open","ping_status":"closed","template":"","meta":{"ocean_post_layout":"","ocean_both_sidebars_style":"","ocean_both_sidebars_content_width":0,"ocean_both_sidebars_sidebars_width":0,"ocean_sidebar":"0","ocean_second_sidebar":"0","ocean_disable_margins":"enable","ocean_add_body_class":"","ocean_shortcode_before_top_bar":"","ocean_shortcode_after_top_bar":"","ocean_shortcode_before_header":"","ocean_shortcode_after_header":"","ocean_has_shortcode":"","ocean_shortcode_after_title":"","ocean_shortcode_before_footer_widgets":"","ocean_shortcode_after_footer_widgets":"","ocean_shortcode_before_footer_bottom":"","ocean_shortcode_after_footer_bottom":"","ocean_display_top_bar":"default","ocean_display_header":"default","ocean_header_style":"","ocean_center_header_left_menu":"0","ocean_custom_header_template":"0","ocean_custom_logo":0,"ocean_custom_retina_logo":0,"ocean_custom_logo_max_width":0,"ocean_custom_logo_tablet_max_width":0,"ocean_custom_logo_mobile_max_width":0,"ocean_custom_logo_max_height":0,"ocean_custom_logo_tablet_max_height":0,"ocean_custom_logo_mobile_max_height":0,"ocean_header_custom_menu":"0","ocean_menu_typo_font_family":"0","ocean_menu_typo_font_subset":"","ocean_menu_typo_font_size":0,"ocean_menu_typo_font_size_tablet":0,"ocean_menu_typo_font_size_mobile":0,"ocean_menu_typo_font_size_unit":"px","ocean_menu_typo_font_weight":"","ocean_menu_typo_font_weight_tablet":"","ocean_menu_typo_font_weight_mobile":"","ocean_menu_typo_transform":"","ocean_menu_typo_transform_tablet":"","ocean_menu_typo_transform_mobile":"","ocean_menu_typo_line_height":0,"ocean_menu_typo_line_height_tablet":0,"ocean_menu_typo_line_height_mobile":0,"ocean_menu_typo_line_height_unit":"","ocean_menu_typo_spacing":0,"ocean_menu_typo_spacing_tablet":0,"ocean_menu_typo_spacing_mobile":0,"ocean_menu_typo_spacing_unit":"","ocean_menu_link_color":"","ocean_menu_link_color_hover":"","ocean_menu_link_color_active":"","ocean_menu_link_background":"","ocean_menu_link_hover_background":"","ocean_menu_link_active_background":"","ocean_menu_social_links_bg":"","ocean_menu_social_hover_links_bg":"","ocean_menu_social_links_color":"","ocean_menu_social_hover_links_color":"","ocean_disable_title":"default","ocean_disable_heading":"default","ocean_post_title":"","ocean_post_subheading":"","ocean_post_title_style":"","ocean_post_title_background_color":"","ocean_post_title_background":0,"ocean_post_title_bg_image_position":"","ocean_post_title_bg_image_attachment":"","ocean_post_title_bg_image_repeat":"","ocean_post_title_bg_image_size":"","ocean_post_title_height":0,"ocean_post_title_bg_overlay":0.5,"ocean_post_title_bg_overlay_color":"","ocean_disable_breadcrumbs":"default","ocean_breadcrumbs_color":"","ocean_breadcrumbs_separator_color":"","ocean_breadcrumbs_links_color":"","ocean_breadcrumbs_links_hover_color":"","ocean_display_footer_widgets":"default","ocean_display_footer_bottom":"default","ocean_custom_footer_template":"0"},"product_brand":[],"product_cat":[23,22,45,54,47,35,21],"product_tag":[],"class_list":{"0":"post-1259","1":"product","2":"type-product","3":"status-publish","4":"has-post-thumbnail","6":"product_cat-cheuveux","7":"product_cat-corps","8":"product_cat-hydratation-et-nutrition-corps","9":"product_cat-soins-capillaires","10":"product_cat-soins-corps","11":"product_cat-soins-hydratants-et-nourrissants","12":"product_cat-visage","14":"entry","15":"has-media","17":"first","18":"instock","19":"taxable","20":"shipping-taxable","21":"purchasable","22":"product-type-simple","23":"has-product-nav","24":"col","25":"span_1_of_3","26":"owp-content-center","27":"owp-thumbs-layout-horizontal","28":"owp-btn-normal","29":"owp-tabs-layout-horizontal"},"_links":{"self":[{"href":"https:\/\/ellypara.com\/index.php\/wp-json\/wp\/v2\/product\/1259","targetHints":{"allow":["GET"]}}],"collection":[{"href":"https:\/\/ellypara.com\/index.php\/wp-json\/wp\/v2\/product"}],"about":[{"href":"https:\/\/ellypara.com\/index.php\/wp-json\/wp\/v2\/types\/product"}],"replies":[{"embeddable":true,"href":"https:\/\/ellypara.com\/index.php\/wp-json\/wp\/v2\/comments?post=1259"}],"wp:featuredmedia":[{"embeddable":true,"href":"https:\/\/ellypara.com\/index.php\/wp-json\/wp\/v2\/media\/1260"}],"wp:attachment":[{"href":"https:\/\/ellypara.com\/index.php\/wp-json\/wp\/v2\/media?parent=1259"}],"wp:term":[{"taxonomy":"product_brand","embeddable":true,"href":"https:\/\/ellypara.com\/index.php\/wp-json\/wp\/v2\/product_brand?post=1259"},{"taxonomy":"product_cat","embeddable":true,"href":"https:\/\/ellypara.com\/index.php\/wp-json\/wp\/v2\/product_cat?post=1259"},{"taxonomy":"product_tag","embeddable":true,"href":"https:\/\/ellypara.com\/index.php\/wp-json\/wp\/v2\/product_tag?post=1259"}],"curies":[{"name":"wp","href":"https:\/\/api.w.org\/{rel}","templated":true}]}}