{"id":1274,"date":"2025-04-12T15:28:16","date_gmt":"2025-04-12T13:28:16","guid":{"rendered":"https:\/\/ellypara.com\/?post_type=product&#038;p=1274"},"modified":"2025-04-12T15:28:16","modified_gmt":"2025-04-12T13:28:16","slug":"nuxe-huile-prodigieuse-or-50ml","status":"publish","type":"product","link":"https:\/\/ellypara.com\/index.php\/produit\/nuxe-huile-prodigieuse-or-50ml\/","title":{"rendered":"NUXE Huile Prodigieuse Or 50ml"},"content":{"rendered":"<p>Cette huile s\u00e8che version Or \u00e0 la formule suractiv\u00e9e est une association in\u00e9dite de 30% d&#8217;Huiles V\u00e9g\u00e9tales Pr\u00e9cieuses et de Vitamine E pour nourrir, r\u00e9parer, adoucir en un seul geste le visage, le corps et les cheveux. Un cocktail unique de 6 Huiles V\u00e9g\u00e9tales Pr\u00e9cieuses (Bourrache, Extraits huileux de Millepertuis, Amandes Douces, Cam\u00e9lia, Noisette, Macadamia) pour une peau de satin, une chevelure de soie et une am\u00e9lioration visible de l\u2019aspect global des vergetures. Ses Nacres Or Multi-Reflets illuminent toutes les peaux et tous les cheveux de subtils reflets dor\u00e9s.<\/p>\n<p><strong>Conseil d\u2019utilisation<\/strong><\/p>\n<p>Appliquer sur le visage, le corps, les cheveux, toute l\u2019ann\u00e9e, \u00e9t\u00e9 comme hiver. Id\u00e9ale apr\u00e8s une exposition au soleil, pour un effet lumi\u00e8re et sublimateur incomparable. Froisser les cheveux afin d\u2019obtenir une chevelure enflamm\u00e9e. Sur les jambes, masser en mouvements ascendants pour les galber d\u2019un effet \u00ab bas de soie \u00bb. Le reflet satin\u00e9 des Nacres corrige subtilement les imperfections de la peau. Superposer une touche d\u2019Huile Prodigieuse\u00ae Or pour faire rayonner le bronzage<\/p>\n<p><strong>Composition<\/strong><\/p>\n<p>Isopropyl Isostearate, Macadamia Ternifolia Seed Oil, Dicaprylyl Ether, Coco-Caprylate\/Caprate, Prunus Amygdalus Dulcis (Sweet Almond) Oil, Corylus Avellana Nut Oil\/Corylus Avellana (Hazel) Seed Oil, Mica, Camellia Oleifera Seed Oil, Silica, Parfum (Fragrance), Tocopherol, Cl 77891\/Titanium Dioxide, Borago Officinalis Seed Oil, Olea Europaea (Olive) Fruit Oil, Cl 77491\/Iron Oxides, Helianthus Annuus (Sunflower) Seed Oil, Rosmarinus Officinalis (Rosemary) Leaf Extract, Hypericum Perforatum Flower\/Leaf\/Stem Extract, Solanum Lycopersicum (Tomato) Fruit\/Leaf\/Stem Extract, Caprylic\/Capric Triglyceride, Benzyl Salicylate, Butylphenyl Methylpropional, Citronellol, Geraniol, Hydroxycitronellal, Limonene, Linalool. Origine naturelle.<\/p>\n","protected":false},"excerpt":{"rendered":"<p>Succombez au cocktail mythique de 7 huiles pr\u00e9cieuses 100% v\u00e9g\u00e9tales de l\u2019Huile Prodigieuse\u00ae Or, pour hydrater, satiner et illuminer en un seul geste visage, corps et cheveux.<\/p>\n","protected":false},"featured_media":1275,"comment_status":"open","ping_status":"closed","template":"","meta":{"ocean_post_layout":"","ocean_both_sidebars_style":"","ocean_both_sidebars_content_width":0,"ocean_both_sidebars_sidebars_width":0,"ocean_sidebar":"0","ocean_second_sidebar":"0","ocean_disable_margins":"enable","ocean_add_body_class":"","ocean_shortcode_before_top_bar":"","ocean_shortcode_after_top_bar":"","ocean_shortcode_before_header":"","ocean_shortcode_after_header":"","ocean_has_shortcode":"","ocean_shortcode_after_title":"","ocean_shortcode_before_footer_widgets":"","ocean_shortcode_after_footer_widgets":"","ocean_shortcode_before_footer_bottom":"","ocean_shortcode_after_footer_bottom":"","ocean_display_top_bar":"default","ocean_display_header":"default","ocean_header_style":"","ocean_center_header_left_menu":"0","ocean_custom_header_template":"0","ocean_custom_logo":0,"ocean_custom_retina_logo":0,"ocean_custom_logo_max_width":0,"ocean_custom_logo_tablet_max_width":0,"ocean_custom_logo_mobile_max_width":0,"ocean_custom_logo_max_height":0,"ocean_custom_logo_tablet_max_height":0,"ocean_custom_logo_mobile_max_height":0,"ocean_header_custom_menu":"0","ocean_menu_typo_font_family":"0","ocean_menu_typo_font_subset":"","ocean_menu_typo_font_size":0,"ocean_menu_typo_font_size_tablet":0,"ocean_menu_typo_font_size_mobile":0,"ocean_menu_typo_font_size_unit":"px","ocean_menu_typo_font_weight":"","ocean_menu_typo_font_weight_tablet":"","ocean_menu_typo_font_weight_mobile":"","ocean_menu_typo_transform":"","ocean_menu_typo_transform_tablet":"","ocean_menu_typo_transform_mobile":"","ocean_menu_typo_line_height":0,"ocean_menu_typo_line_height_tablet":0,"ocean_menu_typo_line_height_mobile":0,"ocean_menu_typo_line_height_unit":"","ocean_menu_typo_spacing":0,"ocean_menu_typo_spacing_tablet":0,"ocean_menu_typo_spacing_mobile":0,"ocean_menu_typo_spacing_unit":"","ocean_menu_link_color":"","ocean_menu_link_color_hover":"","ocean_menu_link_color_active":"","ocean_menu_link_background":"","ocean_menu_link_hover_background":"","ocean_menu_link_active_background":"","ocean_menu_social_links_bg":"","ocean_menu_social_hover_links_bg":"","ocean_menu_social_links_color":"","ocean_menu_social_hover_links_color":"","ocean_disable_title":"default","ocean_disable_heading":"default","ocean_post_title":"","ocean_post_subheading":"","ocean_post_title_style":"","ocean_post_title_background_color":"","ocean_post_title_background":0,"ocean_post_title_bg_image_position":"","ocean_post_title_bg_image_attachment":"","ocean_post_title_bg_image_repeat":"","ocean_post_title_bg_image_size":"","ocean_post_title_height":0,"ocean_post_title_bg_overlay":0.5,"ocean_post_title_bg_overlay_color":"","ocean_disable_breadcrumbs":"default","ocean_breadcrumbs_color":"","ocean_breadcrumbs_separator_color":"","ocean_breadcrumbs_links_color":"","ocean_breadcrumbs_links_hover_color":"","ocean_display_footer_widgets":"default","ocean_display_footer_bottom":"default","ocean_custom_footer_template":"0"},"product_brand":[],"product_cat":[23,22,45,54,47,35,21],"product_tag":[],"class_list":{"0":"post-1274","1":"product","2":"type-product","3":"status-publish","4":"has-post-thumbnail","6":"product_cat-cheuveux","7":"product_cat-corps","8":"product_cat-hydratation-et-nutrition-corps","9":"product_cat-soins-capillaires","10":"product_cat-soins-corps","11":"product_cat-soins-hydratants-et-nourrissants","12":"product_cat-visage","14":"entry","15":"has-media","17":"first","18":"instock","19":"taxable","20":"shipping-taxable","21":"purchasable","22":"product-type-simple","23":"has-product-nav","24":"col","25":"span_1_of_3","26":"owp-content-center","27":"owp-thumbs-layout-horizontal","28":"owp-btn-normal","29":"owp-tabs-layout-horizontal"},"_links":{"self":[{"href":"https:\/\/ellypara.com\/index.php\/wp-json\/wp\/v2\/product\/1274","targetHints":{"allow":["GET"]}}],"collection":[{"href":"https:\/\/ellypara.com\/index.php\/wp-json\/wp\/v2\/product"}],"about":[{"href":"https:\/\/ellypara.com\/index.php\/wp-json\/wp\/v2\/types\/product"}],"replies":[{"embeddable":true,"href":"https:\/\/ellypara.com\/index.php\/wp-json\/wp\/v2\/comments?post=1274"}],"wp:featuredmedia":[{"embeddable":true,"href":"https:\/\/ellypara.com\/index.php\/wp-json\/wp\/v2\/media\/1275"}],"wp:attachment":[{"href":"https:\/\/ellypara.com\/index.php\/wp-json\/wp\/v2\/media?parent=1274"}],"wp:term":[{"taxonomy":"product_brand","embeddable":true,"href":"https:\/\/ellypara.com\/index.php\/wp-json\/wp\/v2\/product_brand?post=1274"},{"taxonomy":"product_cat","embeddable":true,"href":"https:\/\/ellypara.com\/index.php\/wp-json\/wp\/v2\/product_cat?post=1274"},{"taxonomy":"product_tag","embeddable":true,"href":"https:\/\/ellypara.com\/index.php\/wp-json\/wp\/v2\/product_tag?post=1274"}],"curies":[{"name":"wp","href":"https:\/\/api.w.org\/{rel}","templated":true}]}}