{"id":1282,"date":"2025-04-12T15:40:07","date_gmt":"2025-04-12T13:40:07","guid":{"rendered":"https:\/\/ellypara.com\/?post_type=product&#038;p=1282"},"modified":"2025-04-12T15:40:08","modified_gmt":"2025-04-12T13:40:08","slug":"nuxe-huile-prodigieuse-or-100ml","status":"publish","type":"product","link":"https:\/\/ellypara.com\/index.php\/produit\/nuxe-huile-prodigieuse-or-100ml\/","title":{"rendered":"NUXE Huile Prodigieuse Or 100ml"},"content":{"rendered":"<p><strong>Nuxe Huile Prodigieuse Or 100 ml<\/strong> est un cocktail de 7 huiles pr\u00e9cieuses 100% v\u00e9g\u00e9tales, une huile s\u00e8che au parfum mythique et \u00e0 la texture inimitable enrichie en nacres dor\u00e9es. En un seul geste, elle nourrit et adoucit visage, corps et cheveux.<br \/>\nHybride entre soin et maquillage, cet illuminateur express offre un irr\u00e9sistible \u00e9clat iris\u00e9 sans fini gras, tout en offrant une action anti-oxydante. Ce soin de peau et d\u2019esprit, qui sublime aussi bien la douceur de votre peau qu\u2019il vous connecte \u00e0 vos sens.<\/p>\n<p>La peau et les cheveux se parent de subtils reflets or et son parfum addictif de soleil et de sable chaud vous fait rayonner de sensualit\u00e9.<\/p>\n<p>98% du total des ingr\u00e9dients sont d\u2019origine naturelle.<br \/>\nSans ingr\u00e9dient d\u2019origine animale.<\/p>\n<p><strong>CONSEIL D\u2019UTILISATION<\/strong><\/p>\n<p>Utiliser toute l\u2019ann\u00e9e, hiver comme \u00e9t\u00e9, sur le visage, le corps et les cheveux.<\/p>\n<p>Sur le visage, appliquer par petites touches sur un pinceau plat ou de la pulpe des doigts, en insistant sur les pointes de lumi\u00e8re du visage : os de la pommette, arr\u00eate du nez, front au-dessus des sourcils. Vous pouvez aussi en m\u00e9langer quelques gouttes au creux de votre main avec votre cr\u00e8me Nuxe ou votre fond de teint, avant application, pour un subtil effet glow.<br \/>\nSur le corps, vaporisez 2 ou 3 pschitts et \u00e9chauffez-la au creux des mains. Choisir les zones \u00e0 mettre en lumi\u00e8re et les effleurer par mouvements de lissage.<br \/>\nSur les cheveux, appliquez quelques touches sur les longueurs et les pointes pour les sublimer de quelques reflets dor\u00e9s.<br \/>\nIndication : Nourrir, satiner, illuminer le visage, le corps, les cheveux.<\/p>\n<p><strong>COMPOSITION<\/strong><\/p>\n<p>Coco-Caprylate\/Caprate, Macadamia Integrifolia Seed Oil, Dicaprylyl Ether, Caprylic\/Capric Triglyceride, Prunus Amygdalus Dulcis (Sweet Almond) Oil, Coryllus Avellana (Hazel) Seed Oil, Mic, Camellia Oleifera Seed Oil, Parfum\/Fragrance, Silica, Camellia Japonica Seed Oil, Tocopherol, CI 77891\/Titanium Dioxide, Argania Spinosa Kernel Oil, Borago Officinalis Seed Oil, CI 77491\/Iron Oxides, Tocopheryl Acetate, Helianthus Annus (Sunflower) Seed Oil, Rosmarinus Officinalis (Rosemary) Leaf Extract, Polyglyceryl-3 Diisostearate, Ascorbic Acid, Solanum Lycopersicum (Tomato) Fruit Extract, Linalool, Limonene, Citronellol, Geraniol.<\/p>\n<p>*Ingr\u00e9dients d\u2019origine naturelle.<\/p>\n","protected":false},"excerpt":{"rendered":"<p>Huile s\u00e8che multiusage, effet lumi\u00e8re\u00a0pour nourrir, r\u00e9parer, adoucir en un seul geste le visage, le corps et les cheveux, pour un \u00e9t\u00e9 glamour.<\/p>\n","protected":false},"featured_media":1283,"comment_status":"open","ping_status":"closed","template":"","meta":{"ocean_post_layout":"","ocean_both_sidebars_style":"","ocean_both_sidebars_content_width":0,"ocean_both_sidebars_sidebars_width":0,"ocean_sidebar":"0","ocean_second_sidebar":"0","ocean_disable_margins":"enable","ocean_add_body_class":"","ocean_shortcode_before_top_bar":"","ocean_shortcode_after_top_bar":"","ocean_shortcode_before_header":"","ocean_shortcode_after_header":"","ocean_has_shortcode":"","ocean_shortcode_after_title":"","ocean_shortcode_before_footer_widgets":"","ocean_shortcode_after_footer_widgets":"","ocean_shortcode_before_footer_bottom":"","ocean_shortcode_after_footer_bottom":"","ocean_display_top_bar":"default","ocean_display_header":"default","ocean_header_style":"","ocean_center_header_left_menu":"0","ocean_custom_header_template":"0","ocean_custom_logo":0,"ocean_custom_retina_logo":0,"ocean_custom_logo_max_width":0,"ocean_custom_logo_tablet_max_width":0,"ocean_custom_logo_mobile_max_width":0,"ocean_custom_logo_max_height":0,"ocean_custom_logo_tablet_max_height":0,"ocean_custom_logo_mobile_max_height":0,"ocean_header_custom_menu":"0","ocean_menu_typo_font_family":"0","ocean_menu_typo_font_subset":"","ocean_menu_typo_font_size":0,"ocean_menu_typo_font_size_tablet":0,"ocean_menu_typo_font_size_mobile":0,"ocean_menu_typo_font_size_unit":"px","ocean_menu_typo_font_weight":"","ocean_menu_typo_font_weight_tablet":"","ocean_menu_typo_font_weight_mobile":"","ocean_menu_typo_transform":"","ocean_menu_typo_transform_tablet":"","ocean_menu_typo_transform_mobile":"","ocean_menu_typo_line_height":0,"ocean_menu_typo_line_height_tablet":0,"ocean_menu_typo_line_height_mobile":0,"ocean_menu_typo_line_height_unit":"","ocean_menu_typo_spacing":0,"ocean_menu_typo_spacing_tablet":0,"ocean_menu_typo_spacing_mobile":0,"ocean_menu_typo_spacing_unit":"","ocean_menu_link_color":"","ocean_menu_link_color_hover":"","ocean_menu_link_color_active":"","ocean_menu_link_background":"","ocean_menu_link_hover_background":"","ocean_menu_link_active_background":"","ocean_menu_social_links_bg":"","ocean_menu_social_hover_links_bg":"","ocean_menu_social_links_color":"","ocean_menu_social_hover_links_color":"","ocean_disable_title":"default","ocean_disable_heading":"default","ocean_post_title":"","ocean_post_subheading":"","ocean_post_title_style":"","ocean_post_title_background_color":"","ocean_post_title_background":0,"ocean_post_title_bg_image_position":"","ocean_post_title_bg_image_attachment":"","ocean_post_title_bg_image_repeat":"","ocean_post_title_bg_image_size":"","ocean_post_title_height":0,"ocean_post_title_bg_overlay":0.5,"ocean_post_title_bg_overlay_color":"","ocean_disable_breadcrumbs":"default","ocean_breadcrumbs_color":"","ocean_breadcrumbs_separator_color":"","ocean_breadcrumbs_links_color":"","ocean_breadcrumbs_links_hover_color":"","ocean_display_footer_widgets":"default","ocean_display_footer_bottom":"default","ocean_custom_footer_template":"0"},"product_brand":[],"product_cat":[23,22,45,54,47,35,21],"product_tag":[],"class_list":{"0":"post-1282","1":"product","2":"type-product","3":"status-publish","4":"has-post-thumbnail","6":"product_cat-cheuveux","7":"product_cat-corps","8":"product_cat-hydratation-et-nutrition-corps","9":"product_cat-soins-capillaires","10":"product_cat-soins-corps","11":"product_cat-soins-hydratants-et-nourrissants","12":"product_cat-visage","14":"entry","15":"has-media","17":"first","18":"instock","19":"taxable","20":"shipping-taxable","21":"purchasable","22":"product-type-simple","23":"has-product-nav","24":"col","25":"span_1_of_3","26":"owp-content-center","27":"owp-thumbs-layout-horizontal","28":"owp-btn-normal","29":"owp-tabs-layout-horizontal"},"_links":{"self":[{"href":"https:\/\/ellypara.com\/index.php\/wp-json\/wp\/v2\/product\/1282","targetHints":{"allow":["GET"]}}],"collection":[{"href":"https:\/\/ellypara.com\/index.php\/wp-json\/wp\/v2\/product"}],"about":[{"href":"https:\/\/ellypara.com\/index.php\/wp-json\/wp\/v2\/types\/product"}],"replies":[{"embeddable":true,"href":"https:\/\/ellypara.com\/index.php\/wp-json\/wp\/v2\/comments?post=1282"}],"wp:featuredmedia":[{"embeddable":true,"href":"https:\/\/ellypara.com\/index.php\/wp-json\/wp\/v2\/media\/1283"}],"wp:attachment":[{"href":"https:\/\/ellypara.com\/index.php\/wp-json\/wp\/v2\/media?parent=1282"}],"wp:term":[{"taxonomy":"product_brand","embeddable":true,"href":"https:\/\/ellypara.com\/index.php\/wp-json\/wp\/v2\/product_brand?post=1282"},{"taxonomy":"product_cat","embeddable":true,"href":"https:\/\/ellypara.com\/index.php\/wp-json\/wp\/v2\/product_cat?post=1282"},{"taxonomy":"product_tag","embeddable":true,"href":"https:\/\/ellypara.com\/index.php\/wp-json\/wp\/v2\/product_tag?post=1282"}],"curies":[{"name":"wp","href":"https:\/\/api.w.org\/{rel}","templated":true}]}}