{"id":1285,"date":"2025-04-12T15:52:38","date_gmt":"2025-04-12T13:52:38","guid":{"rendered":"https:\/\/ellypara.com\/?post_type=product&#038;p=1285"},"modified":"2025-04-12T15:52:39","modified_gmt":"2025-04-12T13:52:39","slug":"nuxe-huile-prodigieuse-florale-50ml","status":"publish","type":"product","link":"https:\/\/ellypara.com\/index.php\/produit\/nuxe-huile-prodigieuse-florale-50ml\/","title":{"rendered":"NUXE Huile Prodigieuse Florale 50ml"},"content":{"rendered":"<p>L\u2019<strong>Huile Prodigieuse Florale de Nuxe<\/strong> est un soin unique au nom mythique enrichi en 7 huiles pr\u00e9cieuses 100% v\u00e9g\u00e9tales au parfum d\u00e9licat et floral. Multi-usage, cette huile sublime les cheveux et la peau en apportant une hydratation intense et une action anti-oxydante. Comme un bouclier, elle prot\u00e8ge des agressions ext\u00e9rieures, r\u00e9duit l\u2019apparence des vergetures sur le corps, assouplit et lisse la peau et redonne souplesse et brillance aux cheveux pour un r\u00e9sultat \u00e9clatant de beaut\u00e9.<\/p>\n<p><strong>Composition<\/strong><\/p>\n<p>COCO-CAPRYLATE\/CAPRATE*, MACADAMIA INTEGRIFOLIA SEED OIL*, DICAPRYLYL ETHER*, CAPRYLIC\/CAPRIC TRIGLYCERIDE*, PRUNUS AMYGDALUS DULCIS (SWEET ALMOND) OIL*, CORYLUS AVELLANA (HAZEL) SEED OIL*, PARFUM\/FRAGRANCE, CAMELLIA OLEIFERA SEED OIL*, CAMELLIA JAPONICA SEED OIL*, TOCOPHEROL, ARGANIA SPINOSA KERNEL OIL*, BORAGO OFFICINALIS SEED OIL*, TOCOPHERYL ACETATE, HELIANTHUS ANNUUS (SUNFLOWER) SEED OIL*, ROSMARINUS OFFICINALIS (ROSEMARY) LEAF EXTRACT*, POLYGLYCERYL-3 DIISOSTEARATE*, ASCORBIC ACID*, LIMONENE, LINALOOL, CITRAL, CITRONELLOL, HYDROXYCITRONELLAL, GERANIOL [N2216\/A].<\/p>\n<p>(*) Ingr\u00e9dients d\u2019 origine naturelle.<\/p>\n<p><strong>Conseil d\u2019utilisation<\/strong><\/p>\n<p>Utiliser l\u2019 Huile Prodigieuse\u00ae toute l\u2019 ann\u00e9e, hiver comme \u00e9t\u00e9, sur le visage, le corps et les cheveux.<\/p>\n<p>Sur le visage, elle s\u2019applique par mouvements de lissage du centre vers le contour du visage. Elle peut s\u2019 utiliser seule ou en m\u00e9langeant quelques gouttes dans le creux de la main avec votre cr\u00e8me Nuxe.<br \/>\nSur le corps, elle s\u2019applique en mouvements circulaires (buste, jambes,\u2026) et sur les vergetures.<br \/>\nSur les cheveux, elle s\u2019 utilise en huile capillaire sur les longueurs et les pointes aussi souvent que n\u00e9cessaire. Pour un effet soin intense, elle s\u2019 applique une \u00e0 deux fois par semaine en masque pendant 10 minutes avant le shampooing.<\/p>\n","protected":false},"excerpt":{"rendered":"<p>Le soin mythique de NUXE aux 7 huiles pr\u00e9cieuses 100% v\u00e9g\u00e9tales se d\u00e9cline dans un nouveau parfum floral et d\u00e9licat.<\/p>\n","protected":false},"featured_media":1286,"comment_status":"open","ping_status":"closed","template":"","meta":{"ocean_post_layout":"","ocean_both_sidebars_style":"","ocean_both_sidebars_content_width":0,"ocean_both_sidebars_sidebars_width":0,"ocean_sidebar":"0","ocean_second_sidebar":"0","ocean_disable_margins":"enable","ocean_add_body_class":"","ocean_shortcode_before_top_bar":"","ocean_shortcode_after_top_bar":"","ocean_shortcode_before_header":"","ocean_shortcode_after_header":"","ocean_has_shortcode":"","ocean_shortcode_after_title":"","ocean_shortcode_before_footer_widgets":"","ocean_shortcode_after_footer_widgets":"","ocean_shortcode_before_footer_bottom":"","ocean_shortcode_after_footer_bottom":"","ocean_display_top_bar":"default","ocean_display_header":"default","ocean_header_style":"","ocean_center_header_left_menu":"0","ocean_custom_header_template":"0","ocean_custom_logo":0,"ocean_custom_retina_logo":0,"ocean_custom_logo_max_width":0,"ocean_custom_logo_tablet_max_width":0,"ocean_custom_logo_mobile_max_width":0,"ocean_custom_logo_max_height":0,"ocean_custom_logo_tablet_max_height":0,"ocean_custom_logo_mobile_max_height":0,"ocean_header_custom_menu":"0","ocean_menu_typo_font_family":"0","ocean_menu_typo_font_subset":"","ocean_menu_typo_font_size":0,"ocean_menu_typo_font_size_tablet":0,"ocean_menu_typo_font_size_mobile":0,"ocean_menu_typo_font_size_unit":"px","ocean_menu_typo_font_weight":"","ocean_menu_typo_font_weight_tablet":"","ocean_menu_typo_font_weight_mobile":"","ocean_menu_typo_transform":"","ocean_menu_typo_transform_tablet":"","ocean_menu_typo_transform_mobile":"","ocean_menu_typo_line_height":0,"ocean_menu_typo_line_height_tablet":0,"ocean_menu_typo_line_height_mobile":0,"ocean_menu_typo_line_height_unit":"","ocean_menu_typo_spacing":0,"ocean_menu_typo_spacing_tablet":0,"ocean_menu_typo_spacing_mobile":0,"ocean_menu_typo_spacing_unit":"","ocean_menu_link_color":"","ocean_menu_link_color_hover":"","ocean_menu_link_color_active":"","ocean_menu_link_background":"","ocean_menu_link_hover_background":"","ocean_menu_link_active_background":"","ocean_menu_social_links_bg":"","ocean_menu_social_hover_links_bg":"","ocean_menu_social_links_color":"","ocean_menu_social_hover_links_color":"","ocean_disable_title":"default","ocean_disable_heading":"default","ocean_post_title":"","ocean_post_subheading":"","ocean_post_title_style":"","ocean_post_title_background_color":"","ocean_post_title_background":0,"ocean_post_title_bg_image_position":"","ocean_post_title_bg_image_attachment":"","ocean_post_title_bg_image_repeat":"","ocean_post_title_bg_image_size":"","ocean_post_title_height":0,"ocean_post_title_bg_overlay":0.5,"ocean_post_title_bg_overlay_color":"","ocean_disable_breadcrumbs":"default","ocean_breadcrumbs_color":"","ocean_breadcrumbs_separator_color":"","ocean_breadcrumbs_links_color":"","ocean_breadcrumbs_links_hover_color":"","ocean_display_footer_widgets":"default","ocean_display_footer_bottom":"default","ocean_custom_footer_template":"0"},"product_brand":[],"product_cat":[23,22,45,54,47,35,21],"product_tag":[],"class_list":{"0":"post-1285","1":"product","2":"type-product","3":"status-publish","4":"has-post-thumbnail","6":"product_cat-cheuveux","7":"product_cat-corps","8":"product_cat-hydratation-et-nutrition-corps","9":"product_cat-soins-capillaires","10":"product_cat-soins-corps","11":"product_cat-soins-hydratants-et-nourrissants","12":"product_cat-visage","14":"entry","15":"has-media","17":"first","18":"instock","19":"taxable","20":"shipping-taxable","21":"purchasable","22":"product-type-simple","23":"has-product-nav","24":"col","25":"span_1_of_3","26":"owp-content-center","27":"owp-thumbs-layout-horizontal","28":"owp-btn-normal","29":"owp-tabs-layout-horizontal"},"_links":{"self":[{"href":"https:\/\/ellypara.com\/index.php\/wp-json\/wp\/v2\/product\/1285","targetHints":{"allow":["GET"]}}],"collection":[{"href":"https:\/\/ellypara.com\/index.php\/wp-json\/wp\/v2\/product"}],"about":[{"href":"https:\/\/ellypara.com\/index.php\/wp-json\/wp\/v2\/types\/product"}],"replies":[{"embeddable":true,"href":"https:\/\/ellypara.com\/index.php\/wp-json\/wp\/v2\/comments?post=1285"}],"wp:featuredmedia":[{"embeddable":true,"href":"https:\/\/ellypara.com\/index.php\/wp-json\/wp\/v2\/media\/1286"}],"wp:attachment":[{"href":"https:\/\/ellypara.com\/index.php\/wp-json\/wp\/v2\/media?parent=1285"}],"wp:term":[{"taxonomy":"product_brand","embeddable":true,"href":"https:\/\/ellypara.com\/index.php\/wp-json\/wp\/v2\/product_brand?post=1285"},{"taxonomy":"product_cat","embeddable":true,"href":"https:\/\/ellypara.com\/index.php\/wp-json\/wp\/v2\/product_cat?post=1285"},{"taxonomy":"product_tag","embeddable":true,"href":"https:\/\/ellypara.com\/index.php\/wp-json\/wp\/v2\/product_tag?post=1285"}],"curies":[{"name":"wp","href":"https:\/\/api.w.org\/{rel}","templated":true}]}}