{"id":1292,"date":"2025-04-12T16:01:36","date_gmt":"2025-04-12T14:01:36","guid":{"rendered":"https:\/\/ellypara.com\/?post_type=product&#038;p=1292"},"modified":"2025-04-12T16:01:36","modified_gmt":"2025-04-12T14:01:36","slug":"nuxe-huile-prodigieuse-florale-100ml","status":"publish","type":"product","link":"https:\/\/ellypara.com\/index.php\/produit\/nuxe-huile-prodigieuse-florale-100ml\/","title":{"rendered":"NUXE Huile Prodigieuse Florale 100ml"},"content":{"rendered":"<p><strong>Nuxe Huile Prodigieuse Florale 100 ml<\/strong> est une huile s\u00e8che multi-fonctions qui peut s\u2019utiliser aussi bien pour le soin du visage, du corps et des cheveux. Elle nourrit, r\u00e9pare et sublime. Elle s\u2019inspire du parfum mythique de l\u2019huile Prodigieuse et se d\u00e9cline dans un nouveau parfum floral et d\u00e9licat.<\/p>\n<p>Cette huile s\u00e8che est formul\u00e9e \u00e0 base de principaux actifs d\u2019origine naturelle avec 7 huiles pr\u00e9cieuses 100% v\u00e9g\u00e9tales :<\/p>\n<p>l\u2019huile de tsubaki hydratante,<br \/>\nl\u2019huile d\u2019argan r\u00e9paratrice,<br \/>\nl\u2019huile de macadamia nourrissante,<br \/>\nl\u2019huile de bourrache lissante,<br \/>\nl\u2019huile de cam\u00e9lia hydratante,<br \/>\nl\u2019huile de noisette protectrice,<br \/>\nl\u2019huile d\u2019amande douce adoucissante.<br \/>\nSon action anti-oxydante, son effet \u00ab\u00a0bouclier anti-pollution\u00a0\u00bb et son effet sur la r\u00e9duction de l\u2019apparence des vergetures en font une alli\u00e9e au quotidien.<\/p>\n<p>Sa texture d\u2019huile s\u00e8che est un r\u00e9el plaisir \u00e0 l\u2019application, elle d\u00e9voile un parfum floral et d\u00e9licat aux notes de zeste de pamplemousse, de magnolia et de musc.<\/p>\n<p>97% d\u2019ingr\u00e9dients d\u2019origine naturelle.<\/p>\n<p><strong>CONSEIL D\u2019UTILISATION<\/strong><\/p>\n<p>Utiliser toute l\u2019ann\u00e9e, hiver comme \u00e9t\u00e9, sur le visage, le corps et les cheveux :<\/p>\n<p>Sur le visage, elle s\u2019applique par mouvements de lissage du centre vers le contour du visage. Elle peut s\u2019utiliser seule ou en m\u00e9langeant quelques gouttes dans le creux de la main avec votre cr\u00e8me Nuxe.<br \/>\nSur le corps, elle s\u2019applique en mouvements circulaires (buste, jambes,\u2026) et sur les vergetures.<br \/>\nSur les cheveux, elle s\u2019utilise en huile capillaire sur les longueurs et les pointes aussi souvent que n\u00e9cessaire. Pour un effet soin intense, elle s\u2019applique une \u00e0 deux fois par semaine en masque pendant 10 minutes avant le shampoing.<br \/>\nIndication : Soin hydratant visage, corps, cheveux. Pour tous types de peaux.<\/p>\n<p><strong>COMPOSITION<\/strong><\/p>\n<p>Coco-Caprylate\/Caprate*, Macadamia Integrifolia Seed Oil*, Dicaprylyl Ether*, Caprylic\/Capric Triglyceride*, Prunus Amygdalus Dulcis (Sweet Almond) Oil*, Corylus Avellana (Hazel) Seed Oil*, Parfum\/Fragrance, Camellia Oleifera Seed Oil*, Camellia Japonica Seed Oil*, Tocopherol*, Argania Spinosa Kernel Oil*, Borago Officinalis Seed Oil*, Tocopheryl Acetate, Helianthus Annuus (Sunflower) Seed Oil*, Rosmarinus Officinalis (Rosemary) Leaf Extract*, Polyglyceryl-3-Diisostearate*, Ascorbic Acid*, Limonene, Linalool, Citral, Citronellol, Hydroxycitronellal, Geraniol.<\/p>\n<p>*Origine Naturelle<\/p>\n","protected":false},"excerpt":{"rendered":"<p>Voyager avec l\u2019Huile Prodigieuse de chez Nuxe au nouveau parfum floral et d\u00e9licat ,et retrouver la nouvelle d\u00e9clinaison de la mythique.<\/p>\n","protected":false},"featured_media":1293,"comment_status":"open","ping_status":"closed","template":"","meta":{"ocean_post_layout":"","ocean_both_sidebars_style":"","ocean_both_sidebars_content_width":0,"ocean_both_sidebars_sidebars_width":0,"ocean_sidebar":"0","ocean_second_sidebar":"0","ocean_disable_margins":"enable","ocean_add_body_class":"","ocean_shortcode_before_top_bar":"","ocean_shortcode_after_top_bar":"","ocean_shortcode_before_header":"","ocean_shortcode_after_header":"","ocean_has_shortcode":"","ocean_shortcode_after_title":"","ocean_shortcode_before_footer_widgets":"","ocean_shortcode_after_footer_widgets":"","ocean_shortcode_before_footer_bottom":"","ocean_shortcode_after_footer_bottom":"","ocean_display_top_bar":"default","ocean_display_header":"default","ocean_header_style":"","ocean_center_header_left_menu":"0","ocean_custom_header_template":"0","ocean_custom_logo":0,"ocean_custom_retina_logo":0,"ocean_custom_logo_max_width":0,"ocean_custom_logo_tablet_max_width":0,"ocean_custom_logo_mobile_max_width":0,"ocean_custom_logo_max_height":0,"ocean_custom_logo_tablet_max_height":0,"ocean_custom_logo_mobile_max_height":0,"ocean_header_custom_menu":"0","ocean_menu_typo_font_family":"0","ocean_menu_typo_font_subset":"","ocean_menu_typo_font_size":0,"ocean_menu_typo_font_size_tablet":0,"ocean_menu_typo_font_size_mobile":0,"ocean_menu_typo_font_size_unit":"px","ocean_menu_typo_font_weight":"","ocean_menu_typo_font_weight_tablet":"","ocean_menu_typo_font_weight_mobile":"","ocean_menu_typo_transform":"","ocean_menu_typo_transform_tablet":"","ocean_menu_typo_transform_mobile":"","ocean_menu_typo_line_height":0,"ocean_menu_typo_line_height_tablet":0,"ocean_menu_typo_line_height_mobile":0,"ocean_menu_typo_line_height_unit":"","ocean_menu_typo_spacing":0,"ocean_menu_typo_spacing_tablet":0,"ocean_menu_typo_spacing_mobile":0,"ocean_menu_typo_spacing_unit":"","ocean_menu_link_color":"","ocean_menu_link_color_hover":"","ocean_menu_link_color_active":"","ocean_menu_link_background":"","ocean_menu_link_hover_background":"","ocean_menu_link_active_background":"","ocean_menu_social_links_bg":"","ocean_menu_social_hover_links_bg":"","ocean_menu_social_links_color":"","ocean_menu_social_hover_links_color":"","ocean_disable_title":"default","ocean_disable_heading":"default","ocean_post_title":"","ocean_post_subheading":"","ocean_post_title_style":"","ocean_post_title_background_color":"","ocean_post_title_background":0,"ocean_post_title_bg_image_position":"","ocean_post_title_bg_image_attachment":"","ocean_post_title_bg_image_repeat":"","ocean_post_title_bg_image_size":"","ocean_post_title_height":0,"ocean_post_title_bg_overlay":0.5,"ocean_post_title_bg_overlay_color":"","ocean_disable_breadcrumbs":"default","ocean_breadcrumbs_color":"","ocean_breadcrumbs_separator_color":"","ocean_breadcrumbs_links_color":"","ocean_breadcrumbs_links_hover_color":"","ocean_display_footer_widgets":"default","ocean_display_footer_bottom":"default","ocean_custom_footer_template":"0"},"product_brand":[],"product_cat":[23,22,45,54,47,35,21],"product_tag":[],"class_list":{"0":"post-1292","1":"product","2":"type-product","3":"status-publish","4":"has-post-thumbnail","6":"product_cat-cheuveux","7":"product_cat-corps","8":"product_cat-hydratation-et-nutrition-corps","9":"product_cat-soins-capillaires","10":"product_cat-soins-corps","11":"product_cat-soins-hydratants-et-nourrissants","12":"product_cat-visage","14":"entry","15":"has-media","17":"first","18":"instock","19":"taxable","20":"shipping-taxable","21":"purchasable","22":"product-type-simple","23":"has-product-nav","24":"col","25":"span_1_of_3","26":"owp-content-center","27":"owp-thumbs-layout-horizontal","28":"owp-btn-normal","29":"owp-tabs-layout-horizontal"},"_links":{"self":[{"href":"https:\/\/ellypara.com\/index.php\/wp-json\/wp\/v2\/product\/1292","targetHints":{"allow":["GET"]}}],"collection":[{"href":"https:\/\/ellypara.com\/index.php\/wp-json\/wp\/v2\/product"}],"about":[{"href":"https:\/\/ellypara.com\/index.php\/wp-json\/wp\/v2\/types\/product"}],"replies":[{"embeddable":true,"href":"https:\/\/ellypara.com\/index.php\/wp-json\/wp\/v2\/comments?post=1292"}],"wp:featuredmedia":[{"embeddable":true,"href":"https:\/\/ellypara.com\/index.php\/wp-json\/wp\/v2\/media\/1293"}],"wp:attachment":[{"href":"https:\/\/ellypara.com\/index.php\/wp-json\/wp\/v2\/media?parent=1292"}],"wp:term":[{"taxonomy":"product_brand","embeddable":true,"href":"https:\/\/ellypara.com\/index.php\/wp-json\/wp\/v2\/product_brand?post=1292"},{"taxonomy":"product_cat","embeddable":true,"href":"https:\/\/ellypara.com\/index.php\/wp-json\/wp\/v2\/product_cat?post=1292"},{"taxonomy":"product_tag","embeddable":true,"href":"https:\/\/ellypara.com\/index.php\/wp-json\/wp\/v2\/product_tag?post=1292"}],"curies":[{"name":"wp","href":"https:\/\/api.w.org\/{rel}","templated":true}]}}