{"id":1296,"date":"2025-04-12T16:50:00","date_gmt":"2025-04-12T14:50:00","guid":{"rendered":"https:\/\/ellypara.com\/?post_type=product&#038;p=1296"},"modified":"2025-04-12T16:50:01","modified_gmt":"2025-04-12T14:50:01","slug":"nuxe-huile-prodigieuse-neroli-100ml","status":"publish","type":"product","link":"https:\/\/ellypara.com\/index.php\/produit\/nuxe-huile-prodigieuse-neroli-100ml\/","title":{"rendered":"NUXE Huile Prodigieuse N\u00e9roli 100ml"},"content":{"rendered":"<p><strong>Nuxe Prodigieux Huile Prodigieuse N\u00e9roli Bio 100 ml<\/strong> est une huile s\u00e8che qui laisse la peau nourrie, liss\u00e9e et sublim\u00e9e, et les cheveux nourris et brillants. Son parfum apaisant aux notes de n\u00e9roli apporte calme et s\u00e9r\u00e9nit\u00e9.<br \/>\nDe plus, elle offre une efficacit\u00e9 anti-oxydante et une efficacit\u00e9 sur la r\u00e9duction de l\u2019apparence des vergetures.<\/p>\n<p>Convient \u00e0 toutes les peaux.<\/p>\n<p>100% du total est d\u2019origine naturelle.<br \/>\n42% du total des ingr\u00e9dients sont issus de l\u2019Agriculture Biologique.<\/p>\n<p>Cosmos Organic certifi\u00e9 par Ecocert Greenlife selon le r\u00e9f\u00e9rentiel Cosmos.<\/p>\n<p>Vegan.<\/p>\n<p><strong>CONSEIL D\u2019UTILISATION<\/strong><\/p>\n<p>Peut-\u00eatre utilis\u00e9 toute l\u2019ann\u00e9e, hiver comme \u00e9t\u00e9, sur le visage, le corps et les cheveux.<br \/>\nAvant de l\u2019appliquer, chauffer l\u2019huile entre les mains, puis les placer en coupe sous le nez en inspirant pour profiter des bienfaits de son parfum.<\/p>\n<p>Sur le visage, utiliser l\u2019huile seule ou en m\u00e9langeant quelques gouttes dans le creux de la main avec une cr\u00e8me Nuxe. \u00c9taler par mouvements de lissage du centre vers les contours du visage. Peut \u00eatre utilis\u00e9 en soin de barbe pour homme, pour la rendre souple et soyeuse.<br \/>\nSur le corps, appliquer par des mouvements circulaires (buste, jambes,\u2026) en insistant sur les zones les plus s\u00e8ches et\/ou sujettes aux vergetures.<br \/>\nSur les cheveux, appliquer sur les longueurs et les pointes aussi souvent que n\u00e9cessaire. Pour un effet soin intense, appliquer 1 \u00e0 2 fois par semaine comme un masque sur l\u2019ensemble de la chevelure. Laissez poser pendant 10 minutes avant votre shampooing.<br \/>\nPour un moment de s\u00e9r\u00e9nit\u00e9 et de d\u00e9tente absolue, verser quelques gouttes d\u2019huile dans l\u2019eau ti\u00e8de de votre bain.<br \/>\nIndication : Huile s\u00e8che multi-fonctions.<\/p>\n<p><strong>COMPOSITION<\/strong><\/p>\n<p>Sesamum Indicum (Sesame) Seed Oil*, Coco-Caprylate\/Caprate, Dicaprylyl Ether, Prunus Domestica Seed Oil*, Parfum\/Fragrance, Tocopherol, Linalool, Limonene, Citral, Geraniol.<br \/>\n*Ingr\u00e9dients issus de l\u2019Agriculture Biologique.<\/p>\n","protected":false},"excerpt":{"rendered":"<p>D\u00e9couvrez l\u2019huile s\u00e8che bio aux huiles v\u00e9g\u00e9tales de Prune et de S\u00e9same pour nourrir et r\u00e9parer. Corps, visage et cheveux. Aux notes apaisantes de N\u00e9roli.<\/p>\n","protected":false},"featured_media":1297,"comment_status":"open","ping_status":"closed","template":"","meta":{"ocean_post_layout":"","ocean_both_sidebars_style":"","ocean_both_sidebars_content_width":0,"ocean_both_sidebars_sidebars_width":0,"ocean_sidebar":"0","ocean_second_sidebar":"0","ocean_disable_margins":"enable","ocean_add_body_class":"","ocean_shortcode_before_top_bar":"","ocean_shortcode_after_top_bar":"","ocean_shortcode_before_header":"","ocean_shortcode_after_header":"","ocean_has_shortcode":"","ocean_shortcode_after_title":"","ocean_shortcode_before_footer_widgets":"","ocean_shortcode_after_footer_widgets":"","ocean_shortcode_before_footer_bottom":"","ocean_shortcode_after_footer_bottom":"","ocean_display_top_bar":"default","ocean_display_header":"default","ocean_header_style":"","ocean_center_header_left_menu":"0","ocean_custom_header_template":"0","ocean_custom_logo":0,"ocean_custom_retina_logo":0,"ocean_custom_logo_max_width":0,"ocean_custom_logo_tablet_max_width":0,"ocean_custom_logo_mobile_max_width":0,"ocean_custom_logo_max_height":0,"ocean_custom_logo_tablet_max_height":0,"ocean_custom_logo_mobile_max_height":0,"ocean_header_custom_menu":"0","ocean_menu_typo_font_family":"0","ocean_menu_typo_font_subset":"","ocean_menu_typo_font_size":0,"ocean_menu_typo_font_size_tablet":0,"ocean_menu_typo_font_size_mobile":0,"ocean_menu_typo_font_size_unit":"px","ocean_menu_typo_font_weight":"","ocean_menu_typo_font_weight_tablet":"","ocean_menu_typo_font_weight_mobile":"","ocean_menu_typo_transform":"","ocean_menu_typo_transform_tablet":"","ocean_menu_typo_transform_mobile":"","ocean_menu_typo_line_height":0,"ocean_menu_typo_line_height_tablet":0,"ocean_menu_typo_line_height_mobile":0,"ocean_menu_typo_line_height_unit":"","ocean_menu_typo_spacing":0,"ocean_menu_typo_spacing_tablet":0,"ocean_menu_typo_spacing_mobile":0,"ocean_menu_typo_spacing_unit":"","ocean_menu_link_color":"","ocean_menu_link_color_hover":"","ocean_menu_link_color_active":"","ocean_menu_link_background":"","ocean_menu_link_hover_background":"","ocean_menu_link_active_background":"","ocean_menu_social_links_bg":"","ocean_menu_social_hover_links_bg":"","ocean_menu_social_links_color":"","ocean_menu_social_hover_links_color":"","ocean_disable_title":"default","ocean_disable_heading":"default","ocean_post_title":"","ocean_post_subheading":"","ocean_post_title_style":"","ocean_post_title_background_color":"","ocean_post_title_background":0,"ocean_post_title_bg_image_position":"","ocean_post_title_bg_image_attachment":"","ocean_post_title_bg_image_repeat":"","ocean_post_title_bg_image_size":"","ocean_post_title_height":0,"ocean_post_title_bg_overlay":0.5,"ocean_post_title_bg_overlay_color":"","ocean_disable_breadcrumbs":"default","ocean_breadcrumbs_color":"","ocean_breadcrumbs_separator_color":"","ocean_breadcrumbs_links_color":"","ocean_breadcrumbs_links_hover_color":"","ocean_display_footer_widgets":"default","ocean_display_footer_bottom":"default","ocean_custom_footer_template":"0"},"product_brand":[],"product_cat":[23,22,45,54,47,35,21],"product_tag":[],"class_list":{"0":"post-1296","1":"product","2":"type-product","3":"status-publish","4":"has-post-thumbnail","6":"product_cat-cheuveux","7":"product_cat-corps","8":"product_cat-hydratation-et-nutrition-corps","9":"product_cat-soins-capillaires","10":"product_cat-soins-corps","11":"product_cat-soins-hydratants-et-nourrissants","12":"product_cat-visage","14":"entry","15":"has-media","17":"first","18":"outofstock","19":"taxable","20":"shipping-taxable","21":"purchasable","22":"product-type-simple","23":"has-product-nav","24":"col","25":"span_1_of_3","26":"owp-content-center","27":"owp-thumbs-layout-horizontal","28":"owp-btn-normal","29":"owp-tabs-layout-horizontal"},"_links":{"self":[{"href":"https:\/\/ellypara.com\/index.php\/wp-json\/wp\/v2\/product\/1296","targetHints":{"allow":["GET"]}}],"collection":[{"href":"https:\/\/ellypara.com\/index.php\/wp-json\/wp\/v2\/product"}],"about":[{"href":"https:\/\/ellypara.com\/index.php\/wp-json\/wp\/v2\/types\/product"}],"replies":[{"embeddable":true,"href":"https:\/\/ellypara.com\/index.php\/wp-json\/wp\/v2\/comments?post=1296"}],"wp:featuredmedia":[{"embeddable":true,"href":"https:\/\/ellypara.com\/index.php\/wp-json\/wp\/v2\/media\/1297"}],"wp:attachment":[{"href":"https:\/\/ellypara.com\/index.php\/wp-json\/wp\/v2\/media?parent=1296"}],"wp:term":[{"taxonomy":"product_brand","embeddable":true,"href":"https:\/\/ellypara.com\/index.php\/wp-json\/wp\/v2\/product_brand?post=1296"},{"taxonomy":"product_cat","embeddable":true,"href":"https:\/\/ellypara.com\/index.php\/wp-json\/wp\/v2\/product_cat?post=1296"},{"taxonomy":"product_tag","embeddable":true,"href":"https:\/\/ellypara.com\/index.php\/wp-json\/wp\/v2\/product_tag?post=1296"}],"curies":[{"name":"wp","href":"https:\/\/api.w.org\/{rel}","templated":true}]}}