{"id":1309,"date":"2025-04-12T19:16:37","date_gmt":"2025-04-12T17:16:37","guid":{"rendered":"https:\/\/ellypara.com\/?post_type=product&#038;p=1309"},"modified":"2025-04-12T19:16:37","modified_gmt":"2025-04-12T17:16:37","slug":"nuxe-huile-prodigieuse-florale-30ml","status":"publish","type":"product","link":"https:\/\/ellypara.com\/index.php\/produit\/nuxe-huile-prodigieuse-florale-30ml\/","title":{"rendered":"NUXE Huile Prodigieuse Florale 30ml"},"content":{"rendered":"<p>Succombez au cocktail mythique de 7 huiles pr\u00e9cieuses 100% v\u00e9g\u00e9tales de l\u2019Huile Prodigieuse\u00ae Florale, pour nourrir, r\u00e9parer et sublimer en un seul geste visage, corps et cheveux.<\/p>\n<p>L\u2019Huile Prodigieuse\u00ae Florale vous fait rayonner d\u2018un irr\u00e9sistible \u00e9clat satin\u00e9 sans fini gras gr\u00e2ce \u00e0 sa texture au toucher sec inimitable. Elle sublime et convient \u00e0 tous les types de peaux et toutes les carnations. Son parfum aux notes florales et joyeuses ravira vos sens d\u2019ondes p\u00e9tillantes et lumineuses.<\/p>\n<p>Son efficacit\u00e9 est prouv\u00e9e :<\/p>\n<p>\u2013 Une action protectrice anti-pollution<\/p>\n<p>\u2013 Elle att\u00e9nue l\u2019apparence des vergetures<\/p>\n<p>\u2013 Hydratation longue dur\u00e9e<\/p>\n<p>\u2013 Elle est plus douce pour 100%\u207d\u00b9\u207e des femmes, nourrie et r\u00e9par\u00e9e pour 97%\u207d\u00b9\u207e d\u2019entre elles. Les cheveux sont nourris, r\u00e9par\u00e9s et souples.<\/p>\n<p>\u207d\u00b9\u207eTest d\u2019usage \u2013 29 volontaires. % de satisfaction apr\u00e8s 28 jours d\u2019utilisation.<\/p>\n<p>Soin formul\u00e9 et fabriqu\u00e9 en France.<\/p>\n<p><strong>Conseils beaut\u00e9 :<\/strong><\/p>\n<p>Utilisez l\u2019Huile Prodigieuse\u00ae Florale toute l\u2019ann\u00e9e, hiver comme \u00e9t\u00e9, sur le visage, le corps et les cheveux.<\/p>\n<p>\u2013 Sur le visage, utilisez-la seule (1 spray) ou en m\u00e9langeant quelques gouttes dans le creux de la main avec votre cr\u00e8me NUXE. Etalez par mouvements de lissage du centre vers les contours du visage.<\/p>\n<p>\u2013 Sur le corps, appliquez-la en mouvements circulaires (buste, jambes,\u2026) en insistant sur les zones les plus s\u00e8ches et\/ou sujettes aux vergetures.<\/p>\n<p>\u2013 Sur les cheveux, chauffez quelques gouttes dans vos mains puis appliquez sur les longueurs et les pointes aussi souvent que n\u00e9cessaire.<\/p>\n<p>Laissez-vous emporter par son sillage d\u00e9licat et enveloppant sur votre peau et vos cheveux.<\/p>\n<p><strong>Formule :\u00a0<\/strong><\/p>\n<p>7 huiles pr\u00e9cieuses 100% v\u00e9g\u00e9tales aux vertus compl\u00e9mentaires, s\u00e9lectionn\u00e9es pour leur affinit\u00e9 avec la peau :<\/p>\n<p>-Huile de Tsubaki<\/p>\n<p>\u2013 Huile d\u2019Argan<\/p>\n<p>\u2013 Huile de Macadamia<\/p>\n<p>\u2013 Huile de Bourrache<\/p>\n<p>\u2013 Huile de Cam\u00e9lia<\/p>\n<p>\u2013 Huile de Noisette<\/p>\n<p>\u2013 Huile d\u2019Amande douce<\/p>\n<p>25% d\u2019Om\u00e9gas 3,6 &amp; 9 dans un flacon d\u2019Huile Prodigieuse\u00ae Florale, formule qui nourrit et renforce la fonction barri\u00e8re de la peau.<\/p>\n<p>Formule vegan, sans ingr\u00e9dients ni d\u00e9riv\u00e9s d\u2019origine animale.<\/p>\n<p>97% d\u2019ingr\u00e9dients d\u2019origine naturelle*.<\/p>\n<p>*Selon la norme ISO 16128, les % restants contribuent \u00e0 l\u2019int\u00e9grit\u00e9 et la sensorialit\u00e9 de la formule<\/p>\n","protected":false},"excerpt":{"rendered":"<p>Nourrit, r\u00e9pare, sublime<br \/>\nVisage, Corps, Cheveux<\/p>\n","protected":false},"featured_media":1310,"comment_status":"open","ping_status":"closed","template":"","meta":{"ocean_post_layout":"","ocean_both_sidebars_style":"","ocean_both_sidebars_content_width":0,"ocean_both_sidebars_sidebars_width":0,"ocean_sidebar":"0","ocean_second_sidebar":"0","ocean_disable_margins":"enable","ocean_add_body_class":"","ocean_shortcode_before_top_bar":"","ocean_shortcode_after_top_bar":"","ocean_shortcode_before_header":"","ocean_shortcode_after_header":"","ocean_has_shortcode":"","ocean_shortcode_after_title":"","ocean_shortcode_before_footer_widgets":"","ocean_shortcode_after_footer_widgets":"","ocean_shortcode_before_footer_bottom":"","ocean_shortcode_after_footer_bottom":"","ocean_display_top_bar":"default","ocean_display_header":"default","ocean_header_style":"","ocean_center_header_left_menu":"0","ocean_custom_header_template":"0","ocean_custom_logo":0,"ocean_custom_retina_logo":0,"ocean_custom_logo_max_width":0,"ocean_custom_logo_tablet_max_width":0,"ocean_custom_logo_mobile_max_width":0,"ocean_custom_logo_max_height":0,"ocean_custom_logo_tablet_max_height":0,"ocean_custom_logo_mobile_max_height":0,"ocean_header_custom_menu":"0","ocean_menu_typo_font_family":"0","ocean_menu_typo_font_subset":"","ocean_menu_typo_font_size":0,"ocean_menu_typo_font_size_tablet":0,"ocean_menu_typo_font_size_mobile":0,"ocean_menu_typo_font_size_unit":"px","ocean_menu_typo_font_weight":"","ocean_menu_typo_font_weight_tablet":"","ocean_menu_typo_font_weight_mobile":"","ocean_menu_typo_transform":"","ocean_menu_typo_transform_tablet":"","ocean_menu_typo_transform_mobile":"","ocean_menu_typo_line_height":0,"ocean_menu_typo_line_height_tablet":0,"ocean_menu_typo_line_height_mobile":0,"ocean_menu_typo_line_height_unit":"","ocean_menu_typo_spacing":0,"ocean_menu_typo_spacing_tablet":0,"ocean_menu_typo_spacing_mobile":0,"ocean_menu_typo_spacing_unit":"","ocean_menu_link_color":"","ocean_menu_link_color_hover":"","ocean_menu_link_color_active":"","ocean_menu_link_background":"","ocean_menu_link_hover_background":"","ocean_menu_link_active_background":"","ocean_menu_social_links_bg":"","ocean_menu_social_hover_links_bg":"","ocean_menu_social_links_color":"","ocean_menu_social_hover_links_color":"","ocean_disable_title":"default","ocean_disable_heading":"default","ocean_post_title":"","ocean_post_subheading":"","ocean_post_title_style":"","ocean_post_title_background_color":"","ocean_post_title_background":0,"ocean_post_title_bg_image_position":"","ocean_post_title_bg_image_attachment":"","ocean_post_title_bg_image_repeat":"","ocean_post_title_bg_image_size":"","ocean_post_title_height":0,"ocean_post_title_bg_overlay":0.5,"ocean_post_title_bg_overlay_color":"","ocean_disable_breadcrumbs":"default","ocean_breadcrumbs_color":"","ocean_breadcrumbs_separator_color":"","ocean_breadcrumbs_links_color":"","ocean_breadcrumbs_links_hover_color":"","ocean_display_footer_widgets":"default","ocean_display_footer_bottom":"default","ocean_custom_footer_template":"0"},"product_brand":[],"product_cat":[15],"product_tag":[],"class_list":{"0":"post-1309","1":"product","2":"type-product","3":"status-publish","4":"has-post-thumbnail","6":"product_cat-maquillage","8":"entry","9":"has-media","11":"first","12":"outofstock","13":"taxable","14":"shipping-taxable","15":"purchasable","16":"product-type-simple","17":"has-product-nav","18":"col","19":"span_1_of_3","20":"owp-content-center","21":"owp-thumbs-layout-horizontal","22":"owp-btn-normal","23":"owp-tabs-layout-horizontal"},"_links":{"self":[{"href":"https:\/\/ellypara.com\/index.php\/wp-json\/wp\/v2\/product\/1309","targetHints":{"allow":["GET"]}}],"collection":[{"href":"https:\/\/ellypara.com\/index.php\/wp-json\/wp\/v2\/product"}],"about":[{"href":"https:\/\/ellypara.com\/index.php\/wp-json\/wp\/v2\/types\/product"}],"replies":[{"embeddable":true,"href":"https:\/\/ellypara.com\/index.php\/wp-json\/wp\/v2\/comments?post=1309"}],"wp:featuredmedia":[{"embeddable":true,"href":"https:\/\/ellypara.com\/index.php\/wp-json\/wp\/v2\/media\/1310"}],"wp:attachment":[{"href":"https:\/\/ellypara.com\/index.php\/wp-json\/wp\/v2\/media?parent=1309"}],"wp:term":[{"taxonomy":"product_brand","embeddable":true,"href":"https:\/\/ellypara.com\/index.php\/wp-json\/wp\/v2\/product_brand?post=1309"},{"taxonomy":"product_cat","embeddable":true,"href":"https:\/\/ellypara.com\/index.php\/wp-json\/wp\/v2\/product_cat?post=1309"},{"taxonomy":"product_tag","embeddable":true,"href":"https:\/\/ellypara.com\/index.php\/wp-json\/wp\/v2\/product_tag?post=1309"}],"curies":[{"name":"wp","href":"https:\/\/api.w.org\/{rel}","templated":true}]}}