{"id":1312,"date":"2025-04-12T19:27:42","date_gmt":"2025-04-12T17:27:42","guid":{"rendered":"https:\/\/ellypara.com\/?post_type=product&#038;p=1312"},"modified":"2025-04-12T19:27:42","modified_gmt":"2025-04-12T17:27:42","slug":"nuxe-huile-prodigieuse-30ml","status":"publish","type":"product","link":"https:\/\/ellypara.com\/index.php\/produit\/nuxe-huile-prodigieuse-30ml\/","title":{"rendered":"NUXE Huile Prodigieuse 30ml"},"content":{"rendered":"<p><strong>Nuxe Huile Prodigieuse 30 ml<\/strong> est un soin mythique aux 7 huiles v\u00e9g\u00e9tales pr\u00e9cieuses qui offre une hydratation longue dur\u00e9e sur la peau du visage et du corps.<br \/>\nSon action anti-oxydante, son effet \u00ab\u00a0bouclier anti-pollution\u00a0\u00bb et son effet sur la r\u00e9duction de l\u2019apparence des vergetures en font un alli\u00e9 au quotidien.<br \/>\nGr\u00e2ce \u00e0 sa texture s\u00e8che inimitable et son parfum addictif aux notes sensuelles, cette huile procure un vrai moment de plaisir.<\/p>\n<p>98% des ingr\u00e9dients sont d\u2019origine naturelle.<\/p>\n<p><strong>CONSEIL D\u2019UTILISATION<\/strong><\/p>\n<p>Utiliser toute l\u2019ann\u00e9e, hiver comme \u00e9t\u00e9, sur le visage, le corps et les cheveux.<\/p>\n<p>Sur le visage, appliquer par mouvements de lissage du centre vers le contour du visage. Utiliser seule ou en m\u00e9langeant quelques gouttes dans le creux de la main avec votre cr\u00e8me Nuxe.<br \/>\nSur le corps, appliquer en mouvements circulaires (buste, jambes,\u2026) et sur les vergetures.<br \/>\nSur les cheveux, elle utiliser en huile capillaire sur les longueurs et les pointes aussi souvent que n\u00e9cessaire. Pour un effet soin intense, appliquer une \u00e0 deux fois par semaine en masque pendant 10 minutes avant le shampoing.<br \/>\nIndication : Soin du visage, corps, cheveux.<\/p>\n<p><strong>COMPOSITION<\/strong><\/p>\n<p>Coco-Caprylate\/Caprate*, Macadamia Integrifolia Seed Oil*, Dicaprylyl Ether*, Caprylic\/Capric Triglyceride*, Prunus Amygdalus Dulcis (Sweet Almond) Oil*, Corylus Avellana (Hazel) Seed Oil*, Camellia Oleifera Seed Oil*, Parfum\/Fragrance, Camellia Japonica Seed Oil*, Tocopherol*, Argania Spinosa Kernel Oil*, Borago Officinalis Seed Oil*, Tocopheryl Acetate, Helianthus Annuus (Sunflower) Seed Oil*, Rosmarinus Officinalis (Rosemary) Leaf Extract*, Polyglyceryl-3 Diisosterate*, Ascorbic Acid*, Solanium Lycopersicum (Tomato) Fruit Extract*, Benzyl Salicylate, Linalool, Limonene, Citronellol, Geraniol.<\/p>\n","protected":false},"excerpt":{"rendered":"<p>Huile s\u00e8che multi usage : le soin glamour culte pour hydrater, adoucir et sublimer\u00a0de la pointe des cheveux jusqu\u2019au bout des ongles.<\/p>\n<p>Contenance:30ml<\/p>\n","protected":false},"featured_media":1313,"comment_status":"open","ping_status":"closed","template":"","meta":{"ocean_post_layout":"","ocean_both_sidebars_style":"","ocean_both_sidebars_content_width":0,"ocean_both_sidebars_sidebars_width":0,"ocean_sidebar":"0","ocean_second_sidebar":"0","ocean_disable_margins":"enable","ocean_add_body_class":"","ocean_shortcode_before_top_bar":"","ocean_shortcode_after_top_bar":"","ocean_shortcode_before_header":"","ocean_shortcode_after_header":"","ocean_has_shortcode":"","ocean_shortcode_after_title":"","ocean_shortcode_before_footer_widgets":"","ocean_shortcode_after_footer_widgets":"","ocean_shortcode_before_footer_bottom":"","ocean_shortcode_after_footer_bottom":"","ocean_display_top_bar":"default","ocean_display_header":"default","ocean_header_style":"","ocean_center_header_left_menu":"0","ocean_custom_header_template":"0","ocean_custom_logo":0,"ocean_custom_retina_logo":0,"ocean_custom_logo_max_width":0,"ocean_custom_logo_tablet_max_width":0,"ocean_custom_logo_mobile_max_width":0,"ocean_custom_logo_max_height":0,"ocean_custom_logo_tablet_max_height":0,"ocean_custom_logo_mobile_max_height":0,"ocean_header_custom_menu":"0","ocean_menu_typo_font_family":"0","ocean_menu_typo_font_subset":"","ocean_menu_typo_font_size":0,"ocean_menu_typo_font_size_tablet":0,"ocean_menu_typo_font_size_mobile":0,"ocean_menu_typo_font_size_unit":"px","ocean_menu_typo_font_weight":"","ocean_menu_typo_font_weight_tablet":"","ocean_menu_typo_font_weight_mobile":"","ocean_menu_typo_transform":"","ocean_menu_typo_transform_tablet":"","ocean_menu_typo_transform_mobile":"","ocean_menu_typo_line_height":0,"ocean_menu_typo_line_height_tablet":0,"ocean_menu_typo_line_height_mobile":0,"ocean_menu_typo_line_height_unit":"","ocean_menu_typo_spacing":0,"ocean_menu_typo_spacing_tablet":0,"ocean_menu_typo_spacing_mobile":0,"ocean_menu_typo_spacing_unit":"","ocean_menu_link_color":"","ocean_menu_link_color_hover":"","ocean_menu_link_color_active":"","ocean_menu_link_background":"","ocean_menu_link_hover_background":"","ocean_menu_link_active_background":"","ocean_menu_social_links_bg":"","ocean_menu_social_hover_links_bg":"","ocean_menu_social_links_color":"","ocean_menu_social_hover_links_color":"","ocean_disable_title":"default","ocean_disable_heading":"default","ocean_post_title":"","ocean_post_subheading":"","ocean_post_title_style":"","ocean_post_title_background_color":"","ocean_post_title_background":0,"ocean_post_title_bg_image_position":"","ocean_post_title_bg_image_attachment":"","ocean_post_title_bg_image_repeat":"","ocean_post_title_bg_image_size":"","ocean_post_title_height":0,"ocean_post_title_bg_overlay":0.5,"ocean_post_title_bg_overlay_color":"","ocean_disable_breadcrumbs":"default","ocean_breadcrumbs_color":"","ocean_breadcrumbs_separator_color":"","ocean_breadcrumbs_links_color":"","ocean_breadcrumbs_links_hover_color":"","ocean_display_footer_widgets":"default","ocean_display_footer_bottom":"default","ocean_custom_footer_template":"0"},"product_brand":[],"product_cat":[23,22,45,54,47,35,21],"product_tag":[],"class_list":{"0":"post-1312","1":"product","2":"type-product","3":"status-publish","4":"has-post-thumbnail","6":"product_cat-cheuveux","7":"product_cat-corps","8":"product_cat-hydratation-et-nutrition-corps","9":"product_cat-soins-capillaires","10":"product_cat-soins-corps","11":"product_cat-soins-hydratants-et-nourrissants","12":"product_cat-visage","14":"entry","15":"has-media","17":"first","18":"outofstock","19":"taxable","20":"shipping-taxable","21":"purchasable","22":"product-type-simple","23":"has-product-nav","24":"col","25":"span_1_of_3","26":"owp-content-center","27":"owp-thumbs-layout-horizontal","28":"owp-btn-normal","29":"owp-tabs-layout-horizontal"},"_links":{"self":[{"href":"https:\/\/ellypara.com\/index.php\/wp-json\/wp\/v2\/product\/1312","targetHints":{"allow":["GET"]}}],"collection":[{"href":"https:\/\/ellypara.com\/index.php\/wp-json\/wp\/v2\/product"}],"about":[{"href":"https:\/\/ellypara.com\/index.php\/wp-json\/wp\/v2\/types\/product"}],"replies":[{"embeddable":true,"href":"https:\/\/ellypara.com\/index.php\/wp-json\/wp\/v2\/comments?post=1312"}],"wp:featuredmedia":[{"embeddable":true,"href":"https:\/\/ellypara.com\/index.php\/wp-json\/wp\/v2\/media\/1313"}],"wp:attachment":[{"href":"https:\/\/ellypara.com\/index.php\/wp-json\/wp\/v2\/media?parent=1312"}],"wp:term":[{"taxonomy":"product_brand","embeddable":true,"href":"https:\/\/ellypara.com\/index.php\/wp-json\/wp\/v2\/product_brand?post=1312"},{"taxonomy":"product_cat","embeddable":true,"href":"https:\/\/ellypara.com\/index.php\/wp-json\/wp\/v2\/product_cat?post=1312"},{"taxonomy":"product_tag","embeddable":true,"href":"https:\/\/ellypara.com\/index.php\/wp-json\/wp\/v2\/product_tag?post=1312"}],"curies":[{"name":"wp","href":"https:\/\/api.w.org\/{rel}","templated":true}]}}