{"id":1318,"date":"2025-04-12T19:48:43","date_gmt":"2025-04-12T17:48:43","guid":{"rendered":"https:\/\/ellypara.com\/?post_type=product&#038;p=1318"},"modified":"2025-04-12T19:48:44","modified_gmt":"2025-04-12T17:48:44","slug":"svr-topialyse-baume-lavant-400ml","status":"publish","type":"product","link":"https:\/\/ellypara.com\/index.php\/produit\/svr-topialyse-baume-lavant-400ml\/","title":{"rendered":"SVR Topialyse Baume Lavant 400ml"},"content":{"rendered":"<p><strong>SVR Topialyse Baume Lavant 400ml<\/strong>\u00a0s\u2019utilise au quotidien pour nettoyer les peaux sensibles, s\u00e8ches et \u00e0 tendance atopique.<br \/>\nIl permet \u00e9galement d\u2019hydrater (et de maintenir l\u2019hydratation pendant 24h), de nourrir l\u2019\u00e9piderme et d\u2019\u00e9viter les sensations de grattage.<\/p>\n<p>Sa formule se compose :<\/p>\n<p>d\u2019une base lavante douce, haute tol\u00e9rance,<br \/>\nd\u2019huiles de coton et de coco, riches en om\u00e9ga-3, 6 et 9, qui hydratent la peau et lui restituent des lipides,<br \/>\nde niacinamide, qui soulage les irritations,<br \/>\nde sucre pr\u00e9biotique, qui assure le bon \u00e9quilibre de la flore cutan\u00e9e.<br \/>\nCette formule, test\u00e9e sous contr\u00f4le p\u00e9diatrique, dermatologique, ophtalmologique et gyn\u00e9cologique, est hypoallerg\u00e9nique.<\/p>\n<p>Le plus de ce produit ? Sa texture est cr\u00e9meuse.<\/p>\n<p><strong>Indications :<\/strong><\/p>\n<p>Baume lavant pour les peaux s\u00e8ches et atopiques, pour le visage, le corps et l\u2019hygi\u00e8ne intime. Convient pour les nourrissons, les enfants et les nourrissons.<\/p>\n<p><strong>Conseils d\u2019utilisation :<\/strong><\/p>\n<p>Appliquer sur une peau mouill\u00e9e, faire mousser, puis rincer. S\u00e9cher sans frotter.<\/p>\n<p><strong>Composition :<\/strong><\/p>\n<p>Aqua (purified water), glycerin, sodium c14-16 olefin sulfonate, coco-betaine, coco-glucoside, acrylates\/c10-30 alkyl acrylate crosspolymer, niacinamide, alpha glucan oligosaccharide, saccharide isomerate, tocopherol, tocopheryl acetate, 1-2 hexanediol, caprylyl glycol, citric acid, cocos nucifera (coco) oil, glyceryl oleate, gossypium herbaceum (cotton) seed oil, hydrogenated palm glycerides citrate, pentylene glycol, sodium citrate, sodium hydroxide, styrene\/acrylates copolymer.<\/p>\n<p><strong>Conditionnement :<\/strong><\/p>\n<p>1 flacon-pompe de 400ml.<\/p>\n","protected":false},"excerpt":{"rendered":"<p><strong>SVR Topialyse Baume Lavant 400 ml<\/strong> est un baume lavant dont la texture baume onctueuse et enveloppante se rince facilement.<\/p>\n","protected":false},"featured_media":1319,"comment_status":"open","ping_status":"closed","template":"","meta":{"ocean_post_layout":"","ocean_both_sidebars_style":"","ocean_both_sidebars_content_width":0,"ocean_both_sidebars_sidebars_width":0,"ocean_sidebar":"0","ocean_second_sidebar":"0","ocean_disable_margins":"enable","ocean_add_body_class":"","ocean_shortcode_before_top_bar":"","ocean_shortcode_after_top_bar":"","ocean_shortcode_before_header":"","ocean_shortcode_after_header":"","ocean_has_shortcode":"","ocean_shortcode_after_title":"","ocean_shortcode_before_footer_widgets":"","ocean_shortcode_after_footer_widgets":"","ocean_shortcode_before_footer_bottom":"","ocean_shortcode_after_footer_bottom":"","ocean_display_top_bar":"default","ocean_display_header":"default","ocean_header_style":"","ocean_center_header_left_menu":"0","ocean_custom_header_template":"0","ocean_custom_logo":0,"ocean_custom_retina_logo":0,"ocean_custom_logo_max_width":0,"ocean_custom_logo_tablet_max_width":0,"ocean_custom_logo_mobile_max_width":0,"ocean_custom_logo_max_height":0,"ocean_custom_logo_tablet_max_height":0,"ocean_custom_logo_mobile_max_height":0,"ocean_header_custom_menu":"0","ocean_menu_typo_font_family":"0","ocean_menu_typo_font_subset":"","ocean_menu_typo_font_size":0,"ocean_menu_typo_font_size_tablet":0,"ocean_menu_typo_font_size_mobile":0,"ocean_menu_typo_font_size_unit":"px","ocean_menu_typo_font_weight":"","ocean_menu_typo_font_weight_tablet":"","ocean_menu_typo_font_weight_mobile":"","ocean_menu_typo_transform":"","ocean_menu_typo_transform_tablet":"","ocean_menu_typo_transform_mobile":"","ocean_menu_typo_line_height":0,"ocean_menu_typo_line_height_tablet":0,"ocean_menu_typo_line_height_mobile":0,"ocean_menu_typo_line_height_unit":"","ocean_menu_typo_spacing":0,"ocean_menu_typo_spacing_tablet":0,"ocean_menu_typo_spacing_mobile":0,"ocean_menu_typo_spacing_unit":"","ocean_menu_link_color":"","ocean_menu_link_color_hover":"","ocean_menu_link_color_active":"","ocean_menu_link_background":"","ocean_menu_link_hover_background":"","ocean_menu_link_active_background":"","ocean_menu_social_links_bg":"","ocean_menu_social_hover_links_bg":"","ocean_menu_social_links_color":"","ocean_menu_social_hover_links_color":"","ocean_disable_title":"default","ocean_disable_heading":"default","ocean_post_title":"","ocean_post_subheading":"","ocean_post_title_style":"","ocean_post_title_background_color":"","ocean_post_title_background":0,"ocean_post_title_bg_image_position":"","ocean_post_title_bg_image_attachment":"","ocean_post_title_bg_image_repeat":"","ocean_post_title_bg_image_size":"","ocean_post_title_height":0,"ocean_post_title_bg_overlay":0.5,"ocean_post_title_bg_overlay_color":"","ocean_disable_breadcrumbs":"default","ocean_breadcrumbs_color":"","ocean_breadcrumbs_separator_color":"","ocean_breadcrumbs_links_color":"","ocean_breadcrumbs_links_hover_color":"","ocean_display_footer_widgets":"default","ocean_display_footer_bottom":"default","ocean_custom_footer_template":"0"},"product_brand":[],"product_cat":[22,41,44,87,42,47,35,96,21],"product_tag":[],"class_list":{"0":"post-1318","1":"product","2":"type-product","3":"status-publish","4":"has-post-thumbnail","6":"product_cat-corps","7":"product_cat-nettoyants-visage","8":"product_cat-hygiene","9":"product_cat-hygiene-intime","10":"product_cat-peaux-seches","11":"product_cat-soins-corps","12":"product_cat-soins-hydratants-et-nourrissants","13":"product_cat-toilette-intime","14":"product_cat-visage","16":"entry","17":"has-media","19":"first","20":"outofstock","21":"taxable","22":"shipping-taxable","23":"purchasable","24":"product-type-simple","25":"has-product-nav","26":"col","27":"span_1_of_3","28":"owp-content-center","29":"owp-thumbs-layout-horizontal","30":"owp-btn-normal","31":"owp-tabs-layout-horizontal","32":"has-no-thumbnails"},"_links":{"self":[{"href":"https:\/\/ellypara.com\/index.php\/wp-json\/wp\/v2\/product\/1318","targetHints":{"allow":["GET"]}}],"collection":[{"href":"https:\/\/ellypara.com\/index.php\/wp-json\/wp\/v2\/product"}],"about":[{"href":"https:\/\/ellypara.com\/index.php\/wp-json\/wp\/v2\/types\/product"}],"replies":[{"embeddable":true,"href":"https:\/\/ellypara.com\/index.php\/wp-json\/wp\/v2\/comments?post=1318"}],"wp:featuredmedia":[{"embeddable":true,"href":"https:\/\/ellypara.com\/index.php\/wp-json\/wp\/v2\/media\/1319"}],"wp:attachment":[{"href":"https:\/\/ellypara.com\/index.php\/wp-json\/wp\/v2\/media?parent=1318"}],"wp:term":[{"taxonomy":"product_brand","embeddable":true,"href":"https:\/\/ellypara.com\/index.php\/wp-json\/wp\/v2\/product_brand?post=1318"},{"taxonomy":"product_cat","embeddable":true,"href":"https:\/\/ellypara.com\/index.php\/wp-json\/wp\/v2\/product_cat?post=1318"},{"taxonomy":"product_tag","embeddable":true,"href":"https:\/\/ellypara.com\/index.php\/wp-json\/wp\/v2\/product_tag?post=1318"}],"curies":[{"name":"wp","href":"https:\/\/api.w.org\/{rel}","templated":true}]}}