{"id":1322,"date":"2025-04-12T20:02:50","date_gmt":"2025-04-12T18:02:50","guid":{"rendered":"https:\/\/ellypara.com\/?post_type=product&#038;p=1322"},"modified":"2025-04-12T20:02:51","modified_gmt":"2025-04-12T18:02:51","slug":"svr-topialyse-baume-protect-200ml-2","status":"publish","type":"product","link":"https:\/\/ellypara.com\/index.php\/produit\/svr-topialyse-baume-protect-200ml-2\/","title":{"rendered":"SVR Topialyse Baume Protect+ 200ml"},"content":{"rendered":"<p><strong>SVR Topialyse Baume Protect+<\/strong>\u00a0est un baume qui apporte une protection face aux agressions ext\u00e9rieures (acariens, pollution\u2026) qui peuvent aggraver les irritations et les crises de grattages.<\/p>\n<p>Ce baume apaise imm\u00e9diatement et durablement les sensations de d\u00e9mangeaisons pour une peau apais\u00e9e, prot\u00e9g\u00e9e et r\u00e9par\u00e9e durablement.<\/p>\n<p>Sa texture nourrissante relipidante fond et laisse un film protecteur \u00e0 la surface de la peau.<\/p>\n<p><strong>Indications :<\/strong><\/p>\n<p>Convient pour les peaux sensibles s\u00e8ches \u00e0 tr\u00e8s s\u00e8ches \u00e0 tendance atopique.<\/p>\n<p>D\u00e8s la naissance, pour toute la famille.<\/p>\n<p>Corps et visage.<\/p>\n<p>&nbsp;<\/p>\n<p><strong>Conseils d\u2019utilisation :<\/strong><\/p>\n<p>Appliquer sur l\u2019ensemble du visage et\/ou du corps pr\u00e9alablement nettoy\u00e9, en insistant sur les zones tr\u00e8s s\u00e8ches. Si l\u2019irritation persiste, veuillez consulter un m\u00e9decin.<\/p>\n<p>\u00c0 utiliser tous les jours pour \u00e9viter les rechutes.<\/p>\n<p>Ne pique pas.<\/p>\n<p>&nbsp;<\/p>\n<p><strong>Composition :<\/strong><\/p>\n<p>Aqua\/water\/eau, helianthus annuus (sunflower) seed oil, cocos nucifera (coconut) oil, orbignya oleifera seed oil, ricinus communis (castor) seed oil, cetearyl alcohol, hydrogenated castor oil, glyceryl stearate se, pentylene glycol, cetearyl glucoside, sodium stearoyl glutamate, ophiopogon japonicus root extract, 1,2-hexanediol, caprylyl glycol, acrylates\/c10-30 alkyl acrylate crosspolymer, maltodextrin, pentaerythrityl tetra-di-t-butyl hydroxyhydrocinnamate, glycosphingolipids, citric acid, glycolipids.<\/p>\n<p><strong>Conditionnement :<\/strong><\/p>\n<p>1 tube de 200ml.<\/p>\n","protected":false},"excerpt":{"rendered":"<p><strong>SVR Topialyse Baume Protect+ 200 ml<\/strong> est un baume visage et corps anti-grattage, anti-irritation destin\u00e9 aux peaux tr\u00e8s s\u00e8ches \u00e0 atopiques de toute la famille d\u00e8s la naissance (hors pr\u00e9matur\u00e9s).<\/p>\n","protected":false},"featured_media":1323,"comment_status":"open","ping_status":"closed","template":"","meta":{"ocean_post_layout":"","ocean_both_sidebars_style":"","ocean_both_sidebars_content_width":0,"ocean_both_sidebars_sidebars_width":0,"ocean_sidebar":"0","ocean_second_sidebar":"0","ocean_disable_margins":"enable","ocean_add_body_class":"","ocean_shortcode_before_top_bar":"","ocean_shortcode_after_top_bar":"","ocean_shortcode_before_header":"","ocean_shortcode_after_header":"","ocean_has_shortcode":"","ocean_shortcode_after_title":"","ocean_shortcode_before_footer_widgets":"","ocean_shortcode_after_footer_widgets":"","ocean_shortcode_before_footer_bottom":"","ocean_shortcode_after_footer_bottom":"","ocean_display_top_bar":"default","ocean_display_header":"default","ocean_header_style":"","ocean_center_header_left_menu":"0","ocean_custom_header_template":"0","ocean_custom_logo":0,"ocean_custom_retina_logo":0,"ocean_custom_logo_max_width":0,"ocean_custom_logo_tablet_max_width":0,"ocean_custom_logo_mobile_max_width":0,"ocean_custom_logo_max_height":0,"ocean_custom_logo_tablet_max_height":0,"ocean_custom_logo_mobile_max_height":0,"ocean_header_custom_menu":"0","ocean_menu_typo_font_family":"0","ocean_menu_typo_font_subset":"","ocean_menu_typo_font_size":0,"ocean_menu_typo_font_size_tablet":0,"ocean_menu_typo_font_size_mobile":0,"ocean_menu_typo_font_size_unit":"px","ocean_menu_typo_font_weight":"","ocean_menu_typo_font_weight_tablet":"","ocean_menu_typo_font_weight_mobile":"","ocean_menu_typo_transform":"","ocean_menu_typo_transform_tablet":"","ocean_menu_typo_transform_mobile":"","ocean_menu_typo_line_height":0,"ocean_menu_typo_line_height_tablet":0,"ocean_menu_typo_line_height_mobile":0,"ocean_menu_typo_line_height_unit":"","ocean_menu_typo_spacing":0,"ocean_menu_typo_spacing_tablet":0,"ocean_menu_typo_spacing_mobile":0,"ocean_menu_typo_spacing_unit":"","ocean_menu_link_color":"","ocean_menu_link_color_hover":"","ocean_menu_link_color_active":"","ocean_menu_link_background":"","ocean_menu_link_hover_background":"","ocean_menu_link_active_background":"","ocean_menu_social_links_bg":"","ocean_menu_social_hover_links_bg":"","ocean_menu_social_links_color":"","ocean_menu_social_hover_links_color":"","ocean_disable_title":"default","ocean_disable_heading":"default","ocean_post_title":"","ocean_post_subheading":"","ocean_post_title_style":"","ocean_post_title_background_color":"","ocean_post_title_background":0,"ocean_post_title_bg_image_position":"","ocean_post_title_bg_image_attachment":"","ocean_post_title_bg_image_repeat":"","ocean_post_title_bg_image_size":"","ocean_post_title_height":0,"ocean_post_title_bg_overlay":0.5,"ocean_post_title_bg_overlay_color":"","ocean_disable_breadcrumbs":"default","ocean_breadcrumbs_color":"","ocean_breadcrumbs_separator_color":"","ocean_breadcrumbs_links_color":"","ocean_breadcrumbs_links_hover_color":"","ocean_display_footer_widgets":"default","ocean_display_footer_bottom":"default","ocean_custom_footer_template":"0"},"product_brand":[],"product_cat":[22,42,47,21],"product_tag":[],"class_list":{"0":"post-1322","1":"product","2":"type-product","3":"status-publish","4":"has-post-thumbnail","6":"product_cat-corps","7":"product_cat-peaux-seches","8":"product_cat-soins-corps","9":"product_cat-visage","11":"entry","12":"has-media","14":"first","15":"instock","16":"taxable","17":"shipping-taxable","18":"purchasable","19":"product-type-simple","20":"has-product-nav","21":"col","22":"span_1_of_3","23":"owp-content-center","24":"owp-thumbs-layout-horizontal","25":"owp-btn-normal","26":"owp-tabs-layout-horizontal"},"_links":{"self":[{"href":"https:\/\/ellypara.com\/index.php\/wp-json\/wp\/v2\/product\/1322","targetHints":{"allow":["GET"]}}],"collection":[{"href":"https:\/\/ellypara.com\/index.php\/wp-json\/wp\/v2\/product"}],"about":[{"href":"https:\/\/ellypara.com\/index.php\/wp-json\/wp\/v2\/types\/product"}],"replies":[{"embeddable":true,"href":"https:\/\/ellypara.com\/index.php\/wp-json\/wp\/v2\/comments?post=1322"}],"wp:featuredmedia":[{"embeddable":true,"href":"https:\/\/ellypara.com\/index.php\/wp-json\/wp\/v2\/media\/1323"}],"wp:attachment":[{"href":"https:\/\/ellypara.com\/index.php\/wp-json\/wp\/v2\/media?parent=1322"}],"wp:term":[{"taxonomy":"product_brand","embeddable":true,"href":"https:\/\/ellypara.com\/index.php\/wp-json\/wp\/v2\/product_brand?post=1322"},{"taxonomy":"product_cat","embeddable":true,"href":"https:\/\/ellypara.com\/index.php\/wp-json\/wp\/v2\/product_cat?post=1322"},{"taxonomy":"product_tag","embeddable":true,"href":"https:\/\/ellypara.com\/index.php\/wp-json\/wp\/v2\/product_tag?post=1322"}],"curies":[{"name":"wp","href":"https:\/\/api.w.org\/{rel}","templated":true}]}}