{"id":1335,"date":"2025-04-12T20:55:31","date_gmt":"2025-04-12T18:55:31","guid":{"rendered":"https:\/\/ellypara.com\/?post_type=product&#038;p=1335"},"modified":"2025-04-12T20:55:32","modified_gmt":"2025-04-12T18:55:32","slug":"mustela-sac-maternite-mommy-bag","status":"publish","type":"product","link":"https:\/\/ellypara.com\/index.php\/produit\/mustela-sac-maternite-mommy-bag\/","title":{"rendered":"MUSTELA SAC MATERNITE MOMMY BAG"},"content":{"rendered":"<p>Ce mommy bag MUSTELA Contient :<\/p>\n<ul>\n<li>MUSTELA Cr\u00e8me Change Certifi\u00e9e BIO ,75ml<\/li>\n<\/ul>\n<p>La Cr\u00e8me change, certifi\u00e9e Bio, s\u2019utilise apr\u00e8s chaque changement de couche, sur les fesses du b\u00e9b\u00e9, d\u00e8s la naissance*. Vegan** et sans parfum, ce soin \u00e0 l\u2019huile d\u2019olive bio apaise la peau, r\u00e9pare et favorise la disparition des rougeurs du si\u00e8ge.<\/p>\n<ul>\n<li>MUSTELA Cr\u00e8me Hydratante Certifi\u00e9e BIO ,150ml<\/li>\n<\/ul>\n<p>La Cr\u00e8me hydratante visage &amp; corps, certifi\u00e9e Bio, prot\u00e8ge et respecte les peaux les plus d\u00e9licates.<br \/>\nSans parfum, vegan, ce soin hydratant \u00e0 l\u2019huile d\u2019olive bio peut \u00eatre utilis\u00e9 d\u00e8s la naissance* et par toute la famille.<\/p>\n<ul>\n<li>MUSTELA Eau Micellaire Certifi\u00e9e BIO,400ml<\/li>\n<\/ul>\n<p>L\u2019Eau micellaire certifi\u00e9e Bio nettoie en douceur le visage, le corps ou les fesses de b\u00e9b\u00e9. Inutile de la rincer. Elle peut \u00eatre utilis\u00e9e d\u00e8s la naissance* et par toute la famille. Elle est m\u00eame adapt\u00e9e au d\u00e9maquillage, y compris des yeux. Sans parfum, formule vegan**, elle contient 99% d\u2019ingr\u00e9dients d\u2019origine naturelle.<\/p>\n<ul>\n<li>MUSTELA Baume Pectoral Reconfortant,40ml<\/li>\n<\/ul>\n<p>Le baume pectoral r\u00e9confortant de la marque Mustela\u00a0s\u2019utilise chez les b\u00e9b\u00e9s et les enfants d\u00e8s la naissance et poss\u00e8de de multiples usages. En application sur la peau de b\u00e9b\u00e9, le baume pectoral r\u00e9confortant Mustela va\u00a0hydrater et adoucir sa peau\u00a0gr\u00e2ce au Pers\u00e9ose d\u2019avocat et au Beurre de Karit\u00e9 qui lui redonneront toute sa souplesse.<\/p>\n<ul>\n<li>MUSTELA Eau Rafraichissante Coiffante,200ml<\/li>\n<\/ul>\n<p>Eau rafra\u00eechissante et coiffante b\u00e9b\u00e9 et enfant pour une toilette qui allie plaisir et douceur, d\u00e8s la naissance.<\/p>\n<ul>\n<li>MUSTELA Shampooing Doux, 200ml<\/li>\n<\/ul>\n<p>Nettoie en douceur les cheveux, gr\u00e2ce \u00e0 sa base lavante v\u00e9g\u00e9tale ultra-douce.<br \/>\nRespecte l\u2019\u00e9quilibre fragile du cuir chevelu.<\/p>\n<ul>\n<li>MUSTELA Huile Lavante Stelatopia,500ml<\/li>\n<\/ul>\n<p>Elle relipide la peau et soulage les sensations d\u2019inconfort\u00a0et de tiraillement. Elle laisse la peau plus souple et plus douce, gr\u00e2ce aux vertus de son ingr\u00e9dient phare, l\u2019Ol\u00e9odistillat de tournesol certifi\u00e9 Bio.<\/p>\n","protected":false},"excerpt":{"rendered":"<p>Ce mommy bag MUSTELA Contient :<\/p>\n<p>MUSTELA Certifi\u00e9e BIO [Cr\u00e8me Change+ Cr\u00e8me Hydratante +Eau Micellaire]<\/p>\n<p>Shampooing Doux, 200ml<\/p>\n<p>Eau Rafraichissante Coiffante,200ml<\/p>\n<p>Baume Pectoral Reconfortant,40ml<\/p>\n<p>Huile Lavante Stelatopia,500ml<\/p>\n","protected":false},"featured_media":1336,"comment_status":"open","ping_status":"closed","template":"","meta":{"ocean_post_layout":"","ocean_both_sidebars_style":"","ocean_both_sidebars_content_width":0,"ocean_both_sidebars_sidebars_width":0,"ocean_sidebar":"0","ocean_second_sidebar":"0","ocean_disable_margins":"enable","ocean_add_body_class":"","ocean_shortcode_before_top_bar":"","ocean_shortcode_after_top_bar":"","ocean_shortcode_before_header":"","ocean_shortcode_after_header":"","ocean_has_shortcode":"","ocean_shortcode_after_title":"","ocean_shortcode_before_footer_widgets":"","ocean_shortcode_after_footer_widgets":"","ocean_shortcode_before_footer_bottom":"","ocean_shortcode_after_footer_bottom":"","ocean_display_top_bar":"default","ocean_display_header":"default","ocean_header_style":"","ocean_center_header_left_menu":"0","ocean_custom_header_template":"0","ocean_custom_logo":0,"ocean_custom_retina_logo":0,"ocean_custom_logo_max_width":0,"ocean_custom_logo_tablet_max_width":0,"ocean_custom_logo_mobile_max_width":0,"ocean_custom_logo_max_height":0,"ocean_custom_logo_tablet_max_height":0,"ocean_custom_logo_mobile_max_height":0,"ocean_header_custom_menu":"0","ocean_menu_typo_font_family":"0","ocean_menu_typo_font_subset":"","ocean_menu_typo_font_size":0,"ocean_menu_typo_font_size_tablet":0,"ocean_menu_typo_font_size_mobile":0,"ocean_menu_typo_font_size_unit":"px","ocean_menu_typo_font_weight":"","ocean_menu_typo_font_weight_tablet":"","ocean_menu_typo_font_weight_mobile":"","ocean_menu_typo_transform":"","ocean_menu_typo_transform_tablet":"","ocean_menu_typo_transform_mobile":"","ocean_menu_typo_line_height":0,"ocean_menu_typo_line_height_tablet":0,"ocean_menu_typo_line_height_mobile":0,"ocean_menu_typo_line_height_unit":"","ocean_menu_typo_spacing":0,"ocean_menu_typo_spacing_tablet":0,"ocean_menu_typo_spacing_mobile":0,"ocean_menu_typo_spacing_unit":"","ocean_menu_link_color":"","ocean_menu_link_color_hover":"","ocean_menu_link_color_active":"","ocean_menu_link_background":"","ocean_menu_link_hover_background":"","ocean_menu_link_active_background":"","ocean_menu_social_links_bg":"","ocean_menu_social_hover_links_bg":"","ocean_menu_social_links_color":"","ocean_menu_social_hover_links_color":"","ocean_disable_title":"default","ocean_disable_heading":"default","ocean_post_title":"","ocean_post_subheading":"","ocean_post_title_style":"","ocean_post_title_background_color":"","ocean_post_title_background":0,"ocean_post_title_bg_image_position":"","ocean_post_title_bg_image_attachment":"","ocean_post_title_bg_image_repeat":"","ocean_post_title_bg_image_size":"","ocean_post_title_height":0,"ocean_post_title_bg_overlay":0.5,"ocean_post_title_bg_overlay_color":"","ocean_disable_breadcrumbs":"default","ocean_breadcrumbs_color":"","ocean_breadcrumbs_separator_color":"","ocean_breadcrumbs_links_color":"","ocean_breadcrumbs_links_hover_color":"","ocean_display_footer_widgets":"default","ocean_display_footer_bottom":"default","ocean_custom_footer_template":"0"},"product_brand":[],"product_cat":[26,24,61],"product_tag":[],"class_list":{"0":"post-1335","1":"product","2":"type-product","3":"status-publish","4":"has-post-thumbnail","6":"product_cat-promo","7":"product_cat-bebe-et-maman","8":"product_cat-trousseaux-et-cadeaux-bebe","10":"entry","11":"has-media","13":"first","14":"instock","15":"sale","16":"taxable","17":"shipping-taxable","18":"purchasable","19":"product-type-simple","20":"has-product-nav","21":"col","22":"span_1_of_3","23":"owp-content-center","24":"owp-thumbs-layout-horizontal","25":"owp-btn-normal","26":"owp-tabs-layout-horizontal","27":"has-no-thumbnails"},"_links":{"self":[{"href":"https:\/\/ellypara.com\/index.php\/wp-json\/wp\/v2\/product\/1335","targetHints":{"allow":["GET"]}}],"collection":[{"href":"https:\/\/ellypara.com\/index.php\/wp-json\/wp\/v2\/product"}],"about":[{"href":"https:\/\/ellypara.com\/index.php\/wp-json\/wp\/v2\/types\/product"}],"replies":[{"embeddable":true,"href":"https:\/\/ellypara.com\/index.php\/wp-json\/wp\/v2\/comments?post=1335"}],"wp:featuredmedia":[{"embeddable":true,"href":"https:\/\/ellypara.com\/index.php\/wp-json\/wp\/v2\/media\/1336"}],"wp:attachment":[{"href":"https:\/\/ellypara.com\/index.php\/wp-json\/wp\/v2\/media?parent=1335"}],"wp:term":[{"taxonomy":"product_brand","embeddable":true,"href":"https:\/\/ellypara.com\/index.php\/wp-json\/wp\/v2\/product_brand?post=1335"},{"taxonomy":"product_cat","embeddable":true,"href":"https:\/\/ellypara.com\/index.php\/wp-json\/wp\/v2\/product_cat?post=1335"},{"taxonomy":"product_tag","embeddable":true,"href":"https:\/\/ellypara.com\/index.php\/wp-json\/wp\/v2\/product_tag?post=1335"}],"curies":[{"name":"wp","href":"https:\/\/api.w.org\/{rel}","templated":true}]}}