{"id":1350,"date":"2025-04-14T19:25:54","date_gmt":"2025-04-14T17:25:54","guid":{"rendered":"https:\/\/ellypara.com\/?post_type=product&#038;p=1350"},"modified":"2025-04-14T19:25:54","modified_gmt":"2025-04-14T17:25:54","slug":"biolane-sac-maman-matelasse-bleu-rose-vert-jaune","status":"publish","type":"product","link":"https:\/\/ellypara.com\/index.php\/produit\/biolane-sac-maman-matelasse-bleu-rose-vert-jaune\/","title":{"rendered":"BIOLANE SAC MAMAN MATELASS\u00c9 BLEU\/ROSE\/VERT\/JAUNE"},"content":{"rendered":"<p><strong>Le trousseau b\u00e9b\u00e9 contient :<\/strong><\/p>\n<p>\u2013\u00a0Biolane Savon Doux Surgras\u00a0qui a \u00e9t\u00e9 sp\u00e9cialement formul\u00e9 pour la toilette quotidienne des nouveaux-n\u00e9s.<\/p>\n<p>\u2013\u00a0Biolane Eau de Toilette Fra\u00eecheur\u00a0est sp\u00e9cialement formul\u00e9e pour compl\u00e9ter agr\u00e9ablement la toilette et rafra\u00eechir votre b\u00e9b\u00e9 \u00e0 tout moment de la journ\u00e9e.<\/p>\n<p>\u2013\u00a0Biolane Shampooing Douceur\u00a0qui prend soin des cheveux de toute la famille<\/p>\n<p>\u2013\u00a0Biolane Cr\u00e8me Nourrissante et Hydratante\u00a0durablement et apporte souplesse et confort \u00e0 la peau.<\/p>\n<p>\u2013\u00a0Biolane Cr\u00e8me Change\u00a0prot\u00e8ge l\u2019\u00e9piderme fessier de votre b\u00e9b\u00e9 et r\u00e9pare efficacement les rougeurs et irritations.<\/p>\n<p>\u2013\u00a0Biolane Talc Liquide 100 ml :absorbe en douceur l\u2019exc\u00e8s d\u2019humidit\u00e9 et prot\u00e8ge l\u2019\u00e9piderme contre les agressions ext\u00e9rieures (frottements, selles, urine\u2026).<\/p>\n<p>\u2013 Sac maman, Doudou et 2 mini-doses offerts<\/p>\n","protected":false},"excerpt":{"rendered":"<p>Le trousseau de naissance Biolane Premiers Moments.<\/p>\n","protected":false},"featured_media":1351,"comment_status":"open","ping_status":"closed","template":"","meta":{"ocean_post_layout":"","ocean_both_sidebars_style":"","ocean_both_sidebars_content_width":0,"ocean_both_sidebars_sidebars_width":0,"ocean_sidebar":"0","ocean_second_sidebar":"0","ocean_disable_margins":"enable","ocean_add_body_class":"","ocean_shortcode_before_top_bar":"","ocean_shortcode_after_top_bar":"","ocean_shortcode_before_header":"","ocean_shortcode_after_header":"","ocean_has_shortcode":"","ocean_shortcode_after_title":"","ocean_shortcode_before_footer_widgets":"","ocean_shortcode_after_footer_widgets":"","ocean_shortcode_before_footer_bottom":"","ocean_shortcode_after_footer_bottom":"","ocean_display_top_bar":"default","ocean_display_header":"default","ocean_header_style":"","ocean_center_header_left_menu":"0","ocean_custom_header_template":"0","ocean_custom_logo":0,"ocean_custom_retina_logo":0,"ocean_custom_logo_max_width":0,"ocean_custom_logo_tablet_max_width":0,"ocean_custom_logo_mobile_max_width":0,"ocean_custom_logo_max_height":0,"ocean_custom_logo_tablet_max_height":0,"ocean_custom_logo_mobile_max_height":0,"ocean_header_custom_menu":"0","ocean_menu_typo_font_family":"0","ocean_menu_typo_font_subset":"","ocean_menu_typo_font_size":0,"ocean_menu_typo_font_size_tablet":0,"ocean_menu_typo_font_size_mobile":0,"ocean_menu_typo_font_size_unit":"px","ocean_menu_typo_font_weight":"","ocean_menu_typo_font_weight_tablet":"","ocean_menu_typo_font_weight_mobile":"","ocean_menu_typo_transform":"","ocean_menu_typo_transform_tablet":"","ocean_menu_typo_transform_mobile":"","ocean_menu_typo_line_height":0,"ocean_menu_typo_line_height_tablet":0,"ocean_menu_typo_line_height_mobile":0,"ocean_menu_typo_line_height_unit":"","ocean_menu_typo_spacing":0,"ocean_menu_typo_spacing_tablet":0,"ocean_menu_typo_spacing_mobile":0,"ocean_menu_typo_spacing_unit":"","ocean_menu_link_color":"","ocean_menu_link_color_hover":"","ocean_menu_link_color_active":"","ocean_menu_link_background":"","ocean_menu_link_hover_background":"","ocean_menu_link_active_background":"","ocean_menu_social_links_bg":"","ocean_menu_social_hover_links_bg":"","ocean_menu_social_links_color":"","ocean_menu_social_hover_links_color":"","ocean_disable_title":"default","ocean_disable_heading":"default","ocean_post_title":"","ocean_post_subheading":"","ocean_post_title_style":"","ocean_post_title_background_color":"","ocean_post_title_background":0,"ocean_post_title_bg_image_position":"","ocean_post_title_bg_image_attachment":"","ocean_post_title_bg_image_repeat":"","ocean_post_title_bg_image_size":"","ocean_post_title_height":0,"ocean_post_title_bg_overlay":0.5,"ocean_post_title_bg_overlay_color":"","ocean_disable_breadcrumbs":"default","ocean_breadcrumbs_color":"","ocean_breadcrumbs_separator_color":"","ocean_breadcrumbs_links_color":"","ocean_breadcrumbs_links_hover_color":"","ocean_display_footer_widgets":"default","ocean_display_footer_bottom":"default","ocean_custom_footer_template":"0"},"product_brand":[],"product_cat":[26,24,61],"product_tag":[],"class_list":{"0":"post-1350","1":"product","2":"type-product","3":"status-publish","4":"has-post-thumbnail","6":"product_cat-promo","7":"product_cat-bebe-et-maman","8":"product_cat-trousseaux-et-cadeaux-bebe","10":"entry","11":"has-media","13":"first","14":"instock","15":"sale","16":"taxable","17":"shipping-taxable","18":"purchasable","19":"product-type-simple","20":"has-product-nav","21":"col","22":"span_1_of_3","23":"owp-content-center","24":"owp-thumbs-layout-horizontal","25":"owp-btn-normal","26":"owp-tabs-layout-horizontal"},"_links":{"self":[{"href":"https:\/\/ellypara.com\/index.php\/wp-json\/wp\/v2\/product\/1350","targetHints":{"allow":["GET"]}}],"collection":[{"href":"https:\/\/ellypara.com\/index.php\/wp-json\/wp\/v2\/product"}],"about":[{"href":"https:\/\/ellypara.com\/index.php\/wp-json\/wp\/v2\/types\/product"}],"replies":[{"embeddable":true,"href":"https:\/\/ellypara.com\/index.php\/wp-json\/wp\/v2\/comments?post=1350"}],"wp:featuredmedia":[{"embeddable":true,"href":"https:\/\/ellypara.com\/index.php\/wp-json\/wp\/v2\/media\/1351"}],"wp:attachment":[{"href":"https:\/\/ellypara.com\/index.php\/wp-json\/wp\/v2\/media?parent=1350"}],"wp:term":[{"taxonomy":"product_brand","embeddable":true,"href":"https:\/\/ellypara.com\/index.php\/wp-json\/wp\/v2\/product_brand?post=1350"},{"taxonomy":"product_cat","embeddable":true,"href":"https:\/\/ellypara.com\/index.php\/wp-json\/wp\/v2\/product_cat?post=1350"},{"taxonomy":"product_tag","embeddable":true,"href":"https:\/\/ellypara.com\/index.php\/wp-json\/wp\/v2\/product_tag?post=1350"}],"curies":[{"name":"wp","href":"https:\/\/api.w.org\/{rel}","templated":true}]}}