{"id":1359,"date":"2025-04-16T12:51:31","date_gmt":"2025-04-16T10:51:31","guid":{"rendered":"https:\/\/ellypara.com\/?post_type=product&#038;p=1359"},"modified":"2025-04-16T12:51:31","modified_gmt":"2025-04-16T10:51:31","slug":"nettoyant-intime-a-laloe-vera-et-a-la-camomille","status":"publish","type":"product","link":"https:\/\/ellypara.com\/index.php\/produit\/nettoyant-intime-a-laloe-vera-et-a-la-camomille\/","title":{"rendered":"Nettoyant intime \u00e0 l&#8217;Aloe Vera et \u00e0 la Camomille"},"content":{"rendered":"<div class=\"product-description\">\n<p><span>Nettoyant intime D\u00c9LICAT et APAISANT pour l&#8217;hygi\u00e8ne intime quotidienne. Il respecte le pH physiologique de vos parties intimes et, gr\u00e2ce \u00e0 l&#8217;action apaisante de l&#8217;alpha bisabolol, d\u00e9riv\u00e9 de la camomille, et aux propri\u00e9t\u00e9s anti-inflammatoires, il aide \u00e0 pr\u00e9venir les d\u00e9mangeaisons, les irritations et les br\u00fblures. Gr\u00e2ce \u00e0 l&#8217;aloe vera pr\u00e9sent, il am\u00e9liore l&#8217;hydratation des muqueuses g\u00e9nitales. Pour l&#8217;hygi\u00e8ne intime quotidienne de toute la famille.<\/span><\/p>\n<p><span>FORMAT : 250 ml<\/span><br \/>\n<span>0% PARAB\u00c8NES \u2013 COLORANTS \u2013 ALCOOL \u2013 ALLERG\u00c8NES \u2013 SLS<\/span><\/p>\n<p><span>Ingr\u00e9dients : Aqua\/Eau, Sodium laureth sulfate, Chlorure de sodium, Parfum, Cocamidopropyl b\u00e9ta\u00efne, Disodium cocoampodiac\u00e9tate, Glyc\u00e9rine, Aloe<\/span><\/p>\n<p><span>jus de feuille de bbadensis, cocoate de glyc\u00e9ryle PEG-7, benzoate de sodium,<\/span><\/p>\n<p><span>Coco-glucoside, ol\u00e9ate de glyc\u00e9ryle, sorbate de potassium, PEG-200 hydrog\u00e9n\u00e9<\/span><\/p>\n<p><span>palmate de glyc\u00e9ryle, bisabolol, tocoph\u00e9rol, acide citrique, palme hydrog\u00e9n\u00e9e<\/span><\/p>\n<p><span>citrate de glyc\u00e9rides, EDTA disodique.<\/span><\/p>\n<\/div>\n","protected":false},"excerpt":{"rendered":"<p><strong>Gel intimGel intime INODERMA<\/strong>, formule douce et apaisante pour l&#8217;hygi\u00e8ne intime quotidienne. Respecte l&#8217;\u00e9quilibre naturel de la flore vaginale.<\/p>\n<p>Doux et apaisant au pH 4,5.<\/p>\n<p>Format pratique de 250 ml.<\/p>\n","protected":false},"featured_media":1360,"comment_status":"open","ping_status":"closed","template":"","meta":{"ocean_post_layout":"","ocean_both_sidebars_style":"","ocean_both_sidebars_content_width":0,"ocean_both_sidebars_sidebars_width":0,"ocean_sidebar":"0","ocean_second_sidebar":"0","ocean_disable_margins":"enable","ocean_add_body_class":"","ocean_shortcode_before_top_bar":"","ocean_shortcode_after_top_bar":"","ocean_shortcode_before_header":"","ocean_shortcode_after_header":"","ocean_has_shortcode":"","ocean_shortcode_after_title":"","ocean_shortcode_before_footer_widgets":"","ocean_shortcode_after_footer_widgets":"","ocean_shortcode_before_footer_bottom":"","ocean_shortcode_after_footer_bottom":"","ocean_display_top_bar":"default","ocean_display_header":"default","ocean_header_style":"","ocean_center_header_left_menu":"0","ocean_custom_header_template":"0","ocean_custom_logo":0,"ocean_custom_retina_logo":0,"ocean_custom_logo_max_width":0,"ocean_custom_logo_tablet_max_width":0,"ocean_custom_logo_mobile_max_width":0,"ocean_custom_logo_max_height":0,"ocean_custom_logo_tablet_max_height":0,"ocean_custom_logo_mobile_max_height":0,"ocean_header_custom_menu":"0","ocean_menu_typo_font_family":"0","ocean_menu_typo_font_subset":"","ocean_menu_typo_font_size":0,"ocean_menu_typo_font_size_tablet":0,"ocean_menu_typo_font_size_mobile":0,"ocean_menu_typo_font_size_unit":"px","ocean_menu_typo_font_weight":"","ocean_menu_typo_font_weight_tablet":"","ocean_menu_typo_font_weight_mobile":"","ocean_menu_typo_transform":"","ocean_menu_typo_transform_tablet":"","ocean_menu_typo_transform_mobile":"","ocean_menu_typo_line_height":0,"ocean_menu_typo_line_height_tablet":0,"ocean_menu_typo_line_height_mobile":0,"ocean_menu_typo_line_height_unit":"","ocean_menu_typo_spacing":0,"ocean_menu_typo_spacing_tablet":0,"ocean_menu_typo_spacing_mobile":0,"ocean_menu_typo_spacing_unit":"","ocean_menu_link_color":"","ocean_menu_link_color_hover":"","ocean_menu_link_color_active":"","ocean_menu_link_background":"","ocean_menu_link_hover_background":"","ocean_menu_link_active_background":"","ocean_menu_social_links_bg":"","ocean_menu_social_hover_links_bg":"","ocean_menu_social_links_color":"","ocean_menu_social_hover_links_color":"","ocean_disable_title":"default","ocean_disable_heading":"default","ocean_post_title":"","ocean_post_subheading":"","ocean_post_title_style":"","ocean_post_title_background_color":"","ocean_post_title_background":0,"ocean_post_title_bg_image_position":"","ocean_post_title_bg_image_attachment":"","ocean_post_title_bg_image_repeat":"","ocean_post_title_bg_image_size":"","ocean_post_title_height":0,"ocean_post_title_bg_overlay":0.5,"ocean_post_title_bg_overlay_color":"","ocean_disable_breadcrumbs":"default","ocean_breadcrumbs_color":"","ocean_breadcrumbs_separator_color":"","ocean_breadcrumbs_links_color":"","ocean_breadcrumbs_links_hover_color":"","ocean_display_footer_widgets":"default","ocean_display_footer_bottom":"default","ocean_custom_footer_template":"0"},"product_brand":[],"product_cat":[44,87,96],"product_tag":[],"class_list":{"0":"post-1359","1":"product","2":"type-product","3":"status-publish","4":"has-post-thumbnail","6":"product_cat-hygiene","7":"product_cat-hygiene-intime","8":"product_cat-toilette-intime","10":"entry","11":"has-media","13":"first","14":"instock","15":"taxable","16":"shipping-taxable","17":"purchasable","18":"product-type-simple","19":"has-product-nav","20":"col","21":"span_1_of_3","22":"owp-content-center","23":"owp-thumbs-layout-horizontal","24":"owp-btn-normal","25":"owp-tabs-layout-horizontal","26":"has-no-thumbnails"},"_links":{"self":[{"href":"https:\/\/ellypara.com\/index.php\/wp-json\/wp\/v2\/product\/1359","targetHints":{"allow":["GET"]}}],"collection":[{"href":"https:\/\/ellypara.com\/index.php\/wp-json\/wp\/v2\/product"}],"about":[{"href":"https:\/\/ellypara.com\/index.php\/wp-json\/wp\/v2\/types\/product"}],"replies":[{"embeddable":true,"href":"https:\/\/ellypara.com\/index.php\/wp-json\/wp\/v2\/comments?post=1359"}],"wp:featuredmedia":[{"embeddable":true,"href":"https:\/\/ellypara.com\/index.php\/wp-json\/wp\/v2\/media\/1360"}],"wp:attachment":[{"href":"https:\/\/ellypara.com\/index.php\/wp-json\/wp\/v2\/media?parent=1359"}],"wp:term":[{"taxonomy":"product_brand","embeddable":true,"href":"https:\/\/ellypara.com\/index.php\/wp-json\/wp\/v2\/product_brand?post=1359"},{"taxonomy":"product_cat","embeddable":true,"href":"https:\/\/ellypara.com\/index.php\/wp-json\/wp\/v2\/product_cat?post=1359"},{"taxonomy":"product_tag","embeddable":true,"href":"https:\/\/ellypara.com\/index.php\/wp-json\/wp\/v2\/product_tag?post=1359"}],"curies":[{"name":"wp","href":"https:\/\/api.w.org\/{rel}","templated":true}]}}