{"id":1363,"date":"2025-04-16T13:23:09","date_gmt":"2025-04-16T11:23:09","guid":{"rendered":"https:\/\/ellypara.com\/?post_type=product&#038;p=1363"},"modified":"2025-04-16T13:23:09","modified_gmt":"2025-04-16T11:23:09","slug":"evoluderm-masque-visage-apaisant-camomille-150ml","status":"publish","type":"product","link":"https:\/\/ellypara.com\/index.php\/produit\/evoluderm-masque-visage-apaisant-camomille-150ml\/","title":{"rendered":"EVOLUDERM MASQUE VISAGE APAISANT CAMOMILLE 150ML"},"content":{"rendered":"<p><strong>Masque Apaisant Camomille Evoluderm<\/strong> est d&#8217;une texture r\u00e9confortante au doux parfum nourrit la peau et illumine le teint. Gr\u00e2ce \u00e0 ses propri\u00e9t\u00e9s adoucissantes, la Camomille apaise la peau et r\u00e9duit les sensations de tiraillement. Masque camomille Formul\u00e9 \u00e0 98% d\u2019origine naturelle et v\u00e9gan.<\/p>\n<p>Ce masque apaisant pr\u00e9vient le dess\u00e8chement cutan\u00e9 et prot\u00e8ge l\u2019\u00e9piderme des agressions ext\u00e9rieures. R\u00e9sultat : la peau est revitalis\u00e9e et le teint sublim\u00e9 !<\/p>\n<p>Conseil d&#8217;utilisation : Appliquez 1 \u00e0 2 fois par semaine le Masque Apaisant Camomille pour nourrir et sublimer la peau. Laissez poser 5 \u00e0 6 minuites, puis rincez \u00e0 l&#8217;eau ti\u00e8de.<\/p>\n","protected":false},"excerpt":{"rendered":"<p><strong>EVOLUDERM MASQUE VISAGE APAISANT CAMOMILLE 150Ml<\/strong>, Formul\u00e9 \u00e0 98% d\u2019origine naturelle, le Masque Apaisant Camomille lib\u00e8re l\u2019\u00e9piderme de toutes ses impuret\u00e9s et resserre les pores. Enrichi en Camomille aux propri\u00e9t\u00e9s adoucissantes, il nourrit et apporte confort \u00e0 la peau.<\/p>\n<div class=\"ql-editor\" contenteditable=\"false\" data-gramm=\"false\" data-placeholder=\"Insert text here ...\">\n<p>Appliquez 1 \u00e0 2 fois par semaine le Masque Apaisant Camomille pour nourrir et sublimer la peau.<\/p>\n<\/div>\n","protected":false},"featured_media":1364,"comment_status":"open","ping_status":"closed","template":"","meta":{"ocean_post_layout":"","ocean_both_sidebars_style":"","ocean_both_sidebars_content_width":0,"ocean_both_sidebars_sidebars_width":0,"ocean_sidebar":"0","ocean_second_sidebar":"0","ocean_disable_margins":"enable","ocean_add_body_class":"","ocean_shortcode_before_top_bar":"","ocean_shortcode_after_top_bar":"","ocean_shortcode_before_header":"","ocean_shortcode_after_header":"","ocean_has_shortcode":"","ocean_shortcode_after_title":"","ocean_shortcode_before_footer_widgets":"","ocean_shortcode_after_footer_widgets":"","ocean_shortcode_before_footer_bottom":"","ocean_shortcode_after_footer_bottom":"","ocean_display_top_bar":"default","ocean_display_header":"default","ocean_header_style":"","ocean_center_header_left_menu":"0","ocean_custom_header_template":"0","ocean_custom_logo":0,"ocean_custom_retina_logo":0,"ocean_custom_logo_max_width":0,"ocean_custom_logo_tablet_max_width":0,"ocean_custom_logo_mobile_max_width":0,"ocean_custom_logo_max_height":0,"ocean_custom_logo_tablet_max_height":0,"ocean_custom_logo_mobile_max_height":0,"ocean_header_custom_menu":"0","ocean_menu_typo_font_family":"0","ocean_menu_typo_font_subset":"","ocean_menu_typo_font_size":0,"ocean_menu_typo_font_size_tablet":0,"ocean_menu_typo_font_size_mobile":0,"ocean_menu_typo_font_size_unit":"px","ocean_menu_typo_font_weight":"","ocean_menu_typo_font_weight_tablet":"","ocean_menu_typo_font_weight_mobile":"","ocean_menu_typo_transform":"","ocean_menu_typo_transform_tablet":"","ocean_menu_typo_transform_mobile":"","ocean_menu_typo_line_height":0,"ocean_menu_typo_line_height_tablet":0,"ocean_menu_typo_line_height_mobile":0,"ocean_menu_typo_line_height_unit":"","ocean_menu_typo_spacing":0,"ocean_menu_typo_spacing_tablet":0,"ocean_menu_typo_spacing_mobile":0,"ocean_menu_typo_spacing_unit":"","ocean_menu_link_color":"","ocean_menu_link_color_hover":"","ocean_menu_link_color_active":"","ocean_menu_link_background":"","ocean_menu_link_hover_background":"","ocean_menu_link_active_background":"","ocean_menu_social_links_bg":"","ocean_menu_social_hover_links_bg":"","ocean_menu_social_links_color":"","ocean_menu_social_hover_links_color":"","ocean_disable_title":"default","ocean_disable_heading":"default","ocean_post_title":"","ocean_post_subheading":"","ocean_post_title_style":"","ocean_post_title_background_color":"","ocean_post_title_background":0,"ocean_post_title_bg_image_position":"","ocean_post_title_bg_image_attachment":"","ocean_post_title_bg_image_repeat":"","ocean_post_title_bg_image_size":"","ocean_post_title_height":0,"ocean_post_title_bg_overlay":0.5,"ocean_post_title_bg_overlay_color":"","ocean_disable_breadcrumbs":"default","ocean_breadcrumbs_color":"","ocean_breadcrumbs_separator_color":"","ocean_breadcrumbs_links_color":"","ocean_breadcrumbs_links_hover_color":"","ocean_display_footer_widgets":"default","ocean_display_footer_bottom":"default","ocean_custom_footer_template":"0"},"product_brand":[],"product_cat":[26,35,21],"product_tag":[],"class_list":{"0":"post-1363","1":"product","2":"type-product","3":"status-publish","4":"has-post-thumbnail","6":"product_cat-promo","7":"product_cat-soins-hydratants-et-nourrissants","8":"product_cat-visage","10":"entry","11":"has-media","13":"first","14":"instock","15":"sale","16":"taxable","17":"shipping-taxable","18":"purchasable","19":"product-type-simple","20":"has-product-nav","21":"col","22":"span_1_of_3","23":"owp-content-center","24":"owp-thumbs-layout-horizontal","25":"owp-btn-normal","26":"owp-tabs-layout-horizontal","27":"has-no-thumbnails"},"_links":{"self":[{"href":"https:\/\/ellypara.com\/index.php\/wp-json\/wp\/v2\/product\/1363","targetHints":{"allow":["GET"]}}],"collection":[{"href":"https:\/\/ellypara.com\/index.php\/wp-json\/wp\/v2\/product"}],"about":[{"href":"https:\/\/ellypara.com\/index.php\/wp-json\/wp\/v2\/types\/product"}],"replies":[{"embeddable":true,"href":"https:\/\/ellypara.com\/index.php\/wp-json\/wp\/v2\/comments?post=1363"}],"wp:featuredmedia":[{"embeddable":true,"href":"https:\/\/ellypara.com\/index.php\/wp-json\/wp\/v2\/media\/1364"}],"wp:attachment":[{"href":"https:\/\/ellypara.com\/index.php\/wp-json\/wp\/v2\/media?parent=1363"}],"wp:term":[{"taxonomy":"product_brand","embeddable":true,"href":"https:\/\/ellypara.com\/index.php\/wp-json\/wp\/v2\/product_brand?post=1363"},{"taxonomy":"product_cat","embeddable":true,"href":"https:\/\/ellypara.com\/index.php\/wp-json\/wp\/v2\/product_cat?post=1363"},{"taxonomy":"product_tag","embeddable":true,"href":"https:\/\/ellypara.com\/index.php\/wp-json\/wp\/v2\/product_tag?post=1363"}],"curies":[{"name":"wp","href":"https:\/\/api.w.org\/{rel}","templated":true}]}}