{"id":1370,"date":"2025-04-16T14:09:00","date_gmt":"2025-04-16T12:09:00","guid":{"rendered":"https:\/\/ellypara.com\/?post_type=product&#038;p=1370"},"modified":"2025-08-25T13:39:02","modified_gmt":"2025-08-25T11:39:02","slug":"1370","status":"publish","type":"product","link":"https:\/\/ellypara.com\/index.php\/produit\/1370\/","title":{"rendered":"Rog\u00e9 Cavaill\u00e8s Soin Lavant Intime Extra-doux Gel 2fl\/250ml"},"content":{"rendered":"<div class=\"container-fluid bg-couloured-container mt-0 mt-md-5 py-5 px-0 px-sm-3\">\n<div class=\"container px-0 px-md-3\">\n<div class=\"row no-gutters\">\n<div class=\"col-md-10 offset-md-1 bg-white\">\n<div class=\"paper p-3 p-md-4\">\n<div class=\"tab-content\">\n<div id=\"product-indications-pharmacist-advice\" class=\"tab-pane fade show active\" role=\"tabpanel\">\n<div class=\"mb-3\">\n<div class=\"fade-out-parent\">\n<div class=\"fade-out-content mb-0\">\n<p>\u2022 Une zone INTIME respect\u00e9e et prot\u00e9g\u00e9e : enrichie en pr\u00e9biotiques, notre formule sans savon compos\u00e9e \u00e0 97%d\u2019ingr\u00e9dients d\u2019origine naturelle nettoie en douceur et aide \u00e0 prot\u00e9ger l\u2019\u00e9quilibre intime.<br \/>\n\u2022 Un moment de BIEN-\u00caTRE gr\u00e2ce au surgras v\u00e9g\u00e9tal pro-r\u00e9g\u00e9n\u00e9rant\u00ae et aux extraits de calendula apaisant pour un confort optimal.<br \/>\n\u2022 Un geste pour la PLAN\u00c8TE avec son flacon 100% en plastique recycl\u00e9 et recyclable*.<br \/>\n\u2022 Adapt\u00e9 \u00e0 TOUTES les muqueuses avec son pH physiologique.<\/p>\n<p>Test\u00e9 gyn\u00e9cologiquement. Usage externe.<\/p>\n<p>*sauf pigments colorants<\/p>\n<\/div>\n<\/div>\n<\/div>\n<\/div>\n<\/div>\n<div class=\"text-center mt-3\">\n<div class=\"container-fluid bg-couloured-container mt-0 mt-md-5 py-5 px-0 px-sm-3\">\n<div class=\"container px-0 px-md-3\">\n<div class=\"row no-gutters\">\n<div class=\"col-md-10 offset-md-1 bg-white\">\n<div class=\"paper p-3 p-md-4\">\n<div class=\"tab-content\">\n<div id=\"product-composition\" class=\"tab-pane fade active show\" role=\"tabpanel\">\n<p>Aqua, Decyl Glucoside, Glycerin, Coco-Betaine, Sodium Lauroyl Glutamate, Glyceryl Oleate, Parfum, Xanthan Gum, Calendula Officinalis Flower Extract, Alpha-Glucan Oligosaccharide, Sodium Benzoate, Lactic Acid, Prunus Amygdalus Dulcis Oil, Coco-Glucoside, Levulinic Acid, Sodium Levulinate, Potassium Sorbate, Caesalpinia Spinosa Gum, Sodium Gluconate, Citric Acid, Sodium Hydroxide.<\/p>\n<\/div>\n<\/div>\n<div class=\"text-center mt-3\">\n<div class=\"container-fluid bg-couloured-container mt-0 mt-md-5 py-5 px-0 px-sm-3\">\n<div class=\"container px-0 px-md-3\">\n<div class=\"row no-gutters\">\n<div class=\"col-md-10 offset-md-1 bg-white\">\n<div class=\"paper p-3 p-md-4\">\n<div class=\"tab-content\">\n<div id=\"product-see-more\" class=\"tab-pane fade active show\" role=\"tabpanel\">\n<h4 title=\"Rog\u00e9 Cavaill\u00e8s Soin Lavant Intime Extra-doux Gel 2fl\/250ml est particuli\u00e8rement recommand\u00e9 pour...\">Particuli\u00e8rement recommand\u00e9 :<\/h4>\n<p>Id\u00e9al pour la toilette quotidienne des petits et des grands.<\/p>\n<\/div>\n<\/div>\n<div class=\"text-center mt-3\"><\/div>\n<\/div>\n<\/div>\n<\/div>\n<\/div>\n<\/div>\n<div class=\"mb-4 mb-lg-5\">\n<div class=\"container mt-4 mt-lg-5\">\n<aside class=\"row\">\n<div class=\"col-md-10 offset-md-1 col-lg-8 offset-lg-2\">\n<div class=\"product-brand-about card\">\n<div class=\"card-body p-3 p-lg-4\"><\/div>\n<\/div>\n<\/div>\n<\/aside>\n<\/div>\n<\/div>\n<\/div>\n<\/div>\n<\/div>\n<\/div>\n<\/div>\n<\/div>\n<div class=\"mb-4 mb-lg-5\">\n<div class=\"container mt-4 mt-lg-5\">\n<aside class=\"row\">\n<div class=\"col-md-10 offset-md-1 col-lg-8 offset-lg-2\">\n<div class=\"product-brand-about card\">\n<div class=\"card-body p-3 p-lg-4\"><\/div>\n<\/div>\n<\/div>\n<\/aside>\n<\/div>\n<\/div>\n<\/div>\n<\/div>\n<\/div>\n<\/div>\n<\/div>\n<\/div>\n<div class=\"mb-4 mb-lg-5\">\n<div class=\"container mt-4 mt-lg-5\">\n<aside class=\"row\">\n<div class=\"col-md-10 offset-md-1 col-lg-8 offset-lg-2\">\n<div class=\"product-brand-about card\">\n<div class=\"card-body p-3 p-lg-4\"><\/div>\n<\/div>\n<\/div>\n<\/aside>\n<\/div>\n<\/div>\n","protected":false},"excerpt":{"rendered":"<div class=\"container-fluid bg-couloured-container mt-0 mt-md-5 py-5 px-0 px-sm-3\">\n<div class=\"container px-0 px-md-3\">\n<div class=\"row no-gutters\">\n<div class=\"col-md-10 offset-md-1 bg-white\">\n<div class=\"paper p-3 p-md-4\">\n<div class=\"tab-content\">\n<div id=\"product-utilisation\" class=\"tab-pane fade active show\" role=\"tabpanel\">\n<p>Ce Soin Lavant Intime s\u2019utilise comme un savon liquide pour les muqueuses m\u00eame sensibles. Une \u00e0 deux fois par jour et au quotidien, usage externe uniquement. Pensez \u00e0 rincer soigneusement.<\/p>\n<\/div>\n<\/div>\n<\/div>\n<\/div>\n<\/div>\n<\/div>\n<\/div>\n<div class=\"mb-4 mb-lg-5\">\n<div class=\"container mt-4 mt-lg-5\">\n<aside class=\"row\">\n<div class=\"col-md-10 offset-md-1 col-lg-8 offset-lg-2\">\n<div class=\"product-brand-about card\">\n<div class=\"card-body p-3 p-lg-4\"><\/div>\n<\/div>\n<\/div>\n<\/aside>\n<\/div>\n<\/div>\n","protected":false},"featured_media":1371,"comment_status":"open","ping_status":"closed","template":"","meta":{"ocean_post_layout":"","ocean_both_sidebars_style":"","ocean_both_sidebars_content_width":0,"ocean_both_sidebars_sidebars_width":0,"ocean_sidebar":"0","ocean_second_sidebar":"0","ocean_disable_margins":"enable","ocean_add_body_class":"","ocean_shortcode_before_top_bar":"","ocean_shortcode_after_top_bar":"","ocean_shortcode_before_header":"","ocean_shortcode_after_header":"","ocean_has_shortcode":"","ocean_shortcode_after_title":"","ocean_shortcode_before_footer_widgets":"","ocean_shortcode_after_footer_widgets":"","ocean_shortcode_before_footer_bottom":"","ocean_shortcode_after_footer_bottom":"","ocean_display_top_bar":"default","ocean_display_header":"default","ocean_header_style":"","ocean_center_header_left_menu":"0","ocean_custom_header_template":"0","ocean_custom_logo":0,"ocean_custom_retina_logo":0,"ocean_custom_logo_max_width":0,"ocean_custom_logo_tablet_max_width":0,"ocean_custom_logo_mobile_max_width":0,"ocean_custom_logo_max_height":0,"ocean_custom_logo_tablet_max_height":0,"ocean_custom_logo_mobile_max_height":0,"ocean_header_custom_menu":"0","ocean_menu_typo_font_family":"0","ocean_menu_typo_font_subset":"","ocean_menu_typo_font_size":0,"ocean_menu_typo_font_size_tablet":0,"ocean_menu_typo_font_size_mobile":0,"ocean_menu_typo_font_size_unit":"px","ocean_menu_typo_font_weight":"","ocean_menu_typo_font_weight_tablet":"","ocean_menu_typo_font_weight_mobile":"","ocean_menu_typo_transform":"","ocean_menu_typo_transform_tablet":"","ocean_menu_typo_transform_mobile":"","ocean_menu_typo_line_height":0,"ocean_menu_typo_line_height_tablet":0,"ocean_menu_typo_line_height_mobile":0,"ocean_menu_typo_line_height_unit":"","ocean_menu_typo_spacing":0,"ocean_menu_typo_spacing_tablet":0,"ocean_menu_typo_spacing_mobile":0,"ocean_menu_typo_spacing_unit":"","ocean_menu_link_color":"","ocean_menu_link_color_hover":"","ocean_menu_link_color_active":"","ocean_menu_link_background":"","ocean_menu_link_hover_background":"","ocean_menu_link_active_background":"","ocean_menu_social_links_bg":"","ocean_menu_social_hover_links_bg":"","ocean_menu_social_links_color":"","ocean_menu_social_hover_links_color":"","ocean_disable_title":"default","ocean_disable_heading":"default","ocean_post_title":"","ocean_post_subheading":"","ocean_post_title_style":"","ocean_post_title_background_color":"","ocean_post_title_background":0,"ocean_post_title_bg_image_position":"","ocean_post_title_bg_image_attachment":"","ocean_post_title_bg_image_repeat":"","ocean_post_title_bg_image_size":"","ocean_post_title_height":0,"ocean_post_title_bg_overlay":0.5,"ocean_post_title_bg_overlay_color":"","ocean_disable_breadcrumbs":"default","ocean_breadcrumbs_color":"","ocean_breadcrumbs_separator_color":"","ocean_breadcrumbs_links_color":"","ocean_breadcrumbs_links_hover_color":"","ocean_display_footer_widgets":"default","ocean_display_footer_bottom":"default","ocean_custom_footer_template":"0"},"product_brand":[],"product_cat":[44,87,96],"product_tag":[],"class_list":{"0":"post-1370","1":"product","2":"type-product","3":"status-publish","4":"has-post-thumbnail","6":"product_cat-hygiene","7":"product_cat-hygiene-intime","8":"product_cat-toilette-intime","10":"entry","11":"has-media","13":"first","14":"instock","15":"taxable","16":"shipping-taxable","17":"purchasable","18":"product-type-simple","19":"has-product-nav","20":"col","21":"span_1_of_3","22":"owp-content-center","23":"owp-thumbs-layout-horizontal","24":"owp-btn-normal","25":"owp-tabs-layout-horizontal"},"_links":{"self":[{"href":"https:\/\/ellypara.com\/index.php\/wp-json\/wp\/v2\/product\/1370","targetHints":{"allow":["GET"]}}],"collection":[{"href":"https:\/\/ellypara.com\/index.php\/wp-json\/wp\/v2\/product"}],"about":[{"href":"https:\/\/ellypara.com\/index.php\/wp-json\/wp\/v2\/types\/product"}],"replies":[{"embeddable":true,"href":"https:\/\/ellypara.com\/index.php\/wp-json\/wp\/v2\/comments?post=1370"}],"wp:featuredmedia":[{"embeddable":true,"href":"https:\/\/ellypara.com\/index.php\/wp-json\/wp\/v2\/media\/1371"}],"wp:attachment":[{"href":"https:\/\/ellypara.com\/index.php\/wp-json\/wp\/v2\/media?parent=1370"}],"wp:term":[{"taxonomy":"product_brand","embeddable":true,"href":"https:\/\/ellypara.com\/index.php\/wp-json\/wp\/v2\/product_brand?post=1370"},{"taxonomy":"product_cat","embeddable":true,"href":"https:\/\/ellypara.com\/index.php\/wp-json\/wp\/v2\/product_cat?post=1370"},{"taxonomy":"product_tag","embeddable":true,"href":"https:\/\/ellypara.com\/index.php\/wp-json\/wp\/v2\/product_tag?post=1370"}],"curies":[{"name":"wp","href":"https:\/\/api.w.org\/{rel}","templated":true}]}}