{"id":1375,"date":"2025-04-16T14:26:47","date_gmt":"2025-04-16T12:26:47","guid":{"rendered":"https:\/\/ellypara.com\/?post_type=product&#038;p=1375"},"modified":"2025-04-16T14:30:19","modified_gmt":"2025-04-16T12:30:19","slug":"1375","status":"publish","type":"product","link":"https:\/\/ellypara.com\/index.php\/produit\/1375\/","title":{"rendered":"ROGE CAVAILLES CREME INTIME APAISANTE MYCOLEA+ 24H 50ML"},"content":{"rendered":"<p>Un soulagement imm\u00e9diat et jusqu&#8217;\u00e0 24 heures des d\u00e9mangeaisons intimes\u00a0!<br \/>\nD\u00e9velopp\u00e9e avec des gyn\u00e9cologues, la cr\u00e8me intime Mycolea+<sup>TM<\/sup>\u00a0procure une action imm\u00e9diate et durable jusqu&#8217;\u00e0 24 heures pour soulager des d\u00e9mangeaisons intimes.<br \/>\nAvec son complexe exclusif (anti-fongique d&#8217;origine naturelle et calendula encapsul\u00e9), cette cr\u00e8me aide \u00e0 calmer efficacement les muqueuses irrit\u00e9es et \u00e0 r\u00e9tablir le bien-\u00eatre intime.<\/p>\n<p><strong>Conseils d&#8217;utilisation :<\/strong><\/p>\n<p>Elle s&#8217;applique pendant une semaine, apr\u00e8s la toilette ou \u00e0 tout moment de la journ\u00e9e, sur peau s\u00e8che.<br \/>\nMassez jusqu&#8217;\u00e0 absorption compl\u00e8te.<br \/>\nElle n&#8217;est pas compatible avec l&#8217;emploi de pr\u00e9servatifs.<br \/>\nElle ne doit pas \u00eatre appliqu\u00e9e sur une peau l\u00e9s\u00e9e.<br \/>\nEn cas de rougeurs persistantes, consultez un m\u00e9decin.<\/p>\n<p><strong>Composition :<\/strong><\/p>\n<p>Formule INCI : Aqua;Octyldodecanol, Caprylic\/Capric Triglyceride, Glyceryl Stearate, PEG-100, Stearate, Cyclopentasiloxane, Cetyl Alcohol, Acrylates\/C10-30 Alkyl Acrylate Crosspolymer, Pentylene Glycol, Butylene Glycol, Hydroxyphenyl Propamidobenzoic Acid, Pullulan, Glycerin,, Azadirachta Indica Leaf Extract, Tetrahydrodiferuloylmethane, Calendula Officinalis Flower Extract, Caesalpina Spinosa Gum, DMDM Hydantoin, Sodium Benzoate, Parfum, Triethanolamine.<\/p>\n","protected":false},"excerpt":{"rendered":"<p>Un soulagement imm\u00e9diat et jusqu&#8217;\u00e0 24 heures des d\u00e9mangeaisons intimes !<\/p>\n","protected":false},"featured_media":1377,"comment_status":"open","ping_status":"closed","template":"","meta":{"ocean_post_layout":"","ocean_both_sidebars_style":"","ocean_both_sidebars_content_width":0,"ocean_both_sidebars_sidebars_width":0,"ocean_sidebar":"0","ocean_second_sidebar":"0","ocean_disable_margins":"enable","ocean_add_body_class":"","ocean_shortcode_before_top_bar":"","ocean_shortcode_after_top_bar":"","ocean_shortcode_before_header":"","ocean_shortcode_after_header":"","ocean_has_shortcode":"","ocean_shortcode_after_title":"","ocean_shortcode_before_footer_widgets":"","ocean_shortcode_after_footer_widgets":"","ocean_shortcode_before_footer_bottom":"","ocean_shortcode_after_footer_bottom":"","ocean_display_top_bar":"default","ocean_display_header":"default","ocean_header_style":"","ocean_center_header_left_menu":"0","ocean_custom_header_template":"0","ocean_custom_logo":0,"ocean_custom_retina_logo":0,"ocean_custom_logo_max_width":0,"ocean_custom_logo_tablet_max_width":0,"ocean_custom_logo_mobile_max_width":0,"ocean_custom_logo_max_height":0,"ocean_custom_logo_tablet_max_height":0,"ocean_custom_logo_mobile_max_height":0,"ocean_header_custom_menu":"0","ocean_menu_typo_font_family":"0","ocean_menu_typo_font_subset":"","ocean_menu_typo_font_size":0,"ocean_menu_typo_font_size_tablet":0,"ocean_menu_typo_font_size_mobile":0,"ocean_menu_typo_font_size_unit":"px","ocean_menu_typo_font_weight":"","ocean_menu_typo_font_weight_tablet":"","ocean_menu_typo_font_weight_mobile":"","ocean_menu_typo_transform":"","ocean_menu_typo_transform_tablet":"","ocean_menu_typo_transform_mobile":"","ocean_menu_typo_line_height":0,"ocean_menu_typo_line_height_tablet":0,"ocean_menu_typo_line_height_mobile":0,"ocean_menu_typo_line_height_unit":"","ocean_menu_typo_spacing":0,"ocean_menu_typo_spacing_tablet":0,"ocean_menu_typo_spacing_mobile":0,"ocean_menu_typo_spacing_unit":"","ocean_menu_link_color":"","ocean_menu_link_color_hover":"","ocean_menu_link_color_active":"","ocean_menu_link_background":"","ocean_menu_link_hover_background":"","ocean_menu_link_active_background":"","ocean_menu_social_links_bg":"","ocean_menu_social_hover_links_bg":"","ocean_menu_social_links_color":"","ocean_menu_social_hover_links_color":"","ocean_disable_title":"default","ocean_disable_heading":"default","ocean_post_title":"","ocean_post_subheading":"","ocean_post_title_style":"","ocean_post_title_background_color":"","ocean_post_title_background":0,"ocean_post_title_bg_image_position":"","ocean_post_title_bg_image_attachment":"","ocean_post_title_bg_image_repeat":"","ocean_post_title_bg_image_size":"","ocean_post_title_height":0,"ocean_post_title_bg_overlay":0.5,"ocean_post_title_bg_overlay_color":"","ocean_disable_breadcrumbs":"default","ocean_breadcrumbs_color":"","ocean_breadcrumbs_separator_color":"","ocean_breadcrumbs_links_color":"","ocean_breadcrumbs_links_hover_color":"","ocean_display_footer_widgets":"default","ocean_display_footer_bottom":"default","ocean_custom_footer_template":"0"},"product_brand":[],"product_cat":[44,87,96],"product_tag":[],"class_list":{"0":"post-1375","1":"product","2":"type-product","3":"status-publish","4":"has-post-thumbnail","6":"product_cat-hygiene","7":"product_cat-hygiene-intime","8":"product_cat-toilette-intime","10":"entry","11":"has-media","13":"first","14":"instock","15":"taxable","16":"shipping-taxable","17":"purchasable","18":"product-type-simple","19":"has-product-nav","20":"col","21":"span_1_of_3","22":"owp-content-center","23":"owp-thumbs-layout-horizontal","24":"owp-btn-normal","25":"owp-tabs-layout-horizontal","26":"has-no-thumbnails"},"_links":{"self":[{"href":"https:\/\/ellypara.com\/index.php\/wp-json\/wp\/v2\/product\/1375","targetHints":{"allow":["GET"]}}],"collection":[{"href":"https:\/\/ellypara.com\/index.php\/wp-json\/wp\/v2\/product"}],"about":[{"href":"https:\/\/ellypara.com\/index.php\/wp-json\/wp\/v2\/types\/product"}],"replies":[{"embeddable":true,"href":"https:\/\/ellypara.com\/index.php\/wp-json\/wp\/v2\/comments?post=1375"}],"wp:featuredmedia":[{"embeddable":true,"href":"https:\/\/ellypara.com\/index.php\/wp-json\/wp\/v2\/media\/1377"}],"wp:attachment":[{"href":"https:\/\/ellypara.com\/index.php\/wp-json\/wp\/v2\/media?parent=1375"}],"wp:term":[{"taxonomy":"product_brand","embeddable":true,"href":"https:\/\/ellypara.com\/index.php\/wp-json\/wp\/v2\/product_brand?post=1375"},{"taxonomy":"product_cat","embeddable":true,"href":"https:\/\/ellypara.com\/index.php\/wp-json\/wp\/v2\/product_cat?post=1375"},{"taxonomy":"product_tag","embeddable":true,"href":"https:\/\/ellypara.com\/index.php\/wp-json\/wp\/v2\/product_tag?post=1375"}],"curies":[{"name":"wp","href":"https:\/\/api.w.org\/{rel}","templated":true}]}}