{"id":1388,"date":"2025-04-18T18:36:03","date_gmt":"2025-04-18T16:36:03","guid":{"rendered":"https:\/\/ellypara.com\/?post_type=product&#038;p=1388"},"modified":"2025-04-18T18:36:03","modified_gmt":"2025-04-18T16:36:03","slug":"bioderma-pigmentbio-ma-routine-jour-anti-taches-et-eclat","status":"publish","type":"product","link":"https:\/\/ellypara.com\/index.php\/produit\/bioderma-pigmentbio-ma-routine-jour-anti-taches-et-eclat\/","title":{"rendered":"Bioderma Pigmentbio Ma Routine Jour Anti Taches et Eclat"},"content":{"rendered":"<p>BIODERMA PIGMENTBIO Trousse mon rituel \u00e9claircissant jour<\/p>\n<p><strong>Ce pack se compose de :<\/strong><\/p>\n<p><strong>pigmentbio foaming cream 200ml:<\/strong>\u00a0cr\u00e8me nettoyante anti-taches brunes :contribue \u00e0 la r\u00e9duction des taches brunes sur la peau \u00e9vite l\u2019apparition de nouvelles taches pigmentaires nettoie d\u00e9licatement la peau et emp\u00eache l\u2019apparition d\u2019imperfections unifie et illumine la peau dans son ensemble hydrate la peau et la laisse douce<\/p>\n<p><strong>PigmentBio Soin de Jour eclaircissant daily care spf 50+ 40ml:<\/strong>\u00a0est un soin de jour \u00e9claircissant, con\u00e7u sp\u00e9cifiquement pour les peaux sensibles.<br \/>\nPlus le temps passe, plus la peau est susceptible de laisser appara\u00eetre les stigmates qui t\u00e9moignent de notre vie.<\/p>\n<p>En effet, le vieillissement cutan\u00e9 d\u00fb \u00e0 l\u2019\u00e2ge s\u2019accompagne de tout un cort\u00e8ge de signes visibles, parmi lesquels, les taches brunes, qui apparaissent notamment sur le visage et le corsage. Le soleil porte \u00e9galement sa part de responsabilit\u00e9. En effet, l\u2019exposition au soleil contribue au vieillissement pr\u00e9matur\u00e9 de la peau et \u00e0 l\u2019apparition de ces taches. Ces derni\u00e8res correspondent \u00e0 une production excessive de m\u00e9lanine. Ainsi, pour pr\u00e9venir leur apparition, une tr\u00e8s haute photoprotection est requise<\/p>\n<p><strong>TROUSSE OFFERTE<\/strong><\/p>\n","protected":false},"excerpt":{"rendered":"<div class=\"product-short-description\">\n<p>BIODERMA PIGMENTBIO Trousse mon rituel \u00e9claircissant jour<\/p>\n<\/div>\n","protected":false},"featured_media":1389,"comment_status":"open","ping_status":"closed","template":"","meta":{"ocean_post_layout":"","ocean_both_sidebars_style":"","ocean_both_sidebars_content_width":0,"ocean_both_sidebars_sidebars_width":0,"ocean_sidebar":"0","ocean_second_sidebar":"0","ocean_disable_margins":"enable","ocean_add_body_class":"","ocean_shortcode_before_top_bar":"","ocean_shortcode_after_top_bar":"","ocean_shortcode_before_header":"","ocean_shortcode_after_header":"","ocean_has_shortcode":"","ocean_shortcode_after_title":"","ocean_shortcode_before_footer_widgets":"","ocean_shortcode_after_footer_widgets":"","ocean_shortcode_before_footer_bottom":"","ocean_shortcode_after_footer_bottom":"","ocean_display_top_bar":"default","ocean_display_header":"default","ocean_header_style":"","ocean_center_header_left_menu":"0","ocean_custom_header_template":"0","ocean_custom_logo":0,"ocean_custom_retina_logo":0,"ocean_custom_logo_max_width":0,"ocean_custom_logo_tablet_max_width":0,"ocean_custom_logo_mobile_max_width":0,"ocean_custom_logo_max_height":0,"ocean_custom_logo_tablet_max_height":0,"ocean_custom_logo_mobile_max_height":0,"ocean_header_custom_menu":"0","ocean_menu_typo_font_family":"0","ocean_menu_typo_font_subset":"","ocean_menu_typo_font_size":0,"ocean_menu_typo_font_size_tablet":0,"ocean_menu_typo_font_size_mobile":0,"ocean_menu_typo_font_size_unit":"px","ocean_menu_typo_font_weight":"","ocean_menu_typo_font_weight_tablet":"","ocean_menu_typo_font_weight_mobile":"","ocean_menu_typo_transform":"","ocean_menu_typo_transform_tablet":"","ocean_menu_typo_transform_mobile":"","ocean_menu_typo_line_height":0,"ocean_menu_typo_line_height_tablet":0,"ocean_menu_typo_line_height_mobile":0,"ocean_menu_typo_line_height_unit":"","ocean_menu_typo_spacing":0,"ocean_menu_typo_spacing_tablet":0,"ocean_menu_typo_spacing_mobile":0,"ocean_menu_typo_spacing_unit":"","ocean_menu_link_color":"","ocean_menu_link_color_hover":"","ocean_menu_link_color_active":"","ocean_menu_link_background":"","ocean_menu_link_hover_background":"","ocean_menu_link_active_background":"","ocean_menu_social_links_bg":"","ocean_menu_social_hover_links_bg":"","ocean_menu_social_links_color":"","ocean_menu_social_hover_links_color":"","ocean_disable_title":"default","ocean_disable_heading":"default","ocean_post_title":"","ocean_post_subheading":"","ocean_post_title_style":"","ocean_post_title_background_color":"","ocean_post_title_background":0,"ocean_post_title_bg_image_position":"","ocean_post_title_bg_image_attachment":"","ocean_post_title_bg_image_repeat":"","ocean_post_title_bg_image_size":"","ocean_post_title_height":0,"ocean_post_title_bg_overlay":0.5,"ocean_post_title_bg_overlay_color":"","ocean_disable_breadcrumbs":"default","ocean_breadcrumbs_color":"","ocean_breadcrumbs_separator_color":"","ocean_breadcrumbs_links_color":"","ocean_breadcrumbs_links_hover_color":"","ocean_display_footer_widgets":"default","ocean_display_footer_bottom":"default","ocean_custom_footer_template":"0"},"product_brand":[],"product_cat":[26,41,39,21],"product_tag":[],"class_list":{"0":"post-1388","1":"product","2":"type-product","3":"status-publish","4":"has-post-thumbnail","6":"product_cat-promo","7":"product_cat-nettoyants-visage","8":"product_cat-soins-anti-taches-et-depigmentants","9":"product_cat-visage","11":"entry","12":"has-media","14":"first","15":"instock","16":"sale","17":"taxable","18":"shipping-taxable","19":"purchasable","20":"product-type-simple","21":"has-product-nav","22":"col","23":"span_1_of_3","24":"owp-content-center","25":"owp-thumbs-layout-horizontal","26":"owp-btn-normal","27":"owp-tabs-layout-horizontal","28":"has-no-thumbnails"},"_links":{"self":[{"href":"https:\/\/ellypara.com\/index.php\/wp-json\/wp\/v2\/product\/1388","targetHints":{"allow":["GET"]}}],"collection":[{"href":"https:\/\/ellypara.com\/index.php\/wp-json\/wp\/v2\/product"}],"about":[{"href":"https:\/\/ellypara.com\/index.php\/wp-json\/wp\/v2\/types\/product"}],"replies":[{"embeddable":true,"href":"https:\/\/ellypara.com\/index.php\/wp-json\/wp\/v2\/comments?post=1388"}],"wp:featuredmedia":[{"embeddable":true,"href":"https:\/\/ellypara.com\/index.php\/wp-json\/wp\/v2\/media\/1389"}],"wp:attachment":[{"href":"https:\/\/ellypara.com\/index.php\/wp-json\/wp\/v2\/media?parent=1388"}],"wp:term":[{"taxonomy":"product_brand","embeddable":true,"href":"https:\/\/ellypara.com\/index.php\/wp-json\/wp\/v2\/product_brand?post=1388"},{"taxonomy":"product_cat","embeddable":true,"href":"https:\/\/ellypara.com\/index.php\/wp-json\/wp\/v2\/product_cat?post=1388"},{"taxonomy":"product_tag","embeddable":true,"href":"https:\/\/ellypara.com\/index.php\/wp-json\/wp\/v2\/product_tag?post=1388"}],"curies":[{"name":"wp","href":"https:\/\/api.w.org\/{rel}","templated":true}]}}