{"id":1390,"date":"2025-04-18T18:46:11","date_gmt":"2025-04-18T16:46:11","guid":{"rendered":"https:\/\/ellypara.com\/?post_type=product&#038;p=1390"},"modified":"2025-04-18T18:46:12","modified_gmt":"2025-04-18T16:46:12","slug":"bioderma-pigmentbio-ma-routine-nuit-anti-taches-et-eclat","status":"publish","type":"product","link":"https:\/\/ellypara.com\/index.php\/produit\/bioderma-pigmentbio-ma-routine-nuit-anti-taches-et-eclat\/","title":{"rendered":"BIODERMA PIGMENTBIO MA ROUTINE NUIT ANTI TACHES ET ECLAT"},"content":{"rendered":"<h2>BIODERMA PIGMENTBIO Trousse mon rituel \u00e9claircissant nuit<\/h2>\n<p>Ce pack se compose de :<\/p>\n<h3>Pigmentbio foaming cream 200ml:<\/h3>\n<ul>\n<li><strong>cr\u00e8me nettoyante anti-taches brunes :<\/strong>contribue \u00e0 la r\u00e9duction des taches brunes sur la peau \u00e9vite l\u2019apparition de nouvelles taches pigmentaires nettoie d\u00e9licatement la peau et emp\u00eache l\u2019apparition d\u2019imperfections unifie et illumine la peau dans son ensemble hydrate la peau et la laisse douce<\/li>\n<li>cr\u00e9e une sensation de confort sur la peau peut \u00e9galement \u00eatre utilis\u00e9 en tant que masque visage consistance cr\u00e9meuse moussante<\/li>\n<\/ul>\n<h3>Soin de nuit \u00e9claircissant pigmentbio night renewer 50ml:<\/h3>\n<p>Corrige les taches brunes ,Restaure l\u2019\u00e9clat et l\u2019uniformit\u00e9 du teint. Avec sa texture sleeping masque ce soin contribue :<\/p>\n<ul>\n<li>\u00e0 r\u00e9duire la production de m\u00e9lanine, responsable des taches cutan\u00e9es<\/li>\n<li>\u00e0 soulager la peau de nouvelles agressions cutan\u00e9es et ainsi r\u00e9duire l\u2019apparition de nouvelles taches en r\u00e9duisant l\u2019inflammation<\/li>\n<li>\u00e0 restaurer l\u2019uniformit\u00e9 et l\u2019\u00e9clat du teint en boostant le processus de renouvellement cellulaire<\/li>\n<\/ul>\n<p>Au touch\u00e9 frais et l\u00e9ger, gorg\u00e9e d\u2019eau, cette cr\u00e8me de nuit est compl\u00e9ment\u00e9e par des vitamines \u00e9claircissantes et protectrices comme :<\/p>\n<ul>\n<li>la vitamine C et E reconnues pour leur propri\u00e9t\u00e9s antioxydantes<\/li>\n<li>la vitamine PP qui permet une hydratation durable de par son action sur la barri\u00e8re cutan\u00e9e<\/li>\n<\/ul>\n<h3>TROUSSE OFFERTE<\/h3>\n","protected":false},"excerpt":{"rendered":"<ul>\n<li>Bioderma pigmentbio foaming cream 200ml<\/li>\n<li>BIODERMA PIGMENTBIO CREME DE NUIT UNIFIANTE 50ML<\/li>\n<li>TROUSSE (OFFERT)<\/li>\n<\/ul>\n","protected":false},"featured_media":1391,"comment_status":"open","ping_status":"closed","template":"","meta":{"ocean_post_layout":"","ocean_both_sidebars_style":"","ocean_both_sidebars_content_width":0,"ocean_both_sidebars_sidebars_width":0,"ocean_sidebar":"0","ocean_second_sidebar":"0","ocean_disable_margins":"enable","ocean_add_body_class":"","ocean_shortcode_before_top_bar":"","ocean_shortcode_after_top_bar":"","ocean_shortcode_before_header":"","ocean_shortcode_after_header":"","ocean_has_shortcode":"","ocean_shortcode_after_title":"","ocean_shortcode_before_footer_widgets":"","ocean_shortcode_after_footer_widgets":"","ocean_shortcode_before_footer_bottom":"","ocean_shortcode_after_footer_bottom":"","ocean_display_top_bar":"default","ocean_display_header":"default","ocean_header_style":"","ocean_center_header_left_menu":"0","ocean_custom_header_template":"0","ocean_custom_logo":0,"ocean_custom_retina_logo":0,"ocean_custom_logo_max_width":0,"ocean_custom_logo_tablet_max_width":0,"ocean_custom_logo_mobile_max_width":0,"ocean_custom_logo_max_height":0,"ocean_custom_logo_tablet_max_height":0,"ocean_custom_logo_mobile_max_height":0,"ocean_header_custom_menu":"0","ocean_menu_typo_font_family":"0","ocean_menu_typo_font_subset":"","ocean_menu_typo_font_size":0,"ocean_menu_typo_font_size_tablet":0,"ocean_menu_typo_font_size_mobile":0,"ocean_menu_typo_font_size_unit":"px","ocean_menu_typo_font_weight":"","ocean_menu_typo_font_weight_tablet":"","ocean_menu_typo_font_weight_mobile":"","ocean_menu_typo_transform":"","ocean_menu_typo_transform_tablet":"","ocean_menu_typo_transform_mobile":"","ocean_menu_typo_line_height":0,"ocean_menu_typo_line_height_tablet":0,"ocean_menu_typo_line_height_mobile":0,"ocean_menu_typo_line_height_unit":"","ocean_menu_typo_spacing":0,"ocean_menu_typo_spacing_tablet":0,"ocean_menu_typo_spacing_mobile":0,"ocean_menu_typo_spacing_unit":"","ocean_menu_link_color":"","ocean_menu_link_color_hover":"","ocean_menu_link_color_active":"","ocean_menu_link_background":"","ocean_menu_link_hover_background":"","ocean_menu_link_active_background":"","ocean_menu_social_links_bg":"","ocean_menu_social_hover_links_bg":"","ocean_menu_social_links_color":"","ocean_menu_social_hover_links_color":"","ocean_disable_title":"default","ocean_disable_heading":"default","ocean_post_title":"","ocean_post_subheading":"","ocean_post_title_style":"","ocean_post_title_background_color":"","ocean_post_title_background":0,"ocean_post_title_bg_image_position":"","ocean_post_title_bg_image_attachment":"","ocean_post_title_bg_image_repeat":"","ocean_post_title_bg_image_size":"","ocean_post_title_height":0,"ocean_post_title_bg_overlay":0.5,"ocean_post_title_bg_overlay_color":"","ocean_disable_breadcrumbs":"default","ocean_breadcrumbs_color":"","ocean_breadcrumbs_separator_color":"","ocean_breadcrumbs_links_color":"","ocean_breadcrumbs_links_hover_color":"","ocean_display_footer_widgets":"default","ocean_display_footer_bottom":"default","ocean_custom_footer_template":"0"},"product_brand":[],"product_cat":[39,21],"product_tag":[],"class_list":{"0":"post-1390","1":"product","2":"type-product","3":"status-publish","4":"has-post-thumbnail","6":"product_cat-soins-anti-taches-et-depigmentants","7":"product_cat-visage","9":"entry","10":"has-media","12":"first","13":"instock","14":"taxable","15":"shipping-taxable","16":"purchasable","17":"product-type-simple","18":"has-product-nav","19":"col","20":"span_1_of_3","21":"owp-content-center","22":"owp-thumbs-layout-horizontal","23":"owp-btn-normal","24":"owp-tabs-layout-horizontal","25":"has-no-thumbnails"},"_links":{"self":[{"href":"https:\/\/ellypara.com\/index.php\/wp-json\/wp\/v2\/product\/1390","targetHints":{"allow":["GET"]}}],"collection":[{"href":"https:\/\/ellypara.com\/index.php\/wp-json\/wp\/v2\/product"}],"about":[{"href":"https:\/\/ellypara.com\/index.php\/wp-json\/wp\/v2\/types\/product"}],"replies":[{"embeddable":true,"href":"https:\/\/ellypara.com\/index.php\/wp-json\/wp\/v2\/comments?post=1390"}],"wp:featuredmedia":[{"embeddable":true,"href":"https:\/\/ellypara.com\/index.php\/wp-json\/wp\/v2\/media\/1391"}],"wp:attachment":[{"href":"https:\/\/ellypara.com\/index.php\/wp-json\/wp\/v2\/media?parent=1390"}],"wp:term":[{"taxonomy":"product_brand","embeddable":true,"href":"https:\/\/ellypara.com\/index.php\/wp-json\/wp\/v2\/product_brand?post=1390"},{"taxonomy":"product_cat","embeddable":true,"href":"https:\/\/ellypara.com\/index.php\/wp-json\/wp\/v2\/product_cat?post=1390"},{"taxonomy":"product_tag","embeddable":true,"href":"https:\/\/ellypara.com\/index.php\/wp-json\/wp\/v2\/product_tag?post=1390"}],"curies":[{"name":"wp","href":"https:\/\/api.w.org\/{rel}","templated":true}]}}