{"id":1392,"date":"2025-04-18T18:58:45","date_gmt":"2025-04-18T16:58:45","guid":{"rendered":"https:\/\/ellypara.com\/?post_type=product&#038;p=1392"},"modified":"2025-04-18T18:59:44","modified_gmt":"2025-04-18T16:59:44","slug":"bioderma-hydrabio-serum-concentre-40ml","status":"publish","type":"product","link":"https:\/\/ellypara.com\/index.php\/produit\/bioderma-hydrabio-serum-concentre-40ml\/","title":{"rendered":"BIODERMA HYDRABIO SERUM CONCENTRE 40ML"},"content":{"rendered":"<div class=\"product-tabs\">\n<div class=\"title-border\">\n<p class=\"h2\"><strong>Description :<\/strong><\/p>\n<\/div>\n<div class=\"std\">\n<p>Tous les jours, la pollution, le stress, le froid perturbent l&#8217;activit\u00e9 cellulaire de la peau. Cons\u00e9quence : elle se d\u00e9shydrate, tiraille, devient inconfortable et perd de son \u00e9clat. Issu de la Recherche BIODERMA, le brevet biologique Aquagenium<sup>\u2122<\/sup>\u00a0contenu dans Hydrabio S\u00e9rum r\u00e9apprend \u00e0 la peau \u00e0 relancer elle-m\u00eame ses capacit\u00e9s naturelles d&#8217;hydratation en stimulant la synth\u00e8se des aquaporines &#8211; v\u00e9ritables canaux hydriques de l&#8217;<span id=\"glossaryID3\" class=\"glossaryTerm\">\u00e9piderme<\/span>\u00a0&#8211; et \u00e0 retenir l&#8217;eau indispensable \u00e0 son \u00e9quilibre.<\/p>\n<div id=\"tab-01\" class=\"tab-pane active\">\n<ul class=\"list-type-03\">\n<li>Effet hydratant imm\u00e9diat et durable<\/li>\n<li>Lisse la peau et redonne de l&#8217;\u00e9clat<\/li>\n<li>Texture fondante ultra-fraiche<\/li>\n<\/ul>\n<p>Les + produit\u00a0:<\/p>\n<ul class=\"list-type-03\">\n<li>Adapt\u00e9 \u00e0 tous les types de peau, seul ou accompagn\u00e9 d&#8217;un soin<\/li>\n<li>\u00c0 utiliser seul ou avant une cr\u00e8me de la gamme Hydrabio (Hydrabio Riche ou L\u00e9g\u00e8re)<\/li>\n<li>Constitue une excellente base de maquillage<\/li>\n<\/ul>\n<\/div>\n<\/div>\n<\/div>\n<div class=\"product-tabs\">\n<div class=\"title-border\">\n<p class=\"h2\"><strong>Conseils d&#8217;utilisation :<\/strong><\/p>\n<\/div>\n<div class=\"std\">\n<p>Matin et soir &#8211; 7 jours\/7<br \/>\nAppliquez Hydrabio S\u00e9rum matin et\/ou soir sur le visage et le cou, pr\u00e9alablement nettoy\u00e9s avec Hydrabio Lait ou Hydrabio H2O et tonifi\u00e9s avec Hydrabio Tonique.<\/p>\n<\/div>\n<\/div>\n<div class=\"title-border\">\n<p class=\"h2\"><strong>Composition :<\/strong><\/p>\n<\/div>\n<p>Formule INCI : Aqua\/water\/eau, glycerin, complexe brevet\u00e9 d.a.f, sodium polyacrylate, dimethicone, cyclopentasiloxane, trideceth-6, disodium edta, niacinamide, peg\/ppg-18\/18 dimethicone, fructooligosaccharides, sodium hyaluronate, hexyldecanol, caprylic\/capric triglyceride, laminaria ochroleuca extract, pyrus malus (apple) seed extract, brassica campestris (rapeseed) sterols, tocopherol, chlorphenesin, phenoxyethanol, fragrance (parfum).<\/p>\n","protected":false},"excerpt":{"rendered":"<p>Hydrabio S\u00e9rum r\u00e9apprend \u00e0 la peau \u00e0 relancer elle-m\u00eame ses capacit\u00e9s naturelles d&#8217;hydratation en stimulant la synth\u00e8se des aquaporines &#8211; v\u00e9ritables canaux hydriques de l&#8217;<span id=\"glossaryID3\" class=\"glossaryTerm\">\u00e9piderme<\/span>\u00a0&#8211; et \u00e0 retenir l&#8217;eau indispensable \u00e0 son \u00e9quilibre.<\/p>\n","protected":false},"featured_media":1393,"comment_status":"open","ping_status":"closed","template":"","meta":{"ocean_post_layout":"","ocean_both_sidebars_style":"","ocean_both_sidebars_content_width":0,"ocean_both_sidebars_sidebars_width":0,"ocean_sidebar":"0","ocean_second_sidebar":"0","ocean_disable_margins":"enable","ocean_add_body_class":"","ocean_shortcode_before_top_bar":"","ocean_shortcode_after_top_bar":"","ocean_shortcode_before_header":"","ocean_shortcode_after_header":"","ocean_has_shortcode":"","ocean_shortcode_after_title":"","ocean_shortcode_before_footer_widgets":"","ocean_shortcode_after_footer_widgets":"","ocean_shortcode_before_footer_bottom":"","ocean_shortcode_after_footer_bottom":"","ocean_display_top_bar":"default","ocean_display_header":"default","ocean_header_style":"","ocean_center_header_left_menu":"0","ocean_custom_header_template":"0","ocean_custom_logo":0,"ocean_custom_retina_logo":0,"ocean_custom_logo_max_width":0,"ocean_custom_logo_tablet_max_width":0,"ocean_custom_logo_mobile_max_width":0,"ocean_custom_logo_max_height":0,"ocean_custom_logo_tablet_max_height":0,"ocean_custom_logo_mobile_max_height":0,"ocean_header_custom_menu":"0","ocean_menu_typo_font_family":"0","ocean_menu_typo_font_subset":"","ocean_menu_typo_font_size":0,"ocean_menu_typo_font_size_tablet":0,"ocean_menu_typo_font_size_mobile":0,"ocean_menu_typo_font_size_unit":"px","ocean_menu_typo_font_weight":"","ocean_menu_typo_font_weight_tablet":"","ocean_menu_typo_font_weight_mobile":"","ocean_menu_typo_transform":"","ocean_menu_typo_transform_tablet":"","ocean_menu_typo_transform_mobile":"","ocean_menu_typo_line_height":0,"ocean_menu_typo_line_height_tablet":0,"ocean_menu_typo_line_height_mobile":0,"ocean_menu_typo_line_height_unit":"","ocean_menu_typo_spacing":0,"ocean_menu_typo_spacing_tablet":0,"ocean_menu_typo_spacing_mobile":0,"ocean_menu_typo_spacing_unit":"","ocean_menu_link_color":"","ocean_menu_link_color_hover":"","ocean_menu_link_color_active":"","ocean_menu_link_background":"","ocean_menu_link_hover_background":"","ocean_menu_link_active_background":"","ocean_menu_social_links_bg":"","ocean_menu_social_hover_links_bg":"","ocean_menu_social_links_color":"","ocean_menu_social_hover_links_color":"","ocean_disable_title":"default","ocean_disable_heading":"default","ocean_post_title":"","ocean_post_subheading":"","ocean_post_title_style":"","ocean_post_title_background_color":"","ocean_post_title_background":0,"ocean_post_title_bg_image_position":"","ocean_post_title_bg_image_attachment":"","ocean_post_title_bg_image_repeat":"","ocean_post_title_bg_image_size":"","ocean_post_title_height":0,"ocean_post_title_bg_overlay":0.5,"ocean_post_title_bg_overlay_color":"","ocean_disable_breadcrumbs":"default","ocean_breadcrumbs_color":"","ocean_breadcrumbs_separator_color":"","ocean_breadcrumbs_links_color":"","ocean_breadcrumbs_links_hover_color":"","ocean_display_footer_widgets":"default","ocean_display_footer_bottom":"default","ocean_custom_footer_template":"0"},"product_brand":[],"product_cat":[26,37,42,35,21],"product_tag":[],"class_list":{"0":"post-1392","1":"product","2":"type-product","3":"status-publish","4":"has-post-thumbnail","6":"product_cat-promo","7":"product_cat-soins-peau-grasse","8":"product_cat-peaux-seches","9":"product_cat-soins-hydratants-et-nourrissants","10":"product_cat-visage","12":"entry","13":"has-media","15":"first","16":"instock","17":"taxable","18":"shipping-taxable","19":"purchasable","20":"product-type-simple","21":"has-product-nav","22":"col","23":"span_1_of_3","24":"owp-content-center","25":"owp-thumbs-layout-horizontal","26":"owp-btn-normal","27":"owp-tabs-layout-horizontal","28":"has-no-thumbnails"},"_links":{"self":[{"href":"https:\/\/ellypara.com\/index.php\/wp-json\/wp\/v2\/product\/1392","targetHints":{"allow":["GET"]}}],"collection":[{"href":"https:\/\/ellypara.com\/index.php\/wp-json\/wp\/v2\/product"}],"about":[{"href":"https:\/\/ellypara.com\/index.php\/wp-json\/wp\/v2\/types\/product"}],"replies":[{"embeddable":true,"href":"https:\/\/ellypara.com\/index.php\/wp-json\/wp\/v2\/comments?post=1392"}],"wp:featuredmedia":[{"embeddable":true,"href":"https:\/\/ellypara.com\/index.php\/wp-json\/wp\/v2\/media\/1393"}],"wp:attachment":[{"href":"https:\/\/ellypara.com\/index.php\/wp-json\/wp\/v2\/media?parent=1392"}],"wp:term":[{"taxonomy":"product_brand","embeddable":true,"href":"https:\/\/ellypara.com\/index.php\/wp-json\/wp\/v2\/product_brand?post=1392"},{"taxonomy":"product_cat","embeddable":true,"href":"https:\/\/ellypara.com\/index.php\/wp-json\/wp\/v2\/product_cat?post=1392"},{"taxonomy":"product_tag","embeddable":true,"href":"https:\/\/ellypara.com\/index.php\/wp-json\/wp\/v2\/product_tag?post=1392"}],"curies":[{"name":"wp","href":"https:\/\/api.w.org\/{rel}","templated":true}]}}