{"id":1394,"date":"2025-04-18T19:12:20","date_gmt":"2025-04-18T17:12:20","guid":{"rendered":"https:\/\/ellypara.com\/?post_type=product&#038;p=1394"},"modified":"2025-04-18T19:12:20","modified_gmt":"2025-04-18T17:12:20","slug":"bioderma-atoderm-trousse-peaux-tres-seches","status":"publish","type":"product","link":"https:\/\/ellypara.com\/index.php\/produit\/bioderma-atoderm-trousse-peaux-tres-seches\/","title":{"rendered":"BIODERMA ATODERM TROUSSE PEAUX TRES SECHES"},"content":{"rendered":"<p><b>BIODERMA ATODERM TROUSSE RITUEL PEAUX SECHES A TRES SECHES<\/b><\/p>\n<p><b><br \/>\n<\/b>Ce coffret se compose de:<\/p>\n<ul>\n<li><b>BIODERMA ATODERM CREME ULTRA 200ML :\u00a0<\/b>BIODERMA ATODERM CREME ULTRA est un soin quotidien hydratant ultra-nourrissant. Atoderm Cr\u00e8me Ultra est un soin quotidien expert pour les peaux s\u00e8ches, garantissant une efficacit\u00e9 hydratante et ultra-nourrissante \u00e0 deux niveaux :\n<ul>\n<li>Imm\u00e9diat : hydrate pendant 24h et nourrit la peau par l&#8217;apport d&#8217;om\u00e9gas 3, 6 et 9<\/li>\n<li>Longue dur\u00e9e : le COMPLEXE SKIN PROTECT maintient la peau hydrat\u00e9e en continu en stimulant la production naturelle d\u2019acide hyaluronique, et renforce la barri\u00e8re cutan\u00e9e gr\u00e2ce \u00e0 la Niacinamide.<\/li>\n<\/ul>\n<\/li>\n<\/ul>\n<ul>\n<li><b>BIODERMA Atoderm Huile de Douche 1L :\u00a0<\/b>Atoderm Huile de douche nettoie en douceur. Sa formule exclusive compos\u00e9e d&#8217;agents relipidants (vitamine PP et biolopides v\u00e9g\u00e9taux) et hydratants nourrit intens\u00e9ment la peau, calme les sensations de tiraillement, et prot\u00e8ge des agressions ext\u00e9rieures. Le complexe brevet\u00e9 Skin Barrier Therapy\u2122 permet de limiter l&#8217;adh\u00e9sion de certaines bact\u00e9ries (staphylocoque dor\u00e9) \u00e0 la surface de la peau, qui peuvent \u00eatre \u00e0 l&#8217;origine de l&#8217;aggravation de la s\u00e9cheresse cutan\u00e9e.<\/li>\n<li><b>BIODERMA Atoderm Stick L\u00e8vres 4GR offert<span style=\"color: #ffffff;\">\u00a0<\/span>:\u00a0<\/b>BIODERMA Atoderm Stick L\u00e8vres est un soin labial hydratant et apaisant<\/li>\n<\/ul>\n<ul>\n<li><b>BIODERMA TROUS<span style=\"color: #ffffff;\"><b style=\"color: #333333;\">SE OFFERTE.<\/b><\/span><\/b><strong><span style=\"color: #ffffff;\">e<\/span><\/strong><\/li>\n<\/ul>\n","protected":false},"excerpt":{"rendered":"<p>Bioderma Atoderm trousse peaux s\u00e8ches, est compos\u00e9e de :<\/p>\n<ul>\n<li>Bioderma Atoderm Intensive Gel ultra apaisant 1L<\/li>\n<li>Bioderma Atoderm intensive baume ultra apaisant 200ML<\/li>\n<li>Bioderma Hydrabio H2O solution micellaire 100ML (OFFERT)<\/li>\n<\/ul>\n","protected":false},"featured_media":1395,"comment_status":"open","ping_status":"closed","template":"","meta":{"ocean_post_layout":"","ocean_both_sidebars_style":"","ocean_both_sidebars_content_width":0,"ocean_both_sidebars_sidebars_width":0,"ocean_sidebar":"0","ocean_second_sidebar":"0","ocean_disable_margins":"enable","ocean_add_body_class":"","ocean_shortcode_before_top_bar":"","ocean_shortcode_after_top_bar":"","ocean_shortcode_before_header":"","ocean_shortcode_after_header":"","ocean_has_shortcode":"","ocean_shortcode_after_title":"","ocean_shortcode_before_footer_widgets":"","ocean_shortcode_after_footer_widgets":"","ocean_shortcode_before_footer_bottom":"","ocean_shortcode_after_footer_bottom":"","ocean_display_top_bar":"default","ocean_display_header":"default","ocean_header_style":"","ocean_center_header_left_menu":"0","ocean_custom_header_template":"0","ocean_custom_logo":0,"ocean_custom_retina_logo":0,"ocean_custom_logo_max_width":0,"ocean_custom_logo_tablet_max_width":0,"ocean_custom_logo_mobile_max_width":0,"ocean_custom_logo_max_height":0,"ocean_custom_logo_tablet_max_height":0,"ocean_custom_logo_mobile_max_height":0,"ocean_header_custom_menu":"0","ocean_menu_typo_font_family":"0","ocean_menu_typo_font_subset":"","ocean_menu_typo_font_size":0,"ocean_menu_typo_font_size_tablet":0,"ocean_menu_typo_font_size_mobile":0,"ocean_menu_typo_font_size_unit":"px","ocean_menu_typo_font_weight":"","ocean_menu_typo_font_weight_tablet":"","ocean_menu_typo_font_weight_mobile":"","ocean_menu_typo_transform":"","ocean_menu_typo_transform_tablet":"","ocean_menu_typo_transform_mobile":"","ocean_menu_typo_line_height":0,"ocean_menu_typo_line_height_tablet":0,"ocean_menu_typo_line_height_mobile":0,"ocean_menu_typo_line_height_unit":"","ocean_menu_typo_spacing":0,"ocean_menu_typo_spacing_tablet":0,"ocean_menu_typo_spacing_mobile":0,"ocean_menu_typo_spacing_unit":"","ocean_menu_link_color":"","ocean_menu_link_color_hover":"","ocean_menu_link_color_active":"","ocean_menu_link_background":"","ocean_menu_link_hover_background":"","ocean_menu_link_active_background":"","ocean_menu_social_links_bg":"","ocean_menu_social_hover_links_bg":"","ocean_menu_social_links_color":"","ocean_menu_social_hover_links_color":"","ocean_disable_title":"default","ocean_disable_heading":"default","ocean_post_title":"","ocean_post_subheading":"","ocean_post_title_style":"","ocean_post_title_background_color":"","ocean_post_title_background":0,"ocean_post_title_bg_image_position":"","ocean_post_title_bg_image_attachment":"","ocean_post_title_bg_image_repeat":"","ocean_post_title_bg_image_size":"","ocean_post_title_height":0,"ocean_post_title_bg_overlay":0.5,"ocean_post_title_bg_overlay_color":"","ocean_disable_breadcrumbs":"default","ocean_breadcrumbs_color":"","ocean_breadcrumbs_separator_color":"","ocean_breadcrumbs_links_color":"","ocean_breadcrumbs_links_hover_color":"","ocean_display_footer_widgets":"default","ocean_display_footer_bottom":"default","ocean_custom_footer_template":"0"},"product_brand":[],"product_cat":[15],"product_tag":[],"class_list":{"0":"post-1394","1":"product","2":"type-product","3":"status-publish","4":"has-post-thumbnail","6":"product_cat-maquillage","8":"entry","9":"has-media","11":"first","12":"instock","13":"taxable","14":"shipping-taxable","15":"purchasable","16":"product-type-simple","17":"has-product-nav","18":"col","19":"span_1_of_3","20":"owp-content-center","21":"owp-thumbs-layout-horizontal","22":"owp-btn-normal","23":"owp-tabs-layout-horizontal","24":"has-no-thumbnails"},"_links":{"self":[{"href":"https:\/\/ellypara.com\/index.php\/wp-json\/wp\/v2\/product\/1394","targetHints":{"allow":["GET"]}}],"collection":[{"href":"https:\/\/ellypara.com\/index.php\/wp-json\/wp\/v2\/product"}],"about":[{"href":"https:\/\/ellypara.com\/index.php\/wp-json\/wp\/v2\/types\/product"}],"replies":[{"embeddable":true,"href":"https:\/\/ellypara.com\/index.php\/wp-json\/wp\/v2\/comments?post=1394"}],"wp:featuredmedia":[{"embeddable":true,"href":"https:\/\/ellypara.com\/index.php\/wp-json\/wp\/v2\/media\/1395"}],"wp:attachment":[{"href":"https:\/\/ellypara.com\/index.php\/wp-json\/wp\/v2\/media?parent=1394"}],"wp:term":[{"taxonomy":"product_brand","embeddable":true,"href":"https:\/\/ellypara.com\/index.php\/wp-json\/wp\/v2\/product_brand?post=1394"},{"taxonomy":"product_cat","embeddable":true,"href":"https:\/\/ellypara.com\/index.php\/wp-json\/wp\/v2\/product_cat?post=1394"},{"taxonomy":"product_tag","embeddable":true,"href":"https:\/\/ellypara.com\/index.php\/wp-json\/wp\/v2\/product_tag?post=1394"}],"curies":[{"name":"wp","href":"https:\/\/api.w.org\/{rel}","templated":true}]}}